{"id":24,"date":"2024-05-08T07:58:01","date_gmt":"2024-05-08T07:58:01","guid":{"rendered":"https:\/\/blogs.etsii.urjc.es\/activate\/?page_id=24"},"modified":"2024-05-08T09:13:13","modified_gmt":"2024-05-08T09:13:13","slug":"miembros","status":"publish","type":"page","link":"https:\/\/blogs.etsii.urjc.es\/activate\/miembros\/","title":{"rendered":"Miembros"},"content":{"rendered":"\n<h2 class=\"wp-block-heading\">Coordinador<\/h2>\n\n\n\n<div class=\"wp-block-group is-nowrap is-layout-flex wp-container-core-group-is-layout-ad2f72ca wp-block-group-is-layout-flex\">\n<figure class=\"wp-block-image size-full is-resized\"><img decoding=\"async\" style=\"object-fit: cover;width: 100px;height: 100px\" src=\"https:\/\/blogs.etsii.urjc.es\/activate\/wp-content\/uploads\/sites\/11\/2024\/05\/jaimeurquiza.jpg\" alt=\"Jaime Urquiza Fuentes\" \/><\/figure>\n\n\n\n<div style=\"height:100px;width:0px\" aria-hidden=\"true\" class=\"wp-block-spacer wp-container-content-728072c3\"><\/div>\n\n\n\n<p><strong>Jaime Urquiza Fuentes<\/strong><br>Titular de Universidad<\/p>\n<\/div>\n\n\n\n<p>Web institucional: <a style=\"font-size: revert\" href=\"https:\/\/gestion2.urjc.es\/pdi\/ver\/jaime.urquiza\">Perfil Institucional<\/a><\/p>\n\n\n\n<p>Correo: <a href=\"mailto:jaime.urquiza@urjc.es\" target=\"_blank\" rel=\"noreferrer noopener\">jaime.urquiza@urjc.es<\/a><\/p>\n\n\n\n<div style=\"height:50px\" aria-hidden=\"true\" class=\"wp-block-spacer\"><\/div>\n\n\n\n<h2 class=\"wp-block-heading\">Miembros<\/h2>\n\n\n<div>\n\n\n<div class=\"wp-block-group is-nowrap is-layout-flex wp-container-core-group-is-layout-ad2f72ca wp-block-group-is-layout-flex\">\n<figure class=\"wp-block-image size-full is-resized\"><img decoding=\"async\" style=\"object-fit: cover;width: 100px;height: 100px\" src=\"https:\/\/blogs.etsii.urjc.es\/activate\/wp-content\/uploads\/sites\/11\/2024\/05\/sinfoto.png\" alt=\"Ana Isabel G\u00f3mez P\u00e9rez\" \/><\/figure>\n\n\n\n<div style=\"height:100px;width:0px\" aria-hidden=\"true\" class=\"wp-block-spacer wp-container-content-728072c3\"><\/div>\n\n\n\n<p><strong>Ana Isabel G\u00f3mez P\u00e9rez<\/strong><br>Profesora Ayudante Doctora<\/p>\n<\/div>\n\n\n\n<p>Web institucional: <a href=\"https:\/\/gestion2.urjc.es\/pdi\/ver\/ana.gomez.perez\">Perfil Institucional<\/a><\/p>\n\n\n\n<p>Correo: <a href=\"mailto:ana.gomez.perez@urjc.es\" target=\"_blank\" rel=\"noreferrer noopener\">ana.gomez.perez@urjc.es<\/a><\/p>\n\n\n\n<div style=\"height:25px\" aria-hidden=\"true\" class=\"wp-block-spacer\"><\/div>\n\n\n\n<div class=\"wp-block-group is-nowrap is-layout-flex wp-container-core-group-is-layout-ad2f72ca wp-block-group-is-layout-flex\">\n<figure class=\"wp-block-image size-full is-resized\"><img decoding=\"async\" style=\"object-fit: cover;width: 100px;height: 100px\" src=\"https:\/\/blogs.etsii.urjc.es\/activate\/wp-content\/uploads\/sites\/11\/2024\/05\/andresgarces.jpg\" alt=\"Andr\u00e9s Garc\u00e9s Osado\" \/><\/figure>\n\n\n\n<div style=\"height:100px;width:0px\" aria-hidden=\"true\" class=\"wp-block-spacer wp-container-content-728072c3\"><\/div>\n\n\n\n<p><strong>Andr\u00e9s Garc\u00e9s Osado<\/strong><br>Titular de Universidad<\/p>\n<\/div>\n\n\n<p>Web institucional: <a href=\"https:\/\/gestion2.urjc.es\/pdi\/ver\/andres.garces\">Perfil Institucional<\/a><\/p>\n<p>Correo: <a href=\"mailto:andres.garces@urjc.es\" target=\"_blank\" rel=\"noreferrer noopener\">andres.garces@urjc.es<\/a><\/p>\n\n\n<div style=\"height:25px\" aria-hidden=\"true\" class=\"wp-block-spacer\"><\/div>\n\n\n\n<div class=\"wp-block-group is-nowrap is-layout-flex wp-container-core-group-is-layout-ad2f72ca wp-block-group-is-layout-flex\">\n<figure class=\"wp-block-image size-full is-resized\"><img decoding=\"async\" style=\"object-fit: cover;width: 100px;height: 100px\" src=\"https:\/\/blogs.etsii.urjc.es\/activate\/wp-content\/uploads\/sites\/11\/2024\/05\/sinfoto.png\" alt=\"Carlos Alfredo L\u00e1zaro Carrascosa\" \/><\/figure>\n\n\n\n<div style=\"height:100px;width:0px\" aria-hidden=\"true\" class=\"wp-block-spacer wp-container-content-728072c3\"><\/div>\n\n\n\n<p><strong>Carlos Alfredo L\u00e1zaro Carrascosa<\/strong><br>Profesor Colaborador<\/p>\n<\/div>\n\n\n<p>Web institucional: <a href=\"https:\/\/gestion2.urjc.es\/pdi\/ver\/carlos.lazaro\">Perfil Institucional<\/a><\/p>\n<p>Correo: <a href=\"mailto:carlos.lazaro@urjc.es\" target=\"_blank\" rel=\"noreferrer noopener\">carlos.lazaro@urjc.es<\/a><\/p>\n\n\n<div style=\"height:25px\" aria-hidden=\"true\" class=\"wp-block-spacer\"><\/div>\n\n\n\n<div class=\"wp-block-group is-nowrap is-layout-flex wp-container-core-group-is-layout-ad2f72ca wp-block-group-is-layout-flex\">\n<figure class=\"wp-block-image size-full is-resized\"><img decoding=\"async\" style=\"object-fit: cover;width: 100px;height: 100px\" src=\"https:\/\/blogs.etsii.urjc.es\/activate\/wp-content\/uploads\/sites\/11\/2024\/05\/danielpalacios.jpg\" alt=\"Daniel Palacios Alonso\" \/><\/figure>\n\n\n\n<div style=\"height:100px;width:0px\" aria-hidden=\"true\" class=\"wp-block-spacer wp-container-content-728072c3\"><\/div>\n\n\n\n<p><strong>Daniel Palacios Alonso<\/strong><br>Profesor Contratado Doctor<\/p>\n<\/div>\n\n\n<p>Web institucional: <a href=\"https:\/\/gestion2.urjc.es\/pdi\/ver\/daniel.palacios\">Perfil Institucional<\/a><\/p>\n<p>Correo: <a href=\"mailto:daniel.palacios@urjc.es\" target=\"_blank\" rel=\"noreferrer noopener\">daniel.palacios@urjc.es<\/a><\/p>\n\n\n<div style=\"height:25px\" aria-hidden=\"true\" class=\"wp-block-spacer\"><\/div>\n\n\n\n<div class=\"wp-block-group is-nowrap is-layout-flex wp-container-core-group-is-layout-ad2f72ca wp-block-group-is-layout-flex\">\n<figure class=\"wp-block-image size-full is-resized\"><img decoding=\"async\" style=\"object-fit: cover;width: 100px;height: 100px\" src=\"https:\/\/blogs.etsii.urjc.es\/activate\/wp-content\/uploads\/sites\/11\/2024\/05\/sinfoto.png\" alt=\"Francisco Dom\u00ednguez Mateos\" \/><\/figure>\n\n\n\n<div style=\"height:100px;width:0px\" aria-hidden=\"true\" class=\"wp-block-spacer wp-container-content-728072c3\"><\/div>\n\n\n\n<p><strong>Francisco Dom\u00ednguez Mateos<\/strong><br>Profesor Contratado Doctor<\/p>\n<\/div>\n\n\n<p>Web institucional: <a href=\"https:\/\/gestion2.urjc.es\/pdi\/ver\/francisco.dominguez\">Perfil Institucional<\/a><\/p>\n<p>Correo: <a href=\"mailto:francisco.dominguez@urjc.es\" target=\"_blank\" rel=\"noreferrer noopener\">francisco.dominguez@urjc.es<\/a><\/p>\n\n\n<div style=\"height:25px\" aria-hidden=\"true\" class=\"wp-block-spacer\"><\/div>\n\n\n\n<div class=\"wp-block-group is-nowrap is-layout-flex wp-container-core-group-is-layout-ad2f72ca wp-block-group-is-layout-flex\">\n<figure class=\"wp-block-image size-full is-resized\"><img decoding=\"async\" style=\"object-fit: cover;width: 100px;height: 100px\" src=\"https:\/\/blogs.etsii.urjc.es\/activate\/wp-content\/uploads\/sites\/11\/2024\/05\/luisfernando.jpg\" alt=\"Luis Fernando S\u00e1nchez-Barba Merlo\" \/><\/figure>\n\n\n\n<div style=\"height:100px;width:0px\" aria-hidden=\"true\" class=\"wp-block-spacer wp-container-content-728072c3\"><\/div>\n\n\n\n<p><strong>Luis Fernando S\u00e1nchez-Barba Merlo<\/strong><br>Catedr\u00e1tico de Universidad<\/p>\n<\/div>\n\n\n<p>Web institucional: <a href=\"https:\/\/gestion2.urjc.es\/pdi\/ver\/luisfernando.sanchezbarba\">Perfil Institucional<\/a><\/p>\n<p>Correo: <a href=\"mailto:luisfernando.sanchezbarba@urjc.es\" target=\"_blank\" rel=\"noreferrer noopener\">luisfernando.sanchezbarba@urjc.es<\/a><\/p>\n\n\n<div style=\"height:25px\" aria-hidden=\"true\" class=\"wp-block-spacer\"><\/div>\n\n\n\n<div class=\"wp-block-group is-nowrap is-layout-flex wp-container-core-group-is-layout-ad2f72ca wp-block-group-is-layout-flex\">\n<figure class=\"wp-block-image size-full is-resized\"><img decoding=\"async\" style=\"object-fit: cover;width: 100px;height: 100px\" src=\"https:\/\/blogs.etsii.urjc.es\/activate\/wp-content\/uploads\/sites\/11\/2024\/05\/manuelrubio.jpg\" alt=\"Manuel Rubio S\u00e1nchez\" \/><\/figure>\n\n\n\n<div style=\"height:100px;width:0px\" aria-hidden=\"true\" class=\"wp-block-spacer wp-container-content-728072c3\"><\/div>\n\n\n\n<p><strong>Manuel Rubio S\u00e1nchez<\/strong><br>Titular de Universidad<\/p>\n<\/div>\n\n\n<p>Web institucional: <a href=\"https:\/\/gestion2.urjc.es\/pdi\/ver\/manuel.rubio\">Perfil Institucional<\/a><\/p>\n<p>Correo: <a href=\"mailto:manuel.rubio@urjc.es\" target=\"_blank\" rel=\"noreferrer noopener\">manuel.rubio@urjc.es<\/a><\/p>\n\n\n<div style=\"height:25px\" aria-hidden=\"true\" class=\"wp-block-spacer\"><\/div>\n\n\n\n<div class=\"wp-block-group is-nowrap is-layout-flex wp-container-core-group-is-layout-ad2f72ca wp-block-group-is-layout-flex\">\n<figure class=\"wp-block-image size-full is-resized\"><img decoding=\"async\" style=\"object-fit: cover;width: 100px;height: 100px\" src=\"https:\/\/blogs.etsii.urjc.es\/activate\/wp-content\/uploads\/sites\/11\/2024\/05\/maximilianoparedes.jpg\" alt=\"Maximiliano Paredes Velasco\" \/><\/figure>\n\n\n\n<div style=\"height:100px;width:0px\" aria-hidden=\"true\" class=\"wp-block-spacer wp-container-content-728072c3\"><\/div>\n\n\n\n<p><strong>Maximiliano Paredes Velasco<\/strong><br>Titular de Universidad<\/p>\n<\/div>\n\n\n<p>Web institucional: <a href=\"https:\/\/gestion2.urjc.es\/pdi\/ver\/maximiliano.paredes\">Perfil Institucional<\/a><\/p>\n<p>Correo: <a href=\"mailto:maximiliano.paredes@urjc.es\" target=\"_blank\" rel=\"noreferrer noopener\">maximiliano.paredes@urjc.es<\/a><\/p>\n\n\n<div style=\"height:25px\" aria-hidden=\"true\" class=\"wp-block-spacer\"><\/div>\n\n\n\n<div class=\"wp-block-group is-nowrap is-layout-flex wp-container-core-group-is-layout-ad2f72ca wp-block-group-is-layout-flex\">\n<figure class=\"wp-block-image size-full is-resized\"><img decoding=\"async\" style=\"object-fit: cover;width: 100px;height: 100px\" src=\"https:\/\/blogs.etsii.urjc.es\/activate\/wp-content\/uploads\/sites\/11\/2024\/05\/pedroparedes.jpg\" alt=\"Pedro Paredes Barrag\u00e1n\" \/><\/figure>\n\n\n\n<div style=\"height:100px;width:0px\" aria-hidden=\"true\" class=\"wp-block-spacer wp-container-content-728072c3\"><\/div>\n\n\n\n<p><strong>Pedro Paredes Barrag\u00e1n<\/strong><br>Profesor Contratado Doctor<\/p>\n<\/div>\n\n\n<p>Web institucional: <a href=\"https:\/\/gestion2.urjc.es\/pdi\/ver\/pedro.paredes\">Perfil Institucional<\/a><\/p>\n<p>Correo: <a href=\"mailto:pedro.paredes@urjc.es\" target=\"_blank\" rel=\"noreferrer noopener\">pedro.paredes@urjc.es<\/a><\/p>\n\n\n<div style=\"height:25px\" aria-hidden=\"true\" class=\"wp-block-spacer\"><\/div>\n\n\n\n<div class=\"wp-block-group is-nowrap is-layout-flex wp-container-core-group-is-layout-ad2f72ca wp-block-group-is-layout-flex\">\n<figure class=\"wp-block-image size-full is-resized\"><img decoding=\"async\" style=\"object-fit: cover;width: 100px;height: 100px\" src=\"https:\/\/blogs.etsii.urjc.es\/activate\/wp-content\/uploads\/sites\/11\/2024\/05\/angelvelazquez.jpg\" alt=\"\u00c1ngel Vel\u00e1zquez Iturbide\" \/><\/figure>\n\n\n\n<div style=\"height:100px;width:0px\" aria-hidden=\"true\" class=\"wp-block-spacer wp-container-content-728072c3\"><\/div>\n\n\n\n<p><strong>\u00c1ngel Vel\u00e1zquez Iturbide<\/strong><br>Catedr\u00e1tico de Universidad<\/p>\n<\/div>\n\n\n<p>Web institucional: <a href=\"https:\/\/gestion2.urjc.es\/pdi\/ver\/angel.velazquez\">Perfil Institucional<\/a><\/p>\n<p>Correo: <a href=\"mailto:angel.velazquez@urjc.es\" target=\"_blank\" rel=\"noreferrer noopener\">angel.velazquez@urjc.es<\/a><\/p>\n\n<\/div>\n\n\n<div style=\"height:50px\" aria-hidden=\"true\" class=\"wp-block-spacer\"><\/div>\n\n\n<h2>Otros colaboradores<\/h2>\n\n\n<div class=\"wp-block-group is-nowrap is-layout-flex wp-container-core-group-is-layout-ad2f72ca wp-block-group-is-layout-flex\">\n<figure class=\"wp-block-image size-full is-resized\"><img loading=\"lazy\" decoding=\"async\" width=\"496\" height=\"503\" class=\"wp-image-27\" style=\"width: 50px;height: auto\" src=\"https:\/\/blogs.etsii.urjc.es\/activate\/wp-content\/uploads\/sites\/11\/2024\/05\/sinfoto.png\" alt=\"Miembro URJC\" srcset=\"https:\/\/blogs.etsii.urjc.es\/activate\/wp-content\/uploads\/sites\/11\/2024\/05\/sinfoto.png 496w, https:\/\/blogs.etsii.urjc.es\/activate\/wp-content\/uploads\/sites\/11\/2024\/05\/sinfoto-296x300.png 296w\" sizes=\"auto, (max-width: 496px) 100vw, 496px\" \/><\/figure>\n\n\n\n<div style=\"height:100px;width:0px\" aria-hidden=\"true\" class=\"wp-block-spacer wp-container-content-728072c3\"><\/div>\n\n\n\n<p><strong>Eva L\u00f3pez Puente<\/strong><\/p>\n<\/div>\n\n\n\n<div class=\"wp-block-group is-nowrap is-layout-flex wp-container-core-group-is-layout-ad2f72ca wp-block-group-is-layout-flex\">\n<figure class=\"wp-block-image size-full is-resized\"><img loading=\"lazy\" decoding=\"async\" width=\"496\" height=\"503\" class=\"wp-image-27\" style=\"width: 50px;height: auto\" src=\"https:\/\/blogs.etsii.urjc.es\/activate\/wp-content\/uploads\/sites\/11\/2024\/05\/sinfoto.png\" alt=\"Miembro URJC\" srcset=\"https:\/\/blogs.etsii.urjc.es\/activate\/wp-content\/uploads\/sites\/11\/2024\/05\/sinfoto.png 496w, https:\/\/blogs.etsii.urjc.es\/activate\/wp-content\/uploads\/sites\/11\/2024\/05\/sinfoto-296x300.png 296w\" sizes=\"auto, (max-width: 496px) 100vw, 496px\" \/><\/figure>\n\n\n\n<div style=\"height:100px;width:0px\" aria-hidden=\"true\" class=\"wp-block-spacer wp-container-content-728072c3\"><\/div>\n\n\n\n<p><strong>\u00c1ngel Francisco S\u00e1nchez Granados<\/strong><\/p>\n<\/div>\n\n\n\n<div style=\"height:25px\" aria-hidden=\"true\" class=\"wp-block-spacer\"><\/div>\n","protected":false},"excerpt":{"rendered":"<p>Coordinador Jaime Urquiza FuentesTitular de Universidad Web institucional: Perfil Institucional Correo: jaime.urquiza@urjc.es Miembros Ana Isabel G\u00f3mez P\u00e9rezProfesora Ayudante Doctora Web institucional: Perfil Institucional Correo: ana.gomez.perez@urjc.es Andr\u00e9s Garc\u00e9s OsadoTitular de Universidad Web institucional: Perfil Institucional Correo: andres.garces@urjc.es Carlos Alfredo L\u00e1zaro CarrascosaProfesor Colaborador Web institucional: Perfil Institucional Correo: carlos.lazaro@urjc.es Daniel Palacios AlonsoProfesor <a href=\"https:\/\/blogs.etsii.urjc.es\/activate\/miembros\/\" class=\"btn btn-link continue-link\">Seguir leyendo<\/a><\/p>\n","protected":false},"author":119,"featured_media":0,"parent":0,"menu_order":0,"comment_status":"closed","ping_status":"closed","template":"","meta":{"footnotes":""},"class_list":["post-24","page","type-page","status-publish","hentry"],"_links":{"self":[{"href":"https:\/\/blogs.etsii.urjc.es\/activate\/wp-json\/wp\/v2\/pages\/24","targetHints":{"allow":["GET"]}}],"collection":[{"href":"https:\/\/blogs.etsii.urjc.es\/activate\/wp-json\/wp\/v2\/pages"}],"about":[{"href":"https:\/\/blogs.etsii.urjc.es\/activate\/wp-json\/wp\/v2\/types\/page"}],"author":[{"embeddable":true,"href":"https:\/\/blogs.etsii.urjc.es\/activate\/wp-json\/wp\/v2\/users\/119"}],"replies":[{"embeddable":true,"href":"https:\/\/blogs.etsii.urjc.es\/activate\/wp-json\/wp\/v2\/comments?post=24"}],"version-history":[{"count":25,"href":"https:\/\/blogs.etsii.urjc.es\/activate\/wp-json\/wp\/v2\/pages\/24\/revisions"}],"predecessor-version":[{"id":102,"href":"https:\/\/blogs.etsii.urjc.es\/activate\/wp-json\/wp\/v2\/pages\/24\/revisions\/102"}],"wp:attachment":[{"href":"https:\/\/blogs.etsii.urjc.es\/activate\/wp-json\/wp\/v2\/media?parent=24"}],"curies":[{"name":"wp","href":"https:\/\/api.w.org\/{rel}","templated":true}]}}