{"id":12,"date":"2020-10-20T18:21:38","date_gmt":"2020-10-20T18:21:38","guid":{"rendered":"https:\/\/blogs.etsii.urjc.es\/efitimetranss\/?page_id=12"},"modified":"2021-11-11T17:53:12","modified_gmt":"2021-11-11T17:53:12","slug":"aplicaciones","status":"publish","type":"page","link":"https:\/\/blogs.etsii.urjc.es\/efitimetranss\/aplicaciones\/","title":{"rendered":"Cursos"},"content":{"rendered":"<p><strong>Cursos de formaci\u00f3n<\/strong><\/p>\n<p>Ofrecemos una amplia experiencia en cursos de formaci\u00f3n estad\u00edstica para profesionales. Algunas de nuestras ediciones han sido:<\/p>\n<ul>\n<li>\u201cAplicaciones inform\u00e1ticas a la educaci\u00f3n\u201d. Impartido para profesores de la URJC. A\u00f1os: 2009-2010-2011-2012-2014.<\/li>\n<li>\u201cEstad\u00edstica b\u00e1sica y avanzada\u201d. Para Bankinter. A\u00f1o: 2012.<\/li>\n<li>\u201cEstad\u00edstica aplicada en epidemiologia\u201d. Para Ayuntamiento de Madrid. A\u00f1o: 2014.<\/li>\n<li>\u201cEstad\u00edstica b\u00e1sica y avanzada\u201d. Para Bankinter. A\u00f1o: 2017.<\/li>\n<li>Curso de verano \u201cCurso de predicci\u00f3n econ\u00f3mica y empresarial\u201d Celebrada en Campus de Vicalvaro julio 2019.<\/li>\n<li>\u00abAn\u00e1lisis multinivel y an\u00e1lisis mediacional en investigaci\u00f3n poblacional\u00bb Para Madrid Salud, Ayuntamiento de Madrid.<\/li>\n<\/ul>\n","protected":false},"excerpt":{"rendered":"<p>Cursos de formaci\u00f3n Ofrecemos una amplia experiencia en cursos de formaci\u00f3n estad\u00edstica para profesionales. Algunas de nuestras ediciones han sido: \u201cAplicaciones inform\u00e1ticas a la educaci\u00f3n\u201d. Impartido para profesores de la URJC. A\u00f1os: 2009-2010-2011-2012-2014. \u201cEstad\u00edstica b\u00e1sica y avanzada\u201d. Para Bankinter. A\u00f1o: 2012. \u201cEstad\u00edstica aplicada en epidemiologia\u201d. Para Ayuntamiento de Madrid. A\u00f1o: 2014. \u201cEstad\u00edstica b\u00e1sica y avanzada\u201d. [&hellip;]<\/p>\n","protected":false},"author":10,"featured_media":0,"parent":0,"menu_order":0,"comment_status":"closed","ping_status":"closed","template":"","meta":{"footnotes":""},"class_list":["post-12","page","type-page","status-publish","hentry"],"_links":{"self":[{"href":"https:\/\/blogs.etsii.urjc.es\/efitimetranss\/wp-json\/wp\/v2\/pages\/12","targetHints":{"allow":["GET"]}}],"collection":[{"href":"https:\/\/blogs.etsii.urjc.es\/efitimetranss\/wp-json\/wp\/v2\/pages"}],"about":[{"href":"https:\/\/blogs.etsii.urjc.es\/efitimetranss\/wp-json\/wp\/v2\/types\/page"}],"author":[{"embeddable":true,"href":"https:\/\/blogs.etsii.urjc.es\/efitimetranss\/wp-json\/wp\/v2\/users\/10"}],"replies":[{"embeddable":true,"href":"https:\/\/blogs.etsii.urjc.es\/efitimetranss\/wp-json\/wp\/v2\/comments?post=12"}],"version-history":[{"count":6,"href":"https:\/\/blogs.etsii.urjc.es\/efitimetranss\/wp-json\/wp\/v2\/pages\/12\/revisions"}],"predecessor-version":[{"id":169,"href":"https:\/\/blogs.etsii.urjc.es\/efitimetranss\/wp-json\/wp\/v2\/pages\/12\/revisions\/169"}],"wp:attachment":[{"href":"https:\/\/blogs.etsii.urjc.es\/efitimetranss\/wp-json\/wp\/v2\/media?parent=12"}],"curies":[{"name":"wp","href":"https:\/\/api.w.org\/{rel}","templated":true}]}}