{"id":2,"date":"2020-10-20T06:25:41","date_gmt":"2020-10-20T06:25:41","guid":{"rendered":"https:\/\/blogs.etsii.urjc.es\/efitimetranss\/?page_id=2"},"modified":"2026-02-18T11:36:38","modified_gmt":"2026-02-18T11:36:38","slug":"equipo","status":"publish","type":"page","link":"https:\/\/blogs.etsii.urjc.es\/efitimetranss\/equipo\/","title":{"rendered":"Equipo"},"content":{"rendered":"<figure><img loading=\"lazy\" decoding=\"async\" src=\"https:\/\/blogs.etsii.urjc.es\/efitimetranss\/wp-content\/uploads\/sites\/4\/2021\/05\/clara.jpg\" alt=\"Clara Sim\u00f3n de Blas\" width=\"217\" height=\"240\" \/><\/figure>\n<h3>Clara Sim\u00f3n de Blas<\/h3>\n<p>Profesora del Departamento de Ciencias de la Computaci\u00f3n,<br \/>\nArquitectura de Computadores, Lenguajes y Sistemas Inform\u00e1ticos<br \/>\ny Estad\u00edstica e Investigaci\u00f3n Operativa.<br \/>\nUniversidad Rey Juan Carlos.<br \/>\nclara.simon@urjc.es<br \/>\nhttps:\/\/gestion2.urjc.es\/pdi\/ver\/clara.simon<\/p>\n<figure><img loading=\"lazy\" decoding=\"async\" class=\"\" src=\"https:\/\/blogs.etsii.urjc.es\/efitimetranss\/wp-content\/uploads\/sites\/4\/2021\/05\/ana.jpg\" alt=\"\" width=\"175\" height=\"174\" \/><\/figure>\n<h3>Ana E. Garc\u00eda Sipols<\/h3>\n<p>Profesora del Departamento de Matem\u00e1tica Aplicada,<br \/>\nCiencia e Ingenier\u00eda de los Materiales y Tecnolog\u00eda Electr\u00f3nica.<br \/>\nUniversidad Rey Juan Carlos.<br \/>\nanaelizabeth.garcia@urjc.es<br \/>\nhttps:\/\/gestion2.urjc.es\/pdi\/ver\/anaelizabeth.garcia<\/p>\n<figure><img loading=\"lazy\" decoding=\"async\" src=\"https:\/\/blogs.etsii.urjc.es\/efitimetranss\/wp-content\/uploads\/sites\/4\/2021\/05\/juanpedro-1.jpg\" alt=\"\" width=\"200\" height=\"200\" \/><\/figure>\n<h3>Juan Pedro Mu\u00f1oz Miguel<\/h3>\n<p>Profesor del Departamento de Econom\u00eda de la Empresa.<br \/>\nUniversidad Rey Juan Carlos.<br \/>\njuanpedro.mu\u00f1oz@urjc.es<br \/>\nhttps:\/\/gestion2.urjc.es\/pdi\/ver\/juanpedro.munoz<\/p>\n<p>&nbsp;<\/p>\n<figure><a href=\"https:\/\/diarium.usal.es\/maysam\/\"><img loading=\"lazy\" decoding=\"async\" class=\"\" src=\"https:\/\/blogs.etsii.urjc.es\/efitimetranss\/wp-content\/uploads\/sites\/4\/2021\/05\/2014-03-02-15.17.28-1-768x1024-1.jpg\" alt=\"\" width=\"217\" height=\"289\" \/><\/a><\/figure>\n<h3><a href=\"https:\/\/diarium.usal.es\/maysam\/\">M\u00aa Teresa Santos Mart\u00edn<\/a><\/h3>\n<p>Profesora del Departamento de Estad\u00edstica.<br \/>\nUniversidad de Salamanca<br \/>\nmaysam@usal.es<br \/>\nhttps:\/\/diarium.usal.es\/maysam\/<\/p>\n<figure><img loading=\"lazy\" decoding=\"async\" class=\"\" src=\"https:\/\/blogs.etsii.urjc.es\/efitimetranss\/wp-content\/uploads\/sites\/4\/2021\/10\/Irene_id-scaled.jpg\" alt=\"Irene Mari\u00f1as del Collado\" width=\"284\" height=\"355\" \/><\/figure>\n<h3>Irene Mari\u00f1as del Collado<\/h3>\n<p>Profesora del Departamento de Estad\u00edstica e<br \/>\nInvestigaci\u00f3n Operativa y Did\u00e1ctica de la Matem\u00e1tica.<br \/>\nUniversidad de Oviedo.<br \/>\nmarinasirene@uniovi.es<\/p>\n","protected":false},"excerpt":{"rendered":"<p>Clara Sim\u00f3n de Blas Profesora del Departamento de Ciencias de la Computaci\u00f3n, Arquitectura de Computadores, Lenguajes y Sistemas Inform\u00e1ticos y Estad\u00edstica e Investigaci\u00f3n Operativa. Universidad Rey Juan Carlos. clara.simon@urjc.es https:\/\/gestion2.urjc.es\/pdi\/ver\/clara.simon Ana E. Garc\u00eda Sipols Profesora del Departamento de Matem\u00e1tica Aplicada, Ciencia e Ingenier\u00eda de los Materiales y Tecnolog\u00eda Electr\u00f3nica. Universidad Rey Juan Carlos. anaelizabeth.garcia@urjc.es https:\/\/gestion2.urjc.es\/pdi\/ver\/anaelizabeth.garcia [&hellip;]<\/p>\n","protected":false},"author":10,"featured_media":0,"parent":0,"menu_order":0,"comment_status":"closed","ping_status":"closed","template":"","meta":{"footnotes":""},"class_list":["post-2","page","type-page","status-publish","hentry"],"_links":{"self":[{"href":"https:\/\/blogs.etsii.urjc.es\/efitimetranss\/wp-json\/wp\/v2\/pages\/2","targetHints":{"allow":["GET"]}}],"collection":[{"href":"https:\/\/blogs.etsii.urjc.es\/efitimetranss\/wp-json\/wp\/v2\/pages"}],"about":[{"href":"https:\/\/blogs.etsii.urjc.es\/efitimetranss\/wp-json\/wp\/v2\/types\/page"}],"author":[{"embeddable":true,"href":"https:\/\/blogs.etsii.urjc.es\/efitimetranss\/wp-json\/wp\/v2\/users\/10"}],"replies":[{"embeddable":true,"href":"https:\/\/blogs.etsii.urjc.es\/efitimetranss\/wp-json\/wp\/v2\/comments?post=2"}],"version-history":[{"count":24,"href":"https:\/\/blogs.etsii.urjc.es\/efitimetranss\/wp-json\/wp\/v2\/pages\/2\/revisions"}],"predecessor-version":[{"id":175,"href":"https:\/\/blogs.etsii.urjc.es\/efitimetranss\/wp-json\/wp\/v2\/pages\/2\/revisions\/175"}],"wp:attachment":[{"href":"https:\/\/blogs.etsii.urjc.es\/efitimetranss\/wp-json\/wp\/v2\/media?parent=2"}],"curies":[{"name":"wp","href":"https:\/\/api.w.org\/{rel}","templated":true}]}}