{"id":49,"date":"2021-05-19T15:11:01","date_gmt":"2021-05-19T15:11:01","guid":{"rendered":"https:\/\/blogs.etsii.urjc.es\/efitimetranss\/?page_id=49"},"modified":"2021-10-05T10:48:48","modified_gmt":"2021-10-05T10:48:48","slug":"inicio","status":"publish","type":"page","link":"https:\/\/blogs.etsii.urjc.es\/efitimetranss\/","title":{"rendered":"Grupo de Investigaci\u00f3n: Eficiencia, Series Temporales y Transporte Sostenible"},"content":{"rendered":"<p><strong>Grupo de investigaci\u00f3n de la Universidad Rey Juan Carlos.<\/strong><\/p>\n<p><strong>Nuestro equipo est\u00e1 formado por profesionales de reconocido prestigio en las \u00e1reas de estad\u00edstica e investigaci\u00f3n operativa.<\/strong><\/p>\n<p><strong>Tenemos m\u00e1s de 20 a\u00f1os de experiencia colaborando con diversas empresas privadas y p\u00fablicas.<\/strong><\/p>\n<p><strong>Reconocidos con:<\/strong><\/p>\n<ul>\n<li><strong>Premio ACC\u00c9SIT CEI Campus. Excelencia \u00a0 Internacional \u201cEnerg\u00eda Inteligente\u201d 2019.<\/strong><\/li>\n<li><strong>Premio de AEDEM por comunicaci\u00f3n \u201cpeajes urbanos y su impacto sostenible\u201d 2011.<\/strong><\/li>\n<li><strong>Premio en la III Edici\u00f3n de Premio Profesores Innovadores 2016 ( \u201cTwitter y Facebook como herramienta digital de aprendizaje\u201d).<\/strong><\/li>\n<\/ul>\n<p><strong>Disponemos del software y hardware necesario para el dise\u00f1o y construcci\u00f3n de modelos. As\u00ed, como del capital humano para el estudio de modelos aplicados y el desarrollo de estos.<\/strong><\/p>\n","protected":false},"excerpt":{"rendered":"<p>Grupo de investigaci\u00f3n de la Universidad Rey Juan Carlos. Nuestro equipo est\u00e1 formado por profesionales de reconocido prestigio en las \u00e1reas de estad\u00edstica e investigaci\u00f3n operativa. Tenemos m\u00e1s de 20 a\u00f1os de experiencia colaborando con diversas empresas privadas y p\u00fablicas. Reconocidos con: Premio ACC\u00c9SIT CEI Campus. Excelencia \u00a0 Internacional \u201cEnerg\u00eda Inteligente\u201d 2019. Premio de AEDEM [&hellip;]<\/p>\n","protected":false},"author":10,"featured_media":0,"parent":0,"menu_order":0,"comment_status":"closed","ping_status":"closed","template":"","meta":{"footnotes":""},"class_list":["post-49","page","type-page","status-publish","hentry"],"_links":{"self":[{"href":"https:\/\/blogs.etsii.urjc.es\/efitimetranss\/wp-json\/wp\/v2\/pages\/49","targetHints":{"allow":["GET"]}}],"collection":[{"href":"https:\/\/blogs.etsii.urjc.es\/efitimetranss\/wp-json\/wp\/v2\/pages"}],"about":[{"href":"https:\/\/blogs.etsii.urjc.es\/efitimetranss\/wp-json\/wp\/v2\/types\/page"}],"author":[{"embeddable":true,"href":"https:\/\/blogs.etsii.urjc.es\/efitimetranss\/wp-json\/wp\/v2\/users\/10"}],"replies":[{"embeddable":true,"href":"https:\/\/blogs.etsii.urjc.es\/efitimetranss\/wp-json\/wp\/v2\/comments?post=49"}],"version-history":[{"count":11,"href":"https:\/\/blogs.etsii.urjc.es\/efitimetranss\/wp-json\/wp\/v2\/pages\/49\/revisions"}],"predecessor-version":[{"id":167,"href":"https:\/\/blogs.etsii.urjc.es\/efitimetranss\/wp-json\/wp\/v2\/pages\/49\/revisions\/167"}],"wp:attachment":[{"href":"https:\/\/blogs.etsii.urjc.es\/efitimetranss\/wp-json\/wp\/v2\/media?parent=49"}],"curies":[{"name":"wp","href":"https:\/\/api.w.org\/{rel}","templated":true}]}}