{"id":9,"date":"2020-10-20T18:21:37","date_gmt":"2020-10-20T18:21:37","guid":{"rendered":"https:\/\/blogs.etsii.urjc.es\/efitimetranss\/?page_id=9"},"modified":"2021-10-05T11:04:13","modified_gmt":"2021-10-05T11:04:13","slug":"proyectos","status":"publish","type":"page","link":"https:\/\/blogs.etsii.urjc.es\/efitimetranss\/proyectos\/","title":{"rendered":"Proyectos"},"content":{"rendered":"<p><strong>El grupo ha participado entre otros en los siguientes proyectos:\u00a0<\/strong><\/p>\n<ul>\n<li>Climate change: Proyecto sobre el impacto del cambio clim\u00e1tico en la predicci\u00f3n de incendios forestales en los parques nacionales en California. Entidad financiadora: California Environmental Protection Agency and the California Agricultural Experiment Station<\/li>\n<\/ul>\n<ul>\n<li>Predicci\u00f3n de Series Temporales en nuevos Mercados. Modelos de series temporales para estimaci\u00f3n y predicci\u00f3n de impacto de campa\u00f1as publicitarias. Empresa\/Administraci\u00f3n financiadora: VERTICE<\/li>\n<\/ul>\n<ul>\n<li>Seguridad A\u00e9rea: Estudio sobre el rendimiento de los pilotos de compa\u00f1\u00edas a\u00e9reas. Empresa\/Administraci\u00f3n financiadora: SEPLA<\/li>\n<\/ul>\n<ul>\n<li>Optimizaci\u00f3n del reaprovisionamiento de una gran cadena de tiendas: modelos de previsi\u00f3n de ventas. Entidad financiadora: EROSKI, Proyecto Consolider i-MATH (CSD2006-00032)<\/li>\n<\/ul>\n<ul>\n<li>Influencia de la morbilidad por enfermedades de trasmisi\u00f3n h\u00eddrica tras la implantaci\u00f3n de un sistema de potabilizaci\u00f3n de agua en los habitantes de la poblaci\u00f3n de Los Delfines, en la Amazon\u00eda Peruana. Proyecto agua solidaria que la ONGD BUSF (Bomberos Unidos Sin Frontera) Entidades participantes: ONGD BUSF (Bomberos Unidos Sin Frontera)<\/li>\n<\/ul>\n<ul>\n<li>An\u00e1lisis de datos y mejora de algoritmos: modelos de clusterizacion de series temporales para herramientas de predicci\u00f3n. Empresa\/Administraci\u00f3n financiadora: BBVA<\/li>\n<\/ul>\n<ul>\n<li>An\u00e1lisis Estad\u00edstica del Ensayo Cl\u00ednico EQC0914. Empresa\/Administraci\u00f3n financiadora: EQUICORD<\/li>\n<\/ul>\n<ul>\n<li>Desarrollo de un modelo predictivo para la gesti\u00f3n de eventos de proliferaci\u00f3n de algas y cianobacterias asociadas al cambio clim\u00e1tico basado en t\u00e9cnicas de teledetecci\u00f3n y sistemas de adquisici\u00f3n de datos. Entidad financiadora: Ministerio para la Transici\u00f3n Ecol\u00f3gica y el Reto Demogr\u00e1fico. Fundaci\u00f3n Biodiversidad en colaboraci\u00f3n con Universidad Rey Juan Carlos e IMDEA agua<\/li>\n<\/ul>\n<ul>\n<li>La Estructura de la Comunicaci\u00f3n en Red y la Opini\u00f3n P\u00fablica Inclusiva. Un Estudio con T\u00e9cnicas de Big data y An\u00e1lisis de Redes sociales. Entidad financiadora: Ministerio de Ciencia, innovaci\u00f3n y universidades. En colaboraci\u00f3n con Universidad Rey Juan Carlos, Universidad complutense, Universidad de Almeria, Universidad de Sydney, Universidad polit\u00e9cnica de Madrid, Universidad Carlos III, Universidad de Nueva York, Universidad de la Sabana, Universidad de Mil\u00e1n, Universidad de Rio de Janeiro.<\/li>\n<\/ul>\n","protected":false},"excerpt":{"rendered":"<p>El grupo ha participado entre otros en los siguientes proyectos:\u00a0 Climate change: Proyecto sobre el impacto del cambio clim\u00e1tico en la predicci\u00f3n de incendios forestales en los parques nacionales en California. Entidad financiadora: California Environmental Protection Agency and the California Agricultural Experiment Station Predicci\u00f3n de Series Temporales en nuevos Mercados. Modelos de series temporales para [&hellip;]<\/p>\n","protected":false},"author":10,"featured_media":0,"parent":0,"menu_order":0,"comment_status":"closed","ping_status":"closed","template":"","meta":{"footnotes":""},"class_list":["post-9","page","type-page","status-publish","hentry"],"_links":{"self":[{"href":"https:\/\/blogs.etsii.urjc.es\/efitimetranss\/wp-json\/wp\/v2\/pages\/9","targetHints":{"allow":["GET"]}}],"collection":[{"href":"https:\/\/blogs.etsii.urjc.es\/efitimetranss\/wp-json\/wp\/v2\/pages"}],"about":[{"href":"https:\/\/blogs.etsii.urjc.es\/efitimetranss\/wp-json\/wp\/v2\/types\/page"}],"author":[{"embeddable":true,"href":"https:\/\/blogs.etsii.urjc.es\/efitimetranss\/wp-json\/wp\/v2\/users\/10"}],"replies":[{"embeddable":true,"href":"https:\/\/blogs.etsii.urjc.es\/efitimetranss\/wp-json\/wp\/v2\/comments?post=9"}],"version-history":[{"count":4,"href":"https:\/\/blogs.etsii.urjc.es\/efitimetranss\/wp-json\/wp\/v2\/pages\/9\/revisions"}],"predecessor-version":[{"id":103,"href":"https:\/\/blogs.etsii.urjc.es\/efitimetranss\/wp-json\/wp\/v2\/pages\/9\/revisions\/103"}],"wp:attachment":[{"href":"https:\/\/blogs.etsii.urjc.es\/efitimetranss\/wp-json\/wp\/v2\/media?parent=9"}],"curies":[{"name":"wp","href":"https:\/\/api.w.org\/{rel}","templated":true}]}}