{"id":4,"date":"2020-11-11T18:00:15","date_gmt":"2020-11-11T17:00:15","guid":{"rendered":"https:\/\/blogs.etsii.urjc.es\/frav\/?page_id=4"},"modified":"2022-06-08T16:27:12","modified_gmt":"2022-06-08T15:27:12","slug":"inicio","status":"publish","type":"page","link":"https:\/\/blogs.etsii.urjc.es\/frav\/","title":{"rendered":"Inicio"},"content":{"rendered":"\n<p class=\"has-large-font-size\">Bienvenidos a la p\u00e1gina web del grupo de investigaci\u00f3n Face Recognition &amp; Artificial Vision (FRAV), perteneciente a la <a rel=\"noreferrer noopener\" href=\"https:\/\/www.urjc.es\/etsii\" target=\"_blank\">Escuela T\u00e9cnica Superior de Ingenier\u00eda Inform\u00e1tica<\/a> de la <a rel=\"noreferrer noopener\" href=\"https:\/\/www.urjc.es\/\" target=\"_blank\">Universidad Rey Juan Carlos<\/a>.<\/p>\n\n\n\n<div class=\"wp-block-cover alignfull is-light\"><span aria-hidden=\"true\" class=\"wp-block-cover__background has-subtle-background-background-color has-background-dim-100 has-background-dim\"><\/span><div class=\"wp-block-cover__inner-container is-layout-flow wp-block-cover-is-layout-flow\">\n<div class=\"wp-block-columns is-layout-flex wp-container-core-columns-is-layout-9d6595d7 wp-block-columns-is-layout-flex\">\n<div class=\"wp-block-column is-layout-flow wp-block-column-is-layout-flow\">\n<figure class=\"wp-block-image size-full\"><img loading=\"lazy\" decoding=\"async\" width=\"729\" height=\"841\" src=\"https:\/\/blogs.etsii.urjc.es\/frav\/wp-content\/uploads\/sites\/6\/2022\/06\/biometria-facial.png\" alt=\"\" class=\"wp-image-238\" srcset=\"https:\/\/blogs.etsii.urjc.es\/frav\/wp-content\/uploads\/sites\/6\/2022\/06\/biometria-facial.png 729w, https:\/\/blogs.etsii.urjc.es\/frav\/wp-content\/uploads\/sites\/6\/2022\/06\/biometria-facial-260x300.png 260w\" sizes=\"auto, (max-width: 729px) 100vw, 729px\" \/><\/figure>\n<\/div>\n\n\n\n<div class=\"wp-block-column is-layout-flow wp-block-column-is-layout-flow\">\n<figure class=\"wp-block-image size-full\"><img loading=\"lazy\" decoding=\"async\" width=\"729\" height=\"835\" src=\"https:\/\/blogs.etsii.urjc.es\/frav\/wp-content\/uploads\/sites\/6\/2022\/06\/deteccion-ataques-presentacion.png\" alt=\"\" class=\"wp-image-240\" srcset=\"https:\/\/blogs.etsii.urjc.es\/frav\/wp-content\/uploads\/sites\/6\/2022\/06\/deteccion-ataques-presentacion.png 729w, https:\/\/blogs.etsii.urjc.es\/frav\/wp-content\/uploads\/sites\/6\/2022\/06\/deteccion-ataques-presentacion-262x300.png 262w\" sizes=\"auto, (max-width: 729px) 100vw, 729px\" \/><\/figure>\n<\/div>\n\n\n\n<div class=\"wp-block-column is-layout-flow wp-block-column-is-layout-flow\">\n<figure class=\"wp-block-image size-full\"><img loading=\"lazy\" decoding=\"async\" width=\"729\" height=\"841\" src=\"https:\/\/blogs.etsii.urjc.es\/frav\/wp-content\/uploads\/sites\/6\/2022\/06\/deteccion-ataques-morphing.png\" alt=\"\" class=\"wp-image-239\" srcset=\"https:\/\/blogs.etsii.urjc.es\/frav\/wp-content\/uploads\/sites\/6\/2022\/06\/deteccion-ataques-morphing.png 729w, https:\/\/blogs.etsii.urjc.es\/frav\/wp-content\/uploads\/sites\/6\/2022\/06\/deteccion-ataques-morphing-260x300.png 260w\" sizes=\"auto, (max-width: 729px) 100vw, 729px\" \/><\/figure>\n<\/div>\n<\/div>\n\n\n\n<p class=\"has-large-font-size\">Nuestras principales <a href=\"https:\/\/blogs.etsii.urjc.es\/frav\/lineas-de-investigacion\/\" data-type=\"page\" data-id=\"44\">l\u00edneas de especializaci\u00f3n<\/a> son:<\/p>\n\n\n\n<ul class=\"has-large-font-size wp-block-list\"><li>Biometr\u00eda facial en fronteras<\/li><li>Detecci\u00f3n de ataques de presentaci\u00f3n<\/li><li>Detecci\u00f3n de ataques de morphing<\/li><li>Visi\u00f3n artificial<\/li><li>Videovigilancia inteligente<\/li><li>Sistemas bioinspirados<\/li><\/ul>\n\n\n\n<div class=\"wp-block-columns is-layout-flex wp-container-core-columns-is-layout-9d6595d7 wp-block-columns-is-layout-flex\">\n<div class=\"wp-block-column is-layout-flow wp-block-column-is-layout-flow\">\n<figure class=\"wp-block-image size-full\"><img loading=\"lazy\" decoding=\"async\" width=\"729\" height=\"834\" src=\"https:\/\/blogs.etsii.urjc.es\/frav\/wp-content\/uploads\/sites\/6\/2022\/06\/vision-artificial.png\" alt=\"\" class=\"wp-image-243\" srcset=\"https:\/\/blogs.etsii.urjc.es\/frav\/wp-content\/uploads\/sites\/6\/2022\/06\/vision-artificial.png 729w, https:\/\/blogs.etsii.urjc.es\/frav\/wp-content\/uploads\/sites\/6\/2022\/06\/vision-artificial-262x300.png 262w\" sizes=\"auto, (max-width: 729px) 100vw, 729px\" \/><\/figure>\n<\/div>\n\n\n\n<div class=\"wp-block-column is-layout-flow wp-block-column-is-layout-flow\">\n<figure class=\"wp-block-image size-full\"><img loading=\"lazy\" decoding=\"async\" width=\"729\" height=\"841\" src=\"https:\/\/blogs.etsii.urjc.es\/frav\/wp-content\/uploads\/sites\/6\/2022\/06\/videovigilancia-inteligente.png\" alt=\"\" class=\"wp-image-242\" srcset=\"https:\/\/blogs.etsii.urjc.es\/frav\/wp-content\/uploads\/sites\/6\/2022\/06\/videovigilancia-inteligente.png 729w, https:\/\/blogs.etsii.urjc.es\/frav\/wp-content\/uploads\/sites\/6\/2022\/06\/videovigilancia-inteligente-260x300.png 260w\" sizes=\"auto, (max-width: 729px) 100vw, 729px\" \/><\/figure>\n<\/div>\n\n\n\n<div class=\"wp-block-column is-layout-flow wp-block-column-is-layout-flow\">\n<figure class=\"wp-block-image size-full\"><img loading=\"lazy\" decoding=\"async\" width=\"729\" height=\"841\" src=\"https:\/\/blogs.etsii.urjc.es\/frav\/wp-content\/uploads\/sites\/6\/2022\/06\/sistemas-bioinspirados.png\" alt=\"\" class=\"wp-image-241\" srcset=\"https:\/\/blogs.etsii.urjc.es\/frav\/wp-content\/uploads\/sites\/6\/2022\/06\/sistemas-bioinspirados.png 729w, https:\/\/blogs.etsii.urjc.es\/frav\/wp-content\/uploads\/sites\/6\/2022\/06\/sistemas-bioinspirados-260x300.png 260w\" sizes=\"auto, (max-width: 729px) 100vw, 729px\" \/><\/figure>\n<\/div>\n<\/div>\n<\/div><\/div>\n\n\n\n<p class=\"has-large-font-size\">En los \u00faltimos a\u00f1os hemos realizado numerosas colaboraciones con polic\u00edas nacionales y agencias de control de fronteras (<a rel=\"noreferrer noopener\" href=\"https:\/\/www.policia.es\/_es\/index.php\" target=\"_blank\">Polic\u00eda Nacional de Espa\u00f1a<\/a>, <a rel=\"noreferrer noopener\" href=\"https:\/\/www.sef.pt\/pt\/Pages\/homepage.aspx\" target=\"_blank\">Servi\u00e7o de Estrangeiros e Fronteiras de Portugal<\/a>, <a rel=\"noreferrer noopener\" href=\"https:\/\/www.politsei.ee\/\" target=\"_blank\">Politsei- ja Piirivalvemaet de Estonia<\/a>, <a href=\"https:\/\/twitter.com\/frontieraro\" target=\"_blank\" rel=\"noreferrer noopener\">Poli\u021bia de Frontier\u0103 de Ruman\u00eda<\/a>), as\u00ed como con diversas empresas del sector tecnol\u00f3gico (<a href=\"https:\/\/www.indracompany.com\/\">Indra<\/a>, <a rel=\"noreferrer noopener\" href=\"https:\/\/atos.net\/es\/spain\" target=\"_blank\">Atos<\/a>, entre otras).<\/p>\n\n\n\n<p><\/p>\n\n\n\n<h2 class=\"wp-block-heading\">\u00daltima aparici\u00f3n en los medios<\/h2>\n\n\n\n<figure class=\"wp-block-embed is-type-video is-provider-youtube wp-block-embed-youtube wp-embed-aspect-16-9 wp-has-aspect-ratio\"><div class=\"wp-block-embed__wrapper\">\n<iframe loading=\"lazy\" title=\"Entrevista al Dr. Enrique Cabello Pardos en Radio 3 (reconocimiento facial)\" width=\"580\" height=\"326\" src=\"https:\/\/www.youtube.com\/embed\/vdz7-AVQDhY?feature=oembed\" frameborder=\"0\" allow=\"accelerometer; autoplay; clipboard-write; encrypted-media; gyroscope; picture-in-picture; web-share\" referrerpolicy=\"strict-origin-when-cross-origin\" allowfullscreen><\/iframe>\n<\/div><\/figure>\n\n\n\n<div class=\"wp-block-group\"><div class=\"wp-block-group__inner-container is-layout-flow wp-block-group-is-layout-flow\"><\/div><\/div>\n","protected":false},"excerpt":{"rendered":"<p>Bienvenidos a la p\u00e1gina web del grupo de investigaci\u00f3n Face Recognition &amp; Artificial Vision (FRAV), perteneciente a la Escuela T\u00e9cnica Superior de Ingenier\u00eda Inform\u00e1tica de la Universidad Rey Juan Carlos. En los \u00faltimos a\u00f1os hemos realizado numerosas colaboraciones con polic\u00edas nacionales y agencias de control de fronteras (Polic\u00eda Nacional de Espa\u00f1a, Servi\u00e7o de Estrangeiros e [&hellip;]<\/p>\n","protected":false},"author":12,"featured_media":0,"parent":0,"menu_order":0,"comment_status":"closed","ping_status":"closed","template":"","meta":{"footnotes":""},"class_list":["post-4","page","type-page","status-publish","hentry"],"_links":{"self":[{"href":"https:\/\/blogs.etsii.urjc.es\/frav\/wp-json\/wp\/v2\/pages\/4","targetHints":{"allow":["GET"]}}],"collection":[{"href":"https:\/\/blogs.etsii.urjc.es\/frav\/wp-json\/wp\/v2\/pages"}],"about":[{"href":"https:\/\/blogs.etsii.urjc.es\/frav\/wp-json\/wp\/v2\/types\/page"}],"author":[{"embeddable":true,"href":"https:\/\/blogs.etsii.urjc.es\/frav\/wp-json\/wp\/v2\/users\/12"}],"replies":[{"embeddable":true,"href":"https:\/\/blogs.etsii.urjc.es\/frav\/wp-json\/wp\/v2\/comments?post=4"}],"version-history":[{"count":29,"href":"https:\/\/blogs.etsii.urjc.es\/frav\/wp-json\/wp\/v2\/pages\/4\/revisions"}],"predecessor-version":[{"id":285,"href":"https:\/\/blogs.etsii.urjc.es\/frav\/wp-json\/wp\/v2\/pages\/4\/revisions\/285"}],"wp:attachment":[{"href":"https:\/\/blogs.etsii.urjc.es\/frav\/wp-json\/wp\/v2\/media?parent=4"}],"curies":[{"name":"wp","href":"https:\/\/api.w.org\/{rel}","templated":true}]}}