{"id":42,"date":"2020-11-11T20:34:23","date_gmt":"2020-11-11T19:34:23","guid":{"rendered":"https:\/\/blogs.etsii.urjc.es\/frav\/?page_id=42"},"modified":"2024-03-21T12:07:09","modified_gmt":"2024-03-21T11:07:09","slug":"equipo","status":"publish","type":"page","link":"https:\/\/blogs.etsii.urjc.es\/frav\/equipo\/","title":{"rendered":"Equipo"},"content":{"rendered":"\n<div class=\"wp-block-columns is-layout-flex wp-container-core-columns-is-layout-9d6595d7 wp-block-columns-is-layout-flex\">\n<div class=\"wp-block-column is-layout-flow wp-block-column-is-layout-flow\">\n<h2 class=\"wp-block-heading\">Investigadora principal:<\/h2>\n\n\n<div class=\"wp-block-image is-style-rounded\">\n<figure class=\"aligncenter size-full\"><img loading=\"lazy\" decoding=\"async\" width=\"400\" height=\"400\" src=\"https:\/\/blogs.etsii.urjc.es\/frav\/wp-content\/uploads\/sites\/6\/2022\/04\/cristinaconde-1.jpg\" alt=\"\" class=\"wp-image-217\" srcset=\"https:\/\/blogs.etsii.urjc.es\/frav\/wp-content\/uploads\/sites\/6\/2022\/04\/cristinaconde-1.jpg 400w, https:\/\/blogs.etsii.urjc.es\/frav\/wp-content\/uploads\/sites\/6\/2022\/04\/cristinaconde-1-300x300.jpg 300w, https:\/\/blogs.etsii.urjc.es\/frav\/wp-content\/uploads\/sites\/6\/2022\/04\/cristinaconde-1-150x150.jpg 150w\" sizes=\"auto, (max-width: 400px) 100vw, 400px\" \/><figcaption class=\"wp-element-caption\"><a rel=\"noreferrer noopener\" href=\"https:\/\/gestion2.urjc.es\/pdi\/ver\/cristina.conde\" target=\"_blank\">Dr.\u00aa Cristina Conde Vilda<\/a><\/figcaption><\/figure>\n<\/div><\/div>\n<\/div>\n\n\n\n<div class=\"wp-block-columns alignwide is-layout-flex wp-container-core-columns-is-layout-9d6595d7 wp-block-columns-is-layout-flex\">\n<div class=\"wp-block-column is-layout-flow wp-block-column-is-layout-flow\"><\/div>\n\n\n\n<div class=\"wp-block-column is-layout-flow wp-block-column-is-layout-flow\"><\/div>\n\n\n\n<div class=\"wp-block-column is-layout-flow wp-block-column-is-layout-flow\"><\/div>\n<\/div>\n\n\n\n<div class=\"wp-block-columns is-layout-flex wp-container-core-columns-is-layout-9d6595d7 wp-block-columns-is-layout-flex\">\n<div class=\"wp-block-column is-layout-flow wp-block-column-is-layout-flow\">\n<h2 class=\"wp-block-heading\">Investigadores miembros:<\/h2>\n<\/div>\n<\/div>\n\n\n\n<div class=\"wp-block-columns alignwide is-layout-flex wp-container-core-columns-is-layout-9d6595d7 wp-block-columns-is-layout-flex\">\n<div class=\"wp-block-column is-layout-flow wp-block-column-is-layout-flow\"><\/div>\n<\/div>\n\n\n\n<div class=\"wp-block-columns is-layout-flex wp-container-core-columns-is-layout-9d6595d7 wp-block-columns-is-layout-flex\">\n<div class=\"wp-block-column is-layout-flow wp-block-column-is-layout-flow\"><div class=\"wp-block-image is-style-rounded\">\n<figure class=\"aligncenter size-full\"><img loading=\"lazy\" decoding=\"async\" width=\"207\" height=\"206\" src=\"https:\/\/blogs.etsii.urjc.es\/frav\/wp-content\/uploads\/sites\/6\/2023\/10\/enriquecabello.jpg\" alt=\"\" class=\"wp-image-318\" srcset=\"https:\/\/blogs.etsii.urjc.es\/frav\/wp-content\/uploads\/sites\/6\/2023\/10\/enriquecabello.jpg 207w, https:\/\/blogs.etsii.urjc.es\/frav\/wp-content\/uploads\/sites\/6\/2023\/10\/enriquecabello-150x150.jpg 150w\" sizes=\"auto, (max-width: 207px) 100vw, 207px\" \/><figcaption class=\"wp-element-caption\"><a rel=\"noreferrer noopener\" href=\"https:\/\/gestion2.urjc.es\/pdi\/ver\/enrique.cabello\" target=\"_blank\">Dr. Enrique Cabello Pardos<\/a><\/figcaption><\/figure>\n<\/div><\/div>\n\n\n\n<div class=\"wp-block-column is-layout-flow wp-block-column-is-layout-flow\"><div class=\"wp-block-image is-style-rounded\">\n<figure class=\"aligncenter size-full is-resized\"><img loading=\"lazy\" decoding=\"async\" width=\"400\" height=\"400\" src=\"https:\/\/blogs.etsii.urjc.es\/frav\/wp-content\/uploads\/sites\/6\/2022\/06\/robertogallardo.jpg\" alt=\"\" class=\"wp-image-255\" style=\"width:179px;height:179px\" srcset=\"https:\/\/blogs.etsii.urjc.es\/frav\/wp-content\/uploads\/sites\/6\/2022\/06\/robertogallardo.jpg 400w, https:\/\/blogs.etsii.urjc.es\/frav\/wp-content\/uploads\/sites\/6\/2022\/06\/robertogallardo-300x300.jpg 300w, https:\/\/blogs.etsii.urjc.es\/frav\/wp-content\/uploads\/sites\/6\/2022\/06\/robertogallardo-150x150.jpg 150w\" sizes=\"auto, (max-width: 400px) 100vw, 400px\" \/><figcaption class=\"wp-element-caption\"><a href=\"https:\/\/gestion2.urjc.es\/pdi\/ver\/roberto.gallardo\" target=\"_blank\" rel=\"noreferrer noopener\">Dr. Roberto Gallardo Cava<\/a><\/figcaption><\/figure>\n<\/div><\/div>\n\n\n\n<div class=\"wp-block-column is-layout-flow wp-block-column-is-layout-flow\"><div class=\"wp-block-image is-style-rounded\">\n<figure class=\"aligncenter size-full is-resized\"><img loading=\"lazy\" decoding=\"async\" width=\"753\" height=\"751\" src=\"https:\/\/blogs.etsii.urjc.es\/frav\/wp-content\/uploads\/sites\/6\/2023\/10\/irene.jpg\" alt=\"\" class=\"wp-image-317\" style=\"width:179px;height:179px\" srcset=\"https:\/\/blogs.etsii.urjc.es\/frav\/wp-content\/uploads\/sites\/6\/2023\/10\/irene.jpg 753w, https:\/\/blogs.etsii.urjc.es\/frav\/wp-content\/uploads\/sites\/6\/2023\/10\/irene-300x300.jpg 300w, https:\/\/blogs.etsii.urjc.es\/frav\/wp-content\/uploads\/sites\/6\/2023\/10\/irene-150x150.jpg 150w\" sizes=\"auto, (max-width: 753px) 100vw, 753px\" \/><figcaption class=\"wp-element-caption\"><a href=\"https:\/\/www.linkedin.com\/in\/garuirene\/\" target=\"_blank\" rel=\"noreferrer noopener\">Irene Garc\u00eda Rubio<\/a><\/figcaption><\/figure>\n<\/div><\/div>\n<\/div>\n\n\n\n<div class=\"wp-block-columns is-layout-flex wp-container-core-columns-is-layout-9d6595d7 wp-block-columns-is-layout-flex\">\n<div class=\"wp-block-column is-layout-flow wp-block-column-is-layout-flow\"><div class=\"wp-block-image is-style-rounded\">\n<figure class=\"aligncenter size-full is-resized\"><img loading=\"lazy\" decoding=\"async\" width=\"400\" height=\"400\" src=\"https:\/\/blogs.etsii.urjc.es\/frav\/wp-content\/uploads\/sites\/6\/2022\/04\/julioguillen-1.jpg\" alt=\"\" class=\"wp-image-219\" style=\"width:179px;height:179px\" srcset=\"https:\/\/blogs.etsii.urjc.es\/frav\/wp-content\/uploads\/sites\/6\/2022\/04\/julioguillen-1.jpg 400w, https:\/\/blogs.etsii.urjc.es\/frav\/wp-content\/uploads\/sites\/6\/2022\/04\/julioguillen-1-300x300.jpg 300w, https:\/\/blogs.etsii.urjc.es\/frav\/wp-content\/uploads\/sites\/6\/2022\/04\/julioguillen-1-150x150.jpg 150w\" sizes=\"auto, (max-width: 400px) 100vw, 400px\" \/><figcaption class=\"wp-element-caption\"><a href=\"https:\/\/gestion2.urjc.es\/pdi\/ver\/julio.guillen\" target=\"_blank\" rel=\"noreferrer noopener\">Dr. Julio Guill\u00e9n Garc\u00eda<\/a><\/figcaption><\/figure>\n<\/div><\/div>\n\n\n\n<div class=\"wp-block-column is-layout-flow wp-block-column-is-layout-flow\"><div class=\"wp-block-image is-style-rounded\">\n<figure class=\"aligncenter size-full is-resized\"><img loading=\"lazy\" decoding=\"async\" width=\"400\" height=\"400\" src=\"https:\/\/blogs.etsii.urjc.es\/frav\/wp-content\/uploads\/sites\/6\/2022\/04\/davidortega.jpg\" alt=\"\" class=\"wp-image-220\" style=\"width:179px;height:179px\" srcset=\"https:\/\/blogs.etsii.urjc.es\/frav\/wp-content\/uploads\/sites\/6\/2022\/04\/davidortega.jpg 400w, https:\/\/blogs.etsii.urjc.es\/frav\/wp-content\/uploads\/sites\/6\/2022\/04\/davidortega-300x300.jpg 300w, https:\/\/blogs.etsii.urjc.es\/frav\/wp-content\/uploads\/sites\/6\/2022\/04\/davidortega-150x150.jpg 150w\" sizes=\"auto, (max-width: 400px) 100vw, 400px\" \/><figcaption class=\"wp-element-caption\"><a href=\"https:\/\/gestion2.urjc.es\/pdi\/ver\/david.ortega.delcampo\" target=\"_blank\" rel=\"noreferrer noopener\">Dr. David Ortega del Campo<\/a><\/figcaption><\/figure>\n<\/div><\/div>\n\n\n\n<div class=\"wp-block-column is-layout-flow wp-block-column-is-layout-flow\"><div class=\"wp-block-image is-style-rounded\">\n<figure class=\"aligncenter size-full is-resized\"><img loading=\"lazy\" decoding=\"async\" width=\"400\" height=\"400\" src=\"https:\/\/blogs.etsii.urjc.es\/frav\/wp-content\/uploads\/sites\/6\/2022\/04\/angelserrano-1.jpg\" alt=\"\" class=\"wp-image-221\" style=\"width:179px;height:179px\" srcset=\"https:\/\/blogs.etsii.urjc.es\/frav\/wp-content\/uploads\/sites\/6\/2022\/04\/angelserrano-1.jpg 400w, https:\/\/blogs.etsii.urjc.es\/frav\/wp-content\/uploads\/sites\/6\/2022\/04\/angelserrano-1-300x300.jpg 300w, https:\/\/blogs.etsii.urjc.es\/frav\/wp-content\/uploads\/sites\/6\/2022\/04\/angelserrano-1-150x150.jpg 150w\" sizes=\"auto, (max-width: 400px) 100vw, 400px\" \/><figcaption class=\"wp-element-caption\"><a href=\"https:\/\/gestion2.urjc.es\/pdi\/ver\/angel.serrano\" target=\"_blank\" rel=\"noreferrer noopener\">Dr. \u00c1ngel Serrano S\u00e1nchez de Le\u00f3n<\/a><\/figcaption><\/figure>\n<\/div><\/div>\n<\/div>\n\n\n\n<div class=\"wp-block-columns is-layout-flex wp-container-core-columns-is-layout-9d6595d7 wp-block-columns-is-layout-flex\">\n<div class=\"wp-block-column is-layout-flow wp-block-column-is-layout-flow\">\n<h2 class=\"wp-block-heading\">Colaboradores:<\/h2>\n<\/div>\n<\/div>\n\n\n\n<div class=\"wp-block-columns is-layout-flex wp-container-core-columns-is-layout-9d6595d7 wp-block-columns-is-layout-flex\">\n<div class=\"wp-block-column is-layout-flow wp-block-column-is-layout-flow\" style=\"flex-basis:44.45%\"><\/div>\n\n\n\n<div class=\"wp-block-column is-layout-flow wp-block-column-is-layout-flow\" style=\"flex-basis:22.22%\"><\/div>\n\n\n\n<div class=\"wp-block-column is-layout-flow wp-block-column-is-layout-flow\" style=\"flex-basis:33.33%\"><\/div>\n<\/div>\n\n\n\n<p><\/p>\n\n\n\n<div class=\"wp-block-columns is-layout-flex wp-container-core-columns-is-layout-9d6595d7 wp-block-columns-is-layout-flex\">\n<div class=\"wp-block-column is-layout-flow wp-block-column-is-layout-flow\"><div class=\"wp-block-image is-style-rounded\">\n<figure class=\"aligncenter size-full is-resized\"><img loading=\"lazy\" decoding=\"async\" width=\"400\" height=\"400\" src=\"https:\/\/blogs.etsii.urjc.es\/frav\/wp-content\/uploads\/sites\/6\/2022\/06\/franciscomateos.jpg\" alt=\"\" class=\"wp-image-286\" style=\"width:179px;height:179px\" srcset=\"https:\/\/blogs.etsii.urjc.es\/frav\/wp-content\/uploads\/sites\/6\/2022\/06\/franciscomateos.jpg 400w, https:\/\/blogs.etsii.urjc.es\/frav\/wp-content\/uploads\/sites\/6\/2022\/06\/franciscomateos-300x300.jpg 300w, https:\/\/blogs.etsii.urjc.es\/frav\/wp-content\/uploads\/sites\/6\/2022\/06\/franciscomateos-150x150.jpg 150w\" sizes=\"auto, (max-width: 400px) 100vw, 400px\" \/><figcaption class=\"wp-element-caption\"><a href=\"https:\/\/gestion2.urjc.es\/pdi\/ver\/francisco.dominguez\" target=\"_blank\" rel=\"noreferrer noopener\">Dr. Francisco Dom\u00ednguez Mateos<\/a><\/figcaption><\/figure>\n<\/div><\/div>\n\n\n\n<div class=\"wp-block-column is-layout-flow wp-block-column-is-layout-flow\"><div class=\"wp-block-image is-style-rounded\">\n<figure class=\"aligncenter size-full\"><img loading=\"lazy\" decoding=\"async\" width=\"177\" height=\"177\" src=\"https:\/\/blogs.etsii.urjc.es\/frav\/wp-content\/uploads\/sites\/6\/2022\/06\/ricardofuentes.jpg\" alt=\"\" class=\"wp-image-292\" srcset=\"https:\/\/blogs.etsii.urjc.es\/frav\/wp-content\/uploads\/sites\/6\/2022\/06\/ricardofuentes.jpg 177w, https:\/\/blogs.etsii.urjc.es\/frav\/wp-content\/uploads\/sites\/6\/2022\/06\/ricardofuentes-150x150.jpg 150w\" sizes=\"auto, (max-width: 177px) 100vw, 177px\" \/><figcaption class=\"wp-element-caption\"><a rel=\"noreferrer noopener\" href=\"https:\/\/gestion2.urjc.es\/pdi\/ver\/daniel.palacios\" target=\"_blank\"><\/a><a rel=\"noreferrer noopener\" href=\"https:\/\/gestion2.urjc.es\/pdi\/ver\/daniel.palacios\" target=\"_blank\"><\/a><a rel=\"noreferrer noopener\" href=\"https:\/\/mx.linkedin.com\/in\/ricardo-fuentes-covarrubias-945a9917\" target=\"_blank\">Dr. Ricardo Fuentes Covarrubias<\/a><\/figcaption><\/figure>\n<\/div><\/div>\n\n\n\n<div class=\"wp-block-column is-layout-flow wp-block-column-is-layout-flow\"><div class=\"wp-block-image is-style-rounded\">\n<figure class=\"aligncenter size-full is-resized\"><img loading=\"lazy\" decoding=\"async\" width=\"400\" height=\"400\" src=\"https:\/\/blogs.etsii.urjc.es\/frav\/wp-content\/uploads\/sites\/6\/2022\/06\/danielpalacios.jpg\" alt=\"\" class=\"wp-image-254\" style=\"width:179px;height:179px\" srcset=\"https:\/\/blogs.etsii.urjc.es\/frav\/wp-content\/uploads\/sites\/6\/2022\/06\/danielpalacios.jpg 400w, https:\/\/blogs.etsii.urjc.es\/frav\/wp-content\/uploads\/sites\/6\/2022\/06\/danielpalacios-300x300.jpg 300w, https:\/\/blogs.etsii.urjc.es\/frav\/wp-content\/uploads\/sites\/6\/2022\/06\/danielpalacios-150x150.jpg 150w\" sizes=\"auto, (max-width: 400px) 100vw, 400px\" \/><figcaption class=\"wp-element-caption\"><a rel=\"noreferrer noopener\" href=\"https:\/\/gestion2.urjc.es\/pdi\/ver\/daniel.palacios\" target=\"_blank\">Dr. Daniel Palacios Alonso<\/a><\/figcaption><\/figure>\n<\/div><\/div>\n<\/div>\n\n\n\n<div class=\"wp-block-columns is-layout-flex wp-container-core-columns-is-layout-9d6595d7 wp-block-columns-is-layout-flex\">\n<div class=\"wp-block-column is-layout-flow wp-block-column-is-layout-flow\"><\/div>\n\n\n\n<div class=\"wp-block-column is-layout-flow wp-block-column-is-layout-flow\"><div class=\"wp-block-image is-style-rounded\">\n<figure class=\"aligncenter size-full is-resized\"><img loading=\"lazy\" decoding=\"async\" width=\"400\" height=\"400\" src=\"https:\/\/blogs.etsii.urjc.es\/frav\/wp-content\/uploads\/sites\/6\/2022\/04\/silueta.jpg\" alt=\"\" class=\"wp-image-223\" style=\"width:179px;height:179px\" srcset=\"https:\/\/blogs.etsii.urjc.es\/frav\/wp-content\/uploads\/sites\/6\/2022\/04\/silueta.jpg 400w, https:\/\/blogs.etsii.urjc.es\/frav\/wp-content\/uploads\/sites\/6\/2022\/04\/silueta-300x300.jpg 300w, https:\/\/blogs.etsii.urjc.es\/frav\/wp-content\/uploads\/sites\/6\/2022\/04\/silueta-150x150.jpg 150w\" sizes=\"auto, (max-width: 400px) 100vw, 400px\" \/><figcaption class=\"wp-element-caption\">Dr. Aristeidis Tsitiridis<\/figcaption><\/figure>\n<\/div><\/div>\n\n\n\n<div class=\"wp-block-column is-layout-flow wp-block-column-is-layout-flow\"><\/div>\n<\/div>\n","protected":false},"excerpt":{"rendered":"<p>Investigadora principal: Investigadores miembros: Colaboradores:<\/p>\n","protected":false},"author":12,"featured_media":0,"parent":0,"menu_order":1,"comment_status":"closed","ping_status":"closed","template":"","meta":{"footnotes":""},"class_list":["post-42","page","type-page","status-publish","hentry"],"_links":{"self":[{"href":"https:\/\/blogs.etsii.urjc.es\/frav\/wp-json\/wp\/v2\/pages\/42","targetHints":{"allow":["GET"]}}],"collection":[{"href":"https:\/\/blogs.etsii.urjc.es\/frav\/wp-json\/wp\/v2\/pages"}],"about":[{"href":"https:\/\/blogs.etsii.urjc.es\/frav\/wp-json\/wp\/v2\/types\/page"}],"author":[{"embeddable":true,"href":"https:\/\/blogs.etsii.urjc.es\/frav\/wp-json\/wp\/v2\/users\/12"}],"replies":[{"embeddable":true,"href":"https:\/\/blogs.etsii.urjc.es\/frav\/wp-json\/wp\/v2\/comments?post=42"}],"version-history":[{"count":49,"href":"https:\/\/blogs.etsii.urjc.es\/frav\/wp-json\/wp\/v2\/pages\/42\/revisions"}],"predecessor-version":[{"id":323,"href":"https:\/\/blogs.etsii.urjc.es\/frav\/wp-json\/wp\/v2\/pages\/42\/revisions\/323"}],"wp:attachment":[{"href":"https:\/\/blogs.etsii.urjc.es\/frav\/wp-json\/wp\/v2\/media?parent=42"}],"curies":[{"name":"wp","href":"https:\/\/api.w.org\/{rel}","templated":true}]}}