{"id":46,"date":"2020-11-11T20:38:28","date_gmt":"2020-11-11T19:38:28","guid":{"rendered":"https:\/\/blogs.etsii.urjc.es\/frav\/?page_id=46"},"modified":"2022-06-08T15:30:21","modified_gmt":"2022-06-08T14:30:21","slug":"contacto","status":"publish","type":"page","link":"https:\/\/blogs.etsii.urjc.es\/frav\/contacto\/","title":{"rendered":"Contacto"},"content":{"rendered":"\n<div class=\"wp-block-group\"><div class=\"wp-block-group__inner-container is-layout-flow wp-block-group-is-layout-flow\">\n<div class=\"wp-block-group\"><div class=\"wp-block-group__inner-container is-layout-flow wp-block-group-is-layout-flow\">\n<div class=\"wp-block-group\"><div class=\"wp-block-group__inner-container is-layout-flow wp-block-group-is-layout-flow\">\n<div class=\"wp-block-group\"><div class=\"wp-block-group__inner-container is-layout-flow wp-block-group-is-layout-flow\">\n<div class=\"wp-block-group\"><div class=\"wp-block-group__inner-container is-layout-flow wp-block-group-is-layout-flow\">\n<p class=\"has-large-font-size\">Dr.\u00aa Cristina Conde Vilda<br>Universidad Rey Juan Carlos, campus de M\u00f3stoles<br>Edificio Departamental II, despacho 168<br>C\/ Tulip\u00e1n, s\/n, 28933 M\u00f3stoles (Madrid), Espa\u00f1a<br>Tel\u00e9fono: (+34)\u00a091 488 73 53<br><a href=\"mailto:cristina.conde@urjc.es\">cristina.conde@urjc.es<\/a><\/p>\n<\/div><\/div>\n<\/div><\/div>\n<\/div><\/div>\n<\/div><\/div>\n<\/div><\/div>\n\n\n\n<p><\/p>\n\n\n\n<p class=\"has-large-font-size\"><a href=\"https:\/\/www.urjc.es\/universidad\/campus\/campus-de-mostoles\/564-situacion-planos-campus-mostoles\" target=\"_blank\" rel=\"noreferrer noopener\">C\u00f3mo llegar al campus<\/a><\/p>\n\n\n\n<figure class=\"wp-block-image size-large\"><img loading=\"lazy\" decoding=\"async\" width=\"512\" height=\"275\" src=\"https:\/\/blogs.etsii.urjc.es\/frav\/wp-content\/uploads\/sites\/6\/2020\/11\/depar2_esp.png\" alt=\"\" class=\"wp-image-10\" srcset=\"https:\/\/blogs.etsii.urjc.es\/frav\/wp-content\/uploads\/sites\/6\/2020\/11\/depar2_esp.png 512w, https:\/\/blogs.etsii.urjc.es\/frav\/wp-content\/uploads\/sites\/6\/2020\/11\/depar2_esp-300x161.png 300w\" sizes=\"auto, (max-width: 512px) 100vw, 512px\" \/><\/figure>\n\n\n\n<p><\/p>\n","protected":false},"excerpt":{"rendered":"<p>Dr.\u00aa Cristina Conde VildaUniversidad Rey Juan Carlos, campus de M\u00f3stolesEdificio Departamental II, despacho 168C\/ Tulip\u00e1n, s\/n, 28933 M\u00f3stoles (Madrid), Espa\u00f1aTel\u00e9fono: (+34)\u00a091 488 73 53cristina.conde@urjc.es C\u00f3mo llegar al campus<\/p>\n","protected":false},"author":12,"featured_media":0,"parent":0,"menu_order":3,"comment_status":"closed","ping_status":"closed","template":"","meta":{"footnotes":""},"class_list":["post-46","page","type-page","status-publish","hentry"],"_links":{"self":[{"href":"https:\/\/blogs.etsii.urjc.es\/frav\/wp-json\/wp\/v2\/pages\/46","targetHints":{"allow":["GET"]}}],"collection":[{"href":"https:\/\/blogs.etsii.urjc.es\/frav\/wp-json\/wp\/v2\/pages"}],"about":[{"href":"https:\/\/blogs.etsii.urjc.es\/frav\/wp-json\/wp\/v2\/types\/page"}],"author":[{"embeddable":true,"href":"https:\/\/blogs.etsii.urjc.es\/frav\/wp-json\/wp\/v2\/users\/12"}],"replies":[{"embeddable":true,"href":"https:\/\/blogs.etsii.urjc.es\/frav\/wp-json\/wp\/v2\/comments?post=46"}],"version-history":[{"count":10,"href":"https:\/\/blogs.etsii.urjc.es\/frav\/wp-json\/wp\/v2\/pages\/46\/revisions"}],"predecessor-version":[{"id":273,"href":"https:\/\/blogs.etsii.urjc.es\/frav\/wp-json\/wp\/v2\/pages\/46\/revisions\/273"}],"wp:attachment":[{"href":"https:\/\/blogs.etsii.urjc.es\/frav\/wp-json\/wp\/v2\/media?parent=46"}],"curies":[{"name":"wp","href":"https:\/\/api.w.org\/{rel}","templated":true}]}}