{"id":1208,"date":"2018-02-01T12:02:09","date_gmt":"2018-02-01T11:02:09","guid":{"rendered":"http:\/\/blogs.etsii.urjc.es\/lite\/?page_id=1208"},"modified":"2023-06-08T08:36:16","modified_gmt":"2023-06-08T08:36:16","slug":"compthink-app","status":"publish","type":"page","link":"https:\/\/blogs.etsii.urjc.es\/lite\/tools\/compthink-app\/","title":{"rendered":"CompThink App"},"content":{"rendered":"<p><a class=\"fasc-button fasc-size-medium fasc-type-glossy fasc-ico-before dashicons-admin-home\" style=\"background-color: #a3946a;color: #ffffff\" href=\"http:\/\/blogs.etsii.urjc.es\/lite\/programming-ct\/\">Programming &amp; CT<\/a><a class=\"fasc-button fasc-size-medium fasc-type-glossy\" style=\"background-color: #a3946a;color: #ffffff\" href=\"http:\/\/blogs.etsii.urjc.es\/lite\/tools\/primarycode\">Primary Code<\/a><a class=\"fasc-button fasc-size-medium fasc-type-glossy\" style=\"background-color: #a3946a;color: #ffffff\" href=\"http:\/\/blogs.etsii.urjc.es\/lite\/tools\/progscratchmakeymakey\">ProgScratchMakeyMakey<\/a><a class=\"fasc-button fasc-size-medium fasc-type-glossy\" style=\"background-color: #a3946a;color: #ffffff\" href=\"http:\/\/blogs.etsii.urjc.es\/lite\/tools\/alcody\">Alcody<\/a><a class=\"fasc-button fasc-size-medium fasc-type-glossy\" style=\"background-color: #f9bc16;color: #ffffff\" href=\"http:\/\/blogs.etsii.urjc.es\/lite\/tools\/compthink-app\"><span style=\"color: #000000\"><strong>CompThink App<\/strong><\/span><\/a><\/p>\n<p><strong>CompThink<\/strong> (<a href=\"https:\/\/colegiovirtualelvalle.com\/Compthink\/\">https:\/\/colegiovirtualelvalle.com\/Compthink\/<\/a>) is an Android App for introduction of PreSchool or early years of Primary Education children to Computational Concepts on a game-like environment. The App can de used on Android Tablets (desired) or Smartphones.<\/p>\n<p><a href=\"https:\/\/blogs.etsii.urjc.es\/lite\/wp-content\/uploads\/sites\/10\/2018\/02\/algoritmos.png\"><img loading=\"lazy\" decoding=\"async\" class=\"aligncenter wp-image-1209\" src=\"https:\/\/blogs.etsii.urjc.es\/lite\/wp-content\/uploads\/sites\/10\/2018\/02\/algoritmos.png\" alt=\"\" width=\"525\" height=\"394\" srcset=\"https:\/\/blogs.etsii.urjc.es\/lite\/wp-content\/uploads\/sites\/10\/2018\/02\/algoritmos.png 1024w, https:\/\/blogs.etsii.urjc.es\/lite\/wp-content\/uploads\/sites\/10\/2018\/02\/algoritmos-300x225.png 300w, https:\/\/blogs.etsii.urjc.es\/lite\/wp-content\/uploads\/sites\/10\/2018\/02\/algoritmos-768x576.png 768w, https:\/\/blogs.etsii.urjc.es\/lite\/wp-content\/uploads\/sites\/10\/2018\/02\/algoritmos-624x468.png 624w\" sizes=\"auto, (max-width: 525px) 100vw, 525px\" \/><\/a><\/p>\n<p><a href=\"https:\/\/blogs.etsii.urjc.es\/lite\/wp-content\/uploads\/sites\/10\/2018\/02\/automats.png\"><img loading=\"lazy\" decoding=\"async\" class=\"aligncenter wp-image-1210\" src=\"https:\/\/blogs.etsii.urjc.es\/lite\/wp-content\/uploads\/sites\/10\/2018\/02\/automats.png\" alt=\"\" width=\"525\" height=\"394\" srcset=\"https:\/\/blogs.etsii.urjc.es\/lite\/wp-content\/uploads\/sites\/10\/2018\/02\/automats.png 1024w, https:\/\/blogs.etsii.urjc.es\/lite\/wp-content\/uploads\/sites\/10\/2018\/02\/automats-300x225.png 300w, https:\/\/blogs.etsii.urjc.es\/lite\/wp-content\/uploads\/sites\/10\/2018\/02\/automats-768x576.png 768w, https:\/\/blogs.etsii.urjc.es\/lite\/wp-content\/uploads\/sites\/10\/2018\/02\/automats-624x468.png 624w\" sizes=\"auto, (max-width: 525px) 100vw, 525px\" \/><\/a><\/p>\n<p><a href=\"https:\/\/blogs.etsii.urjc.es\/lite\/wp-content\/uploads\/sites\/10\/2018\/02\/patrones.png\"><img loading=\"lazy\" decoding=\"async\" class=\"aligncenter wp-image-1211\" src=\"https:\/\/blogs.etsii.urjc.es\/lite\/wp-content\/uploads\/sites\/10\/2018\/02\/patrones.png\" alt=\"\" width=\"525\" height=\"394\" srcset=\"https:\/\/blogs.etsii.urjc.es\/lite\/wp-content\/uploads\/sites\/10\/2018\/02\/patrones.png 1024w, https:\/\/blogs.etsii.urjc.es\/lite\/wp-content\/uploads\/sites\/10\/2018\/02\/patrones-300x225.png 300w, https:\/\/blogs.etsii.urjc.es\/lite\/wp-content\/uploads\/sites\/10\/2018\/02\/patrones-768x576.png 768w, https:\/\/blogs.etsii.urjc.es\/lite\/wp-content\/uploads\/sites\/10\/2018\/02\/patrones-624x468.png 624w\" sizes=\"auto, (max-width: 525px) 100vw, 525px\" \/><\/a><\/p>\n<p><a href=\"https:\/\/blogs.etsii.urjc.es\/lite\/wp-content\/uploads\/sites\/10\/2018\/02\/steps.png\"><img loading=\"lazy\" decoding=\"async\" class=\"aligncenter wp-image-1212\" src=\"https:\/\/blogs.etsii.urjc.es\/lite\/wp-content\/uploads\/sites\/10\/2018\/02\/steps.png\" alt=\"\" width=\"525\" height=\"394\" srcset=\"https:\/\/blogs.etsii.urjc.es\/lite\/wp-content\/uploads\/sites\/10\/2018\/02\/steps.png 1024w, https:\/\/blogs.etsii.urjc.es\/lite\/wp-content\/uploads\/sites\/10\/2018\/02\/steps-300x225.png 300w, https:\/\/blogs.etsii.urjc.es\/lite\/wp-content\/uploads\/sites\/10\/2018\/02\/steps-768x576.png 768w, https:\/\/blogs.etsii.urjc.es\/lite\/wp-content\/uploads\/sites\/10\/2018\/02\/steps-624x468.png 624w\" sizes=\"auto, (max-width: 525px) 100vw, 525px\" \/><\/a><\/p>\n<p><a href=\"https:\/\/blogs.etsii.urjc.es\/lite\/wp-content\/uploads\/sites\/10\/2018\/02\/menu.jpg\"><img loading=\"lazy\" decoding=\"async\" class=\"aligncenter wp-image-1213\" src=\"https:\/\/blogs.etsii.urjc.es\/lite\/wp-content\/uploads\/sites\/10\/2018\/02\/menu.jpg\" alt=\"\" width=\"525\" height=\"394\" srcset=\"https:\/\/blogs.etsii.urjc.es\/lite\/wp-content\/uploads\/sites\/10\/2018\/02\/menu.jpg 1024w, https:\/\/blogs.etsii.urjc.es\/lite\/wp-content\/uploads\/sites\/10\/2018\/02\/menu-300x225.jpg 300w, https:\/\/blogs.etsii.urjc.es\/lite\/wp-content\/uploads\/sites\/10\/2018\/02\/menu-768x576.jpg 768w, https:\/\/blogs.etsii.urjc.es\/lite\/wp-content\/uploads\/sites\/10\/2018\/02\/menu-624x468.jpg 624w\" sizes=\"auto, (max-width: 525px) 100vw, 525px\" \/><\/a><\/p>\n<p><a href=\"https:\/\/blogs.etsii.urjc.es\/lite\/wp-content\/uploads\/sites\/10\/2018\/02\/Instructions.png\"><img loading=\"lazy\" decoding=\"async\" class=\"aligncenter wp-image-1214\" src=\"https:\/\/blogs.etsii.urjc.es\/lite\/wp-content\/uploads\/sites\/10\/2018\/02\/Instructions.png\" alt=\"\" width=\"525\" height=\"394\" srcset=\"https:\/\/blogs.etsii.urjc.es\/lite\/wp-content\/uploads\/sites\/10\/2018\/02\/Instructions.png 1024w, https:\/\/blogs.etsii.urjc.es\/lite\/wp-content\/uploads\/sites\/10\/2018\/02\/Instructions-300x225.png 300w, https:\/\/blogs.etsii.urjc.es\/lite\/wp-content\/uploads\/sites\/10\/2018\/02\/Instructions-768x576.png 768w, https:\/\/blogs.etsii.urjc.es\/lite\/wp-content\/uploads\/sites\/10\/2018\/02\/Instructions-624x468.png 624w\" sizes=\"auto, (max-width: 525px) 100vw, 525px\" \/><\/a><\/p>\n<p><a href=\"https:\/\/blogs.etsii.urjc.es\/lite\/wp-content\/uploads\/sites\/10\/2018\/02\/Conditionals.png\"><img loading=\"lazy\" decoding=\"async\" class=\"aligncenter wp-image-1215\" src=\"https:\/\/blogs.etsii.urjc.es\/lite\/wp-content\/uploads\/sites\/10\/2018\/02\/Conditionals.png\" alt=\"\" width=\"525\" height=\"394\" srcset=\"https:\/\/blogs.etsii.urjc.es\/lite\/wp-content\/uploads\/sites\/10\/2018\/02\/Conditionals.png 1024w, https:\/\/blogs.etsii.urjc.es\/lite\/wp-content\/uploads\/sites\/10\/2018\/02\/Conditionals-300x225.png 300w, https:\/\/blogs.etsii.urjc.es\/lite\/wp-content\/uploads\/sites\/10\/2018\/02\/Conditionals-768x576.png 768w, https:\/\/blogs.etsii.urjc.es\/lite\/wp-content\/uploads\/sites\/10\/2018\/02\/Conditionals-624x468.png 624w\" sizes=\"auto, (max-width: 525px) 100vw, 525px\" \/><\/a><\/p>\n<p><a href=\"https:\/\/blogs.etsii.urjc.es\/lite\/wp-content\/uploads\/sites\/10\/2018\/02\/bucles.png\"><img loading=\"lazy\" decoding=\"async\" class=\"aligncenter wp-image-1216\" src=\"https:\/\/blogs.etsii.urjc.es\/lite\/wp-content\/uploads\/sites\/10\/2018\/02\/bucles.png\" alt=\"\" width=\"525\" height=\"394\" srcset=\"https:\/\/blogs.etsii.urjc.es\/lite\/wp-content\/uploads\/sites\/10\/2018\/02\/bucles.png 1024w, https:\/\/blogs.etsii.urjc.es\/lite\/wp-content\/uploads\/sites\/10\/2018\/02\/bucles-300x225.png 300w, https:\/\/blogs.etsii.urjc.es\/lite\/wp-content\/uploads\/sites\/10\/2018\/02\/bucles-768x576.png 768w, https:\/\/blogs.etsii.urjc.es\/lite\/wp-content\/uploads\/sites\/10\/2018\/02\/bucles-624x468.png 624w\" sizes=\"auto, (max-width: 525px) 100vw, 525px\" \/><\/a><\/p>\n<p style=\"padding-left: 30px\">&nbsp;<\/p>\n<ul>\n<li>Diana P\u00e9rez-Mar\u00edn, Raquel Hij\u00f3n-Neira, Adri\u00e1n Bacelo, Celeste Pizarro, Can computational thinking be improved by using a methodology based on metaphors and scratch to teach computer programming to children?, Computers in Human Behavior, Volume 105, 2020, 105849, DOI&nbsp; <a href=\"https:\/\/doi.org\/10.1016\/j.chb.2018.12.027\">10.1016\/j.chb.2018.12.027<\/a><\/li>\n<\/ul>\n<p>&nbsp;<\/p>\n<h4>Contact person:<\/h4>\n<p style=\"padding-left: 30px\"><a href=\"https:\/\/gestion2.urjc.es\/pdi\/ver\/raquel.hijon\">Raquel Hij\u00f3n Neira<\/a>, <a href=\"mailto:raquel.hijon@urjc.es\">raquel.hijon@urjc.es<\/a><\/p>\n","protected":false},"excerpt":{"rendered":"<p>Programming &amp; CTPrimary CodeProgScratchMakeyMakeyAlcodyCompThink App CompThink (https:\/\/colegiovirtualelvalle.com\/Compthink\/) is an Android App for introduction of PreSchool or early years of Primary Education children to Computational Concepts on a game-like environment. The App can de used on Android Tablets (desired) or Smartphones. &nbsp; Diana P\u00e9rez-Mar\u00edn, Raquel Hij\u00f3n-Neira, Adri\u00e1n Bacelo, Celeste Pizarro, Can computational thinking be improved by [&hellip;]<\/p>\n","protected":false},"author":1,"featured_media":0,"parent":31,"menu_order":0,"comment_status":"closed","ping_status":"closed","template":"","meta":{"rop_custom_images_group":[],"rop_custom_messages_group":[],"rop_publish_now":"initial","rop_publish_now_accounts":{"twitter_1657082733426794512_1657082733426794512":""},"rop_publish_now_history":[],"rop_publish_now_status":"pending","footnotes":""},"class_list":["post-1208","page","type-page","status-publish","hentry"],"_links":{"self":[{"href":"https:\/\/blogs.etsii.urjc.es\/lite\/wp-json\/wp\/v2\/pages\/1208","targetHints":{"allow":["GET"]}}],"collection":[{"href":"https:\/\/blogs.etsii.urjc.es\/lite\/wp-json\/wp\/v2\/pages"}],"about":[{"href":"https:\/\/blogs.etsii.urjc.es\/lite\/wp-json\/wp\/v2\/types\/page"}],"author":[{"embeddable":true,"href":"https:\/\/blogs.etsii.urjc.es\/lite\/wp-json\/wp\/v2\/users\/1"}],"replies":[{"embeddable":true,"href":"https:\/\/blogs.etsii.urjc.es\/lite\/wp-json\/wp\/v2\/comments?post=1208"}],"version-history":[{"count":8,"href":"https:\/\/blogs.etsii.urjc.es\/lite\/wp-json\/wp\/v2\/pages\/1208\/revisions"}],"predecessor-version":[{"id":3295,"href":"https:\/\/blogs.etsii.urjc.es\/lite\/wp-json\/wp\/v2\/pages\/1208\/revisions\/3295"}],"up":[{"embeddable":true,"href":"https:\/\/blogs.etsii.urjc.es\/lite\/wp-json\/wp\/v2\/pages\/31"}],"wp:attachment":[{"href":"https:\/\/blogs.etsii.urjc.es\/lite\/wp-json\/wp\/v2\/media?parent=1208"}],"curies":[{"name":"wp","href":"https:\/\/api.w.org\/{rel}","templated":true}]}}