{"id":1229,"date":"2018-02-01T12:58:52","date_gmt":"2018-02-01T12:58:52","guid":{"rendered":"http:\/\/blogs.etsii.urjc.es\/lite\/?page_id=1229"},"modified":"2023-06-08T08:35:41","modified_gmt":"2023-06-08T08:35:41","slug":"progscratchmakeymakey","status":"publish","type":"page","link":"https:\/\/blogs.etsii.urjc.es\/lite\/tools\/ensenando-java\/progscratchmakeymakey\/","title":{"rendered":"ProgScratchMakeyMakey"},"content":{"rendered":"<p><a class=\"fasc-button fasc-size-medium fasc-type-glossy fasc-ico-before dashicons-admin-home\" style=\"background-color: #a3946a;color: #ffffff\" href=\"http:\/\/blogs.etsii.urjc.es\/lite\/programming-ct\/\">Programming &amp; CT<\/a><a class=\"fasc-button fasc-size-medium fasc-type-glossy\" style=\"background-color: #a3946a;color: #ffffff\" href=\"http:\/\/blogs.etsii.urjc.es\/lite\/tools\/primarycode\">Primary Code<\/a><a class=\"fasc-button fasc-size-medium fasc-type-glossy\" style=\"background-color: #f9bc16;color: #000000\" href=\"http:\/\/blogs.etsii.urjc.es\/lite\/tools\/progscratchmakeymakey\"><strong>ProgScratchMakeyMakey<\/strong><\/a><a class=\"fasc-button fasc-size-medium fasc-type-glossy\" style=\"background-color: #a3946a;color: #ffffff\" href=\"http:\/\/blogs.etsii.urjc.es\/lite\/tools\/alcody\">Alcody<\/a><a class=\"fasc-button fasc-size-medium fasc-type-glossy\" style=\"background-color: #a3946a;color: #ffffff\" href=\"http:\/\/blogs.etsii.urjc.es\/lite\/tools\/compthink-app\">CompThink App<\/a><\/p>\n<p><strong>ProgScratchMakeyMakey<\/strong> is a web Application that proposes the development of tools to expose computational thinking and programming. &#8221; The idea was motivated by the growing integration of computer science in the classrooms and the development of new technological and digital skills. It presents a collection of eight programs, developed in Scratch 2.0, each associated to a computer concept. Scratch is a visual programming language used by students, teachers, mothers and fathers, to create animations and educational games. In addition, the programs have been integrated into a web application that allows them to be used easily and flexibly.<br \/>\nThis Application was Developed by Benjamin Periannes, Master Student in URJC, and his work got an <a href=\"https:\/\/www.urjc.es\/todas-las-noticias-de-actualidad\/2928-el-alumno-de-la-urjc-benjamin-perianes-accesit-al-mejor-tfm-del-ano\">acc\u00e9ssit as best TFM of the Year<\/a>.<\/p>\n<p><a href=\"https:\/\/blogs.etsii.urjc.es\/lite\/wp-content\/uploads\/sites\/10\/2018\/02\/progscratch.png\"><img loading=\"lazy\" decoding=\"async\" class=\"aligncenter wp-image-1644\" src=\"https:\/\/blogs.etsii.urjc.es\/lite\/wp-content\/uploads\/sites\/10\/2018\/02\/progscratch.png\" alt=\"\" width=\"525\" height=\"332\" srcset=\"https:\/\/blogs.etsii.urjc.es\/lite\/wp-content\/uploads\/sites\/10\/2018\/02\/progscratch.png 1152w, https:\/\/blogs.etsii.urjc.es\/lite\/wp-content\/uploads\/sites\/10\/2018\/02\/progscratch-300x190.png 300w, https:\/\/blogs.etsii.urjc.es\/lite\/wp-content\/uploads\/sites\/10\/2018\/02\/progscratch-1024x648.png 1024w, https:\/\/blogs.etsii.urjc.es\/lite\/wp-content\/uploads\/sites\/10\/2018\/02\/progscratch-768x486.png 768w, https:\/\/blogs.etsii.urjc.es\/lite\/wp-content\/uploads\/sites\/10\/2018\/02\/progscratch-624x395.png 624w\" sizes=\"auto, (max-width: 525px) 100vw, 525px\" \/><\/a><\/p>\n<p><a href=\"https:\/\/blogs.etsii.urjc.es\/lite\/wp-content\/uploads\/sites\/10\/2018\/02\/progscratchSECUENCIAS.png\"><img loading=\"lazy\" decoding=\"async\" class=\"aligncenter wp-image-1643\" src=\"https:\/\/blogs.etsii.urjc.es\/lite\/wp-content\/uploads\/sites\/10\/2018\/02\/progscratchSECUENCIAS.png\" alt=\"\" width=\"525\" height=\"295\" srcset=\"https:\/\/blogs.etsii.urjc.es\/lite\/wp-content\/uploads\/sites\/10\/2018\/02\/progscratchSECUENCIAS.png 1152w, https:\/\/blogs.etsii.urjc.es\/lite\/wp-content\/uploads\/sites\/10\/2018\/02\/progscratchSECUENCIAS-300x169.png 300w, https:\/\/blogs.etsii.urjc.es\/lite\/wp-content\/uploads\/sites\/10\/2018\/02\/progscratchSECUENCIAS-1024x576.png 1024w, https:\/\/blogs.etsii.urjc.es\/lite\/wp-content\/uploads\/sites\/10\/2018\/02\/progscratchSECUENCIAS-768x432.png 768w, https:\/\/blogs.etsii.urjc.es\/lite\/wp-content\/uploads\/sites\/10\/2018\/02\/progscratchSECUENCIAS-624x351.png 624w\" sizes=\"auto, (max-width: 525px) 100vw, 525px\" \/><\/a><\/p>\n<p><a href=\"https:\/\/blogs.etsii.urjc.es\/lite\/wp-content\/uploads\/sites\/10\/2018\/02\/progscratchVARIABLES.png\"><img loading=\"lazy\" decoding=\"async\" class=\"aligncenter wp-image-1642\" src=\"https:\/\/blogs.etsii.urjc.es\/lite\/wp-content\/uploads\/sites\/10\/2018\/02\/progscratchVARIABLES.png\" alt=\"\" width=\"525\" height=\"295\" srcset=\"https:\/\/blogs.etsii.urjc.es\/lite\/wp-content\/uploads\/sites\/10\/2018\/02\/progscratchVARIABLES.png 1152w, https:\/\/blogs.etsii.urjc.es\/lite\/wp-content\/uploads\/sites\/10\/2018\/02\/progscratchVARIABLES-300x169.png 300w, https:\/\/blogs.etsii.urjc.es\/lite\/wp-content\/uploads\/sites\/10\/2018\/02\/progscratchVARIABLES-1024x576.png 1024w, https:\/\/blogs.etsii.urjc.es\/lite\/wp-content\/uploads\/sites\/10\/2018\/02\/progscratchVARIABLES-768x432.png 768w, https:\/\/blogs.etsii.urjc.es\/lite\/wp-content\/uploads\/sites\/10\/2018\/02\/progscratchVARIABLES-624x351.png 624w\" sizes=\"auto, (max-width: 525px) 100vw, 525px\" \/><\/a><\/p>\n<p><a href=\"https:\/\/blogs.etsii.urjc.es\/lite\/wp-content\/uploads\/sites\/10\/2018\/02\/progscratchOPERADORES.png\"><img loading=\"lazy\" decoding=\"async\" class=\"aligncenter wp-image-1641\" src=\"https:\/\/blogs.etsii.urjc.es\/lite\/wp-content\/uploads\/sites\/10\/2018\/02\/progscratchOPERADORES.png\" alt=\"\" width=\"525\" height=\"295\" srcset=\"https:\/\/blogs.etsii.urjc.es\/lite\/wp-content\/uploads\/sites\/10\/2018\/02\/progscratchOPERADORES.png 1152w, https:\/\/blogs.etsii.urjc.es\/lite\/wp-content\/uploads\/sites\/10\/2018\/02\/progscratchOPERADORES-300x169.png 300w, https:\/\/blogs.etsii.urjc.es\/lite\/wp-content\/uploads\/sites\/10\/2018\/02\/progscratchOPERADORES-1024x576.png 1024w, https:\/\/blogs.etsii.urjc.es\/lite\/wp-content\/uploads\/sites\/10\/2018\/02\/progscratchOPERADORES-768x432.png 768w, https:\/\/blogs.etsii.urjc.es\/lite\/wp-content\/uploads\/sites\/10\/2018\/02\/progscratchOPERADORES-624x351.png 624w\" sizes=\"auto, (max-width: 525px) 100vw, 525px\" \/><\/a><\/p>\n<p><a href=\"https:\/\/blogs.etsii.urjc.es\/lite\/wp-content\/uploads\/sites\/10\/2018\/02\/progscratchBUCLES.png\"><img loading=\"lazy\" decoding=\"async\" class=\"aligncenter wp-image-1640\" src=\"https:\/\/blogs.etsii.urjc.es\/lite\/wp-content\/uploads\/sites\/10\/2018\/02\/progscratchBUCLES.png\" alt=\"\" width=\"525\" height=\"295\" srcset=\"https:\/\/blogs.etsii.urjc.es\/lite\/wp-content\/uploads\/sites\/10\/2018\/02\/progscratchBUCLES.png 1152w, https:\/\/blogs.etsii.urjc.es\/lite\/wp-content\/uploads\/sites\/10\/2018\/02\/progscratchBUCLES-300x169.png 300w, https:\/\/blogs.etsii.urjc.es\/lite\/wp-content\/uploads\/sites\/10\/2018\/02\/progscratchBUCLES-1024x576.png 1024w, https:\/\/blogs.etsii.urjc.es\/lite\/wp-content\/uploads\/sites\/10\/2018\/02\/progscratchBUCLES-768x432.png 768w, https:\/\/blogs.etsii.urjc.es\/lite\/wp-content\/uploads\/sites\/10\/2018\/02\/progscratchBUCLES-624x351.png 624w\" sizes=\"auto, (max-width: 525px) 100vw, 525px\" \/><\/a><\/p>\n<p><a href=\"https:\/\/blogs.etsii.urjc.es\/lite\/wp-content\/uploads\/sites\/10\/2018\/02\/progscratchEVENTOS.png\"><img loading=\"lazy\" decoding=\"async\" class=\"aligncenter wp-image-1639\" src=\"https:\/\/blogs.etsii.urjc.es\/lite\/wp-content\/uploads\/sites\/10\/2018\/02\/progscratchEVENTOS.png\" alt=\"\" width=\"525\" height=\"295\" srcset=\"https:\/\/blogs.etsii.urjc.es\/lite\/wp-content\/uploads\/sites\/10\/2018\/02\/progscratchEVENTOS.png 1152w, https:\/\/blogs.etsii.urjc.es\/lite\/wp-content\/uploads\/sites\/10\/2018\/02\/progscratchEVENTOS-300x169.png 300w, https:\/\/blogs.etsii.urjc.es\/lite\/wp-content\/uploads\/sites\/10\/2018\/02\/progscratchEVENTOS-1024x576.png 1024w, https:\/\/blogs.etsii.urjc.es\/lite\/wp-content\/uploads\/sites\/10\/2018\/02\/progscratchEVENTOS-768x432.png 768w, https:\/\/blogs.etsii.urjc.es\/lite\/wp-content\/uploads\/sites\/10\/2018\/02\/progscratchEVENTOS-624x351.png 624w\" sizes=\"auto, (max-width: 525px) 100vw, 525px\" \/><\/a><\/p>\n<p><a href=\"https:\/\/blogs.etsii.urjc.es\/lite\/wp-content\/uploads\/sites\/10\/2018\/02\/progscratchPARALELISMO.png\"><img loading=\"lazy\" decoding=\"async\" class=\"aligncenter wp-image-1638\" src=\"https:\/\/blogs.etsii.urjc.es\/lite\/wp-content\/uploads\/sites\/10\/2018\/02\/progscratchPARALELISMO.png\" alt=\"\" width=\"525\" height=\"295\" srcset=\"https:\/\/blogs.etsii.urjc.es\/lite\/wp-content\/uploads\/sites\/10\/2018\/02\/progscratchPARALELISMO.png 1152w, https:\/\/blogs.etsii.urjc.es\/lite\/wp-content\/uploads\/sites\/10\/2018\/02\/progscratchPARALELISMO-300x169.png 300w, https:\/\/blogs.etsii.urjc.es\/lite\/wp-content\/uploads\/sites\/10\/2018\/02\/progscratchPARALELISMO-1024x576.png 1024w, https:\/\/blogs.etsii.urjc.es\/lite\/wp-content\/uploads\/sites\/10\/2018\/02\/progscratchPARALELISMO-768x432.png 768w, https:\/\/blogs.etsii.urjc.es\/lite\/wp-content\/uploads\/sites\/10\/2018\/02\/progscratchPARALELISMO-624x351.png 624w\" sizes=\"auto, (max-width: 525px) 100vw, 525px\" \/><\/a><\/p>\n<p><a href=\"https:\/\/blogs.etsii.urjc.es\/lite\/wp-content\/uploads\/sites\/10\/2018\/02\/progscratchPENSAMC.png\"><img loading=\"lazy\" decoding=\"async\" class=\"aligncenter wp-image-1637\" src=\"https:\/\/blogs.etsii.urjc.es\/lite\/wp-content\/uploads\/sites\/10\/2018\/02\/progscratchPENSAMC.png\" alt=\"\" width=\"525\" height=\"295\" srcset=\"https:\/\/blogs.etsii.urjc.es\/lite\/wp-content\/uploads\/sites\/10\/2018\/02\/progscratchPENSAMC.png 1152w, https:\/\/blogs.etsii.urjc.es\/lite\/wp-content\/uploads\/sites\/10\/2018\/02\/progscratchPENSAMC-300x169.png 300w, https:\/\/blogs.etsii.urjc.es\/lite\/wp-content\/uploads\/sites\/10\/2018\/02\/progscratchPENSAMC-1024x576.png 1024w, https:\/\/blogs.etsii.urjc.es\/lite\/wp-content\/uploads\/sites\/10\/2018\/02\/progscratchPENSAMC-768x432.png 768w, https:\/\/blogs.etsii.urjc.es\/lite\/wp-content\/uploads\/sites\/10\/2018\/02\/progscratchPENSAMC-624x351.png 624w\" sizes=\"auto, (max-width: 525px) 100vw, 525px\" \/><\/a><\/p>\n<ul>\n<li>Hij\u00f3n Neira, R., Garcia-Iruela, M., &amp;amp; Connolly, C. (2021). Developing and Assessing Computational Thinking in Secondary Education using a TPACK Guided Scratch Visual Execution Environment. International Journal of Computer Science Education in Schools, 4(4), 3-23. <a href=\"https:\/\/doi.org\/10.21585\/ijcses.v4i4.98\">DOI 10.21585\/ijcses.v4i4.98<\/a><\/li>\n<li>Hij\u00f3n-Neira, R.; Connolly, C.; Palacios-Alonso, D.; Borr\u00e1s-Gen\u00e9, O. A Guided Scratch Visual Execution Environment to Introduce Programming Concepts to CS1 Students. Information 2021, 12, 378. <a href=\"https:\/\/doi.org\/10.3390\/info12090378\">DOI 10.3390\/info12090378<\/a><\/li>\n<\/ul>\n<p>&nbsp;<\/p>\n<h4>Contact person:<\/h4>\n<p style=\"padding-left: 30px\"><a href=\"https:\/\/gestion2.urjc.es\/pdi\/ver\/raquel.hijon\">Raquel Hij\u00f3n Neira<\/a>, <a href=\"mailto:raquel.hijon@urjc.es\">raquel.hijon@urjc.es<\/a><\/p>\n","protected":false},"excerpt":{"rendered":"<p>Programming &amp; CTPrimary CodeProgScratchMakeyMakeyAlcodyCompThink App ProgScratchMakeyMakey is a web Application that proposes the development of tools to expose computational thinking and programming. &#8221; The idea was motivated by the growing integration of computer science in the classrooms and the development of new technological and digital skills. It presents a collection of eight programs, developed in [&hellip;]<\/p>\n","protected":false},"author":1,"featured_media":0,"parent":1778,"menu_order":0,"comment_status":"closed","ping_status":"closed","template":"","meta":{"rop_custom_images_group":[],"rop_custom_messages_group":[],"rop_publish_now":"initial","rop_publish_now_accounts":{"twitter_1657082733426794512_1657082733426794512":""},"rop_publish_now_history":[],"rop_publish_now_status":"pending","footnotes":""},"class_list":["post-1229","page","type-page","status-publish","hentry"],"_links":{"self":[{"href":"https:\/\/blogs.etsii.urjc.es\/lite\/wp-json\/wp\/v2\/pages\/1229","targetHints":{"allow":["GET"]}}],"collection":[{"href":"https:\/\/blogs.etsii.urjc.es\/lite\/wp-json\/wp\/v2\/pages"}],"about":[{"href":"https:\/\/blogs.etsii.urjc.es\/lite\/wp-json\/wp\/v2\/types\/page"}],"author":[{"embeddable":true,"href":"https:\/\/blogs.etsii.urjc.es\/lite\/wp-json\/wp\/v2\/users\/1"}],"replies":[{"embeddable":true,"href":"https:\/\/blogs.etsii.urjc.es\/lite\/wp-json\/wp\/v2\/comments?post=1229"}],"version-history":[{"count":14,"href":"https:\/\/blogs.etsii.urjc.es\/lite\/wp-json\/wp\/v2\/pages\/1229\/revisions"}],"predecessor-version":[{"id":3294,"href":"https:\/\/blogs.etsii.urjc.es\/lite\/wp-json\/wp\/v2\/pages\/1229\/revisions\/3294"}],"up":[{"embeddable":true,"href":"https:\/\/blogs.etsii.urjc.es\/lite\/wp-json\/wp\/v2\/pages\/1778"}],"wp:attachment":[{"href":"https:\/\/blogs.etsii.urjc.es\/lite\/wp-json\/wp\/v2\/media?parent=1229"}],"curies":[{"name":"wp","href":"https:\/\/api.w.org\/{rel}","templated":true}]}}