{"id":24,"date":"2016-04-20T07:23:13","date_gmt":"2016-04-20T07:23:13","guid":{"rendered":"http:\/\/blogs.etsii.urjc.es\/lite\/lite\/members"},"modified":"2024-11-26T18:43:58","modified_gmt":"2024-11-26T18:43:58","slug":"members","status":"publish","type":"page","link":"https:\/\/blogs.etsii.urjc.es\/lite\/members\/","title":{"rendered":"MEMBERS"},"content":{"rendered":"<h4>Members<\/h4>\n<p style=\"padding-left: 30px\">Vel\u00e1zquez Iturbide, J. \u00c1ngel (coord.), Catedr\u00e1tico de Universidad <a href=\"https:\/\/gestion2.urjc.es\/pdi\/ver\/angel.velazquez\">web page<\/a><br \/>Urquiza Fuentes, Jaime (coord.), Profesor Titular de Universidad <a href=\"https:\/\/jaime-urquiza.blogspot.com.es\/\">web page<\/a><br \/>Borr\u00e1s Gen\u00e9, Oriol, Profesor Contratado Doctor <a href=\"http:\/\/blogs.etsii.urjc.es\/lite\/members\/orioltic\/\">web page<\/a><br \/>C\u00e1ceres Taladriz, C\u00e9sar, Profesor Titular de Universidad <a href=\"https:\/\/gestion2.urjc.es\/pdi\/ver\/cesar.caceres\">web page<\/a><br \/>Hern\u00e1n Losada, Isidoro, Profesor Colaborador <a href=\"https:\/\/gestion2.urjc.es\/pdi\/ver\/isidoro.hernan\">web page<\/a><br \/>Hij\u00f3n Neira, Raquel, Profesora Titular de Universidad <a href=\"https:\/\/gestion2.urjc.es\/pdi\/ver\/raquel.hijon\">web page<\/a><br \/>L\u00e1zaro Carrascosa, Carlos L., Profesor Colaborador <a href=\"https:\/\/gestion2.urjc.es\/pdi\/ver\/carlos.lazaro\">web page<\/a><br \/>Mart\u00edn Barroso, Estefan\u00eda, Profesora Titular de Universidad <a href=\"https:\/\/es.linkedin.com\/in\/estefania-martin-90a2a94\">web page<\/a><br \/>Mart\u00edn Lope, Mar\u00eda Mercedes, Profesora Titular de Universidad Interina <a href=\"https:\/\/gestion2.urjc.es\/pdi\/ver\/mercedes.martin\">web page<\/a><br \/>Mart\u00ednez Mart\u00ednez, Fernando, Profesor Visitante <a href=\"https:\/\/gestion2.urjc.es\/pdi\/ver\/fernando.martinezm\">web page<\/a><br \/>Paredes Barrag\u00e1n, Pedro, Profesor Contratado Doctor <a href=\"https:\/\/gestion2.urjc.es\/pdi\/ver\/pedro.paredes\">web page<\/a><br \/>Paredes Velasco, Maximiliano, Profesor Titular de Universidad <a href=\"https:\/\/gestion2.urjc.es\/pdi\/ver\/maximiliano.paredes\">web page<\/a><br \/>P\u00e9rez Mar\u00edn, Diana, Profesora Titular de Universidad <a href=\"https:\/\/gestion2.urjc.es\/pdi\/ver\/diana.perez\">web page<\/a><br \/>Pizarro Romero, Celeste, Profesora Titular de Universidad <a href=\"https:\/\/gestion2.urjc.es\/pdi\/ver\/celeste.pizarro\">web page<\/a><br \/>Rodr\u00edguez Calzada, Lorena, Profesora Visitante <a href=\"https:\/\/gestion2.urjc.es\/pdi\/ver\/lorena.rodriguezca\">web page<\/a><br \/>Santacruz Valencia, Liliana P., Profesora Contratada Doctor <a href=\"https:\/\/gestion2.urjc.es\/pdi\/ver\/liliana.santacruz\">web page<\/a><br \/>Zapata C\u00e1ceres, Mar\u00eda, Profesora Ayudante Doctora <a href=\"https:\/\/gestion2.urjc.es\/pdi\/ver\/maria.zapata\">web page<\/a><\/p>\n<h4>Collaborators URJC<\/h4>\n<p style=\"padding-left: 40px\">Cavero D\u00edaz, Sergio<br \/>Dom\u00ednguez Mateos, Francisco<br \/>Garc\u00eda Catal\u00e1, Mar\u00eda Teresa (doctoranda)<br \/>Gertr\u00fadix Barrio, Manuel<br \/>G\u00f3mez R\u00edos, M\u00f3nica (doctoranda)<br \/>Gonz\u00e1lez Barahona, Jes\u00fas M.<br \/>L\u00f3pez Garc\u00eda, Antonio (doctorando)<br \/>Manzanares Cadenas, Mar\u00eda Jes\u00fas (doctoranda)<br \/>Palacios Alonso, Daniel<br \/>Robles Mart\u00ednez, Gregorio<br \/>Rodr\u00edguez Mazo, Fernando<br \/>Rold\u00e1n \u00c1lvarez, David<br \/>S\u00e1nchez Granados, \u00c1ngel Francisco (doctorando)<\/p>\n<h4>Technical support personnel<\/h4>\n<p style=\"padding-left: 40px\">Ruiz Aguado, Eva<br \/>V\u00e9lez Rebollo, David Antonio<\/p>\n<h4>External collaborators<\/h4>\n<p style=\"padding-left: 40px\">\u00c1lvarez Mar\u00edn, Alejandro (Universidad de La Serena, Chile)<\/p>\n<h4>Colaboradores honor\u00edficos<\/h4>\n<p style=\"padding-left: 40px\">Almeida Mart\u00ednez, Francisco J.\u00a0<br \/>Debdi, Ouafae\u00a0<br \/>P\u00e9rez Carrasco, Antonio <a href=\"http:\/\/antonioperezcarrasco.webnode.es\/\">web page<\/a><br \/>Serrano C\u00e1mara, Luis Miguel<br \/>Garc\u00eda Iruela, Miguel<\/p>\n\n\n<p><\/p>\n","protected":false},"excerpt":{"rendered":"<p>Members Vel\u00e1zquez Iturbide, J. \u00c1ngel (coord.), Catedr\u00e1tico de Universidad web pageUrquiza Fuentes, Jaime (coord.), Profesor Titular de Universidad web pageBorr\u00e1s Gen\u00e9, Oriol, Profesor Contratado Doctor web pageC\u00e1ceres Taladriz, C\u00e9sar, Profesor Titular de Universidad web pageHern\u00e1n Losada, Isidoro, Profesor Colaborador web pageHij\u00f3n Neira, Raquel, Profesora Titular de Universidad web pageL\u00e1zaro Carrascosa, Carlos L., Profesor Colaborador web [&hellip;]<\/p>\n","protected":false},"author":1,"featured_media":0,"parent":0,"menu_order":0,"comment_status":"closed","ping_status":"closed","template":"","meta":{"rop_custom_images_group":[],"rop_custom_messages_group":[],"rop_publish_now":"initial","rop_publish_now_accounts":{"twitter_1657082733426794512_1657082733426794512":""},"rop_publish_now_history":[],"rop_publish_now_status":"pending","footnotes":""},"class_list":["post-24","page","type-page","status-publish","hentry"],"_links":{"self":[{"href":"https:\/\/blogs.etsii.urjc.es\/lite\/wp-json\/wp\/v2\/pages\/24","targetHints":{"allow":["GET"]}}],"collection":[{"href":"https:\/\/blogs.etsii.urjc.es\/lite\/wp-json\/wp\/v2\/pages"}],"about":[{"href":"https:\/\/blogs.etsii.urjc.es\/lite\/wp-json\/wp\/v2\/types\/page"}],"author":[{"embeddable":true,"href":"https:\/\/blogs.etsii.urjc.es\/lite\/wp-json\/wp\/v2\/users\/1"}],"replies":[{"embeddable":true,"href":"https:\/\/blogs.etsii.urjc.es\/lite\/wp-json\/wp\/v2\/comments?post=24"}],"version-history":[{"count":15,"href":"https:\/\/blogs.etsii.urjc.es\/lite\/wp-json\/wp\/v2\/pages\/24\/revisions"}],"predecessor-version":[{"id":3632,"href":"https:\/\/blogs.etsii.urjc.es\/lite\/wp-json\/wp\/v2\/pages\/24\/revisions\/3632"}],"wp:attachment":[{"href":"https:\/\/blogs.etsii.urjc.es\/lite\/wp-json\/wp\/v2\/media?parent=24"}],"curies":[{"name":"wp","href":"https:\/\/api.w.org\/{rel}","templated":true}]}}