{"id":27,"date":"2016-04-20T07:26:20","date_gmt":"2016-04-20T07:26:20","guid":{"rendered":"http:\/\/blogs.etsii.urjc.es\/lite\/lite\/?page_id=27"},"modified":"2024-04-18T18:40:51","modified_gmt":"2024-04-18T18:40:51","slug":"projects","status":"publish","type":"page","link":"https:\/\/blogs.etsii.urjc.es\/lite\/projects\/","title":{"rendered":"RESEARCH PROJECTS"},"content":{"rendered":"<h4>Active research projects led by LITE members<\/h4>\n<h5>PROGRAMA: Novel interactive approaches based on collaborative and visualization systems aimed at learning block-based programming<\/h5>\n<p style=\"padding-left: 40px\">Funded by: <span class=\"ui-provider a b c d e f g h i j k l m n o p q r s t u v w x y z ab ac ae af ag ah ai aj ak\" dir=\"ltr\">Proyecto financiado por MICIU\/AEI\/10.13039\/501100011033 y por FEDER, UE<\/span> (ref. PID2022-137849OB-I00)<br \/>PI: J. \u00c1ngel Vel\u00e1zquez Iturbide y Jaime Urquiza Fuentes<br \/>Duration: 1st September 2023 \u2013 31st August 2026<br \/>Keywords: block-based programming, programming tools, program visualization systems, CSCL, augmented reality, pedagogical conversational agents, programming methodology<br \/>Webpage: <a href=\"https:\/\/blogs.etsii.urjc.es\/lite\/projects\/programa\/\">https:\/\/blogs.etsii.urjc.es\/lite\/projects\/programa\/<\/a><\/p>\n<h5>LITE: Grupo de Investigaci\u00f3n de Alto Rendimiento en Laboratorio de Tecnolog\u00edas de la Informaci\u00f3n en Educaci\u00f3n<\/h5>\n<p style=\"padding-left: 40px\">Funded by: <span class=\"ui-provider a b c d e f g h i j k l m n o p q r s t u v w x y z ab ac ae af ag ah ai aj ak\" dir=\"ltr\">Universidad Rey Juan Carlos<\/span> (ref. 3286)<br \/>PI: J. \u00c1ngel Vel\u00e1zquez Iturbide y Jaime Urquiza Fuentes<br \/>Duration: 1st January 2024 \u2013 31st December 2024<br \/>Keywords: computers in education<\/p>\n<h5>EU4DigitalUA: Convenio de Colaboraci\u00f3n para la Implementaci\u00f3n de Acciones de Cooperaci\u00f3n T\u00e9cnica en el Marco del Proyecto \u201cApoyo de la UE a la Administraci\u00f3n Electr\u00f3nica y Econom\u00eda Digital en Ucrania\u201d<\/h5>\n<p style=\"padding-left: 40px\">Funded by: <span class=\"ui-provider a b c d e f g h i j k l m n o p q r s t u v w x y z ab ac ae af ag ah ai aj ak\" dir=\"ltr\">Proyecto financiado por <\/span>Fundaci\u00f3n Internacional y para Iberoam\u00e9rica de Administraci\u00f3n y Pol\u00edticas P\u00fablicas (FIIAPP)<br \/>PI: Pedro Paredes Barrag\u00e1n y Maximiliano Paredes Velasco<br \/>Duration: 1st September 2023 \u2013 31st May2024<br \/>Keywords: digital competence, informatics education, primary education, secondary education, teacher development<br \/>Webpage: <a href=\"https:\/\/blogs.etsii.urjc.es\/lite\/projects\/eu4digitalua\/\">https:\/\/lite.estsii.urjc.es\/lite\/projects\/eu4digitalua\/<\/a><\/p>\n<h4>\u00a0<\/h4>\n<h4>Active research projects with participation of LITE members<\/h4>\n<h4>Past projects<\/h4>\n<h5>Proyecto puente para el desarrollo y validaci\u00f3n de herramientas software y metodolog\u00edas para el aprendizaje de la programaci\u00f3n basada en bloques<\/h5>\n<p style=\"padding-left: 40px\">Funded by: Universidad Rey Juan Carlos (ref. M3035)<br \/>PIs: Jaime Urquiza Fuentes, J. \u00c1ngel Vel\u00e1zquez Iturbide<br \/>Duration: 1st January 2023 &#8211; 31 December 2023<br \/>Keywords: block-based programming, programming tools, program visualization systems, CSCL, pedagogical conversational agents, programming methodology<\/p>\n<h5>Proyecto puente para la investigaci\u00f3n en metodolog\u00edas y herramientas para el aprendizaje de la programaci\u00f3n basada en bloques<\/h5>\n<p style=\"padding-left: 40px\">Funded by: Universidad Rey Juan Carlos (ref. M2614-A81448)<br \/>PIs: Jaime Urquiza Fuentes, J. \u00c1ngel Vel\u00e1zquez Iturbide<br \/>Duration: 1st January 2022 &#8211; 30 June 2022<br \/>Keywords: block-based programming, programming tools, program visualization systems, CSCL, pedagogical conversational agents, programming methodology<\/p>\n<h5>e-Madrid-CM: Research and development of educational technologies in the region of Madrid<\/h5>\n<p style=\"padding-left: 40px\">Funded by: Comunidad Aut\u00f3noma de Madrid (ref. P2018\/TCS-4307)<br \/>Partners: Universidad Aut\u00f3noma de Madrid, Universidad Carlos III de Madrid, Universidad Complutense de Madrid, Universidad Nacional de Educaci\u00f3n a Distancia, Universidad Polit\u00e9cnica de Madrid<br \/>PIs: Carlos Delgado Kloos (General PI), J. \u00c1ngel Vel\u00e1zquez Iturbide (URJC PI)<br \/>Duration: 1st January 2019 &#8211; 31 April 2023<br \/>Keywords: computers in education<br \/>Webpage: <a href=\"http:\/\/www.emadridnet.org\/\">http:\/\/www.emadridnet.org<\/a><\/p>\n<h5 class=\"ContentPasted1\">CS-Track: Expanding our knowledge on Citizen Science through analytics and analysis<\/h5>\n<p style=\"padding-left: 40px\">Funded by: EU H2020 SwafS-2018-2020 (Grant agreement ID: 872522)<br class=\"ContentPasted1\" \/>Partners: The MOFET Institute (coord. Israel), RIAS (Germany), URJC (Spain), UPF (Spain), Wissenschaftsladen Wien(Austria), Jyvaskylan Yliopisto (Finland), ATIT (Belgium), Idryma Technologias Kai Erevnas (Greece), Wissenschaft Im Dialog GGMBH (Germany)<br class=\"ContentPasted1\" \/>PI: Estefan\u00eda Mart\u00edn Barroso, Manuel G\u00e9rtrudix (URJC)<br class=\"ContentPasted1\" \/>Duration: 1st December 2019 \u2013 31st January 2023<br \/>Keywords: STEM, learning, video making, threshold concepts, educational social networks<br \/>Webpage:<span class=\"ContentPasted1 ContentPasted2\">\u00a0<a id=\"LPlnkOWALinkPreview\" href=\"https:\/\/cstrack.eu\/\">https:\/\/cstrack.eu\/<\/a><\/span><\/p>\n<h5>iProg: New generation of tools based on emerging interactive technologies for programming education &#8211; subproject \u201cNew student-centered environments for learning programming: From primary education to the university\u201d<\/h5>\n<p style=\"padding-left: 40px\">Funded by: Ministerio de Econom\u00eda y Competitividad (ref. TIN2015-66731-C2-1-R)<br \/>PI: J. \u00c1ngel Vel\u00e1zquez Iturbide<br \/>Partner: Universidad de Castilla &#8211; La Mancha (PI, Miguel \u00c1ngel Redondo Duque)<br \/>Duration: 1st January 2016 \u2013 31st December 2020<br \/>Keywords: programming education research, interactive systems, evaluation<\/p>\n<h5 class=\"ContentPasted1\">DEDOS<\/h5>\n<p style=\"padding-left: 40px\">Partners: Universidad Aut\u00f3noma de Madrid, Fundaci\u00f3n S\u00edndrome de Down de Madrid<br \/>PI: Pablo A. Haya, Manuel Garc\u00eda-Herranz<br \/>LITE Participants: Estefan\u00eda Mart\u00edn Barroso<br \/>Research lines: learning, tabletops<br \/>Webpage: <a href=\"http:\/\/aprendecondedos.es\/\">http:\/\/aprendecondedos.es\/<\/a><\/p>\n<h5 id=\"juxtalearn\">Juxtalearn: Learning STEM through juxtaposition performance in video making<\/h5>\n<p style=\"padding-left: 40px\">Keywords: STEM, learning, video making, threshold concepts, educational social networks<br \/>Funded by: EU framework 7 (project number 317964)<br \/>Partners: Open University, Linnaeus University, RIAS, University of Birmingham, University of Minho and Catcher Media Ltd.<br \/>PI: Estefan\u00eda Mart\u00edn Barroso (CoPI &#8211; URJC)<br \/>Duration: 1st October 2012 &#8211; 31st December 2015<br \/>Webpage: <a href=\"http:\/\/www.juxtalearn.eu\/\">http:\/\/www.juxtalearn.eu\/<\/a><\/p>\n<h5>Fomento de la ciencia e innovaci\u00f3n entre los alumnos mediante creaci\u00f3n colaborativa de v\u00eddeos educativos y dise\u00f1o participativo de aplicaciones m\u00f3viles<\/h5>\n<p style=\"padding-left: 30px\">Keywords: STEM education, Video-based learning, Collaborative leraning, Mobile learning<br \/>Funded by: Fundaci\u00f3n Espa\u00f1ola para la Ciencia y la Tecnolog\u00eda \u2013 Ministerio de Econom\u00eda y Competitividad (ref. FCT-13-7047) y el proyecto <a href=\"#juxtalearn\">Juxtalearn<\/a>.<br \/>PI: Jaime Urquiza-Fuentes<br \/>Duration: September, 1st, 2013 \u2013 November, 31st, 2014<br \/>Webpage: <a href=\"https:\/\/creacomparteaprende.wordpress.com\/\">https:\/\/creacomparteaprende.wordpress.com\/<\/a><\/p>\n\n\n<p><\/p>\n","protected":false},"excerpt":{"rendered":"<p>Active research projects led by LITE members PROGRAMA: Novel interactive approaches based on collaborative and visualization systems aimed at learning block-based programming Funded by: Proyecto financiado por MICIU\/AEI\/10.13039\/501100011033 y por FEDER, UE (ref. PID2022-137849OB-I00)PI: J. \u00c1ngel Vel\u00e1zquez Iturbide y Jaime Urquiza FuentesDuration: 1st September 2023 \u2013 31st August 2026Keywords: block-based programming, programming tools, program visualization [&hellip;]<\/p>\n","protected":false},"author":1,"featured_media":0,"parent":0,"menu_order":0,"comment_status":"closed","ping_status":"closed","template":"","meta":{"rop_custom_images_group":[],"rop_custom_messages_group":[],"rop_publish_now":"initial","rop_publish_now_accounts":{"twitter_1657082733426794512_1657082733426794512":""},"rop_publish_now_history":[],"rop_publish_now_status":"pending","footnotes":""},"class_list":["post-27","page","type-page","status-publish","hentry"],"_links":{"self":[{"href":"https:\/\/blogs.etsii.urjc.es\/lite\/wp-json\/wp\/v2\/pages\/27","targetHints":{"allow":["GET"]}}],"collection":[{"href":"https:\/\/blogs.etsii.urjc.es\/lite\/wp-json\/wp\/v2\/pages"}],"about":[{"href":"https:\/\/blogs.etsii.urjc.es\/lite\/wp-json\/wp\/v2\/types\/page"}],"author":[{"embeddable":true,"href":"https:\/\/blogs.etsii.urjc.es\/lite\/wp-json\/wp\/v2\/users\/1"}],"replies":[{"embeddable":true,"href":"https:\/\/blogs.etsii.urjc.es\/lite\/wp-json\/wp\/v2\/comments?post=27"}],"version-history":[{"count":13,"href":"https:\/\/blogs.etsii.urjc.es\/lite\/wp-json\/wp\/v2\/pages\/27\/revisions"}],"predecessor-version":[{"id":3478,"href":"https:\/\/blogs.etsii.urjc.es\/lite\/wp-json\/wp\/v2\/pages\/27\/revisions\/3478"}],"wp:attachment":[{"href":"https:\/\/blogs.etsii.urjc.es\/lite\/wp-json\/wp\/v2\/media?parent=27"}],"curies":[{"name":"wp","href":"https:\/\/api.w.org\/{rel}","templated":true}]}}