{"id":2969,"date":"2023-05-25T11:16:45","date_gmt":"2023-05-25T11:16:45","guid":{"rendered":"https:\/\/blogs.etsii.urjc.es\/lite\/?page_id=2969"},"modified":"2024-04-11T08:49:07","modified_gmt":"2024-04-11T08:49:07","slug":"cs3-lab","status":"publish","type":"page","link":"https:\/\/blogs.etsii.urjc.es\/lite\/tools\/cs3-lab\/","title":{"rendered":"CS3 Lab"},"content":{"rendered":"<p style=\"text-align: center\"><a class=\"fasc-button fasc-size-medium fasc-type-glossy fasc-ico-before dashicons-admin-home fasc-style-bold\" style=\"background-color: #f9bc16;color: #000000\" href=\"https:\/\/blogs.etsii.urjc.es\/lite\/tools\/cs3-lab\/\">CS3 Lab<\/a><a class=\"fasc-button fasc-size-medium fasc-type-glossy\" style=\"background-color: #a3946a;color: #ffffff\" href=\"http:\/\/blogs.etsii.urjc.es\/lite\/tools\/CS3 Lab\/Expresiones\">Expresiones<\/a><a class=\"fasc-button fasc-size-medium fasc-type-glossy\" style=\"background-color: #a3946a;color: #ffffff\" href=\"https:\/\/blogs.etsii.urjc.es\/lite\/tools\/cs3-lab\/sentencias-de-seleccion\">Sentencias de selecci\u00f3n<\/a><a class=\"fasc-button fasc-size-medium fasc-type-glossy\" style=\"background-color: #a3946a;color: #ffffff\" href=\"https:\/\/blogs.etsii.urjc.es\/lite\/tools\/cs3-lab\/bucles-while\">Bucles while<\/a><a class=\"fasc-button fasc-size-medium fasc-type-glossy\" style=\"background-color: #a3946a;color: #ffffff\" href=\"https:\/\/blogs.etsii.urjc.es\/lite\/tools\/cs3-lab\/bucles-for\">Bucles for<\/a><\/p>\n<p><em><strong>C-Style Syntax Sensei Lab<\/strong><\/em>, o <em><strong>CS3 Lab<\/strong><\/em>, es una suite de aplicaciones destinadas a aprender conceptos b\u00e1sicos de programaci\u00f3n: expresiones, sentencias de selecci\u00f3n, bucles while y do while y bucles for. Todas las aplicaciones comparten una estructura com\u00fan: cuentan con una secci\u00f3n te\u00f3rica apoyada con videotutoriales, pero su caracter\u00edstica principal es la posibilidad que ofrecen de realizar ejercicios divididos en niveles, generados de forma aleatoria.<\/p>\n<p>Estos ejercicios se pueden realizar en modo \u201cpr\u00e1ctica\u201d, que ofrece la soluci\u00f3n pregunta a pregunta, y en modo \u201cautoevaluaci\u00f3n\u201d, que calcula una calificaci\u00f3n y permite consultar las respuestas una vez realizado el examen (<a href=\"http:\/\/www.cs3lablite.etsii.urjc.es\">www.cs3lablite.etsii.urjc.es<\/a>).<\/p>\n<p><a href=\"https:\/\/blogs.etsii.urjc.es\/lite\/wp-content\/uploads\/sites\/10\/2023\/05\/todos.png\"><img loading=\"lazy\" decoding=\"async\" class=\"aligncenter wp-image-3052\" src=\"https:\/\/blogs.etsii.urjc.es\/lite\/wp-content\/uploads\/sites\/10\/2023\/05\/todos-1024x564.png\" alt=\"\" width=\"525\" height=\"289\" srcset=\"https:\/\/blogs.etsii.urjc.es\/lite\/wp-content\/uploads\/sites\/10\/2023\/05\/todos-1024x564.png 1024w, https:\/\/blogs.etsii.urjc.es\/lite\/wp-content\/uploads\/sites\/10\/2023\/05\/todos-300x165.png 300w, https:\/\/blogs.etsii.urjc.es\/lite\/wp-content\/uploads\/sites\/10\/2023\/05\/todos-768x423.png 768w, https:\/\/blogs.etsii.urjc.es\/lite\/wp-content\/uploads\/sites\/10\/2023\/05\/todos-1536x847.png 1536w, https:\/\/blogs.etsii.urjc.es\/lite\/wp-content\/uploads\/sites\/10\/2023\/05\/todos-624x344.png 624w, https:\/\/blogs.etsii.urjc.es\/lite\/wp-content\/uploads\/sites\/10\/2023\/05\/todos.png 1749w\" sizes=\"auto, (max-width: 525px) 100vw, 525px\" \/><\/a><\/p>\n<p>&nbsp;<\/p>\n<h4>Contact person:<\/h4>\n<p style=\"padding-left: 30px\"><a href=\"https:\/\/gestion2.urjc.es\/pdi\/ver\/carlos.lazaro\">Carlos L\u00e1zaro Carrascosa<\/a>, <a href=\"mailto:carlos.lazaro@urjc.es\">carlos.lazaro@urjc.es<\/a><\/p>\n","protected":false},"excerpt":{"rendered":"<p>CS3 LabExpresionesSentencias de selecci\u00f3nBucles whileBucles for C-Style Syntax Sensei Lab, o CS3 Lab, es una suite de aplicaciones destinadas a aprender conceptos b\u00e1sicos de programaci\u00f3n: expresiones, sentencias de selecci\u00f3n, bucles while y do while y bucles for. Todas las aplicaciones comparten una estructura com\u00fan: cuentan con una secci\u00f3n te\u00f3rica apoyada con videotutoriales, pero su caracter\u00edstica [&hellip;]<\/p>\n","protected":false},"author":65,"featured_media":0,"parent":31,"menu_order":0,"comment_status":"closed","ping_status":"closed","template":"","meta":{"rop_custom_images_group":[],"rop_custom_messages_group":[],"rop_publish_now":"initial","rop_publish_now_accounts":{"twitter_1657082733426794512_1657082733426794512":""},"rop_publish_now_history":[],"rop_publish_now_status":"pending","footnotes":""},"class_list":["post-2969","page","type-page","status-publish","hentry"],"_links":{"self":[{"href":"https:\/\/blogs.etsii.urjc.es\/lite\/wp-json\/wp\/v2\/pages\/2969","targetHints":{"allow":["GET"]}}],"collection":[{"href":"https:\/\/blogs.etsii.urjc.es\/lite\/wp-json\/wp\/v2\/pages"}],"about":[{"href":"https:\/\/blogs.etsii.urjc.es\/lite\/wp-json\/wp\/v2\/types\/page"}],"author":[{"embeddable":true,"href":"https:\/\/blogs.etsii.urjc.es\/lite\/wp-json\/wp\/v2\/users\/65"}],"replies":[{"embeddable":true,"href":"https:\/\/blogs.etsii.urjc.es\/lite\/wp-json\/wp\/v2\/comments?post=2969"}],"version-history":[{"count":15,"href":"https:\/\/blogs.etsii.urjc.es\/lite\/wp-json\/wp\/v2\/pages\/2969\/revisions"}],"predecessor-version":[{"id":3438,"href":"https:\/\/blogs.etsii.urjc.es\/lite\/wp-json\/wp\/v2\/pages\/2969\/revisions\/3438"}],"up":[{"embeddable":true,"href":"https:\/\/blogs.etsii.urjc.es\/lite\/wp-json\/wp\/v2\/pages\/31"}],"wp:attachment":[{"href":"https:\/\/blogs.etsii.urjc.es\/lite\/wp-json\/wp\/v2\/media?parent=2969"}],"curies":[{"name":"wp","href":"https:\/\/api.w.org\/{rel}","templated":true}]}}