{"id":3056,"date":"2023-05-29T08:43:43","date_gmt":"2023-05-29T08:43:43","guid":{"rendered":"https:\/\/blogs.etsii.urjc.es\/lite\/?page_id=3056"},"modified":"2023-05-29T09:17:14","modified_gmt":"2023-05-29T09:17:14","slug":"expresiones","status":"publish","type":"page","link":"https:\/\/blogs.etsii.urjc.es\/lite\/tools\/cs3-lab\/expresiones\/","title":{"rendered":"Expresiones"},"content":{"rendered":"<p style=\"text-align: center\"><a class=\"fasc-button fasc-size-medium fasc-type-glossy fasc-ico-before dashicons-admin-home\" style=\"background-color: #a3946a;color: #ffffff\" href=\"https:\/\/blogs.etsii.urjc.es\/lite\/tools\/cs3-lab\/\">CS3 Lab<\/a><a class=\"fasc-button fasc-size-medium fasc-type-glossy fasc-style-bold\" style=\"background-color: #f9bc16;color: #000000\" href=\"https:\/\/blogs.etsii.urjc.es\/lite\/tools\/cs3-lab\/Expresiones\">Expresiones<\/a><a class=\"fasc-button fasc-size-medium fasc-type-glossy\" style=\"background-color: #a3946a;color: #ffffff\" href=\"https:\/\/blogs.etsii.urjc.es\/lite\/tools\/cs3-lab\/sentencias-de-seleccion\">Sentencias de selecci\u00f3n<\/a><a class=\"fasc-button fasc-size-medium fasc-type-glossy\" style=\"background-color: #a3946a;color: #ffffff\" href=\"https:\/\/blogs.etsii.urjc.es\/lite\/tools\/cs3-lab\/bucles-while\">Bucles while<\/a><a class=\"fasc-button fasc-size-medium fasc-type-glossy\" style=\"background-color: #a3946a;color: #ffffff\" href=\"https:\/\/blogs.etsii.urjc.es\/lite\/tools\/cs3-lab\/bucles-for\">Bucles for<\/a><\/p>\n<p>La primera aplicaci\u00f3n est\u00e1 dedicada a las asignaciones y expresiones aritm\u00e9ticas y l\u00f3gicas en el lenguaje. La parte te\u00f3rica ofrece explicaciones claras y ejemplos ya interactivos.<\/p>\n<p>La secci\u00f3n de ejercicios cuenta con cuatro niveles: los dos primeros piden calcular el resultado<br>final de una expresi\u00f3n formada por valores num\u00e9ricos y\/o booleanos.<\/p>\n<p>Los niveles tres y cuatro permiten trabajar por pasos, seleccionando y calculando resultados parciales.<\/p>\n<p>Tambi\u00e9n existe un nivel general, que propone ejercicios mezclados de los niveles anteriores.<\/p>\n<p><a href=\"https:\/\/blogs.etsii.urjc.es\/lite\/wp-content\/uploads\/sites\/10\/2023\/05\/expresiones.png\"><img loading=\"lazy\" decoding=\"async\" class=\"aligncenter wp-image-3076\" src=\"https:\/\/blogs.etsii.urjc.es\/lite\/wp-content\/uploads\/sites\/10\/2023\/05\/expresiones-1-300x169.png\" alt=\"\" width=\"525\" height=\"295\" srcset=\"https:\/\/blogs.etsii.urjc.es\/lite\/wp-content\/uploads\/sites\/10\/2023\/05\/expresiones-1-300x169.png 300w, https:\/\/blogs.etsii.urjc.es\/lite\/wp-content\/uploads\/sites\/10\/2023\/05\/expresiones-1-1024x576.png 1024w, https:\/\/blogs.etsii.urjc.es\/lite\/wp-content\/uploads\/sites\/10\/2023\/05\/expresiones-1-768x432.png 768w, https:\/\/blogs.etsii.urjc.es\/lite\/wp-content\/uploads\/sites\/10\/2023\/05\/expresiones-1-1536x863.png 1536w, https:\/\/blogs.etsii.urjc.es\/lite\/wp-content\/uploads\/sites\/10\/2023\/05\/expresiones-1-624x351.png 624w, https:\/\/blogs.etsii.urjc.es\/lite\/wp-content\/uploads\/sites\/10\/2023\/05\/expresiones-1.png 1706w\" sizes=\"auto, (max-width: 525px) 100vw, 525px\" \/><\/a><\/p>\n<p>&nbsp;<\/p>\n<h4>Contact person:<\/h4>\n<p style=\"padding-left: 30px\"><a href=\"https:\/\/gestion2.urjc.es\/pdi\/ver\/carlos.lazaro\">Carlos L\u00e1zaro Carrascosa<\/a>, <a href=\"mailto:carlos.lazaro@urjc.es\">carlos.lazaro@urjc.es<\/a><\/p>\n\n\n<p><\/p>\n","protected":false},"excerpt":{"rendered":"<p>CS3 LabExpresionesSentencias de selecci\u00f3nBucles whileBucles for La primera aplicaci\u00f3n est\u00e1 dedicada a las asignaciones y expresiones aritm\u00e9ticas y l\u00f3gicas en el lenguaje. La parte te\u00f3rica ofrece explicaciones claras y ejemplos ya interactivos. La secci\u00f3n de ejercicios cuenta con cuatro niveles: los dos primeros piden calcular el resultadofinal de una expresi\u00f3n formada por valores num\u00e9ricos y\/o [&hellip;]<\/p>\n","protected":false},"author":65,"featured_media":0,"parent":2969,"menu_order":0,"comment_status":"closed","ping_status":"closed","template":"","meta":{"rop_custom_images_group":[],"rop_custom_messages_group":[],"rop_publish_now":"initial","rop_publish_now_accounts":{"twitter_1657082733426794512_1657082733426794512":""},"rop_publish_now_history":[],"rop_publish_now_status":"pending","footnotes":""},"class_list":["post-3056","page","type-page","status-publish","hentry"],"_links":{"self":[{"href":"https:\/\/blogs.etsii.urjc.es\/lite\/wp-json\/wp\/v2\/pages\/3056","targetHints":{"allow":["GET"]}}],"collection":[{"href":"https:\/\/blogs.etsii.urjc.es\/lite\/wp-json\/wp\/v2\/pages"}],"about":[{"href":"https:\/\/blogs.etsii.urjc.es\/lite\/wp-json\/wp\/v2\/types\/page"}],"author":[{"embeddable":true,"href":"https:\/\/blogs.etsii.urjc.es\/lite\/wp-json\/wp\/v2\/users\/65"}],"replies":[{"embeddable":true,"href":"https:\/\/blogs.etsii.urjc.es\/lite\/wp-json\/wp\/v2\/comments?post=3056"}],"version-history":[{"count":10,"href":"https:\/\/blogs.etsii.urjc.es\/lite\/wp-json\/wp\/v2\/pages\/3056\/revisions"}],"predecessor-version":[{"id":3112,"href":"https:\/\/blogs.etsii.urjc.es\/lite\/wp-json\/wp\/v2\/pages\/3056\/revisions\/3112"}],"up":[{"embeddable":true,"href":"https:\/\/blogs.etsii.urjc.es\/lite\/wp-json\/wp\/v2\/pages\/2969"}],"wp:attachment":[{"href":"https:\/\/blogs.etsii.urjc.es\/lite\/wp-json\/wp\/v2\/media?parent=3056"}],"curies":[{"name":"wp","href":"https:\/\/api.w.org\/{rel}","templated":true}]}}