{"id":3060,"date":"2023-05-29T08:44:15","date_gmt":"2023-05-29T08:44:15","guid":{"rendered":"https:\/\/blogs.etsii.urjc.es\/lite\/?page_id=3060"},"modified":"2023-05-29T09:18:04","modified_gmt":"2023-05-29T09:18:04","slug":"bucles-while","status":"publish","type":"page","link":"https:\/\/blogs.etsii.urjc.es\/lite\/tools\/cs3-lab\/bucles-while\/","title":{"rendered":"Bucles while"},"content":{"rendered":"<p style=\"text-align: center\"><a class=\"fasc-button fasc-size-medium fasc-type-glossy fasc-ico-before dashicons-admin-home\" style=\"background-color: #a3946a;color: #ffffff\" href=\"https:\/\/blogs.etsii.urjc.es\/lite\/tools\/cs3-lab\/\">CS3 Lab<\/a><a class=\"fasc-button fasc-size-medium fasc-type-glossy\" style=\"background-color: #a3946a;color: #ffffff\" href=\"https:\/\/blogs.etsii.urjc.es\/lite\/tools\/cs3-lab\/Expresiones\">Expresiones<\/a><a class=\"fasc-button fasc-size-medium fasc-type-glossy\" style=\"background-color: #a3946a;color: #ffffff\" href=\"https:\/\/blogs.etsii.urjc.es\/lite\/tools\/cs3-lab\/sentencias-de-seleccion\">Sentencias de selecci\u00f3n<\/a><a class=\"fasc-button fasc-size-medium fasc-type-glossy fasc-style-bold\" style=\"background-color: #f9bc16;color: #000000\" href=\"https:\/\/blogs.etsii.urjc.es\/lite\/tools\/cs3-lab\/bucles-while\">Bucles while<\/a><a class=\"fasc-button fasc-size-medium fasc-type-glossy\" style=\"background-color: #a3946a;color: #ffffff\" href=\"https:\/\/blogs.etsii.urjc.es\/lite\/tools\/cs3-lab\/bucles-for\">Bucles for<\/a><\/p>\n<p>La tercera aplicaci\u00f3n trabaja con bucles while y do while. Los niveles de trabajo est\u00e1n inspirados en la taxonom\u00eda de Bloom.<\/p>\n<p>El primero de ellos trabaja el conocimiento a trav\u00e9s de un test te\u00f3rico. El segundo nivel prepara preguntas de comprensi\u00f3n sobre bucles concretos, permitiendo al estudiante modificar numerosos par\u00e1metros del bucle antes de responder.<\/p>\n<p>En el tercer nivel se trabaja la aplicaci\u00f3n del conocimiento mediante el dise\u00f1o de los bucles.<\/p>\n<p><a href=\"https:\/\/blogs.etsii.urjc.es\/lite\/wp-content\/uploads\/sites\/10\/2023\/05\/while.png\"><img loading=\"lazy\" decoding=\"async\" class=\"aligncenter wp-image-3081\" src=\"https:\/\/blogs.etsii.urjc.es\/lite\/wp-content\/uploads\/sites\/10\/2023\/05\/while-300x158.png\" alt=\"\" width=\"525\" height=\"276\" srcset=\"https:\/\/blogs.etsii.urjc.es\/lite\/wp-content\/uploads\/sites\/10\/2023\/05\/while-300x158.png 300w, https:\/\/blogs.etsii.urjc.es\/lite\/wp-content\/uploads\/sites\/10\/2023\/05\/while-1024x538.png 1024w, https:\/\/blogs.etsii.urjc.es\/lite\/wp-content\/uploads\/sites\/10\/2023\/05\/while-768x404.png 768w, https:\/\/blogs.etsii.urjc.es\/lite\/wp-content\/uploads\/sites\/10\/2023\/05\/while-1536x807.png 1536w, https:\/\/blogs.etsii.urjc.es\/lite\/wp-content\/uploads\/sites\/10\/2023\/05\/while-624x328.png 624w, https:\/\/blogs.etsii.urjc.es\/lite\/wp-content\/uploads\/sites\/10\/2023\/05\/while.png 1844w\" sizes=\"auto, (max-width: 525px) 100vw, 525px\" \/><\/a><\/p>\n<p>&nbsp;<\/p>\n<h4>Contact person:<\/h4>\n<p style=\"padding-left: 30px\"><a href=\"https:\/\/gestion2.urjc.es\/pdi\/ver\/carlos.lazaro\">Carlos L\u00e1zaro Carrascosa<\/a>, <a href=\"mailto:carlos.lazaro@urjc.es\">carlos.lazaro@urjc.es<\/a><\/p>\n","protected":false},"excerpt":{"rendered":"<p>CS3 LabExpresionesSentencias de selecci\u00f3nBucles whileBucles for La tercera aplicaci\u00f3n trabaja con bucles while y do while. Los niveles de trabajo est\u00e1n inspirados en la taxonom\u00eda de Bloom. El primero de ellos trabaja el conocimiento a trav\u00e9s de un test te\u00f3rico. El segundo nivel prepara preguntas de comprensi\u00f3n sobre bucles concretos, permitiendo al estudiante modificar numerosos [&hellip;]<\/p>\n","protected":false},"author":65,"featured_media":0,"parent":2969,"menu_order":0,"comment_status":"closed","ping_status":"closed","template":"","meta":{"rop_custom_images_group":[],"rop_custom_messages_group":[],"rop_publish_now":"initial","rop_publish_now_accounts":{"twitter_1657082733426794512_1657082733426794512":""},"rop_publish_now_history":[],"rop_publish_now_status":"pending","footnotes":""},"class_list":["post-3060","page","type-page","status-publish","hentry"],"_links":{"self":[{"href":"https:\/\/blogs.etsii.urjc.es\/lite\/wp-json\/wp\/v2\/pages\/3060","targetHints":{"allow":["GET"]}}],"collection":[{"href":"https:\/\/blogs.etsii.urjc.es\/lite\/wp-json\/wp\/v2\/pages"}],"about":[{"href":"https:\/\/blogs.etsii.urjc.es\/lite\/wp-json\/wp\/v2\/types\/page"}],"author":[{"embeddable":true,"href":"https:\/\/blogs.etsii.urjc.es\/lite\/wp-json\/wp\/v2\/users\/65"}],"replies":[{"embeddable":true,"href":"https:\/\/blogs.etsii.urjc.es\/lite\/wp-json\/wp\/v2\/comments?post=3060"}],"version-history":[{"count":5,"href":"https:\/\/blogs.etsii.urjc.es\/lite\/wp-json\/wp\/v2\/pages\/3060\/revisions"}],"predecessor-version":[{"id":3114,"href":"https:\/\/blogs.etsii.urjc.es\/lite\/wp-json\/wp\/v2\/pages\/3060\/revisions\/3114"}],"up":[{"embeddable":true,"href":"https:\/\/blogs.etsii.urjc.es\/lite\/wp-json\/wp\/v2\/pages\/2969"}],"wp:attachment":[{"href":"https:\/\/blogs.etsii.urjc.es\/lite\/wp-json\/wp\/v2\/media?parent=3060"}],"curies":[{"name":"wp","href":"https:\/\/api.w.org\/{rel}","templated":true}]}}