{"id":3062,"date":"2023-05-29T08:44:23","date_gmt":"2023-05-29T08:44:23","guid":{"rendered":"https:\/\/blogs.etsii.urjc.es\/lite\/?page_id=3062"},"modified":"2023-05-29T09:18:23","modified_gmt":"2023-05-29T09:18:23","slug":"bucles-for","status":"publish","type":"page","link":"https:\/\/blogs.etsii.urjc.es\/lite\/tools\/cs3-lab\/bucles-for\/","title":{"rendered":"Bucles for"},"content":{"rendered":"<p style=\"text-align: center\"><a class=\"fasc-button fasc-size-medium fasc-type-glossy fasc-ico-before dashicons-admin-home\" style=\"background-color: #a3946a;color: #ffffff\" href=\"https:\/\/blogs.etsii.urjc.es\/lite\/tools\/cs3-lab\/\">CS3 Lab<\/a><a class=\"fasc-button fasc-size-medium fasc-type-glossy\" style=\"background-color: #a3946a;color: #ffffff\" href=\"https:\/\/blogs.etsii.urjc.es\/lite\/tools\/cs3-lab\/Expresiones\">Expresiones<\/a><a class=\"fasc-button fasc-size-medium fasc-type-glossy\" style=\"background-color: #a3946a;color: #ffffff\" href=\"https:\/\/blogs.etsii.urjc.es\/lite\/tools\/cs3-lab\/sentencias-de-seleccion\">Sentencias de selecci\u00f3n<\/a><a class=\"fasc-button fasc-size-medium fasc-type-glossy\" style=\"background-color: #a3946a;color: #ffffff\" href=\"https:\/\/blogs.etsii.urjc.es\/lite\/tools\/cs3-lab\/bucles-while\">Bucles while<\/a><a class=\"fasc-button fasc-size-medium fasc-type-glossy fasc-style-bold\" style=\"background-color: #f9bc16;color: #000000\" href=\"https:\/\/blogs.etsii.urjc.es\/lite\/tools\/cs3-lab\/bucles-for\">Bucles for<\/a><\/p>\n<p>La cuarta aplicaci\u00f3n trabaja con bucles for.<\/p>\n<p>El primero de sus cuatro niveles ofrece diferentes ejercicios que incluyen bucles ascendentes y descendentes.<\/p>\n<p>El segundo nivel trabaja con \u00edndices m\u00faltiples.<\/p>\n<p>El tercer nivel, basado en preguntas tipo test, plantea preguntas en las que pueden aparecer errores sint\u00e1cticos o bucles infinitos.<\/p>\n<p>El cuarto y \u00faltimo nivel se ocupa del recorrido de arrays utilizando variables booleanas y de ejercicios con salida m\u00faltiple.<\/p>\n<p><a href=\"https:\/\/blogs.etsii.urjc.es\/lite\/wp-content\/uploads\/sites\/10\/2023\/05\/for.png\"><img loading=\"lazy\" decoding=\"async\" class=\"aligncenter wp-image-3083\" src=\"https:\/\/blogs.etsii.urjc.es\/lite\/wp-content\/uploads\/sites\/10\/2023\/05\/for-300x140.png\" alt=\"\" width=\"525\" height=\"245\" srcset=\"https:\/\/blogs.etsii.urjc.es\/lite\/wp-content\/uploads\/sites\/10\/2023\/05\/for-300x140.png 300w, https:\/\/blogs.etsii.urjc.es\/lite\/wp-content\/uploads\/sites\/10\/2023\/05\/for-1024x478.png 1024w, https:\/\/blogs.etsii.urjc.es\/lite\/wp-content\/uploads\/sites\/10\/2023\/05\/for-768x359.png 768w, https:\/\/blogs.etsii.urjc.es\/lite\/wp-content\/uploads\/sites\/10\/2023\/05\/for-1536x717.png 1536w, https:\/\/blogs.etsii.urjc.es\/lite\/wp-content\/uploads\/sites\/10\/2023\/05\/for-624x291.png 624w, https:\/\/blogs.etsii.urjc.es\/lite\/wp-content\/uploads\/sites\/10\/2023\/05\/for.png 1812w\" sizes=\"auto, (max-width: 525px) 100vw, 525px\" \/><\/a><\/p>\n<p>&nbsp;<\/p>\n<h4>Contact person:<\/h4>\n<p style=\"padding-left: 30px\"><a href=\"https:\/\/gestion2.urjc.es\/pdi\/ver\/carlos.lazaro\">Carlos L\u00e1zaro Carrascosa<\/a>, <a href=\"mailto:carlos.lazaro@urjc.es\">carlos.lazaro@urjc.es<\/a><\/p>\n","protected":false},"excerpt":{"rendered":"<p>CS3 LabExpresionesSentencias de selecci\u00f3nBucles whileBucles for La cuarta aplicaci\u00f3n trabaja con bucles for. El primero de sus cuatro niveles ofrece diferentes ejercicios que incluyen bucles ascendentes y descendentes. El segundo nivel trabaja con \u00edndices m\u00faltiples. El tercer nivel, basado en preguntas tipo test, plantea preguntas en las que pueden aparecer errores sint\u00e1cticos o bucles infinitos. [&hellip;]<\/p>\n","protected":false},"author":65,"featured_media":0,"parent":2969,"menu_order":0,"comment_status":"closed","ping_status":"closed","template":"","meta":{"rop_custom_images_group":[],"rop_custom_messages_group":[],"rop_publish_now":"initial","rop_publish_now_accounts":{"twitter_1657082733426794512_1657082733426794512":""},"rop_publish_now_history":[],"rop_publish_now_status":"pending","footnotes":""},"class_list":["post-3062","page","type-page","status-publish","hentry"],"_links":{"self":[{"href":"https:\/\/blogs.etsii.urjc.es\/lite\/wp-json\/wp\/v2\/pages\/3062","targetHints":{"allow":["GET"]}}],"collection":[{"href":"https:\/\/blogs.etsii.urjc.es\/lite\/wp-json\/wp\/v2\/pages"}],"about":[{"href":"https:\/\/blogs.etsii.urjc.es\/lite\/wp-json\/wp\/v2\/types\/page"}],"author":[{"embeddable":true,"href":"https:\/\/blogs.etsii.urjc.es\/lite\/wp-json\/wp\/v2\/users\/65"}],"replies":[{"embeddable":true,"href":"https:\/\/blogs.etsii.urjc.es\/lite\/wp-json\/wp\/v2\/comments?post=3062"}],"version-history":[{"count":5,"href":"https:\/\/blogs.etsii.urjc.es\/lite\/wp-json\/wp\/v2\/pages\/3062\/revisions"}],"predecessor-version":[{"id":3115,"href":"https:\/\/blogs.etsii.urjc.es\/lite\/wp-json\/wp\/v2\/pages\/3062\/revisions\/3115"}],"up":[{"embeddable":true,"href":"https:\/\/blogs.etsii.urjc.es\/lite\/wp-json\/wp\/v2\/pages\/2969"}],"wp:attachment":[{"href":"https:\/\/blogs.etsii.urjc.es\/lite\/wp-json\/wp\/v2\/media?parent=3062"}],"curies":[{"name":"wp","href":"https:\/\/api.w.org\/{rel}","templated":true}]}}