{"id":3456,"date":"2024-04-12T08:31:31","date_gmt":"2024-04-12T08:31:31","guid":{"rendered":"https:\/\/blogs.etsii.urjc.es\/lite\/?page_id=3456"},"modified":"2024-04-29T08:35:01","modified_gmt":"2024-04-29T08:35:01","slug":"publications","status":"publish","type":"page","link":"https:\/\/blogs.etsii.urjc.es\/lite\/projects\/programa\/publications\/","title":{"rendered":"Publications"},"content":{"rendered":"<p style=\"text-align: center\"><a class=\"fasc-button fasc-size-medium fasc-type-glossy fasc-ico-before dashicons-admin-home fasc-style-bold\" style=\"background-color: #a3946a;color: #ffffff\" href=\"https:\/\/blogs.etsii.urjc.es\/lite\/programa\/\">PROGRAMA<\/a><a class=\"fasc-button fasc-size-medium fasc-type-glossy\" style=\"background-color: #a3946a;color: #ffffff\" href=\"http:\/\/blogs.etsii.urjc.es\/lite\/programa\/educational-materials\">Educational Materials<\/a><a class=\"fasc-button fasc-size-medium fasc-type-glossy\" style=\"background-color: #a3946a;color: #ffffff\" href=\"http:\/\/blogs.etsii.urjc.es\/lite\/programa\/transference\">Transference<\/a><a class=\"fasc-button fasc-size-medium fasc-type-glossy\" style=\"background-color: #f9bc16;color: #000000\" href=\"https:\/\/blogs.etsii.urjc.es\/lite\/programa\/publications\">Publications<\/a><\/p>\n\n\n<ul class=\"wp-block-list\">\n<li>&#8220;A tracer for teacher development in the programming language ScratchJr&#8221;, J. \u00c1ngel Vel\u00e1zquez-Iturbide, David de Vicente Pe\u00f1a &amp; Eva L\u00f3pez Puente, <em>XXV SIIE \u2013 Internacional Symposium on Computers in Education,<\/em> IEEE Xplore, 2023, 6 pp., DOI <a href=\"https:\/\/doi.org\/10.1109\/SIIE59826.2023.10423674\" target=\"_blank\" rel=\"noreferrer noopener\">10.1109\/SIIE59826.2023.10423674<\/a><\/li>\n\n\n\n<li>&#8220;Materiales educativos para la formaci\u00f3n del profesorado en el lenguaje ScratchJr: Reglas de comportamiento y patrones de programaci\u00f3n&#8221;, J. \u00c1ngel Vel\u00e1zquez-Iturbide, <em>XXVI SIIE \u2013 Internacional Symposium on Computers in Education,<\/em> 2024, 6 pp., accepted<\/li>\n\n\n\n<li>&#8220;What Is an algorithm?: Traditional vs. intelligent algorithms&#8221;, Julia de Miguel &amp; J. \u00c1ngel Vel\u00e1zquez Iturbide, <em>Encyclopedia of Information Science and Technology<\/em>, M. Khosrow-Pour (ed.), IGI Group, 6th ed., 2025, 17 pp., DOI <a href=\"https:\/\/doi.org\/10.4018\/978-1-6684-7366-5.ch072\">10.4018\/978-1-6684-7366-5.ch072<\/a><\/li>\n<\/ul>\n","protected":false},"excerpt":{"rendered":"<p>PROGRAMAEducational MaterialsTransferencePublications<\/p>\n","protected":false},"author":65,"featured_media":0,"parent":3439,"menu_order":0,"comment_status":"closed","ping_status":"closed","template":"","meta":{"rop_custom_images_group":[],"rop_custom_messages_group":[],"rop_publish_now":"initial","rop_publish_now_accounts":{"twitter_1657082733426794512_1657082733426794512":""},"rop_publish_now_history":[],"rop_publish_now_status":"pending","footnotes":""},"class_list":["post-3456","page","type-page","status-publish","hentry"],"_links":{"self":[{"href":"https:\/\/blogs.etsii.urjc.es\/lite\/wp-json\/wp\/v2\/pages\/3456","targetHints":{"allow":["GET"]}}],"collection":[{"href":"https:\/\/blogs.etsii.urjc.es\/lite\/wp-json\/wp\/v2\/pages"}],"about":[{"href":"https:\/\/blogs.etsii.urjc.es\/lite\/wp-json\/wp\/v2\/types\/page"}],"author":[{"embeddable":true,"href":"https:\/\/blogs.etsii.urjc.es\/lite\/wp-json\/wp\/v2\/users\/65"}],"replies":[{"embeddable":true,"href":"https:\/\/blogs.etsii.urjc.es\/lite\/wp-json\/wp\/v2\/comments?post=3456"}],"version-history":[{"count":10,"href":"https:\/\/blogs.etsii.urjc.es\/lite\/wp-json\/wp\/v2\/pages\/3456\/revisions"}],"predecessor-version":[{"id":3549,"href":"https:\/\/blogs.etsii.urjc.es\/lite\/wp-json\/wp\/v2\/pages\/3456\/revisions\/3549"}],"up":[{"embeddable":true,"href":"https:\/\/blogs.etsii.urjc.es\/lite\/wp-json\/wp\/v2\/pages\/3439"}],"wp:attachment":[{"href":"https:\/\/blogs.etsii.urjc.es\/lite\/wp-json\/wp\/v2\/media?parent=3456"}],"curies":[{"name":"wp","href":"https:\/\/api.w.org\/{rel}","templated":true}]}}