{"id":3466,"date":"2024-04-12T08:40:19","date_gmt":"2024-04-12T08:40:19","guid":{"rendered":"https:\/\/blogs.etsii.urjc.es\/lite\/?page_id=3466"},"modified":"2024-06-06T09:33:02","modified_gmt":"2024-06-06T09:33:02","slug":"eu4digitalua","status":"publish","type":"page","link":"https:\/\/blogs.etsii.urjc.es\/lite\/projects\/eu4digitalua\/","title":{"rendered":"EU4DigitalUA"},"content":{"rendered":"<p style=\"text-align: center\"><a class=\"fasc-button fasc-size-medium fasc-type-glossy fasc-ico-before dashicons-admin-home fasc-style-bold\" style=\"background-color: #f9bc16;color: #000000\" href=\"https:\/\/blogs.etsii.urjc.es\/lite\/eu4digitalua\/\">EU4DigitalUA<\/a><a class=\"fasc-button fasc-size-medium fasc-type-glossy\" style=\"background-color: #a3946a;color: #ffffff\" href=\"http:\/\/blogs.etsii.urjc.es\/lite\/eu4digitalua\/reports\">Reports<\/a><\/p>\n<h4>Summary<\/h4>\n<p><span class=\"HwtZe\" lang=\"en\"><span class=\"jCAhz ChMk0b\"><span class=\"ryNqvb\">This is a collaboration contract with FIAPP (Fundaci\u00f3n Internacional y para Iberoam\u00e9rica de Administraci\u00f3n y Pol\u00edticas P\u00fablicas), within a European project.<\/span><\/span> <span class=\"jCAhz ChMk0b\"><span class=\"ryNqvb\">The objective of the collaboration is to advise the Ministry of Education of Ukraine through reports in its efforts to enhance the teaching of computer science and the development of digital competence.<\/span><\/span> <span class=\"jCAhz ChMk0b\"><span class=\"ryNqvb\">The topics covered are varied, including a new digital competence framework, programming exercises or the use of artificial intelligence in education.<\/span><\/span><\/span><\/p>\n<p>&nbsp;<\/p>\n<p>&nbsp;<\/p>\n<h4>Keywords<\/h4>\n<p>Teacher development, Digital competence, Informatics education, Programming education, Assessment, Artificial Intelligence.<\/p>\n<h4>&nbsp;<\/h4>\n<h4>Contact persons<\/h4>\n<p style=\"padding-left: 30px\"><a href=\"https:\/\/gestion2.urjc.es\/pdi\/ver\/pedro.paredes\">Pedro Paredes Barrag\u00e1n<\/a>, <a href=\"mailto:pedro.paredes@urjc.es\">pedro DOT paredes AT urjc DOT es<\/a><\/p>\n<p style=\"padding-left: 30px\"><a href=\"https:\/\/gestion2.urjc.es\/pdi\/ver\/maximiliano.paredes\">Maximiliano Paredes Velasco<\/a>, <a href=\"mailto:maximiliano.paredes@urjc.es\">maximiliano DOT paredes AT urjc DOT es<\/a><\/p>\n","protected":false},"excerpt":{"rendered":"<p>EU4DigitalUAReports Summary This is a collaboration contract with FIAPP (Fundaci\u00f3n Internacional y para Iberoam\u00e9rica de Administraci\u00f3n y Pol\u00edticas P\u00fablicas), within a European project. The objective of the collaboration is to advise the Ministry of Education of Ukraine through reports in its efforts to enhance the teaching of computer science and the development of digital competence. [&hellip;]<\/p>\n","protected":false},"author":65,"featured_media":0,"parent":27,"menu_order":0,"comment_status":"closed","ping_status":"closed","template":"","meta":{"rop_custom_images_group":[],"rop_custom_messages_group":[],"rop_publish_now":"initial","rop_publish_now_accounts":{"twitter_1657082733426794512_1657082733426794512":""},"rop_publish_now_history":[],"rop_publish_now_status":"pending","footnotes":""},"class_list":["post-3466","page","type-page","status-publish","hentry"],"_links":{"self":[{"href":"https:\/\/blogs.etsii.urjc.es\/lite\/wp-json\/wp\/v2\/pages\/3466","targetHints":{"allow":["GET"]}}],"collection":[{"href":"https:\/\/blogs.etsii.urjc.es\/lite\/wp-json\/wp\/v2\/pages"}],"about":[{"href":"https:\/\/blogs.etsii.urjc.es\/lite\/wp-json\/wp\/v2\/types\/page"}],"author":[{"embeddable":true,"href":"https:\/\/blogs.etsii.urjc.es\/lite\/wp-json\/wp\/v2\/users\/65"}],"replies":[{"embeddable":true,"href":"https:\/\/blogs.etsii.urjc.es\/lite\/wp-json\/wp\/v2\/comments?post=3466"}],"version-history":[{"count":15,"href":"https:\/\/blogs.etsii.urjc.es\/lite\/wp-json\/wp\/v2\/pages\/3466\/revisions"}],"predecessor-version":[{"id":3595,"href":"https:\/\/blogs.etsii.urjc.es\/lite\/wp-json\/wp\/v2\/pages\/3466\/revisions\/3595"}],"up":[{"embeddable":true,"href":"https:\/\/blogs.etsii.urjc.es\/lite\/wp-json\/wp\/v2\/pages\/27"}],"wp:attachment":[{"href":"https:\/\/blogs.etsii.urjc.es\/lite\/wp-json\/wp\/v2\/media?parent=3466"}],"curies":[{"name":"wp","href":"https:\/\/api.w.org\/{rel}","templated":true}]}}