{"id":3597,"date":"2024-06-10T09:51:14","date_gmt":"2024-06-10T09:51:14","guid":{"rendered":"https:\/\/blogs.etsii.urjc.es\/lite\/?page_id=3597"},"modified":"2026-01-12T12:32:07","modified_gmt":"2026-01-12T12:32:07","slug":"miscellany","status":"publish","type":"page","link":"https:\/\/blogs.etsii.urjc.es\/lite\/miscellany\/","title":{"rendered":"MISCELLANY"},"content":{"rendered":"<h4>Reports formal details<\/h4>\n<p class=\"style22\" align=\"justify\">The issues of the report series are published according to a given format for <a href=\"https:\/\/blogs.etsii.urjc.es\/lite\/wp-content\/uploads\/sites\/10\/2019\/11\/Portada-1.doc\">front page<\/a> and for <a href=\"http:\/\/blogs.etsii.urjc.es\/lite\/wp-content\/uploads\/sites\/10\/2019\/11\/LNCS_word.zip\">contents<\/a>, being published as PDF files.<\/p>\n<h4>Thesis published<\/h4>\n<p class=\"style22\" align=\"justify\"><b>PhD Thesis<\/b>: Technological Acceptance of Augmented Reality in Engineering Education in Higher Education, Alejandro \u00c1lvarez Mar\u00edn <a href=\"https:\/\/blogs.etsii.urjc.es\/lite\/wp-content\/uploads\/sites\/10\/2024\/05\/Thesis_compressed.pdf\"><img loading=\"lazy\" decoding=\"async\" class=\"alignnone wp-image-415 size-full\" src=\"https:\/\/blogs.etsii.urjc.es\/lite\/wp-content\/uploads\/sites\/10\/2016\/04\/pdf_icon.gif\" alt=\"PDF Icon\" width=\"16\" height=\"16\" \/><\/a><\/p>\n<p align=\"justify\"><strong>Doctorate course &#8220;Curso sobre el m\u00e9todo cient\u00edfico-ingenieril&#8221;<\/strong><\/p>\n<p align=\"justify\">Presentation slides\u00a0<a href=\"https:\/\/blogs.etsii.urjc.es\/lite\/wp-content\/uploads\/sites\/10\/2026\/01\/Presentacion-2025-26.ppt\">here<\/a><\/p>\n<p align=\"justify\">Introduction slides <a href=\"https:\/\/blogs.etsii.urjc.es\/lite\/wp-content\/uploads\/sites\/10\/2026\/01\/Temas-1-2.ppt\">here<\/a><\/p>\n<p align=\"justify\">Journal news <a href=\"https:\/\/blogs.etsii.urjc.es\/lite\/wp-content\/uploads\/sites\/10\/2026\/01\/Investigacion-EL-PAIS-2023-03-13.pdf\">here<\/a><\/p>\n<p align=\"justify\">Research vignettes <a href=\"https:\/\/blogs.etsii.urjc.es\/lite\/wp-content\/uploads\/sites\/10\/2026\/01\/Vinetas-Research-Methods-for-the-Social-Sciences.pdf\">here<\/a><\/p>\n<p class=\"style22\" align=\"justify\">\n","protected":false},"excerpt":{"rendered":"<p>Reports formal details The issues of the report series are published according to a given format for front page and for contents, being published as PDF files. Thesis published PhD Thesis: Technological Acceptance of Augmented Reality in Engineering Education in Higher Education, Alejandro \u00c1lvarez Mar\u00edn Doctorate course &#8220;Curso sobre el m\u00e9todo cient\u00edfico-ingenieril&#8221; Presentation slides\u00a0here Introduction [&hellip;]<\/p>\n","protected":false},"author":65,"featured_media":0,"parent":0,"menu_order":0,"comment_status":"closed","ping_status":"closed","template":"","meta":{"rop_custom_images_group":[],"rop_custom_messages_group":[],"rop_publish_now":"initial","rop_publish_now_accounts":{"twitter_1657082733426794512_1657082733426794512":""},"rop_publish_now_history":[],"rop_publish_now_status":"pending","footnotes":""},"class_list":["post-3597","page","type-page","status-publish","hentry"],"_links":{"self":[{"href":"https:\/\/blogs.etsii.urjc.es\/lite\/wp-json\/wp\/v2\/pages\/3597","targetHints":{"allow":["GET"]}}],"collection":[{"href":"https:\/\/blogs.etsii.urjc.es\/lite\/wp-json\/wp\/v2\/pages"}],"about":[{"href":"https:\/\/blogs.etsii.urjc.es\/lite\/wp-json\/wp\/v2\/types\/page"}],"author":[{"embeddable":true,"href":"https:\/\/blogs.etsii.urjc.es\/lite\/wp-json\/wp\/v2\/users\/65"}],"replies":[{"embeddable":true,"href":"https:\/\/blogs.etsii.urjc.es\/lite\/wp-json\/wp\/v2\/comments?post=3597"}],"version-history":[{"count":7,"href":"https:\/\/blogs.etsii.urjc.es\/lite\/wp-json\/wp\/v2\/pages\/3597\/revisions"}],"predecessor-version":[{"id":3679,"href":"https:\/\/blogs.etsii.urjc.es\/lite\/wp-json\/wp\/v2\/pages\/3597\/revisions\/3679"}],"wp:attachment":[{"href":"https:\/\/blogs.etsii.urjc.es\/lite\/wp-json\/wp\/v2\/media?parent=3597"}],"curies":[{"name":"wp","href":"https:\/\/api.w.org\/{rel}","templated":true}]}}