{"id":150,"date":"2025-02-03T13:13:44","date_gmt":"2025-02-03T12:13:44","guid":{"rendered":"https:\/\/blogs.etsii.urjc.es\/musa\/?page_id=150"},"modified":"2025-02-03T13:13:44","modified_gmt":"2025-02-03T12:13:44","slug":"seminarios","status":"publish","type":"page","link":"https:\/\/blogs.etsii.urjc.es\/musa\/seminarios\/","title":{"rendered":"Seminarios"},"content":{"rendered":"\n<ul class=\"wp-block-list\">\n<li><strong>Nombre:<\/strong> <em>Seminarios<\/em>.<\/li>\n\n\n\n<li><strong>Tipo de asignatura:<\/strong> obligatoria.<\/li>\n\n\n\n<li><strong>Idioma:<\/strong> espa\u00f1ol.<\/li>\n\n\n\n<li><strong>N\u00famero de cr\u00e9ditos:<\/strong> 3.<\/li>\n\n\n\n<li><strong>Semestre:<\/strong> segundo.<\/li>\n\n\n\n<li><strong>Modalidad:<\/strong> presencial.<\/li>\n\n\n\n<li><strong>Contenidos espec\u00edficos<\/strong>: seminarios impartidos por profesionales en el an\u00e1lisis de datos deportivos. Casos de \u00e9xito en entornos deportivos. Se abordar\u00e1n los siguientes aspectos:\n<ul class=\"wp-block-list\">\n<li><em>Data-Driven Decision Making <\/em>en el deporte.<\/li>\n\n\n\n<li>Aplicaci\u00f3n de Inteligencia Artificial en el rendimiento deportivo.<\/li>\n\n\n\n<li>Tendencias emergentes en el uso de <em>Big Data <\/em>en el deporte profesional.<\/li>\n\n\n\n<li>Visualizaci\u00f3n efectiva de datos en la toma de decisiones.<\/li>\n\n\n\n<li>\u00c9tica y privacidad en el an\u00e1lisis de datos deportivos.<\/li>\n\n\n\n<li>Uso de dispositivos inteligentes en el seguimiento del rendimiento deportivo en tiempo real.<\/li>\n\n\n\n<li>Proyectos de An\u00e1lisis de Datos Deportivos para la predicci\u00f3n de lesiones.<\/li>\n\n\n\n<li>Aplicaci\u00f3n del An\u00e1lisis de Datos Deportivos en la Direcci\u00f3n Deportiva.<\/li>\n\n\n\n<li>Aplicaci\u00f3n del An\u00e1lisis de Datos Deportivos al an\u00e1lisis de juego.<\/li>\n<\/ul>\n<\/li>\n<\/ul>\n","protected":false},"excerpt":{"rendered":"","protected":false},"author":262,"featured_media":0,"parent":0,"menu_order":0,"comment_status":"closed","ping_status":"closed","template":"","meta":{"site-sidebar-layout":"default","site-content-layout":"","ast-site-content-layout":"default","site-content-style":"default","site-sidebar-style":"default","ast-global-header-display":"","ast-banner-title-visibility":"","ast-main-header-display":"","ast-hfb-above-header-display":"","ast-hfb-below-header-display":"","ast-hfb-mobile-header-display":"","site-post-title":"","ast-breadcrumbs-content":"","ast-featured-img":"","footer-sml-layout":"","ast-disable-related-posts":"","theme-transparent-header-meta":"","adv-header-id-meta":"","stick-header-meta":"","header-above-stick-meta":"","header-main-stick-meta":"","header-below-stick-meta":"","astra-migrate-meta-layouts":"default","ast-page-background-enabled":"default","ast-page-background-meta":{"desktop":{"background-color":"var(--ast-global-color-5)","background-image":"","background-repeat":"repeat","background-position":"center center","background-size":"auto","background-attachment":"scroll","background-type":"","background-media":"","overlay-type":"","overlay-color":"","overlay-opacity":"","overlay-gradient":""},"tablet":{"background-color":"","background-image":"","background-repeat":"repeat","background-position":"center center","background-size":"auto","background-attachment":"scroll","background-type":"","background-media":"","overlay-type":"","overlay-color":"","overlay-opacity":"","overlay-gradient":""},"mobile":{"background-color":"","background-image":"","background-repeat":"repeat","background-position":"center center","background-size":"auto","background-attachment":"scroll","background-type":"","background-media":"","overlay-type":"","overlay-color":"","overlay-opacity":"","overlay-gradient":""}},"ast-content-background-meta":{"desktop":{"background-color":"var(--ast-global-color-4)","background-image":"","background-repeat":"repeat","background-position":"center center","background-size":"auto","background-attachment":"scroll","background-type":"","background-media":"","overlay-type":"","overlay-color":"","overlay-opacity":"","overlay-gradient":""},"tablet":{"background-color":"var(--ast-global-color-4)","background-image":"","background-repeat":"repeat","background-position":"center center","background-size":"auto","background-attachment":"scroll","background-type":"","background-media":"","overlay-type":"","overlay-color":"","overlay-opacity":"","overlay-gradient":""},"mobile":{"background-color":"var(--ast-global-color-4)","background-image":"","background-repeat":"repeat","background-position":"center center","background-size":"auto","background-attachment":"scroll","background-type":"","background-media":"","overlay-type":"","overlay-color":"","overlay-opacity":"","overlay-gradient":""}},"footnotes":""},"class_list":["post-150","page","type-page","status-publish","hentry"],"_links":{"self":[{"href":"https:\/\/blogs.etsii.urjc.es\/musa\/wp-json\/wp\/v2\/pages\/150","targetHints":{"allow":["GET"]}}],"collection":[{"href":"https:\/\/blogs.etsii.urjc.es\/musa\/wp-json\/wp\/v2\/pages"}],"about":[{"href":"https:\/\/blogs.etsii.urjc.es\/musa\/wp-json\/wp\/v2\/types\/page"}],"author":[{"embeddable":true,"href":"https:\/\/blogs.etsii.urjc.es\/musa\/wp-json\/wp\/v2\/users\/262"}],"replies":[{"embeddable":true,"href":"https:\/\/blogs.etsii.urjc.es\/musa\/wp-json\/wp\/v2\/comments?post=150"}],"version-history":[{"count":1,"href":"https:\/\/blogs.etsii.urjc.es\/musa\/wp-json\/wp\/v2\/pages\/150\/revisions"}],"predecessor-version":[{"id":151,"href":"https:\/\/blogs.etsii.urjc.es\/musa\/wp-json\/wp\/v2\/pages\/150\/revisions\/151"}],"wp:attachment":[{"href":"https:\/\/blogs.etsii.urjc.es\/musa\/wp-json\/wp\/v2\/media?parent=150"}],"curies":[{"name":"wp","href":"https:\/\/api.w.org\/{rel}","templated":true}]}}