{"id":21,"date":"2025-01-30T11:47:06","date_gmt":"2025-01-30T10:47:06","guid":{"rendered":"https:\/\/blogs.etsii.urjc.es\/musa\/?page_id=21"},"modified":"2025-02-19T13:19:30","modified_gmt":"2025-02-19T12:19:30","slug":"faq","status":"publish","type":"page","link":"https:\/\/blogs.etsii.urjc.es\/musa\/faq\/","title":{"rendered":"FAQ"},"content":{"rendered":"\n<h3 class=\"wp-block-heading\">Generalidades<\/h3>\n\n\n\n<h4 class=\"wp-block-heading\">\u00bfEs un \u00abM\u00e1ster Oficial\u00bb o \u00abM\u00e1ster Universitario\u00bb?<\/h4>\n\n\n\n<p><strong>Ambos<\/strong>. Es un t\u00edtulo Oficial del Espacio Europeo de Educaci\u00f3n Superior, pero adem\u00e1s es un t\u00edtulo Universitario aprobado y&nbsp;<a href=\"http:\/\/www.aneca.es\/Programas\/VERIFICA\">verificado<\/a>&nbsp;por la Agencia Nacional de Evaluaci\u00f3n de la Calidad y Acreditaci\u00f3n (ANECA), cuya misi\u00f3n es la evaluaci\u00f3n de calidad de ense\u00f1anzas, profesores, sistemas internos de garant\u00eda de calidad, menciones acad\u00e9micas, etc. Como t\u00edtulo oficial universitario est\u00e1 regido por <strong>precios p\u00fablicos<\/strong> (a diferencia de T\u00edtulos Propios) y el alumno puede acogerse a <strong>ayudas y becas de estudio del Ministerio<\/strong>. Adem\u00e1s, como t\u00edtulo universitario, sus estudios dan <strong>acceso a los estudios de doctorado<\/strong>.<\/p>\n\n\n\n<hr class=\"wp-block-separator has-alpha-channel-opacity\" \/>\n\n\n\n<h4 class=\"wp-block-heading\">\u00bfEste m\u00e1ster me permite acceder al doctorado?<\/h4>\n\n\n\n<p><strong>S\u00ed<\/strong>, siempre y cuando cumplas con el n\u00famero de cr\u00e9ditos necesarios en tu titulaci\u00f3n anterior. Si vienes de un grado o una titulaci\u00f3n superior no habr\u00e1 problemas en el n\u00famero de cr\u00e9ditos para optar a realizar estudios de doctorado, pero si vienes de una antigua titulaci\u00f3n t\u00e9cnica (por ejemplo Ingenier\u00eda T\u00e9cnica de Inform\u00e1tica de Sistemas o Gesti\u00f3n) deber\u00e1s cumplimentar un n\u00famero de cr\u00e9ditos adicionales si posteriormente quieres acceder al programa doctorado, por lo que tendr\u00edas que:<\/p>\n\n\n\n<ul class=\"wp-block-list\">\n<li>hacer otro master de 60 cr\u00e9ditos ECTS.<\/li>\n\n\n\n<li>hacer primero la titulaci\u00f3n superior.<\/li>\n\n\n\n<li>hacer un curso puente para adaptar tu titulaci\u00f3n a un nuevo grado (opci\u00f3n a\u00fan no disponible en la URJC).<\/li>\n<\/ul>\n\n\n\n<p>Adem\u00e1s, el doctorado en la URJC se ha estructurado bajo una \u00abEscuela Internacional de Doctorado\u00bb, con una l\u00ednea de investigaci\u00f3n espec\u00edfica de \u00abVisi\u00f3n Artificial, Reconocimiento de Patrones y Procesamiento de Im\u00e1genes\u00bb dentro del \u00abPrograma de Doctorado en Tecnolog\u00edas de la Informaci\u00f3n y las Comunicaciones (TICs)\u00bb.<\/p>\n\n\n\n<p>M\u00e1s informaci\u00f3n sobre los estudios de doctorado en el \u00abPrograma de Doctorado en Tecnolog\u00edas de la Informaci\u00f3n y las Comunicaciones (TICs)\u00bb de la Escuela Internacional de Doctorado de la URJC:&nbsp;<a href=\"http:\/\/www.urjc.es\/estudios\/programas-de-doctorado\/513-programa-de-doctorado-en-tecnologias-de-la-informacion-y-las-comunicaciones\" target=\"_blank\" rel=\"noreferrer noopener\">http:\/\/www.urjc.es\/estudios\/programas-de-doctorado\/513-programa-de-doctorado-en-tecnologias-de-la-informacion-y-las-comunicaciones<\/a>.<\/p>\n\n\n\n<h3 class=\"wp-block-heading\">Matriculaci\u00f3n<\/h3>\n\n\n\n<h4 class=\"wp-block-heading\">\u00bfQuedan plazas libres?<\/h4>\n\n\n\n<p>Es posible que queden algunas plazas disponibles para la matr\u00edcula de septiembre. Si est\u00e1s interesando en cursar el MUSA, no lo dudes e inf\u00f3rmate escribiendo al&nbsp;<a href=\"master.datosdeportivos@urjc.es\">coordinador<\/a> o llamando al 916655060.<\/p>\n\n\n\n<hr class=\"wp-block-separator has-alpha-channel-opacity\" \/>\n\n\n\n<h4 class=\"wp-block-heading\">\u00bfCu\u00e1l es el proceso de matriculaci\u00f3n?<\/h4>\n\n\n\n<p>Lo primero es realizar la&nbsp;<strong>preinscripci\u00f3n<\/strong> (<a href=\"https:\/\/blogs.etsii.urjc.es\/musa\/admision\/\" data-type=\"page\" data-id=\"65\">consulta las fechas oficiales<\/a>). Para ello deber\u00e1s registrarte en:&nbsp;<a href=\"http:\/\/miportal.urjc.es\/GestionSolicitudes\/\">http:\/\/miportal.urjc.es\/GestionSolicitudes<\/a>&nbsp;y subir escaneada la documentaci\u00f3n que se solicita. Una vez revisadas las preinscripciones, se asigna una nota de acceso y se abre el proceso de matriculaci\u00f3n propiamente dicho (proceso de automatr\u00edcula). Tienes m\u00e1s informaci\u00f3n en:<\/p>\n\n\n\n<ul class=\"wp-block-list\">\n<li><a href=\"https:\/\/www.urjc.es\/estudios\/master\/9586-master-universitario-en-analisis-de-datos-deportivos\">Informaci\u00f3n oficial sobre el M\u00e1ster Universitario en An\u00e1lisis de Datos Deportivos (fechas, preinscripci\u00f3n, automatr\u00edcula, etc.)<\/a><\/li>\n\n\n\n<li><a href=\"https:\/\/www.urjc.es\/images\/EstudiarURJC\/Admision_matricula\/archivos\/Instrucciones_Autopreinscripcion_Masteres_Universitarios.pdf\">Manual para la autopreinscripci\u00f3n<\/a>.<\/li>\n<\/ul>\n\n\n\n<hr class=\"wp-block-separator has-alpha-channel-opacity\" \/>\n\n\n\n<h4 class=\"wp-block-heading\">\u00bfPuedo convalidar asignaturas del m\u00e1ster?<\/h4>\n\n\n\n<p><strong>S\u00ed<\/strong>, las asignaturas del m\u00e1ster pueden convalidarse con asignaturas cercanas o equivalentes que el alumno tenga aprobadas en estudios que haya realizado en 2\u00ba ciclo (antiguas titulaciones), otros m\u00e1ster o doctorado (no de grados). El alumno debe estar matriculado previamente de aquellas asignaturas que desee convalidar y solicitar, en el per\u00edodo abierto para tal efecto, la convalidaci\u00f3n (octubre-noviembre). La comisi\u00f3n de convalidaciones del m\u00e1ster decidir\u00e1 si las solicitudes de convalidaci\u00f3n se resuelven positiva o negativamente.<\/p>\n\n\n\n<hr class=\"wp-block-separator has-alpha-channel-opacity\" \/>\n\n\n\n<h4 class=\"wp-block-heading\">\u00bfCu\u00e1nto cuesta el m\u00e1ster?<\/h4>\n\n\n\n<p>Los precios del MUSA son\u00a0<strong>precios p\u00fablicos<\/strong>, lo que quiere decir que la Comunidad de Madrid establece el precio por cr\u00e9dito docente (ver\u00a0<a href=\"https:\/\/www.urjc.es\/estudiar-en-la-urjc\/precios-publicos#precios-publicos-y-formas-de-pago-de-estudios-de-master-universitario\">tabla<\/a>). El MUSA consta de 60 ECTS.\u00a0 Como ayudas de estudio se sugiere que el alumno intente conseguir una beca del Ministerio, de la URJC o alg\u00fan tipo de beca que pueda salir a trav\u00e9s de los contactos de los profesores con las empresas patrocinadoras.<\/p>\n\n\n\n<hr class=\"wp-block-separator has-alpha-channel-opacity\" \/>\n\n\n\n<h4 class=\"wp-block-heading\">Soy Ingeniero T\u00e9cnico, \u00bfpuedo acceder al m\u00e1ster?<\/h4>\n\n\n\n<p><strong>S\u00ed<\/strong>, puedes acceder al m\u00e1ster sin problemas, y al finalizarlo recibir\u00e1s el t\u00edtulo oficial. La \u00fanica limitaci\u00f3n la tendr\u00edas en caso de querer acceder a estudios de doctorado posteriormente, pero podr\u00edas completar los cr\u00e9ditos totales superados con otro tipo de estudio. Sin embargo, no todos los alumnos que acaban el m\u00e1ster quieren continuar sus estudios (actualmente del orden del 70% no desean acceder a estudios de doctorado). Tienes m\u00e1s informaci\u00f3n al respecto arriba.<\/p>\n\n\n\n<hr class=\"wp-block-separator has-alpha-channel-opacity\" \/>\n\n\n\n<h4 class=\"wp-block-heading\">\u00bfDe qu\u00e9 titulaci\u00f3n puedo venir para acceder al m\u00e1ster?<\/h4>\n\n\n\n<p>Los perfiles de ingreso recomendados para este M\u00e1ster Universitario incluyen los Grados (y otros equivalentes):<\/p>\n\n\n\n<ul class=\"wp-block-list\">\n<li>Grado en Ingenier\u00eda Inform\u00e1tica u otras especialidades afines (Ingenier\u00eda del Software, de Datos, de Telecomunicaciones, etc.).<\/li>\n\n\n\n<li>Grado en Matem\u00e1ticas.<\/li>\n\n\n\n<li>Grado en Estad\u00edstica.<\/li>\n\n\n\n<li>Grado en F\u00edsica.<\/li>\n\n\n\n<li>Grado en Inteligencia Artificial.<\/li>\n\n\n\n<li>Otros Grados o t\u00edtulos oficiales que incluyan en su plan de estudios asignaturas de programaci\u00f3n, bases de datos y aprendizaje autom\u00e1tico.<\/li>\n<\/ul>\n\n\n\n<p>As\u00ed como los antiguos:<\/p>\n\n\n\n<ul class=\"wp-block-list\">\n<li>Ingenier\u00eda Inform\u00e1tica.<\/li>\n\n\n\n<li>Ingenier\u00eda T\u00e9cnica en Inform\u00e1tica de Sistemas.<\/li>\n\n\n\n<li>Ingenier\u00eda en Telecomunicaci\u00f3n.<\/li>\n\n\n\n<li>Licenciatura en Matem\u00e1ticas, Estad\u00edstica o \u00e1reas afines.<\/li>\n\n\n\n<li>Licenciatura en F\u00edsicas.<\/li>\n<\/ul>\n\n\n\n<p>Adem\u00e1s, se considerar\u00e1 el ingreso condicionado de graduados en Ciencias del Deporte y profesionales del sector deportivo, como se indica <a href=\"https:\/\/blogs.etsii.urjc.es\/musa\/admision\/\" data-type=\"page\" data-id=\"19\">aqu\u00ed<\/a>.<\/p>\n\n\n\n<p>Asimismo, se tendr\u00e1n en cuenta los solicitantes de grados dobles con \u00e1reas de conocimiento afines a lo anteriormente dispuesto. Todos los solicitantes deben tener una formaci\u00f3n b\u00e1sica en programaci\u00f3n y estad\u00edstica.<\/p>\n\n\n\n<hr class=\"wp-block-separator has-alpha-channel-opacity\" \/>\n\n\n\n<h4 class=\"wp-block-heading\">\u00bfCu\u00e1nto tiempo puedo emplear en hacer el m\u00e1ster?<\/h4>\n\n\n\n<p>El m\u00e1ster tiene una duraci\u00f3n de un curso acad\u00e9mico.<\/p>\n\n\n\n<hr class=\"wp-block-separator has-alpha-channel-opacity\" \/>\n\n\n\n<h4 class=\"wp-block-heading\">\u00bfPuedo hacer el m\u00e1ster aunque no sea espa\u00f1ol?<\/h4>\n\n\n\n<p>S\u00ed puedes hacerlo, aunque para matricularte el proceso es m\u00e1s complicado. Para empezar, toda la documentaci\u00f3n debe estar en espa\u00f1ol\/castellano, traducida por traductor oficial. Si tu idioma no es el espa\u00f1ol deber\u00e1s contar con un Certificado de Lengua Espa\u00f1ola B2. Adem\u00e1s, toda la documentaci\u00f3n tiene que estar&nbsp;<a href=\"http:\/\/www.urjc.es\/images\/EstudiarURJC\/Admision_matricula\/archivos\/legalizacion_titulos_extranjeros_URJC.pdf\">legalizada<\/a>&nbsp;seg\u00fan ciertas normas espa\u00f1olas.<\/p>\n\n\n\n<h3 class=\"wp-block-heading\">El Trabajo Fin de M\u00e1ster (TFM)<\/h3>\n\n\n\n<h4 class=\"wp-block-heading\">\u00bfCu\u00e1l es el reglamento que rige los TFM?<\/h4>\n\n\n\n<p>Este&nbsp;<a href=\"https:\/\/www.urjc.es\/images\/Universidad\/Presentacion\/normativa\/Normativa_Trabajo_Fin_de_Master.pdf\">documento<\/a>&nbsp;recoge el reglamento de los TFM de la URJC.<\/p>\n\n\n\n<hr class=\"wp-block-separator has-alpha-channel-opacity\" \/>\n\n\n\n<h4 class=\"wp-block-heading\">\u00bfPuedo hacer el TFM en un tema propuesto por mi empresa?<\/h4>\n\n\n\n<p>Normalmente, los alumnos eligen un&nbsp; TFM de los ofertados por los profesores del m\u00e1ster. Estos TFM suelen tocar temas actuales de la industria o de investigaci\u00f3n.<\/p>\n\n\n\n<p>Sin embargo, puedes hacer el TFM en un tema que te proponga la empresa. Incluso, desde la empresa pueden dirigirte el TFM, aunque en cualquier caso necesitas un tutor de la universidad. Adem\u00e1s, conviene que tengas al tanto al tutor de tus avances para que pueda ayudarte a enfocar el problema. Tambi\u00e9n puede ayudarte para corregir la memoria antes de presentarla. Puedes pedirle a cualquier profesor del m\u00e1ster que sea tu tutor.<\/p>\n\n\n\n<p>Finalmente, se debe se\u00f1alar que la defensa del TFM es un acto p\u00fablico y no puede estar sujeto a ning\u00fan tipo de secreto.<\/p>\n\n\n\n<hr class=\"wp-block-separator has-alpha-channel-opacity\" \/>\n\n\n\n<h4 class=\"wp-block-heading\">\u00bfDe qui\u00e9n es la propiedad intelectual del TFM?<\/h4>\n\n\n\n<p>En principio, la propiedad intelectual del TFM es exclusiva del alumno. Sin embargo, el alumno puede compartir dicha propiedad con el tutor o cederla a la empresa. Si el tutor tiene una idea de investigaci\u00f3n interesante, parece l\u00f3gico que no quiera perder la propiedad intelectual de dicha idea. Es por ello que el profesor puede pedir al alumno que firme un documento privado para compartir la propiedad intelectual del TFM. Por otro lado, si el TFM toca un tema sensible de la empresa, es posible que solicite al alumno la firma de un documento privado en el que se le ceda totalmente la propiedad intelectual del TFM.<\/p>\n\n\n\n<p>Desde est\u00e1 p\u00e1gina se anima al alumno a que suba su TFM de forma p\u00fablica a la&nbsp;<a href=\"https:\/\/eciencia.urjc.es\/page\/howtopublish\">plataforma de la biblioteca de la URJC<\/a>.<\/p>\n\n\n\n<p>En cualquier caso, se debe se\u00f1alar que la defensa del TFM es un acto p\u00fablico y no puede estar sujeto a ning\u00fan tipo de secreto.<\/p>\n","protected":false},"excerpt":{"rendered":"<p>Generalidades \u00bfEs un \u00abM\u00e1ster Oficial\u00bb o \u00abM\u00e1ster Universitario\u00bb? Ambos. Es un t\u00edtulo Oficial del Espacio Europeo de Educaci\u00f3n Superior, pero [&hellip;]<\/p>\n","protected":false},"author":262,"featured_media":0,"parent":0,"menu_order":0,"comment_status":"closed","ping_status":"closed","template":"","meta":{"site-sidebar-layout":"default","site-content-layout":"","ast-site-content-layout":"default","site-content-style":"default","site-sidebar-style":"default","ast-global-header-display":"","ast-banner-title-visibility":"","ast-main-header-display":"","ast-hfb-above-header-display":"","ast-hfb-below-header-display":"","ast-hfb-mobile-header-display":"","site-post-title":"","ast-breadcrumbs-content":"","ast-featured-img":"","footer-sml-layout":"","ast-disable-related-posts":"","theme-transparent-header-meta":"","adv-header-id-meta":"","stick-header-meta":"","header-above-stick-meta":"","header-main-stick-meta":"","header-below-stick-meta":"","astra-migrate-meta-layouts":"default","ast-page-background-enabled":"default","ast-page-background-meta":{"desktop":{"background-color":"var(--ast-global-color-5)","background-image":"","background-repeat":"repeat","background-position":"center center","background-size":"auto","background-attachment":"scroll","background-type":"","background-media":"","overlay-type":"","overlay-color":"","overlay-opacity":"","overlay-gradient":""},"tablet":{"background-color":"","background-image":"","background-repeat":"repeat","background-position":"center center","background-size":"auto","background-attachment":"scroll","background-type":"","background-media":"","overlay-type":"","overlay-color":"","overlay-opacity":"","overlay-gradient":""},"mobile":{"background-color":"","background-image":"","background-repeat":"repeat","background-position":"center center","background-size":"auto","background-attachment":"scroll","background-type":"","background-media":"","overlay-type":"","overlay-color":"","overlay-opacity":"","overlay-gradient":""}},"ast-content-background-meta":{"desktop":{"background-color":"var(--ast-global-color-4)","background-image":"","background-repeat":"repeat","background-position":"center center","background-size":"auto","background-attachment":"scroll","background-type":"","background-media":"","overlay-type":"","overlay-color":"","overlay-opacity":"","overlay-gradient":""},"tablet":{"background-color":"var(--ast-global-color-4)","background-image":"","background-repeat":"repeat","background-position":"center center","background-size":"auto","background-attachment":"scroll","background-type":"","background-media":"","overlay-type":"","overlay-color":"","overlay-opacity":"","overlay-gradient":""},"mobile":{"background-color":"var(--ast-global-color-4)","background-image":"","background-repeat":"repeat","background-position":"center center","background-size":"auto","background-attachment":"scroll","background-type":"","background-media":"","overlay-type":"","overlay-color":"","overlay-opacity":"","overlay-gradient":""}},"footnotes":""},"class_list":["post-21","page","type-page","status-publish","hentry"],"_links":{"self":[{"href":"https:\/\/blogs.etsii.urjc.es\/musa\/wp-json\/wp\/v2\/pages\/21","targetHints":{"allow":["GET"]}}],"collection":[{"href":"https:\/\/blogs.etsii.urjc.es\/musa\/wp-json\/wp\/v2\/pages"}],"about":[{"href":"https:\/\/blogs.etsii.urjc.es\/musa\/wp-json\/wp\/v2\/types\/page"}],"author":[{"embeddable":true,"href":"https:\/\/blogs.etsii.urjc.es\/musa\/wp-json\/wp\/v2\/users\/262"}],"replies":[{"embeddable":true,"href":"https:\/\/blogs.etsii.urjc.es\/musa\/wp-json\/wp\/v2\/comments?post=21"}],"version-history":[{"count":8,"href":"https:\/\/blogs.etsii.urjc.es\/musa\/wp-json\/wp\/v2\/pages\/21\/revisions"}],"predecessor-version":[{"id":284,"href":"https:\/\/blogs.etsii.urjc.es\/musa\/wp-json\/wp\/v2\/pages\/21\/revisions\/284"}],"wp:attachment":[{"href":"https:\/\/blogs.etsii.urjc.es\/musa\/wp-json\/wp\/v2\/media?parent=21"}],"curies":[{"name":"wp","href":"https:\/\/api.w.org\/{rel}","templated":true}]}}