{"id":23,"date":"2025-01-30T11:47:13","date_gmt":"2025-01-30T10:47:13","guid":{"rendered":"https:\/\/blogs.etsii.urjc.es\/musa\/?page_id=23"},"modified":"2025-02-10T14:24:37","modified_gmt":"2025-02-10T13:24:37","slug":"contacto","status":"publish","type":"page","link":"https:\/\/blogs.etsii.urjc.es\/musa\/contacto\/","title":{"rendered":"Contacto"},"content":{"rendered":"\n<p>Correo: <a href=\"mailto:master.datosdeportivos@urjc.es\">master.datosdeportivos@urjc.es<\/a>.<\/p>\n\n\n\n<p>Tel\u00e9fono:  916655060.<\/p>\n\n\n\n<p>Web institucional: <a href=\"https:\/\/www.urjc.es\/estudios\/master\/9586-master-universitario-en-analisis-de-datos-deportivos\">https:\/\/www.urjc.es\/estudios\/master\/9586-master-universitario-en-analisis-de-datos-deportivos<\/a>.<\/p>\n\n\n\n<h3 class=\"wp-block-heading\">C\u00f3mo llegar<\/h3>\n\n\n\n<p>El\u00a0<strong>M\u00e1ster Universitario en<\/strong> <strong>An\u00e1lisis de Datos Deportivos<\/strong>\u00a0se impartir\u00e1 en el Campus de M\u00f3stoles de la Universidad Rey Juan Carlos, la universidad p\u00fablica m\u00e1s joven y moderna de la Comunidad de Madrid. La Universidad Rey Juan Carlos est\u00e1 repartida en 5 campus (Madrid, M\u00f3stoles, Alcorc\u00f3n, Fuenlabrada y Aranjuez). El Rectorado y la Escuela T\u00e9cnica Superior de Ingenier\u00eda Inform\u00e1tica (ETSII) se ubican en el Campus de M\u00f3stoles, a 15 km. al suroeste de la ciudad de Madrid.<br>Te sugerimos diversas formas de llegar a la URJC:<\/p>\n\n\n\n<ul class=\"wp-block-list\">\n<li>En coche v\u00eda Pistas D.G.T.<\/li>\n\n\n\n<li>En coche v\u00eda Centro de Investigaci\u00f3n de Repsol-IPF.<\/li>\n\n\n\n<li>En Cercan\u00edas-RENFE.<\/li>\n\n\n\n<li>En Metro.<\/li>\n\n\n\n<li>En autob\u00fas interurbano.<\/li>\n<\/ul>\n\n\n\n<p>M\u00e1s informaci\u00f3n sobre c\u00f3mo llegar se puede encontrar en:\u00a0<a href=\"http:\/\/www.urjc.es\/comollegar\/mostoles\/cll_mostoles.html\">http:\/\/www.urjc.es\/comollegar\/mostoles\/cll_mostoles.html<\/a>.<\/p>\n\n\n\n<h5 class=\"wp-block-heading\">Desde Madrid en coche (v\u00eda Pistas D.G.T.)<\/h5>\n\n\n\n<p>Para llegar (especialmente la primera vez por tener menos opciones a p\u00e9rdidas) es conveniente venir por la A-5 (Carretera de Extremadura direcci\u00f3n Badajoz) y tomar la salida 14 (v\u00eda de servicio),&nbsp;<strong>dejar atr\u00e1s la primera se\u00f1alizaci\u00f3n de la Universidad Rey Juan Carlos<\/strong>&nbsp;por referirse al Campus de Alcorc\u00f3n y tomar la salida del Centro de Ex\u00e1menes de la DGT (Direcci\u00f3n General de Tr\u00e1fico) en direcci\u00f3n M\u00f3stoles. Se cruza la A-5 por el puente superior, se bordea la Plaza de Toros de M\u00f3stoles y se coge la C\/Tulipan hasta la rotonda final. La entrada peatonal del campus queda a la derecha aunque para conseguir mejor aparcamiento puedes continuar bordeando el campus, entrar por la entrada Oeste (siguiente rotonda), continuar por la carretera interna al campus (tras atravesar puertas de verja) y aparcar junto al edificio Departamental II (marca B en el mapa de abajo, edificio blanco con cristaleras que queda a mano derecha de la carretera).<\/p>\n\n\n\n<figure class=\"wp-block-image aligncenter is-resized\"><a href=\"https:\/\/www.mastervisionartificial.es\/imagenes\/comoLlegar.png\"><img decoding=\"async\" src=\"http:\/\/www.visionporcomputador.es\/MasterVisionArtificial\/imagenes\/comoLlegar.png\" alt=\"http:\/\/www.visionporcomputador.es\/MasterVisionArtificial\/imagenes\/comoLlegar.png\" style=\"width:717px;height:auto\" \/><\/a><\/figure>\n\n\n\n<h5 class=\"wp-block-heading\">Desde Madrid en coche (v\u00eda Centro de Investigaci\u00f3n Repsol-IPF)<\/h5>\n\n\n\n<p>Para llegar (especialmente cuando ya se sepa llegar de la manera explicada anteriormente) es conveniente coger la A-5 (Carretera de Extremadura) y tomar la salida 14 (v\u00eda de servicio) y continuar recto del orden de 2 kil\u00f3metros (pasando las salidas de Universidad Rey Juan Carlos-Campus Alcorc\u00f3n, M-50, M\u00f3stoles y Centro de Ex\u00e1menes DGT) y tomar la salida final del carril derecho de la v\u00eda de servicio (<strong>M\u00f3stoles\/Villaviciosa de Od\u00f3n<\/strong>). Izquierda en la primera rotonda (que muestra un cartel de bienvenida de M\u00f3stoles), tomar el puente para cruzar la A-5, recto en la siguiente rotonda pasando por debajo de un puente y a la derecha rodeando el Kentucky Fried Chicken y el McDonalds (ojo, la salida est\u00e1 muy cerca de la salida de la rotonda) en la indicaci\u00f3n Universidad Rey Juan Carlos (ver mapa inferior). Girar a la derecha para subir por el puente para llegar a la puerta Oeste del Campus de M\u00f3stoles de la URJC. Es m\u00e1s r\u00e1pido pero creemos que es preferible saber llegar de la manera anterior antes de \u00e9sta por ser algo menos intuitiva.<\/p>\n\n\n\n<h5 class=\"wp-block-heading\">En Cercan\u00edas-RENFE<\/h5>\n\n\n\n<p>La parada m\u00e1s cercana es&nbsp;<strong>M\u00f3stoles-El Soto<\/strong>, final de la l\u00ednea C5 de Cercan\u00edas. Desde la parada de Atocha se tarda aproximadamente 30 minutos. Desde la estaci\u00f3n de M\u00f3stoles-El Soto hasta la Universidad Rey Juan Carlos se tardan 10-12 minutos a pie.<\/p>\n\n\n\n<p>M\u00e1s informaci\u00f3n en el\u00a0<a href=\"http:\/\/www.renfe.es\/cercanias\/madrid\/mapa_zonas.html\">plano<\/a>\u00a0y la web de\u00a0<a href=\"http:\/\/www.renfe.es\/cercanias\/madrid\">Cercan\u00edas-RENFE<\/a>.<\/p>\n\n\n\n<figure class=\"wp-block-image aligncenter is-resized\"><img decoding=\"async\" src=\"http:\/\/www.visionporcomputador.es\/MasterVisionArtificial\/imagenes\/comoLlegarCercanias.png\" alt=\"http:\/\/www.visionporcomputador.es\/MasterVisionArtificial\/imagenes\/comoLlegarCercanias.png\" style=\"width:658px;height:auto\" \/><\/figure>\n\n\n\n<h5 class=\"wp-block-heading\">En Metro<\/h5>\n\n\n\n<p>La parada m\u00e1s cercana de Metro es&nbsp;<strong>Universidad Rey Juan Carlos<\/strong>&nbsp;(Metrosur). Desde el centro de Madrid se tarda aproximadamente 45 minutos en llegar. Desde la parada de Metrosur hasta la Universidad se tarda 1 minuto a pie.<\/p>\n\n\n\n<p>M\u00e1s informaci\u00f3n en el\u00a0<a href=\"http:\/\/www.metromadrid.es\/es\/viaja_en_metro\/red_de_metro\/planos\/index.html\">plano<\/a>\u00a0y la web de\u00a0<a href=\"http:\/\/www.metromadrid.es\/\">Metro de Madrid<\/a>.<\/p>\n\n\n\n<figure class=\"wp-block-image aligncenter is-resized\"><img decoding=\"async\" src=\"http:\/\/www.visionporcomputador.es\/MasterVisionArtificial\/imagenes\/comoLlegarMetrosur.png\" alt=\"http:\/\/www.visionporcomputador.es\/MasterVisionArtificial\/imagenes\/comoLlegarMetrosur.png\" style=\"width:747px;height:auto\" \/><\/figure>\n\n\n\n<h5 class=\"wp-block-heading\">Autob\u00fas Interurbano<\/h5>\n\n\n\n<p>La l\u00ednea 522 hace el recorrido desde Madrid (Intercambiador de Pr\u00edncipe Pio) hasta la puerta del Campus de M\u00f3stoles de la Universidad Rey Juan Carlos en un tiempo de unos 25 minutos.<\/p>\n\n\n\n<p><\/p>\n","protected":false},"excerpt":{"rendered":"<p>Correo: master.datosdeportivos@urjc.es. Tel\u00e9fono: 916655060. Web institucional: https:\/\/www.urjc.es\/estudios\/master\/9586-master-universitario-en-analisis-de-datos-deportivos. C\u00f3mo llegar El\u00a0M\u00e1ster Universitario en An\u00e1lisis de Datos Deportivos\u00a0se impartir\u00e1 en el Campus [&hellip;]<\/p>\n","protected":false},"author":262,"featured_media":0,"parent":0,"menu_order":0,"comment_status":"closed","ping_status":"closed","template":"","meta":{"site-sidebar-layout":"default","site-content-layout":"","ast-site-content-layout":"default","site-content-style":"default","site-sidebar-style":"default","ast-global-header-display":"","ast-banner-title-visibility":"","ast-main-header-display":"","ast-hfb-above-header-display":"","ast-hfb-below-header-display":"","ast-hfb-mobile-header-display":"","site-post-title":"","ast-breadcrumbs-content":"","ast-featured-img":"","footer-sml-layout":"","ast-disable-related-posts":"","theme-transparent-header-meta":"","adv-header-id-meta":"","stick-header-meta":"","header-above-stick-meta":"","header-main-stick-meta":"","header-below-stick-meta":"","astra-migrate-meta-layouts":"default","ast-page-background-enabled":"default","ast-page-background-meta":{"desktop":{"background-color":"var(--ast-global-color-5)","background-image":"","background-repeat":"repeat","background-position":"center center","background-size":"auto","background-attachment":"scroll","background-type":"","background-media":"","overlay-type":"","overlay-color":"","overlay-opacity":"","overlay-gradient":""},"tablet":{"background-color":"","background-image":"","background-repeat":"repeat","background-position":"center center","background-size":"auto","background-attachment":"scroll","background-type":"","background-media":"","overlay-type":"","overlay-color":"","overlay-opacity":"","overlay-gradient":""},"mobile":{"background-color":"","background-image":"","background-repeat":"repeat","background-position":"center center","background-size":"auto","background-attachment":"scroll","background-type":"","background-media":"","overlay-type":"","overlay-color":"","overlay-opacity":"","overlay-gradient":""}},"ast-content-background-meta":{"desktop":{"background-color":"var(--ast-global-color-4)","background-image":"","background-repeat":"repeat","background-position":"center center","background-size":"auto","background-attachment":"scroll","background-type":"","background-media":"","overlay-type":"","overlay-color":"","overlay-opacity":"","overlay-gradient":""},"tablet":{"background-color":"var(--ast-global-color-4)","background-image":"","background-repeat":"repeat","background-position":"center center","background-size":"auto","background-attachment":"scroll","background-type":"","background-media":"","overlay-type":"","overlay-color":"","overlay-opacity":"","overlay-gradient":""},"mobile":{"background-color":"var(--ast-global-color-4)","background-image":"","background-repeat":"repeat","background-position":"center center","background-size":"auto","background-attachment":"scroll","background-type":"","background-media":"","overlay-type":"","overlay-color":"","overlay-opacity":"","overlay-gradient":""}},"footnotes":""},"class_list":["post-23","page","type-page","status-publish","hentry"],"_links":{"self":[{"href":"https:\/\/blogs.etsii.urjc.es\/musa\/wp-json\/wp\/v2\/pages\/23","targetHints":{"allow":["GET"]}}],"collection":[{"href":"https:\/\/blogs.etsii.urjc.es\/musa\/wp-json\/wp\/v2\/pages"}],"about":[{"href":"https:\/\/blogs.etsii.urjc.es\/musa\/wp-json\/wp\/v2\/types\/page"}],"author":[{"embeddable":true,"href":"https:\/\/blogs.etsii.urjc.es\/musa\/wp-json\/wp\/v2\/users\/262"}],"replies":[{"embeddable":true,"href":"https:\/\/blogs.etsii.urjc.es\/musa\/wp-json\/wp\/v2\/comments?post=23"}],"version-history":[{"count":11,"href":"https:\/\/blogs.etsii.urjc.es\/musa\/wp-json\/wp\/v2\/pages\/23\/revisions"}],"predecessor-version":[{"id":194,"href":"https:\/\/blogs.etsii.urjc.es\/musa\/wp-json\/wp\/v2\/pages\/23\/revisions\/194"}],"wp:attachment":[{"href":"https:\/\/blogs.etsii.urjc.es\/musa\/wp-json\/wp\/v2\/media?parent=23"}],"curies":[{"name":"wp","href":"https:\/\/api.w.org\/{rel}","templated":true}]}}