{"id":53,"date":"2025-01-30T12:17:37","date_gmt":"2025-01-30T11:17:37","guid":{"rendered":"https:\/\/blogs.etsii.urjc.es\/musa\/?page_id=53"},"modified":"2025-02-12T12:10:52","modified_gmt":"2025-02-12T11:10:52","slug":"plan-de-estudios","status":"publish","type":"page","link":"https:\/\/blogs.etsii.urjc.es\/musa\/plan-de-estudios\/","title":{"rendered":"Plan de estudios"},"content":{"rendered":"\n<p>La docencia del MUSA (60 ECTS) est\u00e1 dividida en dos semestres:<\/p>\n\n\n\n<ul class=\"wp-block-list\">\n<li><strong>Primer semestre<\/strong> (30 ECTS).<\/li>\n<\/ul>\n\n\n\n<figure class=\"wp-block-table is-style-stripes\"><table class=\"has-fixed-layout\"><tbody><tr><td class=\"has-text-align-center\" data-align=\"center\"><strong>Asignatura<\/strong><\/td><td class=\"has-text-align-center\" data-align=\"center\"><strong>Tipo<\/strong><\/td><td class=\"has-text-align-center\" data-align=\"center\"><strong>ECTS<\/strong><\/td><\/tr><tr><td class=\"has-text-align-center\" data-align=\"center\"><a href=\"https:\/\/blogs.etsii.urjc.es\/musa\/introduccion-al-sports-analytics\/\" data-type=\"page\" data-id=\"106\">Introducci\u00f3n al <em>Sports Analytics<\/em><\/a><\/td><td class=\"has-text-align-center\" data-align=\"center\">Obligatoria<\/td><td class=\"has-text-align-center\" data-align=\"center\">3<\/td><\/tr><tr><td class=\"has-text-align-center\" data-align=\"center\"><a href=\"https:\/\/blogs.etsii.urjc.es\/musa\/analisis-de-las-capacidades-fisicas-y-fisiologicas-del-deportista\/\" data-type=\"page\" data-id=\"113\">An\u00e1lisis de las capacidades f\u00edsicas y fisiol\u00f3gicas del deportista<\/a><\/td><td class=\"has-text-align-center\" data-align=\"center\">Obligatoria<\/td><td class=\"has-text-align-center\" data-align=\"center\">3<\/td><\/tr><tr><td class=\"has-text-align-center\" data-align=\"center\"><a href=\"https:\/\/blogs.etsii.urjc.es\/musa\/analisis-tecnico-tactico-del-entrenamiento-y-competicion-en-el-deporte\">An\u00e1lisis t\u00e9cnico-t\u00e1ctico del entrenamiento y competici\u00f3n en el deporte<\/a><\/td><td class=\"has-text-align-center\" data-align=\"center\">Obligatoria<\/td><td class=\"has-text-align-center\" data-align=\"center\">3<\/td><\/tr><tr><td class=\"has-text-align-center\" data-align=\"center\"><a href=\"https:\/\/blogs.etsii.urjc.es\/musa\/programacion-orientada-al-analisis-de-datos\/\">Programaci\u00f3n orientada al an\u00e1lisis de datos<\/a><\/td><td class=\"has-text-align-center\" data-align=\"center\">Obligatoria<\/td><td class=\"has-text-align-center\" data-align=\"center\">6<\/td><\/tr><tr><td class=\"has-text-align-center\" data-align=\"center\"><a href=\"https:\/\/blogs.etsii.urjc.es\/musa\/obtencion-y-almacenamiento-de-datos-deportivos\/\">Obtenci\u00f3n y almacenamiento de datos deportivos<\/a><\/td><td class=\"has-text-align-center\" data-align=\"center\">Obligatoria<\/td><td class=\"has-text-align-center\" data-align=\"center\">3<\/td><\/tr><tr><td class=\"has-text-align-center\" data-align=\"center\"><a href=\"https:\/\/blogs.etsii.urjc.es\/musa\/analisis-de-datos-en-el-deporte\/\">An\u00e1lisis de datos en el deporte<\/a><\/td><td class=\"has-text-align-center\" data-align=\"center\">Obligatoria<\/td><td class=\"has-text-align-center\" data-align=\"center\">6<\/td><\/tr><tr><td class=\"has-text-align-center\" data-align=\"center\"><a href=\"https:\/\/blogs.etsii.urjc.es\/musa\/big-data-processing-i\/\"><em>Big Data Processing<\/em> I<\/a><\/td><td class=\"has-text-align-center\" data-align=\"center\">Obligatoria<\/td><td class=\"has-text-align-center\" data-align=\"center\">3<\/td><\/tr><tr><td class=\"has-text-align-center\" data-align=\"center\"><a href=\"https:\/\/blogs.etsii.urjc.es\/musa\/ciencia-de-datos-en-proyectos-deportivos\/\">Ciencia de datos en proyectos deportivos<\/a><\/td><td class=\"has-text-align-center\" data-align=\"center\">Obligatoria<\/td><td class=\"has-text-align-center\" data-align=\"center\">3<\/td><\/tr><\/tbody><\/table><\/figure>\n\n\n\n<ul class=\"wp-block-list\">\n<li><strong>Segundo semestre<\/strong> (30 ECTS).<\/li>\n<\/ul>\n\n\n\n<figure class=\"wp-block-table is-style-stripes\"><table class=\"has-fixed-layout\"><tbody><tr><td class=\"has-text-align-center\" data-align=\"center\"><strong>Asignatura<\/strong><\/td><td class=\"has-text-align-center\" data-align=\"center\"><strong>Tipo<\/strong><\/td><td class=\"has-text-align-center\" data-align=\"center\"><strong>ECTS<\/strong><\/td><\/tr><tr><td class=\"has-text-align-center\" data-align=\"center\"><a href=\"https:\/\/blogs.etsii.urjc.es\/musa\/aprendizaje-automatico\/\">Aprendizaje autom\u00e1tico<\/a><\/td><td class=\"has-text-align-center\" data-align=\"center\">Obligatoria<\/td><td class=\"has-text-align-center\" data-align=\"center\">3<\/td><\/tr><tr><td class=\"has-text-align-center\" data-align=\"center\"><a href=\"https:\/\/blogs.etsii.urjc.es\/musa\/visualizacion-y-comunicacion-de-datos-deportivos\/\" data-type=\"page\" data-id=\"132\">Visualizaci\u00f3n y comunicaci\u00f3n de datos deportivos<\/a><\/td><td class=\"has-text-align-center\" data-align=\"center\">Obligatoria<\/td><td class=\"has-text-align-center\" data-align=\"center\">3<\/td><\/tr><tr><td class=\"has-text-align-center\" data-align=\"center\"><a href=\"https:\/\/blogs.etsii.urjc.es\/musa\/big-data-processing-ii\/\" data-type=\"page\" data-id=\"135\"><em>Big Data Processing<\/em> II<\/a><\/td><td class=\"has-text-align-center\" data-align=\"center\">Obligatoria<\/td><td class=\"has-text-align-center\" data-align=\"center\">3<\/td><\/tr><tr><td class=\"has-text-align-center\" data-align=\"center\"><a href=\"https:\/\/blogs.etsii.urjc.es\/musa\/vision-por-computador-en-el-deporte\/\" data-type=\"page\" data-id=\"137\">Visi\u00f3n por computador en el deporte<\/a><\/td><td class=\"has-text-align-center\" data-align=\"center\">Optativa<\/td><td class=\"has-text-align-center\" data-align=\"center\">3<\/td><\/tr><tr><td class=\"has-text-align-center\" data-align=\"center\"><a href=\"https:\/\/blogs.etsii.urjc.es\/musa\/analisis-de-redes-sociales\/\" data-type=\"page\" data-id=\"139\">An\u00e1lisis de redes sociales<\/a><\/td><td class=\"has-text-align-center\" data-align=\"center\">Optativa<\/td><td class=\"has-text-align-center\" data-align=\"center\">3<\/td><\/tr><tr><td class=\"has-text-align-center\" data-align=\"center\"><em><a href=\"https:\/\/blogs.etsii.urjc.es\/musa\/cloud-computing\/\" data-type=\"page\" data-id=\"141\">Cloud Computing<\/a><\/em><\/td><td class=\"has-text-align-center\" data-align=\"center\">Optativa<\/td><td class=\"has-text-align-center\" data-align=\"center\">3<\/td><\/tr><tr><td class=\"has-text-align-center\" data-align=\"center\"><a href=\"https:\/\/blogs.etsii.urjc.es\/musa\/ultimas-tendencias-en-el-analisis-de-datos-en-el-deporte-profesional\/\" data-type=\"page\" data-id=\"143\">\u00daltimas tendencias en la aplicaci\u00f3n del an\u00e1lisis de datos en el deporte profesional<\/a><\/td><td class=\"has-text-align-center\" data-align=\"center\">Optativa<\/td><td class=\"has-text-align-center\" data-align=\"center\">3<\/td><\/tr><tr><td class=\"has-text-align-center\" data-align=\"center\"><a href=\"https:\/\/blogs.etsii.urjc.es\/musa\/instrumentos-para-la-medicion-de-la-condicion-fisica-en-el-deporte\/\" data-type=\"page\" data-id=\"148\">Instrumentos para la medici\u00f3n de la condici\u00f3n f\u00edsica en el deporte<\/a><\/td><td class=\"has-text-align-center\" data-align=\"center\">Optativa<\/td><td class=\"has-text-align-center\" data-align=\"center\">3<\/td><\/tr><tr><td class=\"has-text-align-center\" data-align=\"center\"><a href=\"https:\/\/blogs.etsii.urjc.es\/musa\/seminarios\/\" data-type=\"page\" data-id=\"150\">Seminarios<\/a><\/td><td class=\"has-text-align-center\" data-align=\"center\">Obligatoria<\/td><td class=\"has-text-align-center\" data-align=\"center\">3<\/td><\/tr><tr><td class=\"has-text-align-center\" data-align=\"center\"><a href=\"https:\/\/blogs.etsii.urjc.es\/musa\/introduccion-a-la-investigacion-en-analisis-de-datos-deportivos\/\" data-type=\"page\" data-id=\"152\">Introducci\u00f3n a la investigaci\u00f3n en an\u00e1lisis de datos deportivos<\/a><\/td><td class=\"has-text-align-center\" data-align=\"center\">Obligatoria<\/td><td class=\"has-text-align-center\" data-align=\"center\">6<\/td><\/tr><tr><td class=\"has-text-align-center\" data-align=\"center\"><a href=\"https:\/\/blogs.etsii.urjc.es\/musa\/trabajo-de-fin-de-master\/\" data-type=\"page\" data-id=\"61\">Trabajo Fin de M\u00e1ster<\/a><\/td><td class=\"has-text-align-center\" data-align=\"center\">Obligatorio<\/td><td class=\"has-text-align-center\" data-align=\"center\">6<\/td><\/tr><\/tbody><\/table><\/figure>\n\n\n\n<p><\/p>\n","protected":false},"excerpt":{"rendered":"<p>La docencia del MUSA (60 ECTS) est\u00e1 dividida en dos semestres: Asignatura Tipo ECTS Introducci\u00f3n al Sports Analytics Obligatoria 3 [&hellip;]<\/p>\n","protected":false},"author":262,"featured_media":0,"parent":0,"menu_order":0,"comment_status":"closed","ping_status":"closed","template":"","meta":{"site-sidebar-layout":"default","site-content-layout":"","ast-site-content-layout":"default","site-content-style":"default","site-sidebar-style":"default","ast-global-header-display":"","ast-banner-title-visibility":"","ast-main-header-display":"","ast-hfb-above-header-display":"","ast-hfb-below-header-display":"","ast-hfb-mobile-header-display":"","site-post-title":"","ast-breadcrumbs-content":"","ast-featured-img":"","footer-sml-layout":"","ast-disable-related-posts":"","theme-transparent-header-meta":"","adv-header-id-meta":"","stick-header-meta":"","header-above-stick-meta":"","header-main-stick-meta":"","header-below-stick-meta":"","astra-migrate-meta-layouts":"default","ast-page-background-enabled":"default","ast-page-background-meta":{"desktop":{"background-color":"var(--ast-global-color-5)","background-image":"","background-repeat":"repeat","background-position":"center center","background-size":"auto","background-attachment":"scroll","background-type":"","background-media":"","overlay-type":"","overlay-color":"","overlay-opacity":"","overlay-gradient":""},"tablet":{"background-color":"","background-image":"","background-repeat":"repeat","background-position":"center center","background-size":"auto","background-attachment":"scroll","background-type":"","background-media":"","overlay-type":"","overlay-color":"","overlay-opacity":"","overlay-gradient":""},"mobile":{"background-color":"","background-image":"","background-repeat":"repeat","background-position":"center center","background-size":"auto","background-attachment":"scroll","background-type":"","background-media":"","overlay-type":"","overlay-color":"","overlay-opacity":"","overlay-gradient":""}},"ast-content-background-meta":{"desktop":{"background-color":"var(--ast-global-color-4)","background-image":"","background-repeat":"repeat","background-position":"center center","background-size":"auto","background-attachment":"scroll","background-type":"","background-media":"","overlay-type":"","overlay-color":"","overlay-opacity":"","overlay-gradient":""},"tablet":{"background-color":"var(--ast-global-color-4)","background-image":"","background-repeat":"repeat","background-position":"center center","background-size":"auto","background-attachment":"scroll","background-type":"","background-media":"","overlay-type":"","overlay-color":"","overlay-opacity":"","overlay-gradient":""},"mobile":{"background-color":"var(--ast-global-color-4)","background-image":"","background-repeat":"repeat","background-position":"center center","background-size":"auto","background-attachment":"scroll","background-type":"","background-media":"","overlay-type":"","overlay-color":"","overlay-opacity":"","overlay-gradient":""}},"footnotes":""},"class_list":["post-53","page","type-page","status-publish","hentry"],"_links":{"self":[{"href":"https:\/\/blogs.etsii.urjc.es\/musa\/wp-json\/wp\/v2\/pages\/53","targetHints":{"allow":["GET"]}}],"collection":[{"href":"https:\/\/blogs.etsii.urjc.es\/musa\/wp-json\/wp\/v2\/pages"}],"about":[{"href":"https:\/\/blogs.etsii.urjc.es\/musa\/wp-json\/wp\/v2\/types\/page"}],"author":[{"embeddable":true,"href":"https:\/\/blogs.etsii.urjc.es\/musa\/wp-json\/wp\/v2\/users\/262"}],"replies":[{"embeddable":true,"href":"https:\/\/blogs.etsii.urjc.es\/musa\/wp-json\/wp\/v2\/comments?post=53"}],"version-history":[{"count":9,"href":"https:\/\/blogs.etsii.urjc.es\/musa\/wp-json\/wp\/v2\/pages\/53\/revisions"}],"predecessor-version":[{"id":228,"href":"https:\/\/blogs.etsii.urjc.es\/musa\/wp-json\/wp\/v2\/pages\/53\/revisions\/228"}],"wp:attachment":[{"href":"https:\/\/blogs.etsii.urjc.es\/musa\/wp-json\/wp\/v2\/media?parent=53"}],"curies":[{"name":"wp","href":"https:\/\/api.w.org\/{rel}","templated":true}]}}