{"id":65,"date":"2025-01-30T12:19:14","date_gmt":"2025-01-30T11:19:14","guid":{"rendered":"https:\/\/blogs.etsii.urjc.es\/musa\/?page_id=65"},"modified":"2026-02-12T12:28:35","modified_gmt":"2026-02-12T11:28:35","slug":"admision","status":"publish","type":"page","link":"https:\/\/blogs.etsii.urjc.es\/musa\/admision\/","title":{"rendered":"Admisi\u00f3n"},"content":{"rendered":"\n<p>En esta p\u00e1gina encontrar\u00e1s informaci\u00f3n sobre c\u00f3mo hacer la preinscripci\u00f3n y la matriculaci\u00f3n con \u00e9xito.<\/p>\n\n\n\n<hr class=\"wp-block-separator has-alpha-channel-opacity is-style-wide\" \/>\n\n\n\n<p class=\"has-text-align-center\"><strong>IMPORTANTE<\/strong><\/p>\n\n\n\n<p>Esta p\u00e1gina es informativa y no tiene car\u00e1cter oficial. Por favor, acude a la&nbsp;<a href=\"https:\/\/www.urjc.es\/estudios\/master\/9586-master-universitario-en-analisis-de-datos-deportivos\">web institucional<\/a>&nbsp;para comprobar y comprender bien todos los procesos, derechos y obligaciones.<\/p>\n\n\n\n<hr class=\"wp-block-separator has-alpha-channel-opacity is-style-wide\" \/>\n\n\n\n<h4 class=\"wp-block-heading\">\u00bfCu\u00e1ndo se puede hacer la preinscripci\u00f3n?<\/h4>\n\n\n\n<p>Hay hasta cuatro periodos de preinscripci\u00f3n, tres ordinarios y uno extraordinario. Las fechas para el curso 2026-2027 son:<\/p>\n\n\n\n<ul class=\"wp-block-list\">\n<li>Primer periodo ordinario: del 13 de febrero al 2 de marzo.<\/li>\n\n\n\n<li>Segundo periodo ordinario (si quedan plazas): del 25 de marzo al 26 de abril.<\/li>\n\n\n\n<li>Tercer periodo ordinario (si quedan plazas): del 25 de mayo al 24 de junio.<\/li>\n\n\n\n<li>Periodo extraordinario (si quedan plazas): del 24 de agosto al 2 de septiembre.<\/li>\n<\/ul>\n\n\n\n<h4 class=\"wp-block-heading\">\u00bfQu\u00e9 requisitos se piden?<\/h4>\n\n\n\n<p>Dado el car\u00e1cter t\u00e9cnico y tecnol\u00f3gico, transversal a las principales \u00e1reas de la ingenier\u00eda inform\u00e1tica del plan de estudios, el acceso al M\u00e1ster ser\u00e1 facilitado por titulaciones espec\u00edficas como:<\/p>\n\n\n\n<ul class=\"wp-block-list\">\n<li>Grado en Ingenier\u00eda Inform\u00e1tica u otras especialidades afines (Ingenier\u00eda del Software, de Datos, de Telecomunicaciones, etc.).<\/li>\n\n\n\n<li>Grado en Matem\u00e1ticas.<\/li>\n\n\n\n<li>Grado en Estad\u00edstica.<\/li>\n\n\n\n<li>Grado en F\u00edsica.<\/li>\n\n\n\n<li>Grado en Inteligencia Artificial.<\/li>\n\n\n\n<li>Ingenier\u00eda Inform\u00e1tica.<\/li>\n\n\n\n<li>Ingenier\u00eda T\u00e9cnica en Inform\u00e1tica de Sistemas.<\/li>\n\n\n\n<li>Ingenier\u00eda en Telecomunicaci\u00f3n.<\/li>\n\n\n\n<li>Licenciatura en Matem\u00e1ticas, Estad\u00edstica o \u00e1reas afines.<\/li>\n\n\n\n<li>Licenciatura en F\u00edsicas.<\/li>\n\n\n\n<li>Grado en Ciencias del Deporte o profesional del sector deportivo.\n<ul class=\"wp-block-list\">\n<li><strong>Los graduados en Ciencias del Deporte y los profesionales del sector deportivo deben demostrar experiencia m\u00ednima de 24 meses en gesti\u00f3n deportiva, rendimiento atl\u00e9tico, y participaci\u00f3n en proyectos de an\u00e1lisis de datos<\/strong>, actuando como expertos en el dominio deportivo y no necesariamente como analistas de datos. Competencias deseadas:\n<ul class=\"wp-block-list\">\n<li>Experiencia en gesti\u00f3n deportiva y rendimiento atl\u00e9tico.<\/li>\n\n\n\n<li>Participaci\u00f3n en proyectos empresariales relacionados con el an\u00e1lisis de datos deportivos.<\/li>\n\n\n\n<li>Capacidad para trabajar en equipo y resolver problemas.<\/li>\n\n\n\n<li>Habilidades b\u00e1sicas en el uso de herramientas inform\u00e1ticas.<\/li>\n<\/ul>\n<\/li>\n\n\n\n<li>En el caso de los graduados en Ciencias del Deporte, esta experiencia se valorar\u00e1 a trav\u00e9s de una&nbsp;<strong>declaraci\u00f3n de competencias adquiridas<\/strong>&nbsp;donde se describan proyectos espec\u00edficos realizados, el uso de software relevante, y las herramientas utilizadas, as\u00ed como la duraci\u00f3n de estos. Se puede solicitar evidencia adicional, como informes de an\u00e1lisis, presentaciones o referencias de supervisores de proyectos.<\/li>\n\n\n\n<li>En el caso de los profesionales del sector deportivo, la evaluaci\u00f3n de esta experiencia se realizar\u00e1 a trav\u00e9s de un&nbsp;<strong>curr\u00edculum vitae detallado<\/strong>&nbsp;que incluya descripciones de puestos anteriores, proyectos relevantes, y certificaciones en metodolog\u00edas aplicadas al deporte, as\u00ed como el tiempo en cada uno de los grados alegados. Se puede requerir la presentaci\u00f3n de cartas de recomendaci\u00f3n o informes de desempe\u00f1o.<\/li>\n<\/ul>\n<\/li>\n\n\n\n<li>Otros Grados o t\u00edtulos oficiales que incluyan en su plan de estudios asignaturas de programaci\u00f3n, bases de datos y aprendizaje autom\u00e1tico.<\/li>\n<\/ul>\n\n\n\n<p>Asimismo, se tendr\u00e1n en cuenta los solicitantes de grados dobles con \u00e1reas de conocimiento afines a lo anteriormente dispuesto. Todos los solicitantes deben tener una formaci\u00f3n b\u00e1sica en programaci\u00f3n y estad\u00edstica.<\/p>\n\n\n\n<p>Tambi\u00e9n existe la opci\u00f3n de solicitar una matr\u00edcula condicionada en el caso de alumnos de Grado de \u00faltimo curso a los que solo les queden 9 ECTS, descontando TFG o TFGs en el caso de doble Grado.<\/p>\n\n\n\n<h4 class=\"wp-block-heading\">\u00bfC\u00f3mo hacer la matr\u00edcula?<\/h4>\n\n\n\n<p><strong>Preinscripci\u00f3n<\/strong><\/p>\n\n\n\n<ul class=\"wp-block-list\">\n<li>El estudiante debe aportar toda la documentaci\u00f3n requerida a trav\u00e9s de la&nbsp;<a href=\"https:\/\/www.urjc.es\/estudiar-en-la-urjc\/admision\/274-master#preinscripcion\">aplicaci\u00f3n web<\/a>. Puedes encontrar la documentaci\u00f3n requerida <a href=\"https:\/\/www.urjc.es\/estudiar-en-la-urjc\/admision\/274-master#documentacion-a-presentar\">en este enlace<\/a>.<\/li>\n\n\n\n<li>En el MUSA se solicita como documentaci\u00f3n espec\u00edfica:\n<ul class=\"wp-block-list\">\n<li>Certificado acad\u00e9mico oficial, incluyendo el expediente acad\u00e9mico, el t\u00edtulo del TFG realizado y la nota obtenida en el mismo.<\/li>\n\n\n\n<li>En el caso de profesionales del sector deportivo, curr\u00edculum vitae detallado&nbsp;que incluya descripciones de puestos anteriores, proyectos relevantes, y certificaciones en metodolog\u00edas aplicadas al deporte, as\u00ed como el tiempo en cada uno de los grados alegados. Se puede requerir la presentaci\u00f3n de cartas de recomendaci\u00f3n o informes de desempe\u00f1o.<\/li>\n\n\n\n<li>En el caso de graduados de Ciencias del Deporte,&nbsp;declaraci\u00f3n de competencias adquiridas&nbsp;donde se describan proyectos espec\u00edficos realizados, el uso de software relevante, y las herramientas utilizadas, as\u00ed como la duraci\u00f3n de estos. Se puede solicitar evidencia adicional, como informes de an\u00e1lisis, presentaciones o referencias de supervisores de proyectos.<\/li>\n\n\n\n<li>Certificado de idioma en caso de provenir de un pa\u00eds no hispanohablante.<\/li>\n\n\n\n<li>Homologaci\u00f3n del t\u00edtulo en caso de haberlo obtenido fuera de Espa\u00f1a.<\/li>\n\n\n\n<li>Se valorar\u00e1 positivamente la presentaci\u00f3n de una carta de motivaci\u00f3n.<\/li>\n<\/ul>\n<\/li>\n<\/ul>\n\n\n\n<p><strong>Revisi\u00f3n de la documentaci\u00f3n<\/strong><\/p>\n\n\n\n<ul class=\"wp-block-list\">\n<li>La Escuela de M\u00e1steres Oficiales (EMO) revisa la documentaci\u00f3n com\u00fan a todos los m\u00e1steres. Adem\u00e1s una comisi\u00f3n del MUSA revisa la documentaci\u00f3n espec\u00edfica.<\/li>\n\n\n\n<li>Al terminar se publica un primer listado de solicitudes admitidas y excluidas.<\/li>\n<\/ul>\n\n\n\n<p><strong>Subsanaci\u00f3n de la documentaci\u00f3n<\/strong><\/p>\n\n\n\n<ul class=\"wp-block-list\">\n<li>Las solicitudes excluidas tienen 10 d\u00edas para completar la documentaci\u00f3n que les pudiera faltar.<\/li>\n\n\n\n<li>Tras ese periodo se publica la lista definitiva de solicitudes admitidas.<\/li>\n<\/ul>\n\n\n\n<p><strong>Reclamaci\u00f3n<\/strong><\/p>\n\n\n\n<ul class=\"wp-block-list\">\n<li>Caben 3 d\u00edas de reclamaci\u00f3n sobre la lista anterior.<\/li>\n<\/ul>\n\n\n\n<p><strong>Admisi\u00f3n<\/strong><\/p>\n\n\n\n<ul class=\"wp-block-list\">\n<li>Se realizar\u00e1n entrevistas personales en caso de que la organizaci\u00f3n del m\u00e1ster lo considere oportuno.<\/li>\n\n\n\n<li>Finalmente se publica la lista de estudiantes que est\u00e1n admitidos, en lista de espera y excluidos.<\/li>\n<\/ul>\n\n\n\n<p><strong>Matriculaci\u00f3n<\/strong><\/p>\n\n\n\n<ul class=\"wp-block-list\">\n<li> Los estudiantes <strong>admitidos<\/strong> podr\u00e1n realizar su automatr\u00edcula mediante la <a href=\"https:\/\/www.urjc.es\/estudiar-en-la-urjc\/admision\/274-master#matriculacion\">aplicaci\u00f3n web<\/a>.<\/li>\n<\/ul>\n\n\n\n<h4 class=\"wp-block-heading\">\u00bfCu\u00e1nto dura el M\u00e1ster?<\/h4>\n\n\n\n<p>El MUSA tiene la duraci\u00f3n de un curso acad\u00e9mico, con una carga de 60 ECTS.<\/p>\n","protected":false},"excerpt":{"rendered":"<p>En esta p\u00e1gina encontrar\u00e1s informaci\u00f3n sobre c\u00f3mo hacer la preinscripci\u00f3n y la matriculaci\u00f3n con \u00e9xito. IMPORTANTE Esta p\u00e1gina es informativa [&hellip;]<\/p>\n","protected":false},"author":262,"featured_media":0,"parent":0,"menu_order":0,"comment_status":"closed","ping_status":"closed","template":"","meta":{"site-sidebar-layout":"default","site-content-layout":"","ast-site-content-layout":"default","site-content-style":"default","site-sidebar-style":"default","ast-global-header-display":"","ast-banner-title-visibility":"","ast-main-header-display":"","ast-hfb-above-header-display":"","ast-hfb-below-header-display":"","ast-hfb-mobile-header-display":"","site-post-title":"","ast-breadcrumbs-content":"","ast-featured-img":"","footer-sml-layout":"","ast-disable-related-posts":"","theme-transparent-header-meta":"","adv-header-id-meta":"","stick-header-meta":"","header-above-stick-meta":"","header-main-stick-meta":"","header-below-stick-meta":"","astra-migrate-meta-layouts":"default","ast-page-background-enabled":"default","ast-page-background-meta":{"desktop":{"background-color":"var(--ast-global-color-5)","background-image":"","background-repeat":"repeat","background-position":"center center","background-size":"auto","background-attachment":"scroll","background-type":"","background-media":"","overlay-type":"","overlay-color":"","overlay-opacity":"","overlay-gradient":""},"tablet":{"background-color":"","background-image":"","background-repeat":"repeat","background-position":"center center","background-size":"auto","background-attachment":"scroll","background-type":"","background-media":"","overlay-type":"","overlay-color":"","overlay-opacity":"","overlay-gradient":""},"mobile":{"background-color":"","background-image":"","background-repeat":"repeat","background-position":"center center","background-size":"auto","background-attachment":"scroll","background-type":"","background-media":"","overlay-type":"","overlay-color":"","overlay-opacity":"","overlay-gradient":""}},"ast-content-background-meta":{"desktop":{"background-color":"var(--ast-global-color-4)","background-image":"","background-repeat":"repeat","background-position":"center center","background-size":"auto","background-attachment":"scroll","background-type":"","background-media":"","overlay-type":"","overlay-color":"","overlay-opacity":"","overlay-gradient":""},"tablet":{"background-color":"var(--ast-global-color-4)","background-image":"","background-repeat":"repeat","background-position":"center center","background-size":"auto","background-attachment":"scroll","background-type":"","background-media":"","overlay-type":"","overlay-color":"","overlay-opacity":"","overlay-gradient":""},"mobile":{"background-color":"var(--ast-global-color-4)","background-image":"","background-repeat":"repeat","background-position":"center center","background-size":"auto","background-attachment":"scroll","background-type":"","background-media":"","overlay-type":"","overlay-color":"","overlay-opacity":"","overlay-gradient":""}},"footnotes":""},"class_list":["post-65","page","type-page","status-publish","hentry"],"_links":{"self":[{"href":"https:\/\/blogs.etsii.urjc.es\/musa\/wp-json\/wp\/v2\/pages\/65","targetHints":{"allow":["GET"]}}],"collection":[{"href":"https:\/\/blogs.etsii.urjc.es\/musa\/wp-json\/wp\/v2\/pages"}],"about":[{"href":"https:\/\/blogs.etsii.urjc.es\/musa\/wp-json\/wp\/v2\/types\/page"}],"author":[{"embeddable":true,"href":"https:\/\/blogs.etsii.urjc.es\/musa\/wp-json\/wp\/v2\/users\/262"}],"replies":[{"embeddable":true,"href":"https:\/\/blogs.etsii.urjc.es\/musa\/wp-json\/wp\/v2\/comments?post=65"}],"version-history":[{"count":13,"href":"https:\/\/blogs.etsii.urjc.es\/musa\/wp-json\/wp\/v2\/pages\/65\/revisions"}],"predecessor-version":[{"id":289,"href":"https:\/\/blogs.etsii.urjc.es\/musa\/wp-json\/wp\/v2\/pages\/65\/revisions\/289"}],"wp:attachment":[{"href":"https:\/\/blogs.etsii.urjc.es\/musa\/wp-json\/wp\/v2\/media?parent=65"}],"curies":[{"name":"wp","href":"https:\/\/api.w.org\/{rel}","templated":true}]}}