{"id":236,"date":"2023-10-24T11:18:14","date_gmt":"2023-10-24T09:18:14","guid":{"rendered":"https:\/\/blogs.etsii.urjc.es\/museo\/?page_id=236"},"modified":"2025-02-26T17:21:24","modified_gmt":"2025-02-26T16:21:24","slug":"exposicion","status":"publish","type":"page","link":"https:\/\/blogs.etsii.urjc.es\/museo\/exposicion\/","title":{"rendered":"Exposici\u00f3n"},"content":{"rendered":"\n<p>Nuestra exposici\u00f3n se compone de diversas vitrinas. Haz clic en los siguientes enlaces para obtener m\u00e1s informaci\u00f3n sobre el contenido de cada una de ellas:<\/p>\n\n\n\n<ul class=\"wp-block-list\">\n<li><a href=\"https:\/\/blogs.etsii.urjc.es\/museo\/exposicion\/vitrina-1\/\" data-type=\"page\" data-id=\"246\">Vitrina 1<\/a><\/li>\n\n\n\n<li><a href=\"https:\/\/blogs.etsii.urjc.es\/museo\/exposicion\/vitrina-2\/\" data-type=\"page\" data-id=\"248\">Vitrina 2<\/a><\/li>\n\n\n\n<li><a href=\"https:\/\/blogs.etsii.urjc.es\/museo\/exposicion\/vitrina-3\/\" data-type=\"page\" data-id=\"250\">Vitrina 3<\/a><\/li>\n\n\n\n<li><a href=\"https:\/\/blogs.etsii.urjc.es\/museo\/exposicion\/vitrina-4\/\" data-type=\"page\" data-id=\"252\">Vitrina 4<\/a><\/li>\n\n\n\n<li><a href=\"https:\/\/blogs.etsii.urjc.es\/museo\/exposicion\/vitrina-5\/\" data-type=\"page\" data-id=\"254\">Vitrina 5<\/a><\/li>\n\n\n\n<li><a href=\"https:\/\/blogs.etsii.urjc.es\/museo\/exposicion\/vitrina-6\/\" data-type=\"page\" data-id=\"256\">Vitrina 6<\/a><\/li>\n\n\n\n<li><a href=\"https:\/\/blogs.etsii.urjc.es\/museo\/exposicion\/vitrina-7\/\" data-type=\"page\" data-id=\"258\">Vitrina 7<\/a><\/li>\n\n\n\n<li><a href=\"https:\/\/blogs.etsii.urjc.es\/museo\/exposicion\/vitrina-8\/\" data-type=\"page\" data-id=\"260\">Vitrina 8<\/a><\/li>\n<\/ul>\n\n\n\n<figure class=\"wp-block-gallery has-nested-images columns-1 is-cropped wp-block-gallery-1 is-layout-flex wp-block-gallery-is-layout-flex\">\n<figure class=\"wp-block-image size-large\"><img loading=\"lazy\" decoding=\"async\" width=\"1024\" height=\"575\" data-id=\"1299\" src=\"https:\/\/blogs.etsii.urjc.es\/museo\/wp-content\/uploads\/sites\/12\/2025\/02\/vitrinas1-4-1-1024x575.jpg\" alt=\"\" class=\"wp-image-1299\" srcset=\"https:\/\/blogs.etsii.urjc.es\/museo\/wp-content\/uploads\/sites\/12\/2025\/02\/vitrinas1-4-1-1024x575.jpg 1024w, https:\/\/blogs.etsii.urjc.es\/museo\/wp-content\/uploads\/sites\/12\/2025\/02\/vitrinas1-4-1-300x169.jpg 300w, https:\/\/blogs.etsii.urjc.es\/museo\/wp-content\/uploads\/sites\/12\/2025\/02\/vitrinas1-4-1-768x431.jpg 768w, https:\/\/blogs.etsii.urjc.es\/museo\/wp-content\/uploads\/sites\/12\/2025\/02\/vitrinas1-4-1-1536x863.jpg 1536w, https:\/\/blogs.etsii.urjc.es\/museo\/wp-content\/uploads\/sites\/12\/2025\/02\/vitrinas1-4-1-2048x1150.jpg 2048w\" sizes=\"auto, (max-width: 1024px) 100vw, 1024px\" \/><\/figure>\n\n\n\n<figure class=\"wp-block-image size-large\"><img loading=\"lazy\" decoding=\"async\" width=\"1024\" height=\"575\" data-id=\"1301\" src=\"https:\/\/blogs.etsii.urjc.es\/museo\/wp-content\/uploads\/sites\/12\/2025\/02\/vitrinas5-6-1-1024x575.jpg\" alt=\"\" class=\"wp-image-1301\" srcset=\"https:\/\/blogs.etsii.urjc.es\/museo\/wp-content\/uploads\/sites\/12\/2025\/02\/vitrinas5-6-1-1024x575.jpg 1024w, https:\/\/blogs.etsii.urjc.es\/museo\/wp-content\/uploads\/sites\/12\/2025\/02\/vitrinas5-6-1-300x169.jpg 300w, https:\/\/blogs.etsii.urjc.es\/museo\/wp-content\/uploads\/sites\/12\/2025\/02\/vitrinas5-6-1-768x431.jpg 768w, https:\/\/blogs.etsii.urjc.es\/museo\/wp-content\/uploads\/sites\/12\/2025\/02\/vitrinas5-6-1-1536x863.jpg 1536w, https:\/\/blogs.etsii.urjc.es\/museo\/wp-content\/uploads\/sites\/12\/2025\/02\/vitrinas5-6-1-2048x1150.jpg 2048w\" sizes=\"auto, (max-width: 1024px) 100vw, 1024px\" \/><\/figure>\n\n\n\n<figure class=\"wp-block-image size-large\"><img loading=\"lazy\" decoding=\"async\" width=\"1024\" height=\"575\" data-id=\"1302\" src=\"https:\/\/blogs.etsii.urjc.es\/museo\/wp-content\/uploads\/sites\/12\/2025\/02\/vitrinas7-8-1-1024x575.jpg\" alt=\"\" class=\"wp-image-1302\" srcset=\"https:\/\/blogs.etsii.urjc.es\/museo\/wp-content\/uploads\/sites\/12\/2025\/02\/vitrinas7-8-1-1024x575.jpg 1024w, https:\/\/blogs.etsii.urjc.es\/museo\/wp-content\/uploads\/sites\/12\/2025\/02\/vitrinas7-8-1-300x169.jpg 300w, https:\/\/blogs.etsii.urjc.es\/museo\/wp-content\/uploads\/sites\/12\/2025\/02\/vitrinas7-8-1-768x431.jpg 768w, https:\/\/blogs.etsii.urjc.es\/museo\/wp-content\/uploads\/sites\/12\/2025\/02\/vitrinas7-8-1-1536x863.jpg 1536w, https:\/\/blogs.etsii.urjc.es\/museo\/wp-content\/uploads\/sites\/12\/2025\/02\/vitrinas7-8-1-2048x1150.jpg 2048w\" sizes=\"auto, (max-width: 1024px) 100vw, 1024px\" \/><\/figure>\n<\/figure>\n","protected":false},"excerpt":{"rendered":"<p>Nuestra exposici\u00f3n se compone de diversas vitrinas. Haz clic en los siguientes enlaces para obtener m\u00e1s informaci\u00f3n sobre el contenido de cada una de ellas:<\/p>\n","protected":false},"author":12,"featured_media":0,"parent":0,"menu_order":3,"comment_status":"closed","ping_status":"closed","template":"","meta":{"site-sidebar-layout":"default","site-content-layout":"","ast-site-content-layout":"default","site-content-style":"default","site-sidebar-style":"default","ast-global-header-display":"","ast-banner-title-visibility":"","ast-main-header-display":"","ast-hfb-above-header-display":"","ast-hfb-below-header-display":"","ast-hfb-mobile-header-display":"","site-post-title":"","ast-breadcrumbs-content":"","ast-featured-img":"","footer-sml-layout":"","ast-disable-related-posts":"","theme-transparent-header-meta":"","adv-header-id-meta":"","stick-header-meta":"","header-above-stick-meta":"","header-main-stick-meta":"","header-below-stick-meta":"","astra-migrate-meta-layouts":"default","ast-page-background-enabled":"default","ast-page-background-meta":{"desktop":{"background-color":"var(--ast-global-color-4)","background-image":"","background-repeat":"repeat","background-position":"center center","background-size":"auto","background-attachment":"scroll","background-type":"","background-media":"","overlay-type":"","overlay-color":"","overlay-opacity":"","overlay-gradient":""},"tablet":{"background-color":"","background-image":"","background-repeat":"repeat","background-position":"center center","background-size":"auto","background-attachment":"scroll","background-type":"","background-media":"","overlay-type":"","overlay-color":"","overlay-opacity":"","overlay-gradient":""},"mobile":{"background-color":"","background-image":"","background-repeat":"repeat","background-position":"center center","background-size":"auto","background-attachment":"scroll","background-type":"","background-media":"","overlay-type":"","overlay-color":"","overlay-opacity":"","overlay-gradient":""}},"ast-content-background-meta":{"desktop":{"background-color":"var(--ast-global-color-5)","background-image":"","background-repeat":"repeat","background-position":"center center","background-size":"auto","background-attachment":"scroll","background-type":"","background-media":"","overlay-type":"","overlay-color":"","overlay-opacity":"","overlay-gradient":""},"tablet":{"background-color":"var(--ast-global-color-5)","background-image":"","background-repeat":"repeat","background-position":"center center","background-size":"auto","background-attachment":"scroll","background-type":"","background-media":"","overlay-type":"","overlay-color":"","overlay-opacity":"","overlay-gradient":""},"mobile":{"background-color":"var(--ast-global-color-5)","background-image":"","background-repeat":"repeat","background-position":"center center","background-size":"auto","background-attachment":"scroll","background-type":"","background-media":"","overlay-type":"","overlay-color":"","overlay-opacity":"","overlay-gradient":""}},"footnotes":""},"class_list":["post-236","page","type-page","status-publish","hentry"],"_links":{"self":[{"href":"https:\/\/blogs.etsii.urjc.es\/museo\/wp-json\/wp\/v2\/pages\/236","targetHints":{"allow":["GET"]}}],"collection":[{"href":"https:\/\/blogs.etsii.urjc.es\/museo\/wp-json\/wp\/v2\/pages"}],"about":[{"href":"https:\/\/blogs.etsii.urjc.es\/museo\/wp-json\/wp\/v2\/types\/page"}],"author":[{"embeddable":true,"href":"https:\/\/blogs.etsii.urjc.es\/museo\/wp-json\/wp\/v2\/users\/12"}],"replies":[{"embeddable":true,"href":"https:\/\/blogs.etsii.urjc.es\/museo\/wp-json\/wp\/v2\/comments?post=236"}],"version-history":[{"count":8,"href":"https:\/\/blogs.etsii.urjc.es\/museo\/wp-json\/wp\/v2\/pages\/236\/revisions"}],"predecessor-version":[{"id":1303,"href":"https:\/\/blogs.etsii.urjc.es\/museo\/wp-json\/wp\/v2\/pages\/236\/revisions\/1303"}],"wp:attachment":[{"href":"https:\/\/blogs.etsii.urjc.es\/museo\/wp-json\/wp\/v2\/media?parent=236"}],"curies":[{"name":"wp","href":"https:\/\/api.w.org\/{rel}","templated":true}]}}