{"id":246,"date":"2023-10-24T11:23:10","date_gmt":"2023-10-24T09:23:10","guid":{"rendered":"https:\/\/blogs.etsii.urjc.es\/museo\/?page_id=246"},"modified":"2025-02-25T19:49:36","modified_gmt":"2025-02-25T18:49:36","slug":"vitrina-1","status":"publish","type":"page","link":"https:\/\/blogs.etsii.urjc.es\/museo\/exposicion\/vitrina-1\/","title":{"rendered":"Vitrina 1"},"content":{"rendered":"\n<p>Con esta vitrina da comienzo la visita a nuestro Museo. Se encuentra dedicada a diversas videoconsolas de sobremesa desde la segunda hasta la sexta generaci\u00f3n. Las videoconsolas de mano o port\u00e1tiles est\u00e1n en la <a href=\"https:\/\/blogs.etsii.urjc.es\/museo\/exposicion\/vitrina-2\/\" data-type=\"page\" data-id=\"248\">vitrina siguiente<\/a>.<\/p>\n\n\n\n<figure class=\"wp-block-image aligncenter size-large\"><img loading=\"lazy\" decoding=\"async\" width=\"575\" height=\"1024\" src=\"https:\/\/blogs.etsii.urjc.es\/museo\/wp-content\/uploads\/sites\/12\/2025\/02\/vitrina1-575x1024.jpg\" alt=\"\" class=\"wp-image-1156\" srcset=\"https:\/\/blogs.etsii.urjc.es\/museo\/wp-content\/uploads\/sites\/12\/2025\/02\/vitrina1-575x1024.jpg 575w, https:\/\/blogs.etsii.urjc.es\/museo\/wp-content\/uploads\/sites\/12\/2025\/02\/vitrina1-169x300.jpg 169w, https:\/\/blogs.etsii.urjc.es\/museo\/wp-content\/uploads\/sites\/12\/2025\/02\/vitrina1-768x1367.jpg 768w, https:\/\/blogs.etsii.urjc.es\/museo\/wp-content\/uploads\/sites\/12\/2025\/02\/vitrina1-863x1536.jpg 863w, https:\/\/blogs.etsii.urjc.es\/museo\/wp-content\/uploads\/sites\/12\/2025\/02\/vitrina1-1150x2048.jpg 1150w, https:\/\/blogs.etsii.urjc.es\/museo\/wp-content\/uploads\/sites\/12\/2025\/02\/vitrina1-scaled.jpg 1438w\" sizes=\"auto, (max-width: 575px) 100vw, 575px\" \/><\/figure>\n\n\n\n<hr class=\"wp-block-separator has-alpha-channel-opacity\" \/>\n\n\n\n<p>Es habitual en la historia de las videoconsolas hablar de generaciones como m\u00e9todo de clasificaci\u00f3n. Cada 5 o 10 a\u00f1os aparece una nueva oleada de consolas con mejoras t\u00e9cnicas y gr\u00e1ficas que dejan obsoleta a la anterior. Las fronteras temporales de cada generaci\u00f3n no son exactas, dependen de diversos criterios y pueden solaparse entre s\u00ed, as\u00ed que deben considerarse aproximadas.<\/p>\n\n\n\n<p>La primera videoconsola del mercado, la Magnavox Odyssey de Ralph Baer, sali\u00f3 en 1972. Con ella da comienzo la primera generaci\u00f3n, que podr\u00edamos datar entre 1972 y 1977. Aparte de la Magnavox, podr\u00edamos incluir en esta generaci\u00f3n a su clon catal\u00e1n llamado Overkal, al Atari Home Pong, al Electrotennis, a la Coleco Telstar, entre otras. <a href=\"https:\/\/blogs.etsii.urjc.es\/museo\/donaciones\/\" data-type=\"page\" data-id=\"64\">No disponemos<\/a> de ninguna consola de esta generaci\u00f3n al ser objetos de coleccionista especialmente dif\u00edciles de encontrar.<\/p>\n\n\n\n<p>La segunda generaci\u00f3n (1976-1984) da comienzo con la Fairchild Channel F y la Atari 2600 (<a href=\"https:\/\/blogs.etsii.urjc.es\/museo\/donaciones\/\" data-type=\"page\" data-id=\"64\">no disponibles<\/a>). Mirando en la balda inferior de esta vitrina, a la izquierda, pod\u00e9is contemplar la Philips Videopac Computer G7000 (1978), que es como se conoci\u00f3 en Europa a la Magnavox Oddysey 2. La G7000 se caracteriza porque dispone de un par de joysticks o palancas que est\u00e1n cableados directamente a la m\u00e1quina sin poder desconectarlos en ning\u00fan momento. Por su parte, los juegos se editaban en cartucho en un formato que dispon\u00eda de una pr\u00e1ctica asa que facilitaba el proceso de conectarlos o desconectarlos de la ranura correspondiente. Se trataba de juegos con gr\u00e1ficos muy b\u00e1sicos. Pr\u00e1cticamente la pantalla permanec\u00eda en negro, excepto algunos puntitos de colores que se controlaban con los joysticks. Hoy en d\u00eda nos parecer\u00eda muy burdo, pero en aquella \u00e9poca era tremendo poder manejar un peque\u00f1o asterisco en la pantalla de tu televisor.<\/p>\n\n\n\n<p>A la derecha de la G7000, en la misma balda, encontramos la FunVision, una videoconsola cl\u00f3nica, es decir, compatible, de la Atari 2600. A diferencia de la consola de Philips, los joysticks no estaban cableados y se pod\u00edan desconectar para guardarlos m\u00e1s c\u00f3modamente en su caja.<\/p>\n\n\n\n<figure class=\"wp-block-image aligncenter size-large\"><img loading=\"lazy\" decoding=\"async\" width=\"1024\" height=\"575\" src=\"https:\/\/blogs.etsii.urjc.es\/museo\/wp-content\/uploads\/sites\/12\/2025\/02\/vitrina1-5-1024x575.jpg\" alt=\"\" class=\"wp-image-1280\" srcset=\"https:\/\/blogs.etsii.urjc.es\/museo\/wp-content\/uploads\/sites\/12\/2025\/02\/vitrina1-5-1024x575.jpg 1024w, https:\/\/blogs.etsii.urjc.es\/museo\/wp-content\/uploads\/sites\/12\/2025\/02\/vitrina1-5-300x169.jpg 300w, https:\/\/blogs.etsii.urjc.es\/museo\/wp-content\/uploads\/sites\/12\/2025\/02\/vitrina1-5-768x431.jpg 768w, https:\/\/blogs.etsii.urjc.es\/museo\/wp-content\/uploads\/sites\/12\/2025\/02\/vitrina1-5-1536x863.jpg 1536w, https:\/\/blogs.etsii.urjc.es\/museo\/wp-content\/uploads\/sites\/12\/2025\/02\/vitrina1-5-2048x1150.jpg 2048w\" sizes=\"auto, (max-width: 1024px) 100vw, 1024px\" \/><\/figure>\n\n\n\n<hr class=\"wp-block-separator has-alpha-channel-opacity\" \/>\n\n\n\n<p>Pasando ahora a la segunda balda desde abajo, encontramos un par de representantes de la tercera generaci\u00f3n (1983-1992). El 15 de julio de 1983 sal\u00eda al mercado japon\u00e9s la Nintendo Entertainment System (NES), que puede contemplarse a la izquierda. Aqu\u00ed se abandonaron los joysticks y se sustituyeron por un mando rectangular con dos botones redondos y un bot\u00f3n a mano de cruceta para marcar las cuatro direcciones. Los juegos eran bidimensionales y el m\u00e1ximo representante fue el &#8220;Super Mario Bros.&#8221;, si bien su protagonista, el simp\u00e1tico fontanero italiano, ya hab\u00eda aparecido en las pantallas en m\u00e1quinas arcade anteriores. Esta consola sigue trabajando con cartuchos, que eran introducidos abriendo una puertecita en la parte frontal. En concreto, la NES que mostramos tiene introducida el juego &#8220;Super Mario Bros. 3&#8221;. Delante de la consola puede verse el cartucho del &#8220;Super Mario Bros.&#8221;, que es compartido con el del juego &#8220;Duck Hunt&#8221;. Se trata este de un juego de caza de patos, tambi\u00e9n de tiro al plato, que se manejaba con la pistola Nintendo Zapper, tan caracter\u00edstica por sus llamativos colores.<\/p>\n\n\n\n<p>Junto a la NES, en el lado derecho de la balda, pod\u00e9is encontrar la Sega Master System, que lleg\u00f3 a los comercios un par de a\u00f1os m\u00e1s tarde (1985). Era m\u00e1s bajita y alargada, de color negro y rojo oscuro, si bien tecnol\u00f3gicamente sigue manejando cartuchos y un mando similares (pero incompatibles) a los de la NES. Un ejemplo de juego de la Master System es el &#8220;Pacmania&#8221;, una simp\u00e1tica <a href=\"https:\/\/blogs.etsii.urjc.es\/museo\/historia\/la-estatua-de-pac-man\/\" data-type=\"post\" data-id=\"157\">versi\u00f3n 3D del Pac-Man<\/a>, en el que el comecocos puede saltar por encima de los fantasmas para esquivarlos. Desde la aparici\u00f3n de esta consola, se estableci\u00f3 una gran rivalidad entre las dos empresas, Nintendo y Sega, que perdur\u00f3 hasta comienzos del siglo XXI.<\/p>\n\n\n\n<figure class=\"wp-block-image aligncenter size-large\"><img loading=\"lazy\" decoding=\"async\" width=\"1024\" height=\"575\" src=\"https:\/\/blogs.etsii.urjc.es\/museo\/wp-content\/uploads\/sites\/12\/2025\/02\/vitrina1-4-1024x575.jpg\" alt=\"\" class=\"wp-image-1281\" srcset=\"https:\/\/blogs.etsii.urjc.es\/museo\/wp-content\/uploads\/sites\/12\/2025\/02\/vitrina1-4-1024x575.jpg 1024w, https:\/\/blogs.etsii.urjc.es\/museo\/wp-content\/uploads\/sites\/12\/2025\/02\/vitrina1-4-300x169.jpg 300w, https:\/\/blogs.etsii.urjc.es\/museo\/wp-content\/uploads\/sites\/12\/2025\/02\/vitrina1-4-768x431.jpg 768w, https:\/\/blogs.etsii.urjc.es\/museo\/wp-content\/uploads\/sites\/12\/2025\/02\/vitrina1-4-1536x863.jpg 1536w, https:\/\/blogs.etsii.urjc.es\/museo\/wp-content\/uploads\/sites\/12\/2025\/02\/vitrina1-4-2048x1150.jpg 2048w\" sizes=\"auto, (max-width: 1024px) 100vw, 1024px\" \/><\/figure>\n\n\n\n<hr class=\"wp-block-separator has-alpha-channel-opacity\" \/>\n\n\n\n<p>Con la tercera balda desde abajo, pasamos a la cuarta generaci\u00f3n de videoconsolas (1997-1994). Esta vez Sega se adelant\u00f3 a Nintendo y sac\u00f3 la Mega Drive en el mercado japon\u00e9s en 1988 (puede verse a la derecha de la balda). Esta consola dispon\u00eda de mejores gr\u00e1ficos que su antecesora, la Master System, era un poco m\u00e1s peque\u00f1a y un mando m\u00e1s grande y redondeado, que facilitaba sujetarlo con las manos. Uno de los juegos m\u00e1s famosos de esta consola fue el &#8220;Sonic The Hedgehog&#8221;, donde el famoso erizo azul deb\u00eda conseguir el mayor n\u00famero de anillos mientras corr\u00eda haci\u00e9ndose bola a trav\u00e9s de escenarios de llamativos colores.<\/p>\n\n\n\n<p>A la izquierda de la balda, podemos encontrar la respuesta de Nintendo: la Super Famicom, que apareci\u00f3 en Jap\u00f3n en 1990. Al a\u00f1o siguiente, se renombr\u00f3 en Estados Unidos como Super Nintendo (SNES). La versi\u00f3n que tenemos expuesta en nuestro museo es la japonesa. Era m\u00e1s peque\u00f1a que la NES original, con esquinas redondeadas y una ranura superior para los cartuchos, con lo que se abandon\u00f3 la puerta delantera. El mando, tambi\u00e9n redondeado, inclu\u00eda ahora 4 botones de colores agrupados dos a dos: A rojo y B amarillo, y X azul e Y verde.<\/p>\n\n\n\n<figure class=\"wp-block-image aligncenter size-large\"><img loading=\"lazy\" decoding=\"async\" width=\"1024\" height=\"575\" src=\"https:\/\/blogs.etsii.urjc.es\/museo\/wp-content\/uploads\/sites\/12\/2025\/02\/vitrina1-3-1024x575.jpg\" alt=\"\" class=\"wp-image-1282\" srcset=\"https:\/\/blogs.etsii.urjc.es\/museo\/wp-content\/uploads\/sites\/12\/2025\/02\/vitrina1-3-1024x575.jpg 1024w, https:\/\/blogs.etsii.urjc.es\/museo\/wp-content\/uploads\/sites\/12\/2025\/02\/vitrina1-3-300x169.jpg 300w, https:\/\/blogs.etsii.urjc.es\/museo\/wp-content\/uploads\/sites\/12\/2025\/02\/vitrina1-3-768x431.jpg 768w, https:\/\/blogs.etsii.urjc.es\/museo\/wp-content\/uploads\/sites\/12\/2025\/02\/vitrina1-3-1536x863.jpg 1536w, https:\/\/blogs.etsii.urjc.es\/museo\/wp-content\/uploads\/sites\/12\/2025\/02\/vitrina1-3-2048x1150.jpg 2048w\" sizes=\"auto, (max-width: 1024px) 100vw, 1024px\" \/><\/figure>\n\n\n\n<hr class=\"wp-block-separator has-alpha-channel-opacity\" \/>\n\n\n\n<p>En la segunda balda desde arriba, podemos encontrar diversos ejemplos de la quinta generaci\u00f3n de videoconsolas (1993-1999). Estas consolas trajeron por fin gr\u00e1ficos poligonales en tres dimensiones, manejo de texturas, nuevos formatos para los juegos y mejor sonido. Sega volvi\u00f3 a adelantarse a su competidor y sac\u00f3 la Sega Saturn en noviembre 1994 (a la derecha de la balda). La gran novedad es el abandono de los juegos en cartucho y la adopci\u00f3n de los discos \u00f3pticos (CD-ROM), que ten\u00edan mayor capacidad. Un juego relevante de esta consola fue el &#8220;Tomb Raider&#8221;, de acci\u00f3n y aventura con disparos en tercera persona y protagonizado por la arque\u00f3loga Lara Croft. Con este juego se dio el pistoletazo de salida a una saga de \u00e9xito mundial que hasta la fecha ha publicado m\u00e1s de 20 juegos para m\u00faltiples plataformas.<\/p>\n\n\n\n<p>Solo un mes despu\u00e9s de la apuesta de Sega, aparec\u00eda un nuevo actor en el mercado de los videojuegos: Sony. En diciembre de 1994 aparec\u00eda en Jap\u00f3n su PlayStation (PS1), visible en el centro de la balda. Al igual que la Saturn, tambi\u00e9n estaba basada en juegos en formato CD-ROM. Pod\u00eda guardarse informaci\u00f3n de las partidas mediante tarjetas de memoria de 1 MB. El mando de la consola daba un nuevo giro al disponer de m\u00e1s botones. Tambi\u00e9n, opt\u00f3 por las formas geom\u00e9tricas del cuadrado, el c\u00edrculo, el tri\u00e1ngulo y la cruz, tan reconocibles hoy en d\u00eda, como m\u00e9todo para diferenciar los botones. Un ejemplo de videojuego para esta consola es el &#8220;Final Fantasy VII&#8221;.<\/p>\n\n\n\n<p>Dos a\u00f1os despu\u00e9s y, manteni\u00e9ndose fiel a su estilo, Nintendo sac\u00f3 la Nintendo 64, que todav\u00eda manejaba juegos en formato cartucho (a la izquierda de la balda). A diferencia de sus competidores, dispon\u00eda de ranuras para cuatro mandos simult\u00e1neos, mandos que tambi\u00e9n ten\u00edan una forma caracter\u00edstica con tres &#8220;asas&#8221;, adem\u00e1s de una peque\u00f1a palanca o joystick en la zona central. Adem\u00e1s, para algunos juegos pod\u00eda insertarse un kit especial en el mando para efectos de vibraci\u00f3n, el llamado Rumble Pak.<\/p>\n\n\n\n<figure class=\"wp-block-image aligncenter size-large\"><img loading=\"lazy\" decoding=\"async\" width=\"1024\" height=\"575\" src=\"https:\/\/blogs.etsii.urjc.es\/museo\/wp-content\/uploads\/sites\/12\/2025\/02\/vitrina1-2-1024x575.jpg\" alt=\"\" class=\"wp-image-1283\" srcset=\"https:\/\/blogs.etsii.urjc.es\/museo\/wp-content\/uploads\/sites\/12\/2025\/02\/vitrina1-2-1024x575.jpg 1024w, https:\/\/blogs.etsii.urjc.es\/museo\/wp-content\/uploads\/sites\/12\/2025\/02\/vitrina1-2-300x169.jpg 300w, https:\/\/blogs.etsii.urjc.es\/museo\/wp-content\/uploads\/sites\/12\/2025\/02\/vitrina1-2-768x431.jpg 768w, https:\/\/blogs.etsii.urjc.es\/museo\/wp-content\/uploads\/sites\/12\/2025\/02\/vitrina1-2-1536x863.jpg 1536w, https:\/\/blogs.etsii.urjc.es\/museo\/wp-content\/uploads\/sites\/12\/2025\/02\/vitrina1-2-2048x1150.jpg 2048w\" sizes=\"auto, (max-width: 1024px) 100vw, 1024px\" \/><\/figure>\n\n\n\n<hr class=\"wp-block-separator has-alpha-channel-opacity\" \/>\n\n\n\n<p>Por \u00faltimo, en la balda superior vemos un par de ejemplos de la llamada sexta generaci\u00f3n (1998-2005). N\u00f3tese que esta generaci\u00f3n contin\u00faa en la <a href=\"https:\/\/blogs.etsii.urjc.es\/museo\/exposicion\/vitrina-2\/\" data-type=\"page\" data-id=\"248\">vitrina siguiente<\/a>. En el a\u00f1o 1998 Sega public\u00f3 la <a href=\"https:\/\/blogs.etsii.urjc.es\/museo\/historia\/sega-dreamcast-innovacion-y-creatividad\/\" data-type=\"post\" data-id=\"1189\">Dreamcast<\/a> (a la derecha). Se trata de la \u00faltima consola de la empresa antes de su crisis de finales del a\u00f1o 2000, que llevaba arrastrando varios a\u00f1os, que provoc\u00f3 el abandono del sector.<\/p>\n\n\n\n<p>Por su lado, Nintendo sac\u00f3 la GameCube en 2001 (a la izquierda de la balda). Destacaba no solo por su forma c\u00fabica tan caracter\u00edstica, sino tambi\u00e9n por el abandono de los juegos en cartucho. Se adoptaron los discos \u00f3pticos tipo CD-ROM de formato reducido (8 cm de di\u00e1metro frente a los 12 cm de un CD normal). Como ejemplo de videojuego de esta consola, podemos mostrar el &#8220;Mario Party IV&#8221;, cuarta entrega de la franquicia &#8220;Mario Party&#8221; que comenz\u00f3 con la Nintendo 64.<\/p>\n\n\n\n<figure class=\"wp-block-image aligncenter size-large\"><img loading=\"lazy\" decoding=\"async\" width=\"1024\" height=\"575\" src=\"https:\/\/blogs.etsii.urjc.es\/museo\/wp-content\/uploads\/sites\/12\/2025\/02\/vitrina1-1-1024x575.jpg\" alt=\"\" class=\"wp-image-1284\" srcset=\"https:\/\/blogs.etsii.urjc.es\/museo\/wp-content\/uploads\/sites\/12\/2025\/02\/vitrina1-1-1024x575.jpg 1024w, https:\/\/blogs.etsii.urjc.es\/museo\/wp-content\/uploads\/sites\/12\/2025\/02\/vitrina1-1-300x169.jpg 300w, https:\/\/blogs.etsii.urjc.es\/museo\/wp-content\/uploads\/sites\/12\/2025\/02\/vitrina1-1-768x431.jpg 768w, https:\/\/blogs.etsii.urjc.es\/museo\/wp-content\/uploads\/sites\/12\/2025\/02\/vitrina1-1-1536x863.jpg 1536w, https:\/\/blogs.etsii.urjc.es\/museo\/wp-content\/uploads\/sites\/12\/2025\/02\/vitrina1-1-2048x1150.jpg 2048w\" sizes=\"auto, (max-width: 1024px) 100vw, 1024px\" \/><\/figure>\n\n\n\n<hr class=\"wp-block-separator has-alpha-channel-opacity\" \/>\n\n\n\n<p>A continuaci\u00f3n, listamos el contenido detallado de cada una de las baldas de esta vitrina:<\/p>\n\n\n\n<figure class=\"wp-block-table\"><table class=\"has-fixed-layout\"><tbody><tr><td>* Videoconsola Nintendo Game Cube, con mando, con CD-ROM del videojuego &#8220;Mario Party IV&#8221; (apoyado)<br>* Videoconsola Sega DreamCast, con mando, con caja y CD-ROM del videojuego &#8220;Roadsters&#8221; (apoyado)<\/td><\/tr><tr><td>* Videoconsola Nintendo 64, con mando, con cartucho del videojuego &#8220;World Cup 98&#8221; (conectado)<br>* Videoconsola Sony PlayStation, con mando, con caja y CD-ROM del videojuego &#8220;Final Fantasy VII&#8221; (conectado)<br>* Videoconsola Sega Saturn, con mando, con caja y CD-ROM del videojuego &#8220;Tomb Raider&#8221; (conectado)<\/td><\/tr><tr><td>* Videoconsola Nintendo Super Famicom (equivalente japonesa a la Super Nintendo), con mando, con cartuchos de los videojuegos &#8220;JRA PA&#8221; (conectado) y &#8220;Excite Stage &#8217;95&#8221;<br>* Videoconsola Sega Mega Drive, con mando, con cartucho del videojuego &#8220;Sonic The Hedgehog&#8221; (conectado)<\/td><\/tr><tr><td>* Videoconsola Nintendo Entertainment System (NES), con mando, con cartucho conjunto de los videojuegos &#8220;Super Mario Bros.&#8221; y &#8220;Duck Hunt&#8221; y cartucho del juego &#8220;Super Mario Bros. 3&#8221; (conectado), con pistola Nintendo Zapper<br>* Videoconsola Sega Master System, con mando, con caja y cartucho del videojuego &#8220;PacMania&#8221; (conectado) y con caja de la colecci\u00f3n de videojuegos &#8220;Arcade Smash Hits&#8221; (&#8220;Centipede&#8221;, &#8220;Missile Command&#8221;, &#8220;Breakout&#8221;)<\/td><\/tr><tr><td>* Videoconsola Philips Videopac Computer G7000, con dos mandos, con caja y cartucho del videojuego &#8220;Flipper&#8221; (conectado)<br>* Videoconsola FunVision Home Computer Game (compatible con Atari 2600), con dos mandos, con caja y cartucho de la colecci\u00f3n de videojuegos &#8220;Donkey Kong&#8221;, &#8220;Kaboom&#8221;, &#8220;Pit Fall&#8221;, &#8220;Mafia&#8221;, &#8220;River Raid&#8221;, &#8220;Basketball&#8221; y &#8220;Frogger&#8221; (conectado)<\/td><\/tr><\/tbody><\/table><\/figure>\n\n\n\n<figure class=\"wp-block-table\"><table class=\"has-fixed-layout\"><tbody><tr><td><\/td><td class=\"has-text-align-right\" data-align=\"right\"><a href=\"https:\/\/blogs.etsii.urjc.es\/museo\/exposicion\/vitrina-2\/\" data-type=\"page\" data-id=\"248\">Vitrina 2<\/a><\/td><\/tr><\/tbody><\/table><\/figure>\n","protected":false},"excerpt":{"rendered":"<p>Con esta vitrina da comienzo la visita a nuestro Museo. Se encuentra dedicada a diversas videoconsolas de sobremesa desde la segunda hasta la sexta generaci\u00f3n. Las videoconsolas de mano o port\u00e1tiles est\u00e1n en la vitrina siguiente. Es habitual en la historia de las videoconsolas hablar de generaciones como m\u00e9todo de clasificaci\u00f3n. Cada 5 o 10 [&hellip;]<\/p>\n","protected":false},"author":12,"featured_media":0,"parent":236,"menu_order":0,"comment_status":"closed","ping_status":"closed","template":"","meta":{"site-sidebar-layout":"default","site-content-layout":"","ast-site-content-layout":"default","site-content-style":"default","site-sidebar-style":"default","ast-global-header-display":"","ast-banner-title-visibility":"","ast-main-header-display":"","ast-hfb-above-header-display":"","ast-hfb-below-header-display":"","ast-hfb-mobile-header-display":"","site-post-title":"","ast-breadcrumbs-content":"","ast-featured-img":"","footer-sml-layout":"","ast-disable-related-posts":"","theme-transparent-header-meta":"","adv-header-id-meta":"","stick-header-meta":"","header-above-stick-meta":"","header-main-stick-meta":"","header-below-stick-meta":"","astra-migrate-meta-layouts":"default","ast-page-background-enabled":"default","ast-page-background-meta":{"desktop":{"background-color":"var(--ast-global-color-4)","background-image":"","background-repeat":"repeat","background-position":"center center","background-size":"auto","background-attachment":"scroll","background-type":"","background-media":"","overlay-type":"","overlay-color":"","overlay-opacity":"","overlay-gradient":""},"tablet":{"background-color":"","background-image":"","background-repeat":"repeat","background-position":"center center","background-size":"auto","background-attachment":"scroll","background-type":"","background-media":"","overlay-type":"","overlay-color":"","overlay-opacity":"","overlay-gradient":""},"mobile":{"background-color":"","background-image":"","background-repeat":"repeat","background-position":"center center","background-size":"auto","background-attachment":"scroll","background-type":"","background-media":"","overlay-type":"","overlay-color":"","overlay-opacity":"","overlay-gradient":""}},"ast-content-background-meta":{"desktop":{"background-color":"var(--ast-global-color-5)","background-image":"","background-repeat":"repeat","background-position":"center center","background-size":"auto","background-attachment":"scroll","background-type":"","background-media":"","overlay-type":"","overlay-color":"","overlay-opacity":"","overlay-gradient":""},"tablet":{"background-color":"var(--ast-global-color-5)","background-image":"","background-repeat":"repeat","background-position":"center center","background-size":"auto","background-attachment":"scroll","background-type":"","background-media":"","overlay-type":"","overlay-color":"","overlay-opacity":"","overlay-gradient":""},"mobile":{"background-color":"var(--ast-global-color-5)","background-image":"","background-repeat":"repeat","background-position":"center center","background-size":"auto","background-attachment":"scroll","background-type":"","background-media":"","overlay-type":"","overlay-color":"","overlay-opacity":"","overlay-gradient":""}},"footnotes":""},"class_list":["post-246","page","type-page","status-publish","hentry"],"_links":{"self":[{"href":"https:\/\/blogs.etsii.urjc.es\/museo\/wp-json\/wp\/v2\/pages\/246","targetHints":{"allow":["GET"]}}],"collection":[{"href":"https:\/\/blogs.etsii.urjc.es\/museo\/wp-json\/wp\/v2\/pages"}],"about":[{"href":"https:\/\/blogs.etsii.urjc.es\/museo\/wp-json\/wp\/v2\/types\/page"}],"author":[{"embeddable":true,"href":"https:\/\/blogs.etsii.urjc.es\/museo\/wp-json\/wp\/v2\/users\/12"}],"replies":[{"embeddable":true,"href":"https:\/\/blogs.etsii.urjc.es\/museo\/wp-json\/wp\/v2\/comments?post=246"}],"version-history":[{"count":32,"href":"https:\/\/blogs.etsii.urjc.es\/museo\/wp-json\/wp\/v2\/pages\/246\/revisions"}],"predecessor-version":[{"id":1286,"href":"https:\/\/blogs.etsii.urjc.es\/museo\/wp-json\/wp\/v2\/pages\/246\/revisions\/1286"}],"up":[{"embeddable":true,"href":"https:\/\/blogs.etsii.urjc.es\/museo\/wp-json\/wp\/v2\/pages\/236"}],"wp:attachment":[{"href":"https:\/\/blogs.etsii.urjc.es\/museo\/wp-json\/wp\/v2\/media?parent=246"}],"curies":[{"name":"wp","href":"https:\/\/api.w.org\/{rel}","templated":true}]}}