{"id":248,"date":"2023-10-24T11:23:53","date_gmt":"2023-10-24T09:23:53","guid":{"rendered":"https:\/\/blogs.etsii.urjc.es\/museo\/?page_id=248"},"modified":"2025-02-25T19:41:47","modified_gmt":"2025-02-25T18:41:47","slug":"vitrina-2","status":"publish","type":"page","link":"https:\/\/blogs.etsii.urjc.es\/museo\/exposicion\/vitrina-2\/","title":{"rendered":"Vitrina 2"},"content":{"rendered":"\n<p>Esta vitrina est\u00e1 dedicada las videoconsolas de sobremesa de la sexta generaci\u00f3n, as\u00ed como a las videoconsolas port\u00e1tiles de diversas generaciones. Tambi\u00e9n hay otros accesorios de videojuegos, como pueden ser un volante, unos pedales y diversos joysticks. Para terminar, hay un par de entrenadores de aver\u00edas de PC.<\/p>\n\n\n\n<figure class=\"wp-block-image aligncenter size-large\"><img loading=\"lazy\" decoding=\"async\" width=\"575\" height=\"1024\" src=\"https:\/\/blogs.etsii.urjc.es\/museo\/wp-content\/uploads\/sites\/12\/2025\/02\/vitrina2-575x1024.jpg\" alt=\"\" class=\"wp-image-1158\" srcset=\"https:\/\/blogs.etsii.urjc.es\/museo\/wp-content\/uploads\/sites\/12\/2025\/02\/vitrina2-575x1024.jpg 575w, https:\/\/blogs.etsii.urjc.es\/museo\/wp-content\/uploads\/sites\/12\/2025\/02\/vitrina2-169x300.jpg 169w, https:\/\/blogs.etsii.urjc.es\/museo\/wp-content\/uploads\/sites\/12\/2025\/02\/vitrina2-768x1367.jpg 768w, https:\/\/blogs.etsii.urjc.es\/museo\/wp-content\/uploads\/sites\/12\/2025\/02\/vitrina2-863x1536.jpg 863w, https:\/\/blogs.etsii.urjc.es\/museo\/wp-content\/uploads\/sites\/12\/2025\/02\/vitrina2-1150x2048.jpg 1150w, https:\/\/blogs.etsii.urjc.es\/museo\/wp-content\/uploads\/sites\/12\/2025\/02\/vitrina2-scaled.jpg 1438w\" sizes=\"auto, (max-width: 575px) 100vw, 575px\" \/><\/figure>\n\n\n\n<hr class=\"wp-block-separator has-alpha-channel-opacity\" \/>\n\n\n\n<p>Recordemos que en la <a href=\"https:\/\/blogs.etsii.urjc.es\/museo\/exposicion\/vitrina-1\/\" data-type=\"page\" data-id=\"246\">vitrina anterior<\/a> podemos encontrar dos ejemplos de la llamada sexta generaci\u00f3n de las videoconsolas (1998-2005), la Sega Dreamcast y la Nintendo GameCube. En la balda superior de esta vitrina podemos contemplar otros dos representantes de esta generaci\u00f3n. Por un lado, Sony, que ya se hab\u00eda acomodado como tercera empresa en liza dentro del sector, sac\u00f3 en 2000 la PlayStation 2 (PS2). La m\u00e1quina que puede contemplarse a la izquierda de la balda es la llamada PS2 Slim, una versi\u00f3n estilizada que apareci\u00f3 en 2004. <\/p>\n\n\n\n<p>Como novedad, en esta generaci\u00f3n apareci\u00f3 un nuevo actor dentro de los fabricantes de videoconsolas: Microsoft, a trav\u00e9s de su divisi\u00f3n de Gaming. La empresa estadounidense public\u00f3 su Xbox en 2001 (a la derecha de la balda). Uno de sus juegos m\u00e1s vendidos, si no el que m\u00e1s, es el &#8220;Halo 2&#8221;, de disparos en primera persona.<\/p>\n\n\n\n<p>Desde la finalizaci\u00f3n de la sexta generaci\u00f3n de videoconsolas y hasta la fecha, se pueden incluir tres m\u00e1s, de forma que la generaci\u00f3n actual es la novena. En todos los casos, las empresas que compiten por el mercado son Sony, Microsoft y Nintendo, ya que a primeros de la d\u00e9cada de los 2000 <a href=\"https:\/\/blogs.etsii.urjc.es\/museo\/historia\/sega-dreamcast-innovacion-y-creatividad\/\" data-type=\"post\" data-id=\"1189\">Sega abandon\u00f3 el sector de la fabricaci\u00f3n de consolas<\/a>. <a href=\"https:\/\/blogs.etsii.urjc.es\/museo\/donaciones\/\" data-type=\"page\" data-id=\"64\">No disponemos<\/a> de ejemplares de consolas de sobremesa de estas generaciones en nuestro Museo.<\/p>\n\n\n\n<figure class=\"wp-block-image aligncenter size-large\"><img loading=\"lazy\" decoding=\"async\" width=\"1024\" height=\"575\" src=\"https:\/\/blogs.etsii.urjc.es\/museo\/wp-content\/uploads\/sites\/12\/2025\/02\/vitrina2-1-1024x575.jpg\" alt=\"\" class=\"wp-image-1241\" srcset=\"https:\/\/blogs.etsii.urjc.es\/museo\/wp-content\/uploads\/sites\/12\/2025\/02\/vitrina2-1-1024x575.jpg 1024w, https:\/\/blogs.etsii.urjc.es\/museo\/wp-content\/uploads\/sites\/12\/2025\/02\/vitrina2-1-300x169.jpg 300w, https:\/\/blogs.etsii.urjc.es\/museo\/wp-content\/uploads\/sites\/12\/2025\/02\/vitrina2-1-768x431.jpg 768w, https:\/\/blogs.etsii.urjc.es\/museo\/wp-content\/uploads\/sites\/12\/2025\/02\/vitrina2-1-1536x863.jpg 1536w, https:\/\/blogs.etsii.urjc.es\/museo\/wp-content\/uploads\/sites\/12\/2025\/02\/vitrina2-1-2048x1150.jpg 2048w\" sizes=\"auto, (max-width: 1024px) 100vw, 1024px\" \/><\/figure>\n\n\n\n<hr class=\"wp-block-separator has-alpha-channel-opacity\" \/>\n\n\n\n<p>La segunda balda desde arriba re\u00fane videoconsolas port\u00e1tiles o de mano de diferentes generaciones. Representando a la segunda generaci\u00f3n (1976-1984), disponemos de dos &#8220;maquinitas&#8221; Game &amp; Watch de Nintendo (Chef de 1981 y Snoopy Tennis de 1982). Hay discusi\u00f3n en la literatura sobre si son realmente &#8220;videoconsolas&#8221; o &#8220;juegos electr\u00f3nicos&#8221;, ya que en realidad se basan en una pantalla de cristal l\u00edquido (LCD) y no en una pantalla de v\u00eddeo. Tampoco tienen posibilidad de cambiar de juego. Sin embargo, creemos que deben estar aqu\u00ed por su importancia hist\u00f3rica previa a la NES de 1983.<\/p>\n\n\n\n<p>Salt\u00e1ndonos la tercera generaci\u00f3n, vamos directos a la cuarta (1987-1994) con la Game Boy de Nintendo (1989), de color gris p\u00e1lido, y la Game Gear de Sega (1990). Ambas consolas funcionaban con peque\u00f1os cartuchos intercambiables. Si no lo hab\u00e9is hecho ya, ten\u00e9is que ver la <a href=\"https:\/\/www.youtube.com\/watch?v=-BLM1naCfME\" target=\"_blank\" rel=\"noreferrer noopener\">pel\u00edcula Tetris<\/a> (2023), que narra la historia de c\u00f3mo el m\u00edtico juego ruso de los bloques que caen lleg\u00f3 a la Game Boy (en el centro-izquierda de la balda hay tres cartuchos de la Game Boy y uno de ellos es del Tetris).<\/p>\n\n\n\n<p>De la quinta generaci\u00f3n (1993-1999) disponemos solo la Game Boy Color de Nintendo (1998), en un llamativo amarillo canario. Se encuentra junto a su hermana mayor, la Game Boy original, y puede comprobarse que es m\u00e1s peque\u00f1a y manejable.<\/p>\n\n\n\n<p>En cuanto a la sexta generaci\u00f3n (1998-2005), tenemos la Game Boy Advance de 2001, junto a un par de cartuchos de juegos (centro de la vitrina) y la Game Boy Advance SP de 2003, que es plegable y m\u00e1s peque\u00f1a (en la parte trasera izquierda de la balda). Ambas consolas son de Nintendo.<\/p>\n\n\n\n<p>De la s\u00e9ptima generaci\u00f3n (2004-2010), tenemos tres versiones de la Nintendo DS (parte trasera central de la balda). Se trata de consolas plegables con doble pantalla y manejables con un estilo o apuntador. Se trata de la Nintendo DS original (2004), en color gris, la versi\u00f3n DS Lite (2006), en color blanco, y la DSi (2008), en rojo. Junto a ellas puede encontrarse el juego de carreras Mario Kart DS. Como puede verse, los cartuchos de los juegos se han convertido en una simple tarjeta de memoria de tama\u00f1o reducido. Junto a estas consolas de Nintendo, podemos destacar tambi\u00e9n la MobiGo de VTech (2010), una consola educativa infantil, con teclado incluido.<\/p>\n\n\n\n<p>Finalmente, de la octava generaci\u00f3n (2011-2020) podemos destacar la Nintendo 2DS (2013), tambi\u00e9n con dos pantallas, pero no plegable (centro de la balda).<\/p>\n\n\n\n<p>Otras consolas port\u00e1tiles que pueden encontrarse en esta balda son una minim\u00e1quina de arcade (izquierda), una consola con el Tetris hecha con una carcasa transparente que se vende por piezas para aficionados a la electr\u00f3nica (izquierda), un sudoku electr\u00f3nico (derecha) y una consola casera con el juego Pong procedente de un taller del evento <a href=\"https:\/\/www.medialab-matadero.es\/actividades\/atarimad\" target=\"_blank\" rel=\"noreferrer noopener\">AtariMad<\/a> de 2019.<\/p>\n\n\n\n<figure class=\"wp-block-image aligncenter size-large\"><img loading=\"lazy\" decoding=\"async\" width=\"1024\" height=\"575\" src=\"https:\/\/blogs.etsii.urjc.es\/museo\/wp-content\/uploads\/sites\/12\/2025\/02\/vitrina2-2-1024x575.jpg\" alt=\"\" class=\"wp-image-1242\" srcset=\"https:\/\/blogs.etsii.urjc.es\/museo\/wp-content\/uploads\/sites\/12\/2025\/02\/vitrina2-2-1024x575.jpg 1024w, https:\/\/blogs.etsii.urjc.es\/museo\/wp-content\/uploads\/sites\/12\/2025\/02\/vitrina2-2-300x169.jpg 300w, https:\/\/blogs.etsii.urjc.es\/museo\/wp-content\/uploads\/sites\/12\/2025\/02\/vitrina2-2-768x431.jpg 768w, https:\/\/blogs.etsii.urjc.es\/museo\/wp-content\/uploads\/sites\/12\/2025\/02\/vitrina2-2-1536x863.jpg 1536w, https:\/\/blogs.etsii.urjc.es\/museo\/wp-content\/uploads\/sites\/12\/2025\/02\/vitrina2-2-2048x1150.jpg 2048w\" sizes=\"auto, (max-width: 1024px) 100vw, 1024px\" \/><\/figure>\n\n\n\n<hr class=\"wp-block-separator has-alpha-channel-opacity\" \/>\n\n\n\n<p>En la segunda balda desde abajo, mostramos diversos perif\u00e9ricos espec\u00edficos para disfrutar mejor de los videojuegos. Se trata de un par de joysticks o palancas de juego (izquierda) y de un volante y unos pedales para juegos de carreras (derecha).<\/p>\n\n\n\n<figure class=\"wp-block-image aligncenter size-large\"><img loading=\"lazy\" decoding=\"async\" width=\"1024\" height=\"575\" src=\"https:\/\/blogs.etsii.urjc.es\/museo\/wp-content\/uploads\/sites\/12\/2025\/02\/vitrina2-3-1024x575.jpg\" alt=\"\" class=\"wp-image-1243\" srcset=\"https:\/\/blogs.etsii.urjc.es\/museo\/wp-content\/uploads\/sites\/12\/2025\/02\/vitrina2-3-1024x575.jpg 1024w, https:\/\/blogs.etsii.urjc.es\/museo\/wp-content\/uploads\/sites\/12\/2025\/02\/vitrina2-3-300x169.jpg 300w, https:\/\/blogs.etsii.urjc.es\/museo\/wp-content\/uploads\/sites\/12\/2025\/02\/vitrina2-3-768x431.jpg 768w, https:\/\/blogs.etsii.urjc.es\/museo\/wp-content\/uploads\/sites\/12\/2025\/02\/vitrina2-3-1536x863.jpg 1536w, https:\/\/blogs.etsii.urjc.es\/museo\/wp-content\/uploads\/sites\/12\/2025\/02\/vitrina2-3-2048x1150.jpg 2048w\" sizes=\"auto, (max-width: 1024px) 100vw, 1024px\" \/><\/figure>\n\n\n\n<hr class=\"wp-block-separator has-alpha-channel-opacity\" \/>\n\n\n\n<p>Con la balda inferior cambiamos totalmente de tem\u00e1tica y abandonamos el mundo de los videojuegos. Aqu\u00ed exponemos dos entrenadores de aver\u00edas, uno de la marca Promax (izquierda) y el otro de 3E (derecha). Ambos tienen la tapa de la carcasa abierta para permitir contemplar unos esquemas muy interesantes sobre los diferentes subsistemas de los que se componen. Se trata de ordenadores normales y corrientes que permiten simular errores inform\u00e1ticos y fallos de todo tipo. Mediante un conjunto de conmutadores, se puede establecer que la aver\u00eda sea fallo de teclado, de disco duro, de pantalla, etc. Con este tipo de equipos se puede entrenar a futuros t\u00e9cnicos de inform\u00e1tica que tendr\u00e1n que reparar aver\u00edas reales en su vida laboral. En concreto, en la d\u00e9cada de los 2000 fueron utilizados en la asignatura de &#8220;Laboratorio de PCs&#8221;, que se ofrec\u00eda al alumnado de carreras como las Ingenier\u00edas T\u00e9cnicas de Inform\u00e1tica de Sistemas o de Inform\u00e1tica de Gesti\u00f3n en el campus de M\u00f3stoles de nuestra Universidad.<\/p>\n\n\n\n<figure class=\"wp-block-image aligncenter size-large\"><img loading=\"lazy\" decoding=\"async\" width=\"1024\" height=\"575\" src=\"https:\/\/blogs.etsii.urjc.es\/museo\/wp-content\/uploads\/sites\/12\/2025\/02\/vitrina2-4-1024x575.jpg\" alt=\"\" class=\"wp-image-1244\" srcset=\"https:\/\/blogs.etsii.urjc.es\/museo\/wp-content\/uploads\/sites\/12\/2025\/02\/vitrina2-4-1024x575.jpg 1024w, https:\/\/blogs.etsii.urjc.es\/museo\/wp-content\/uploads\/sites\/12\/2025\/02\/vitrina2-4-300x169.jpg 300w, https:\/\/blogs.etsii.urjc.es\/museo\/wp-content\/uploads\/sites\/12\/2025\/02\/vitrina2-4-768x431.jpg 768w, https:\/\/blogs.etsii.urjc.es\/museo\/wp-content\/uploads\/sites\/12\/2025\/02\/vitrina2-4-1536x863.jpg 1536w, https:\/\/blogs.etsii.urjc.es\/museo\/wp-content\/uploads\/sites\/12\/2025\/02\/vitrina2-4-2048x1150.jpg 2048w\" sizes=\"auto, (max-width: 1024px) 100vw, 1024px\" \/><\/figure>\n\n\n\n<hr class=\"wp-block-separator has-alpha-channel-opacity\" \/>\n\n\n\n<p>A continuaci\u00f3n, listamos el contenido detallado de cada una de las baldas de esta vitrina:<\/p>\n\n\n\n<figure class=\"wp-block-table\"><table class=\"has-fixed-layout\"><tbody><tr><td>* Videoconsola Sony PlayStation 2 Slim, con mando, con tarjeta de memoria, con cajas de los videojuegos &#8220;Jeremy McGrath Supercross World&#8221; y &#8220;Roland Garros French Open 2003&#8221;, con accesorios wireless del videojuego &#8220;Guitar Hero&#8221;<br>* Videoconsola Microsoft Xbox, con mando, con caja del videojuego &#8220;Halo 2&#8221;<\/td><\/tr><tr><td>* Videoconsola port\u00e1til Nintendo Game &amp; Watch Snoopy Tennis<br>* Videoconsola port\u00e1til Nintendo Game &amp; Watch Chef<br>* Videoconsola port\u00e1til Nintendo Game Boy (beige)<br>* Videoconsola port\u00e1til Nintendo Game Boy Color (amarilla)<br>* Videoconsola port\u00e1til Nintendo Game Boy Advance<br>* Videoconsola port\u00e1til Nintendo Game Boy Advance SP<br>* Videoconsola port\u00e1til Nintendo DS (gris)<br>* Videoconsola port\u00e1til Nintendo DS Lite (blanca)<br>* Videoconsola port\u00e1til Nintendo DSi (roja)<br>* Videoconsola port\u00e1til Nintendo 2DS (roja y blanca)<br>* Videoconsola port\u00e1til Sega Game Gear<br>* Videoconsola port\u00e1til en kit de electr\u00f3nica con &#8220;Tetris&#8221; y otros videojuegos pregrabados (transparente)<br>* Videoconsola port\u00e1til educativa MobiGo<br>* Videoconsola port\u00e1til Sudoku Challenger<br>* Videoconsola port\u00e1til AtariMad Pong<br>* Videoconsola port\u00e1til Space Invaders Tiny Arcade<br>* Videojuego &#8220;Mickey Mouse II&#8221; (Nintendo Game Boy)<br>* Videojuego &#8220;Tetris&#8221; (Nintendo Game Boy)<br>* Videojuego &#8220;Adventure Island&#8221; (Nintendo Game Boy)<br>* Videojuego &#8220;Drive&#8221; (Nintendo Game Boy Advance)<br>* Videojuego &#8220;Pok\u00e9mon edici\u00f3n Rub\u00ed&#8221; (Nintendo Game Boy Advance)<br>* Videojuego (funda y cartucho) &#8220;Mario Kart DS&#8221; (Nintendo DS)<br>* Videojuego Sonic &#8220;The Hedgehog Pinball&#8221; (Sega Game Gear)<br>* Videojuego &#8220;Bob Esponja &#8211; Defendiendo la F\u00f3rmula Secreta&#8221; (MobiGo)<br>* Videojuego &#8220;Cars 2&#8221; (MobiGo)<\/td><\/tr><tr><td>* Joystick Logitech Attack 3<br>* Joystick Quickjoy M-5 SV-201<br>* Dexxa Wheel Pedal (pedales)<br>* Dexxa Steering Wheel (volante)<\/td><\/tr><tr><td>* Entrenador de aver\u00edas Promax, modelo EO-865<br>* Entrenador de reparaci\u00f3n de PC de 3E Equipos Electr\u00f3nicos Educativos, modelo EPC-5M, con cuadernillo de pr\u00e1cticas de aplicaci\u00f3n con los m\u00f3dulos EPC-5 ISA\/PCI y EPC-5<\/td><\/tr><\/tbody><\/table><\/figure>\n\n\n\n<figure class=\"wp-block-table\"><table class=\"has-fixed-layout\"><tbody><tr><td><a href=\"https:\/\/blogs.etsii.urjc.es\/museo\/exposicion\/vitrina-1\/\" data-type=\"page\" data-id=\"246\">Vitrina 1<\/a><\/td><td class=\"has-text-align-right\" data-align=\"right\"><a href=\"https:\/\/blogs.etsii.urjc.es\/museo\/exposicion\/vitrina-3\/\" data-type=\"page\" data-id=\"250\">Vitrina 3<\/a><\/td><\/tr><\/tbody><\/table><\/figure>\n","protected":false},"excerpt":{"rendered":"<p>Esta vitrina est\u00e1 dedicada las videoconsolas de sobremesa de la sexta generaci\u00f3n, as\u00ed como a las videoconsolas port\u00e1tiles de diversas generaciones. Tambi\u00e9n hay otros accesorios de videojuegos, como pueden ser un volante, unos pedales y diversos joysticks. Para terminar, hay un par de entrenadores de aver\u00edas de PC. Recordemos que en la vitrina anterior podemos [&hellip;]<\/p>\n","protected":false},"author":12,"featured_media":0,"parent":236,"menu_order":1,"comment_status":"closed","ping_status":"closed","template":"","meta":{"site-sidebar-layout":"default","site-content-layout":"","ast-site-content-layout":"default","site-content-style":"default","site-sidebar-style":"default","ast-global-header-display":"","ast-banner-title-visibility":"","ast-main-header-display":"","ast-hfb-above-header-display":"","ast-hfb-below-header-display":"","ast-hfb-mobile-header-display":"","site-post-title":"","ast-breadcrumbs-content":"","ast-featured-img":"","footer-sml-layout":"","ast-disable-related-posts":"","theme-transparent-header-meta":"","adv-header-id-meta":"","stick-header-meta":"","header-above-stick-meta":"","header-main-stick-meta":"","header-below-stick-meta":"","astra-migrate-meta-layouts":"default","ast-page-background-enabled":"default","ast-page-background-meta":{"desktop":{"background-color":"var(--ast-global-color-4)","background-image":"","background-repeat":"repeat","background-position":"center center","background-size":"auto","background-attachment":"scroll","background-type":"","background-media":"","overlay-type":"","overlay-color":"","overlay-opacity":"","overlay-gradient":""},"tablet":{"background-color":"","background-image":"","background-repeat":"repeat","background-position":"center center","background-size":"auto","background-attachment":"scroll","background-type":"","background-media":"","overlay-type":"","overlay-color":"","overlay-opacity":"","overlay-gradient":""},"mobile":{"background-color":"","background-image":"","background-repeat":"repeat","background-position":"center center","background-size":"auto","background-attachment":"scroll","background-type":"","background-media":"","overlay-type":"","overlay-color":"","overlay-opacity":"","overlay-gradient":""}},"ast-content-background-meta":{"desktop":{"background-color":"var(--ast-global-color-5)","background-image":"","background-repeat":"repeat","background-position":"center center","background-size":"auto","background-attachment":"scroll","background-type":"","background-media":"","overlay-type":"","overlay-color":"","overlay-opacity":"","overlay-gradient":""},"tablet":{"background-color":"var(--ast-global-color-5)","background-image":"","background-repeat":"repeat","background-position":"center center","background-size":"auto","background-attachment":"scroll","background-type":"","background-media":"","overlay-type":"","overlay-color":"","overlay-opacity":"","overlay-gradient":""},"mobile":{"background-color":"var(--ast-global-color-5)","background-image":"","background-repeat":"repeat","background-position":"center center","background-size":"auto","background-attachment":"scroll","background-type":"","background-media":"","overlay-type":"","overlay-color":"","overlay-opacity":"","overlay-gradient":""}},"footnotes":""},"class_list":["post-248","page","type-page","status-publish","hentry"],"_links":{"self":[{"href":"https:\/\/blogs.etsii.urjc.es\/museo\/wp-json\/wp\/v2\/pages\/248","targetHints":{"allow":["GET"]}}],"collection":[{"href":"https:\/\/blogs.etsii.urjc.es\/museo\/wp-json\/wp\/v2\/pages"}],"about":[{"href":"https:\/\/blogs.etsii.urjc.es\/museo\/wp-json\/wp\/v2\/types\/page"}],"author":[{"embeddable":true,"href":"https:\/\/blogs.etsii.urjc.es\/museo\/wp-json\/wp\/v2\/users\/12"}],"replies":[{"embeddable":true,"href":"https:\/\/blogs.etsii.urjc.es\/museo\/wp-json\/wp\/v2\/comments?post=248"}],"version-history":[{"count":21,"href":"https:\/\/blogs.etsii.urjc.es\/museo\/wp-json\/wp\/v2\/pages\/248\/revisions"}],"predecessor-version":[{"id":1260,"href":"https:\/\/blogs.etsii.urjc.es\/museo\/wp-json\/wp\/v2\/pages\/248\/revisions\/1260"}],"up":[{"embeddable":true,"href":"https:\/\/blogs.etsii.urjc.es\/museo\/wp-json\/wp\/v2\/pages\/236"}],"wp:attachment":[{"href":"https:\/\/blogs.etsii.urjc.es\/museo\/wp-json\/wp\/v2\/media?parent=248"}],"curies":[{"name":"wp","href":"https:\/\/api.w.org\/{rel}","templated":true}]}}