{"id":250,"date":"2023-10-24T11:24:15","date_gmt":"2023-10-24T09:24:15","guid":{"rendered":"https:\/\/blogs.etsii.urjc.es\/museo\/?page_id=250"},"modified":"2025-02-25T19:55:49","modified_gmt":"2025-02-25T18:55:49","slug":"vitrina-3","status":"publish","type":"page","link":"https:\/\/blogs.etsii.urjc.es\/museo\/exposicion\/vitrina-3\/","title":{"rendered":"Vitrina 3"},"content":{"rendered":"\n<p>Esta vitrina est\u00e1 dedicada a los ordenadores de 8 bits. Durante los a\u00f1os 80 del siglo pasado, florecieron hasta cuatro competidores dentro de la inform\u00e1tica dom\u00e9stica: Sinclair, Amstrad, Commodore y el MSX (est\u00e1ndar defendido por un consorcio de empresas, como Philips, Sony, Sanyo, Canon, Panasonic, Fujitsu&#8230;). De las 3 grandes empresas fabricantes, Sinclair ser\u00eda absorbida por Amstrad muy temprano (1986), que a su vez desapareci\u00f3 en 2011. Por su parte, Commodore dur\u00f3 hasta 1994.<\/p>\n\n\n\n<figure class=\"wp-block-image aligncenter size-large\"><img loading=\"lazy\" decoding=\"async\" width=\"575\" height=\"1024\" src=\"https:\/\/blogs.etsii.urjc.es\/museo\/wp-content\/uploads\/sites\/12\/2025\/02\/vitrina3-575x1024.jpg\" alt=\"\" class=\"wp-image-1160\" srcset=\"https:\/\/blogs.etsii.urjc.es\/museo\/wp-content\/uploads\/sites\/12\/2025\/02\/vitrina3-575x1024.jpg 575w, https:\/\/blogs.etsii.urjc.es\/museo\/wp-content\/uploads\/sites\/12\/2025\/02\/vitrina3-169x300.jpg 169w, https:\/\/blogs.etsii.urjc.es\/museo\/wp-content\/uploads\/sites\/12\/2025\/02\/vitrina3-768x1367.jpg 768w, https:\/\/blogs.etsii.urjc.es\/museo\/wp-content\/uploads\/sites\/12\/2025\/02\/vitrina3-863x1536.jpg 863w, https:\/\/blogs.etsii.urjc.es\/museo\/wp-content\/uploads\/sites\/12\/2025\/02\/vitrina3-1150x2048.jpg 1150w, https:\/\/blogs.etsii.urjc.es\/museo\/wp-content\/uploads\/sites\/12\/2025\/02\/vitrina3-scaled.jpg 1438w\" sizes=\"auto, (max-width: 575px) 100vw, 575px\" \/><\/figure>\n\n\n\n<hr class=\"wp-block-separator has-alpha-channel-opacity\" \/>\n\n\n\n<p>En la primera balda, encontramos dos ordenadores Amstrad, que siguen la est\u00e9tica iniciada por el 464 (ver siguiente balda). En el lado derecho, tenemos un CPC 664 (1985), que sustituye el lector de casetes integrado por una disquetera integrada. Tambi\u00e9n suaviza los colores rojo, verde y azul de algunas teclas del 464 y los sustituye por un azul p\u00e1lido, lo que le da un aire m\u00e1s profesional. En cuanto a la memoria, manten\u00eda una capacidad de 64 kB de RAM.<\/p>\n\n\n\n<p>En el lado izquierdo, encontramos un CPC 6128 (1985), que, como es f\u00e1cil de imaginar, alcanzaba la impresionante cifra para la \u00e9poca de 128 kB de RAM. Dispone, al igual que el modelo 664, de una disquetera integrada. De hecho, hemos colocado un disquete de 3&#8243; en la ranura de la disquetera.<\/p>\n\n\n\n<p>Acompa\u00f1an a estos ordenadores dos libros de programaci\u00f3n: uno de BASIC y otro de ensamblador.<\/p>\n\n\n\n<figure class=\"wp-block-image aligncenter size-large\"><img loading=\"lazy\" decoding=\"async\" width=\"1024\" height=\"575\" src=\"https:\/\/blogs.etsii.urjc.es\/museo\/wp-content\/uploads\/sites\/12\/2025\/02\/vitrina3-1-1024x575.jpg\" alt=\"\" class=\"wp-image-1287\" srcset=\"https:\/\/blogs.etsii.urjc.es\/museo\/wp-content\/uploads\/sites\/12\/2025\/02\/vitrina3-1-1024x575.jpg 1024w, https:\/\/blogs.etsii.urjc.es\/museo\/wp-content\/uploads\/sites\/12\/2025\/02\/vitrina3-1-300x169.jpg 300w, https:\/\/blogs.etsii.urjc.es\/museo\/wp-content\/uploads\/sites\/12\/2025\/02\/vitrina3-1-768x431.jpg 768w, https:\/\/blogs.etsii.urjc.es\/museo\/wp-content\/uploads\/sites\/12\/2025\/02\/vitrina3-1-1536x863.jpg 1536w, https:\/\/blogs.etsii.urjc.es\/museo\/wp-content\/uploads\/sites\/12\/2025\/02\/vitrina3-1-2048x1150.jpg 2048w\" sizes=\"auto, (max-width: 1024px) 100vw, 1024px\" \/><\/figure>\n\n\n\n<hr class=\"wp-block-separator has-alpha-channel-opacity\" \/>\n\n\n\n<p>En la segunda balda por arriba, a la derecha, tenemos un ordenador Amstrad CPC 464 (1984), con su caracter\u00edstico formato rectangular, de esquinas anguladas, teclas de colores y lector de cintas integrado. Este ordenador dispon\u00eda de 64 kB de memoria RAM y utilizaba un monitor espec\u00edfico. Nuestro Museo dispone de un monitor monocromo y otro a color (no mostrados por falta de espacio), as\u00ed como del m\u00f3dulo que permit\u00eda conectar el CPC a un televisor normal. Adem\u00e1s, le hemos conectado un mando GX4000, parecido a la de la Master System de Sega (ver <a href=\"https:\/\/blogs.etsii.urjc.es\/museo\/exposicion\/vitrina-1\/\" data-type=\"page\" data-id=\"246\">vitrina 1<\/a>).<\/p>\n\n\n\n<p>A la izquierda, encontramos una disquetera externa FD-1. Los disquetes son de 3&#8243; y son un formato propio de Amstrad, muy diferente a los de <a href=\"https:\/\/blogs.etsii.urjc.es\/museo\/exposicion\/vitrina-6\/\" data-type=\"page\" data-id=\"256\">5 1\/4&#8243; o 3 1\/2&#8243; de los PC<\/a>. Hemos colocado un disquete de muestra del pack de videojuegos &#8220;Acci\u00f3n y Aventura&#8221; (2019), cuya caja puede verse en la esquina izquierda al fondo.<\/p>\n\n\n\n<p>Desplegado por la mitad, hemos a\u00f1adido un folleto publicitario del CPC 464.<\/p>\n\n\n\n<p>Finalmente, en la parte frontal de la vitrina, pueden verse varios juegos y programas en formato casete: &#8220;Fruit Machine&#8221; (1985), &#8220;Amsdraw I&#8221; (1985), &#8220;Procesador de Texto&#8221; (1985), &#8220;Animal, Vegetal, Mineral&#8221; (1985), &#8220;La Abad\u00eda del Crimen&#8221; (reedici\u00f3n de 2021 del m\u00edtico juego ideado en 1987 por Paco Men\u00e9ndez y Juan Delc\u00e1n para Opera Soft) y &#8220;Xevious&#8221; (1983). La cinta de este \u00faltimo juego est\u00e1 insertada en el lector de casetes del CPC.<\/p>\n\n\n\n<figure class=\"wp-block-image aligncenter size-large\"><img loading=\"lazy\" decoding=\"async\" width=\"1024\" height=\"575\" src=\"https:\/\/blogs.etsii.urjc.es\/museo\/wp-content\/uploads\/sites\/12\/2025\/02\/vitrina3-2-1024x575.jpg\" alt=\"\" class=\"wp-image-1288\" srcset=\"https:\/\/blogs.etsii.urjc.es\/museo\/wp-content\/uploads\/sites\/12\/2025\/02\/vitrina3-2-1024x575.jpg 1024w, https:\/\/blogs.etsii.urjc.es\/museo\/wp-content\/uploads\/sites\/12\/2025\/02\/vitrina3-2-300x169.jpg 300w, https:\/\/blogs.etsii.urjc.es\/museo\/wp-content\/uploads\/sites\/12\/2025\/02\/vitrina3-2-768x431.jpg 768w, https:\/\/blogs.etsii.urjc.es\/museo\/wp-content\/uploads\/sites\/12\/2025\/02\/vitrina3-2-1536x863.jpg 1536w, https:\/\/blogs.etsii.urjc.es\/museo\/wp-content\/uploads\/sites\/12\/2025\/02\/vitrina3-2-2048x1150.jpg 2048w\" sizes=\"auto, (max-width: 1024px) 100vw, 1024px\" \/><\/figure>\n\n\n\n<hr class=\"wp-block-separator has-alpha-channel-opacity\" \/>\n\n\n\n<p>En la tercera balda por arriba encontramos 3 ordenadores de la empresa brit\u00e1nica Sinclair. Empezando por la izquierda, podemos ver un Timex Sinclair 1000 (1982), una variante del ZX81. Caracterizado por su carcasa cuadrada con  un teclado de membrana, dispon\u00eda la &#8220;friolera&#8221; de 2 kB de memoria RAM, con lo que puede entenderse que sus capacidades eran muy limitadas. Su procesador era un Zilog Z80. Junto al Timex, encontramos un manual del usuario y de programaci\u00f3n, as\u00ed como una casete con programas de iniciaci\u00f3n.<\/p>\n\n\n\n<p>En el centro de la balda est\u00e1 la joya de la corona de Sinclair: el ZX Spectrum, apodado coloquialmente en Espa\u00f1a como el &#8220;Gomas&#8221;, por sus teclas de caucho. La forma del ordenador era rectangular, no cuadrada como el ZX81, y mostraba un arco\u00edris de cuatro colores en la esquina derecha que se hizo representativo de los ordenadores Sinclair. Tambi\u00e9n basado en un procesador Z80, el Spectrum ofrec\u00eda 16 kB de memoria (m\u00e1s adelante fueron 48 kB). Sus capacidades gr\u00e1ficas y sonoras eran muy inferiores comparadas con las del Commodore 64, pero su precio era insuperable, de forma que cosech\u00f3 un profundo \u00e9xito.<\/p>\n\n\n\n<p>A la derecha de la balda podemos ver un ZX Spectrum+ (1984), con un tama\u00f1o sensiblemente mayor y un teclado mucho m\u00e1s profesional que el de su antecesor. Lo que s\u00ed mantiene es el caracter\u00edstico arco\u00edris en una de las esquinas. Para poder conectarle un joystick, hemos usado un interface multijoystick con 2 puertos. Este modelo fue comercializado en Espa\u00f1a por Investr\u00f3nica, como muestra un sello de garant\u00eda que est\u00e1 colocado en la parte inferior (hay que darle la vuelta al ordenador para verlo). Tambi\u00e9n podemos encontrar una casete con programas de iniciaci\u00f3n para el Spectrum+.<\/p>\n\n\n\n<p>En el frontal de la vitrina hemos colocado 3 ejemplares de revistas dedicadas a ordenadores Sinclair. Por un lado, tenemos el ejemplar 1 de la revista &#8220;Todospectrum&#8221; (septiembre 1984), junto al n\u00famero 6 de la revista &#8220;MicroHobby Semanal&#8221; (diciembre 1984). Por otro lado, encontramos el n\u00famero 3 de la revista &#8220;ZX&#8221; (enero 1987).<\/p>\n\n\n\n<p>A la derecha de la vitrina hay varios ejemplos de videojuegos en formato casete: &#8220;Ram\u00f3n Rodr\u00edguez &#8211; Aventuras y Desventuras de un Punki de Aki&#8221;, producido por la empresa espa\u00f1ola Erbe Software (1986), &#8220;Gauntlet&#8221; de U.S. Gold y distribuido por Erbe Software (1986) y, finalmente, &#8220;Galvan&#8221; de Imagine Software y tambi\u00e9n distribuido por Erbe (1986).<\/p>\n\n\n\n<figure class=\"wp-block-image aligncenter size-large\"><img loading=\"lazy\" decoding=\"async\" width=\"1024\" height=\"575\" src=\"https:\/\/blogs.etsii.urjc.es\/museo\/wp-content\/uploads\/sites\/12\/2025\/02\/vitrina3-3-1024x575.jpg\" alt=\"\" class=\"wp-image-1289\" srcset=\"https:\/\/blogs.etsii.urjc.es\/museo\/wp-content\/uploads\/sites\/12\/2025\/02\/vitrina3-3-1024x575.jpg 1024w, https:\/\/blogs.etsii.urjc.es\/museo\/wp-content\/uploads\/sites\/12\/2025\/02\/vitrina3-3-300x169.jpg 300w, https:\/\/blogs.etsii.urjc.es\/museo\/wp-content\/uploads\/sites\/12\/2025\/02\/vitrina3-3-768x431.jpg 768w, https:\/\/blogs.etsii.urjc.es\/museo\/wp-content\/uploads\/sites\/12\/2025\/02\/vitrina3-3-1536x863.jpg 1536w, https:\/\/blogs.etsii.urjc.es\/museo\/wp-content\/uploads\/sites\/12\/2025\/02\/vitrina3-3-2048x1150.jpg 2048w\" sizes=\"auto, (max-width: 1024px) 100vw, 1024px\" \/><\/figure>\n\n\n\n<hr class=\"wp-block-separator has-alpha-channel-opacity\" \/>\n\n\n\n<p>En la segunda balda por abajo, encontramos el ordenador galardonado con el <a href=\"https:\/\/www.guinnessworldrecords.com\/world-records\/72695-most-computer-sales\" target=\"_blank\" rel=\"noreferrer noopener\">Premio Guinness de los R\u00e9cords<\/a> como el m\u00e1s vendido de la historia: el Commodore 64, de la primera mitad de los a\u00f1os 80 (al fondo a la izquierda). Embutido en la famosa &#8220;panera&#8221;, llamada as\u00ed por la abultada carcasa que inclu\u00eda el teclado y toda la circuiter\u00eda necesaria, el C64 destaca por sus grandes capacidades gr\u00e1ficas y sonoras, muy superiores a las del Spectrum de Sinclair o los Amstrad. Tambi\u00e9n hay que decir que su precio era mucho mayor a de dichos competidores, de forma que Commodore triunf\u00f3 especialmente en Estados Unidos, mientras que en Europa en general, y en Espa\u00f1a en particular, fueron Sinclair y Amstrad los amos del mercado patrio. En cuesti\u00f3n de memoria, ofrec\u00eda 64 kB de RAM m\u00e1s 20 kB de ROM y estaba basado en un procesador 6510 de MOS Technology, variante del 6502. Conectado tenemos un joystick de Spectravideo, de botones rojos (parte central al fondo), as\u00ed como el manual de referencia para el programador (parte frontal, a la izquierda).<\/p>\n\n\n\n<p>En la parte frontal izquierda, junto a su &#8220;padre&#8221;, encontramos un C64 mini (2018), una reedici\u00f3n mejorada y actualizada del Commodore 64, que incluye conexi\u00f3n HDMI, un par de puertos USB y una colecci\u00f3n de 64 videojuegos pregrabados, como el m\u00edtico &#8220;Impossible Mission&#8221; (Epyx), &#8220;Everyone&#8217;s a Wally&#8221; (Mikro-Gen) o &#8220;Skool Daze&#8221; (Microsphere), entre otros muchos. El teclado de esta miniconsola es solo decorativo. Como puede verse, tiene conectado un joystick USB de estilo retro.<\/p>\n\n\n\n<p>En la parte frontal derecha de la balda encontramos varios ejemplos de revistas dedicadas a este ordenador. Por un lado, podemos contemplar el ejemplar n\u00famero de 1 de &#8220;Input Commodore&#8221; (septiembre 1985), con una llamativa portada que muestra a un C64 con ojos y o\u00eddos. A su lado, est\u00e1 el n\u00famero 2 de &#8220;Commodore World&#8221; (marzo 1984). Al fondo, abierto por la mitad, puede verse un especial monogr\u00e1fico &#8220;Ordenadores&#8221; de la revista &#8220;Muy Interesante&#8221; (1984), con esquemas y fotograf\u00edas del C64.<\/p>\n\n\n\n<p>Completan esta balda algunos juegos en formato casete, &#8220;Master Of The Lamp&#8221; (1985) y &#8220;Road Blasters&#8221; (1988). <a href=\"https:\/\/blogs.etsii.urjc.es\/museo\/donaciones\/\" data-type=\"page\" data-id=\"64\">No disponemos del Datasette<\/a>, el lector de cintas del Commodore 64.<\/p>\n\n\n\n<figure class=\"wp-block-image aligncenter size-large\"><img loading=\"lazy\" decoding=\"async\" width=\"1024\" height=\"575\" src=\"https:\/\/blogs.etsii.urjc.es\/museo\/wp-content\/uploads\/sites\/12\/2025\/02\/vitrina3-4-1024x575.jpg\" alt=\"\" class=\"wp-image-1291\" srcset=\"https:\/\/blogs.etsii.urjc.es\/museo\/wp-content\/uploads\/sites\/12\/2025\/02\/vitrina3-4-1024x575.jpg 1024w, https:\/\/blogs.etsii.urjc.es\/museo\/wp-content\/uploads\/sites\/12\/2025\/02\/vitrina3-4-300x169.jpg 300w, https:\/\/blogs.etsii.urjc.es\/museo\/wp-content\/uploads\/sites\/12\/2025\/02\/vitrina3-4-768x431.jpg 768w, https:\/\/blogs.etsii.urjc.es\/museo\/wp-content\/uploads\/sites\/12\/2025\/02\/vitrina3-4-1536x863.jpg 1536w, https:\/\/blogs.etsii.urjc.es\/museo\/wp-content\/uploads\/sites\/12\/2025\/02\/vitrina3-4-2048x1150.jpg 2048w\" sizes=\"auto, (max-width: 1024px) 100vw, 1024px\" \/><\/figure>\n\n\n\n<hr class=\"wp-block-separator has-alpha-channel-opacity\" \/>\n\n\n\n<p>Finalmente, en la balda inferior a la derecha, podemos encontrar al ordenador Commodore VIC-20, modelo anterior al C64 de la balda inmediatamente encima. Utiliza la misma &#8220;panera&#8221;, aunque de un color m\u00e1s p\u00e1lido. Las capacidades del VIC-20 son muy inferiores: en cuanto a memoria, tra\u00eda 5 kB de RAM y 20 kB de ROM, y los gr\u00e1ficos y sonidos eran tambi\u00e9n bastante limitados comparado con su sucesor. Junto al ordenador, encontramos un manual de usuario, as\u00ed como el ejemplar 8 de la revista &#8220;Commodore World&#8221; (octubre 1984), abierto por la mitad, con un ejemplo de programa listo para ser tecleado y probado en el VIC-20.<\/p>\n\n\n\n<p>En la parte izquierda de la balda, abandonamos el mundo Commodore para adentrarnos en el cuarto y \u00faltimo competidor de la escena de 8 bits: MSX. Se trat\u00f3 de una arquitectura est\u00e1ndar creada por empresas japonesas y la estadounidense Microsoft, de manera que proliferaron diversos fabricantes compatibles con dicha arquitectura. El ordenador que mostramos aqu\u00ed es un Canon V-20 (1983), basado en el procesador Zilog Z80 (como el Spectrum). Tra\u00eda 64 kB de memoria RAM, m\u00e1s 32 kB de ROM. Al igual que otros ordenadores de la \u00e9poca, el teclado estaba integrado en la carcasa de la circuiter\u00eda. Como aspecto destacado respecto a los dem\u00e1s, incorporaba cuatro teclas de flechas arriba, abajo, derecha e izquierda. Delante del V-20 puede contemplarse un juego en formato cartucho &#8220;The Maze of Galious&#8221; (1987), as\u00ed como un folleto del Club de usuarios de MSX de la empresa Sony, fechado en 1986.<\/p>\n\n\n\n<figure class=\"wp-block-image aligncenter size-large\"><img loading=\"lazy\" decoding=\"async\" width=\"1024\" height=\"575\" src=\"https:\/\/blogs.etsii.urjc.es\/museo\/wp-content\/uploads\/sites\/12\/2025\/02\/vitrina3-5-1024x575.jpg\" alt=\"\" class=\"wp-image-1292\" srcset=\"https:\/\/blogs.etsii.urjc.es\/museo\/wp-content\/uploads\/sites\/12\/2025\/02\/vitrina3-5-1024x575.jpg 1024w, https:\/\/blogs.etsii.urjc.es\/museo\/wp-content\/uploads\/sites\/12\/2025\/02\/vitrina3-5-300x169.jpg 300w, https:\/\/blogs.etsii.urjc.es\/museo\/wp-content\/uploads\/sites\/12\/2025\/02\/vitrina3-5-768x431.jpg 768w, https:\/\/blogs.etsii.urjc.es\/museo\/wp-content\/uploads\/sites\/12\/2025\/02\/vitrina3-5-1536x863.jpg 1536w, https:\/\/blogs.etsii.urjc.es\/museo\/wp-content\/uploads\/sites\/12\/2025\/02\/vitrina3-5-2048x1150.jpg 2048w\" sizes=\"auto, (max-width: 1024px) 100vw, 1024px\" \/><\/figure>\n\n\n\n<hr class=\"wp-block-separator has-alpha-channel-opacity\" \/>\n\n\n\n<p>A continuaci\u00f3n, listamos el contenido detallado de cada una de las baldas de esta vitrina:<\/p>\n\n\n\n<figure class=\"wp-block-table\"><table class=\"has-fixed-layout\"><tbody><tr><td>* Ordenador Amstrad CPC 6128<br>* Ordenador Amstrad CPC 664<br>* Caja y disquete Amsoft CF-2<br>* Libro &#8220;Programando con Amstrad&#8221; (Ian Sinclair)<br>* Libro &#8220;Rutinas en C\u00f3digo M\u00e1quina para su Amstrad&#8221; (Clive Gifford y Scott Vincent)<\/td><\/tr><tr><td>* Ordenador Amstrad CPC 464, con mando GX4000<br>* Disquetera externa 3&#8243; Amstrad FD-1<br>* Videojuego &#8220;Fruit Machine&#8221;<br>* Programa &#8220;Amsdraw I&#8221;<br>* Programa &#8220;Procesador de Texto&#8221;<br>* Videojuego &#8220;Animal, Vegetal, Mineral&#8221;<br>* Videojuego &#8220;La Abad\u00eda del Crimen&#8221;<br>* Videojuego &#8220;Xevious&#8221; (caja y casete)<br>* Videojuego &#8220;Acci\u00f3n y Aventura: Cero Absoluto, El Linaje Real, Galactic Tomb&#8221; (caja y disquete)<br>* Folleto publicitario desplegable sobre el Amstrad CPC 464<\/td><\/tr><tr><td>* Ordenador Timex Sinclair 1000<br>* Manual de uso y programaci\u00f3n BASIC del Timex Sinclair 1000, con casete &#8220;Iniciaci\u00f3n al TS 1000&#8221;<br>* Ordenador Sinclair ZX Spectrum<br>* Ordenador Sinclair ZX Spectrum+, con un joystick conectado y casete &#8220;Gu\u00eda para el empleo&#8221;<br>* Videojuego &#8220;Ram\u00f3n Rodr\u00edguez &#8211; Aventuras y Desventuras de un Punki de Aki&#8221;<br>* Videojuego &#8220;Gauntlet&#8221;<br>* Videojuego &#8220;Galvan&#8221;<br>* Revista &#8220;Todospectrum&#8221;, n\u00famero 1 (septiembre 1984)<br>* Revista &#8220;Microhobby Semanal&#8221;, n\u00famero 6 (11 al 17 de diciembre de 1984)<br>* Revista &#8220;ZX&#8221;, n\u00famero 37 (enero 1987)<\/td><\/tr><tr><td>* Ordenador Commodore 64 <br>* Joystick Spectravideo<br>* Libro &#8220;Gu\u00eda de referencia del Commodore 64&#8221;<br>* Revista &#8220;Commodore World&#8221;, n\u00famero 2 (marzo 1984)<br>* Revista &#8220;Input Commodore&#8221;, n\u00famero 1 (septiembre 1985)<br>* Especial monogr\u00e1fico &#8220;Ordenadores&#8221; de la revista &#8220;Muy Interesante&#8221; (1984)<br>* Videojuego &#8220;Master Of The Lamp&#8221; (funda y casete)<br>* Videojuego &#8220;Road Blasters&#8221; (funda y casete)<br>* Videoconsola C64 Mini con joystick de estilo retro<\/td><\/tr><tr><td>* Ordenador MSX Canon V-20<br>* Videojuego &#8220;The Maze of Galious&#8221; (cartucho para MSX)<br>* Folleto Sony MSX Club (1986)<br>* Ordenador Commodore VIC-20<br>* Libro &#8220;Manual de usuario VIC-20&#8221;<br>* Revista &#8220;Commodore World&#8221;, n\u00famero 8 (octubre 1984)<\/td><\/tr><\/tbody><\/table><\/figure>\n\n\n\n<figure class=\"wp-block-table\"><table class=\"has-fixed-layout\"><tbody><tr><td><a href=\"https:\/\/blogs.etsii.urjc.es\/museo\/exposicion\/vitrina-2\/\" data-type=\"page\" data-id=\"250\">Vitrina 2<\/a><\/td><td class=\"has-text-align-right\" data-align=\"right\"><a href=\"https:\/\/blogs.etsii.urjc.es\/museo\/exposicion\/vitrina-4\/\" data-type=\"page\" data-id=\"252\">Vitrina 4<\/a><\/td><\/tr><\/tbody><\/table><\/figure>\n","protected":false},"excerpt":{"rendered":"<p>Esta vitrina est\u00e1 dedicada a los ordenadores de 8 bits. Durante los a\u00f1os 80 del siglo pasado, florecieron hasta cuatro competidores dentro de la inform\u00e1tica dom\u00e9stica: Sinclair, Amstrad, Commodore y el MSX (est\u00e1ndar defendido por un consorcio de empresas, como Philips, Sony, Sanyo, Canon, Panasonic, Fujitsu&#8230;). De las 3 grandes empresas fabricantes, Sinclair ser\u00eda absorbida [&hellip;]<\/p>\n","protected":false},"author":12,"featured_media":0,"parent":236,"menu_order":2,"comment_status":"closed","ping_status":"closed","template":"","meta":{"site-sidebar-layout":"default","site-content-layout":"","ast-site-content-layout":"default","site-content-style":"default","site-sidebar-style":"default","ast-global-header-display":"","ast-banner-title-visibility":"","ast-main-header-display":"","ast-hfb-above-header-display":"","ast-hfb-below-header-display":"","ast-hfb-mobile-header-display":"","site-post-title":"","ast-breadcrumbs-content":"","ast-featured-img":"","footer-sml-layout":"","ast-disable-related-posts":"","theme-transparent-header-meta":"","adv-header-id-meta":"","stick-header-meta":"","header-above-stick-meta":"","header-main-stick-meta":"","header-below-stick-meta":"","astra-migrate-meta-layouts":"default","ast-page-background-enabled":"default","ast-page-background-meta":{"desktop":{"background-color":"var(--ast-global-color-4)","background-image":"","background-repeat":"repeat","background-position":"center center","background-size":"auto","background-attachment":"scroll","background-type":"","background-media":"","overlay-type":"","overlay-color":"","overlay-opacity":"","overlay-gradient":""},"tablet":{"background-color":"","background-image":"","background-repeat":"repeat","background-position":"center center","background-size":"auto","background-attachment":"scroll","background-type":"","background-media":"","overlay-type":"","overlay-color":"","overlay-opacity":"","overlay-gradient":""},"mobile":{"background-color":"","background-image":"","background-repeat":"repeat","background-position":"center center","background-size":"auto","background-attachment":"scroll","background-type":"","background-media":"","overlay-type":"","overlay-color":"","overlay-opacity":"","overlay-gradient":""}},"ast-content-background-meta":{"desktop":{"background-color":"var(--ast-global-color-5)","background-image":"","background-repeat":"repeat","background-position":"center center","background-size":"auto","background-attachment":"scroll","background-type":"","background-media":"","overlay-type":"","overlay-color":"","overlay-opacity":"","overlay-gradient":""},"tablet":{"background-color":"var(--ast-global-color-5)","background-image":"","background-repeat":"repeat","background-position":"center center","background-size":"auto","background-attachment":"scroll","background-type":"","background-media":"","overlay-type":"","overlay-color":"","overlay-opacity":"","overlay-gradient":""},"mobile":{"background-color":"var(--ast-global-color-5)","background-image":"","background-repeat":"repeat","background-position":"center center","background-size":"auto","background-attachment":"scroll","background-type":"","background-media":"","overlay-type":"","overlay-color":"","overlay-opacity":"","overlay-gradient":""}},"footnotes":""},"class_list":["post-250","page","type-page","status-publish","hentry"],"_links":{"self":[{"href":"https:\/\/blogs.etsii.urjc.es\/museo\/wp-json\/wp\/v2\/pages\/250","targetHints":{"allow":["GET"]}}],"collection":[{"href":"https:\/\/blogs.etsii.urjc.es\/museo\/wp-json\/wp\/v2\/pages"}],"about":[{"href":"https:\/\/blogs.etsii.urjc.es\/museo\/wp-json\/wp\/v2\/types\/page"}],"author":[{"embeddable":true,"href":"https:\/\/blogs.etsii.urjc.es\/museo\/wp-json\/wp\/v2\/users\/12"}],"replies":[{"embeddable":true,"href":"https:\/\/blogs.etsii.urjc.es\/museo\/wp-json\/wp\/v2\/comments?post=250"}],"version-history":[{"count":28,"href":"https:\/\/blogs.etsii.urjc.es\/museo\/wp-json\/wp\/v2\/pages\/250\/revisions"}],"predecessor-version":[{"id":1293,"href":"https:\/\/blogs.etsii.urjc.es\/museo\/wp-json\/wp\/v2\/pages\/250\/revisions\/1293"}],"up":[{"embeddable":true,"href":"https:\/\/blogs.etsii.urjc.es\/museo\/wp-json\/wp\/v2\/pages\/236"}],"wp:attachment":[{"href":"https:\/\/blogs.etsii.urjc.es\/museo\/wp-json\/wp\/v2\/media?parent=250"}],"curies":[{"name":"wp","href":"https:\/\/api.w.org\/{rel}","templated":true}]}}