{"id":254,"date":"2023-10-24T11:24:53","date_gmt":"2023-10-24T09:24:53","guid":{"rendered":"https:\/\/blogs.etsii.urjc.es\/museo\/?page_id=254"},"modified":"2025-02-26T17:25:32","modified_gmt":"2025-02-26T16:25:32","slug":"vitrina-5","status":"publish","type":"page","link":"https:\/\/blogs.etsii.urjc.es\/museo\/exposicion\/vitrina-5\/","title":{"rendered":"Vitrina 5"},"content":{"rendered":"\n<p>Esta es la vitrina favorita para los amantes del software. Contiene objetos relacionados con la ofim\u00e1tica, las bases de datos, los antivirus, los lenguajes inform\u00e1ticos, los sistemas operativos, as\u00ed como otro software. Tambi\u00e9n hay varias cajas de videojuegos para PC.<\/p>\n\n\n\n<figure class=\"wp-block-image aligncenter size-large\"><img loading=\"lazy\" decoding=\"async\" width=\"575\" height=\"1024\" src=\"https:\/\/blogs.etsii.urjc.es\/museo\/wp-content\/uploads\/sites\/12\/2025\/02\/vitrina5-6-575x1024.jpg\" alt=\"\" class=\"wp-image-1306\" srcset=\"https:\/\/blogs.etsii.urjc.es\/museo\/wp-content\/uploads\/sites\/12\/2025\/02\/vitrina5-6-575x1024.jpg 575w, https:\/\/blogs.etsii.urjc.es\/museo\/wp-content\/uploads\/sites\/12\/2025\/02\/vitrina5-6-169x300.jpg 169w, https:\/\/blogs.etsii.urjc.es\/museo\/wp-content\/uploads\/sites\/12\/2025\/02\/vitrina5-6-768x1367.jpg 768w, https:\/\/blogs.etsii.urjc.es\/museo\/wp-content\/uploads\/sites\/12\/2025\/02\/vitrina5-6-863x1536.jpg 863w, https:\/\/blogs.etsii.urjc.es\/museo\/wp-content\/uploads\/sites\/12\/2025\/02\/vitrina5-6-1150x2048.jpg 1150w, https:\/\/blogs.etsii.urjc.es\/museo\/wp-content\/uploads\/sites\/12\/2025\/02\/vitrina5-6-scaled.jpg 1438w\" sizes=\"auto, (max-width: 575px) 100vw, 575px\" \/><\/figure>\n\n\n\n<hr class=\"wp-block-separator has-alpha-channel-opacity\" \/>\n\n\n\n<p>En la balda superior podemos ver referencias a diversas aplicaciones de ofim\u00e1tica. Para comenzar, vemos en la esquina del fondo a la izquierda, varios libros sobre bases de datos: un par sobre dBASE III Plus (el primer sistema de gesti\u00f3n de bases de datos en popularizarse), otro sobre Microsoft Access y otro sobre el lenguaje de consulta SQL. <\/p>\n\n\n\n<p>Tenemos tambi\u00e9n diversos libros y CD-ROM relacionados con la <em>suite<\/em> inform\u00e1tica Office de Microsoft, incluyendo el de Access antes mencionado, y pasando por uno espec\u00edfico sobre Word, otro de FrontPage y otros que engloban el resto de aplicaciones del paquete, como Excel, Visio, etc. Como competencia al procesador de textos Word, tenemos dos libros sobre WordPerfect. Como competencia a las hojas de c\u00e1lculo de Excel, tenemos un libro sobre Lotus 1-2-3. De igual forma, disponemos de un ejemplar sobre la <em>suite<\/em> IBM Assistant (libro naranja a la derecha), que intent\u00f3 sin \u00e9xito desbancar al Office de Microsoft.<\/p>\n\n\n\n<p>Al fondo a la derecha, tenemos un peque\u00f1o rinc\u00f3n dedicado a la seguridad inform\u00e1tica con 3 ejemplos de programas antivirus: Panda, Kaspersky y McAfee.<\/p>\n\n\n\n<p>En primer plano, a la izquierda, tenemos tambi\u00e9n un CD-ROM de la enciclopedia multimedia Encarta de Microsoft (1998), que era la m\u00e1s popular y extendida hasta la llegada de Wikipedia en 2001.<\/p>\n\n\n\n<figure class=\"wp-block-image aligncenter size-large\"><img loading=\"lazy\" decoding=\"async\" width=\"1024\" height=\"575\" src=\"https:\/\/blogs.etsii.urjc.es\/museo\/wp-content\/uploads\/sites\/12\/2025\/02\/vitrina5-1-1024x575.jpg\" alt=\"\" class=\"wp-image-1252\" srcset=\"https:\/\/blogs.etsii.urjc.es\/museo\/wp-content\/uploads\/sites\/12\/2025\/02\/vitrina5-1-1024x575.jpg 1024w, https:\/\/blogs.etsii.urjc.es\/museo\/wp-content\/uploads\/sites\/12\/2025\/02\/vitrina5-1-300x169.jpg 300w, https:\/\/blogs.etsii.urjc.es\/museo\/wp-content\/uploads\/sites\/12\/2025\/02\/vitrina5-1-768x431.jpg 768w, https:\/\/blogs.etsii.urjc.es\/museo\/wp-content\/uploads\/sites\/12\/2025\/02\/vitrina5-1-1536x863.jpg 1536w, https:\/\/blogs.etsii.urjc.es\/museo\/wp-content\/uploads\/sites\/12\/2025\/02\/vitrina5-1-2048x1150.jpg 2048w\" sizes=\"auto, (max-width: 1024px) 100vw, 1024px\" \/><\/figure>\n\n\n\n<hr class=\"wp-block-separator has-alpha-channel-opacity\" \/>\n\n\n\n<p>Con la segunda balda desde arriba queremos hacer un homenaje a los dise\u00f1adores de videojuegos para PC, especialmente los de la \u00e9poca dorada en las que se editaban en vistosas cajas ilustradas. Por ejemplo, a la izquierda encontramos la quinta aventura gr\u00e1fica de la saga &#8220;King&#8217;s Quest&#8221;, creada por la desarrolladora Roberta Williams (1991). Al fondo, en el centro, mostramos la caja de &#8220;Indiana Jones and the Fate of Atlantis&#8221; (1992), que es la continuaci\u00f3n de &#8220;Indiana Jones y la \u00faltima cruzada&#8221; (1990), disponible en los fondos de nuestro Museo, pero no expuesto. Tambi\u00e9n podemos ver dos simuladores de vuelo: &#8220;Falcon 4.0&#8221; (1998) y &#8220;Microsoft Flight Simulator&#8221; (1999). A la derecha se puede contemplar el cofre de coleccionista de la trilog\u00eda para PC &#8220;Dragon&#8217;s Lair&#8221; (2001), del que tambi\u00e9n disponemos de una versi\u00f3n en casete para ordenadores Amstrad editada en 1986 (no expuesta). Tambi\u00e9n a la derecha puede verse la hermosa caja del juego &#8220;World of Warcraft &#8211; Battle chest&#8221; (2008).<\/p>\n\n\n\n<p>En primer plano en esta balda, podemos destacar otros juegos, como el &#8220;Assassin&#8217;s Creed II&#8221; (2009), perteneciente a una de las sagas m\u00e1s famosas de la empresa Ubisoft. Tambi\u00e9n tenemos un pack de grandes \u00e9xitos de la desaparecida Novalogic, responsable de las series &#8220;Comanche&#8221;, &#8220;F-22&#8221;  y &#8220;Armored Fist&#8221;, entre otras. Hay tambi\u00e9n una versi\u00f3n para PC del m\u00edtico &#8220;Prince of Persia&#8221; (2008) y un ejemplar de &#8220;Sim City 3000&#8221; (1999), entre otros juegos.<\/p>\n\n\n\n<figure class=\"wp-block-image aligncenter size-large\"><img loading=\"lazy\" decoding=\"async\" width=\"1024\" height=\"575\" src=\"https:\/\/blogs.etsii.urjc.es\/museo\/wp-content\/uploads\/sites\/12\/2025\/02\/vitrina5-2-1024x575.jpg\" alt=\"\" class=\"wp-image-1253\" srcset=\"https:\/\/blogs.etsii.urjc.es\/museo\/wp-content\/uploads\/sites\/12\/2025\/02\/vitrina5-2-1024x575.jpg 1024w, https:\/\/blogs.etsii.urjc.es\/museo\/wp-content\/uploads\/sites\/12\/2025\/02\/vitrina5-2-300x169.jpg 300w, https:\/\/blogs.etsii.urjc.es\/museo\/wp-content\/uploads\/sites\/12\/2025\/02\/vitrina5-2-768x431.jpg 768w, https:\/\/blogs.etsii.urjc.es\/museo\/wp-content\/uploads\/sites\/12\/2025\/02\/vitrina5-2-1536x863.jpg 1536w, https:\/\/blogs.etsii.urjc.es\/museo\/wp-content\/uploads\/sites\/12\/2025\/02\/vitrina5-2-2048x1150.jpg 2048w\" sizes=\"auto, (max-width: 1024px) 100vw, 1024px\" \/><\/figure>\n\n\n\n<hr class=\"wp-block-separator has-alpha-channel-opacity\" \/>\n\n\n\n<p>La tercera balda desde arriba recopila diversos libros y aplicaciones relacionados con los lenguajes de programaci\u00f3n. En la esquina del fondo a la izquierda, podemos destacar el n\u00famero 1 de la &#8220;Enciclopedia BASIC de la Inform\u00e1tica, miniordenadores y ordenadores personales&#8221; (1985), as\u00ed como diversos libros sobre lenguajes &#8220;cl\u00e1sicos&#8221;, como Pascal, Fortran, Cobol, Modula-2 o ensamblador, y otros m\u00e1s actuales como Java. Junto a la enciclopedia, encontramos dos versiones del programa de desarrollo Microsoft Visual Studio (2005 y 2013). En el centro-derecha de la balda encontramos un libro y un entorno de desarrollo en Delphi, de 1997 y 1999, respectivamente.<\/p>\n\n\n\n<p>En la esquina derecha encontramos la colecci\u00f3n de libros sobre Microsoft Visual C++ 6.0 (1999), as\u00ed como un manual sobre programaci\u00f3n profesional en C (1989), que trae un disquete de 5 1\/4&#8243; como complemento.<\/p>\n\n\n\n<p>Para terminar esta balda, mostramos un libro sobre direcci\u00f3n de proyectos inform\u00e1ticos (Pham Thu Quang y Jean-Jacques Gonin, 1994) y otro sobre ingenier\u00eda del software (Roger S. Pressman, 1993).<\/p>\n\n\n\n<figure class=\"wp-block-image aligncenter size-large\"><img loading=\"lazy\" decoding=\"async\" width=\"1024\" height=\"575\" src=\"https:\/\/blogs.etsii.urjc.es\/museo\/wp-content\/uploads\/sites\/12\/2025\/02\/vitrina5-3-1024x575.jpg\" alt=\"\" class=\"wp-image-1254\" srcset=\"https:\/\/blogs.etsii.urjc.es\/museo\/wp-content\/uploads\/sites\/12\/2025\/02\/vitrina5-3-1024x575.jpg 1024w, https:\/\/blogs.etsii.urjc.es\/museo\/wp-content\/uploads\/sites\/12\/2025\/02\/vitrina5-3-300x169.jpg 300w, https:\/\/blogs.etsii.urjc.es\/museo\/wp-content\/uploads\/sites\/12\/2025\/02\/vitrina5-3-768x431.jpg 768w, https:\/\/blogs.etsii.urjc.es\/museo\/wp-content\/uploads\/sites\/12\/2025\/02\/vitrina5-3-1536x863.jpg 1536w, https:\/\/blogs.etsii.urjc.es\/museo\/wp-content\/uploads\/sites\/12\/2025\/02\/vitrina5-3-2048x1150.jpg 2048w\" sizes=\"auto, (max-width: 1024px) 100vw, 1024px\" \/><\/figure>\n\n\n\n<hr class=\"wp-block-separator has-alpha-channel-opacity\" \/>\n\n\n\n<p>La segunda balda por abajo est\u00e1 dedicada a los sistemas operativos. En el lado izquierdo, vemos diferentes libros dedicados a CP\/M, el sistema de Gary Kildall, otro dedicado al VM\/SP, orientado a computadores de tipo <em>mainframe<\/em> de IBM, as\u00ed como diversos sobre Unix y Linux, incluyendo un CD-ROM de instalaci\u00f3n de Ubuntu.<\/p>\n\n\n\n<p>En el lado derecho, mostramos libros sobre diferentes versiones de MS-DOS y de Windows, incluyendo dos cajas con los CD de instalaci\u00f3n de Windows Vista y Windows 7.<\/p>\n\n\n\n<figure class=\"wp-block-image aligncenter size-large\"><img loading=\"lazy\" decoding=\"async\" width=\"1024\" height=\"575\" src=\"https:\/\/blogs.etsii.urjc.es\/museo\/wp-content\/uploads\/sites\/12\/2025\/02\/vitrina5-4-1024x575.jpg\" alt=\"\" class=\"wp-image-1256\" srcset=\"https:\/\/blogs.etsii.urjc.es\/museo\/wp-content\/uploads\/sites\/12\/2025\/02\/vitrina5-4-1024x575.jpg 1024w, https:\/\/blogs.etsii.urjc.es\/museo\/wp-content\/uploads\/sites\/12\/2025\/02\/vitrina5-4-300x169.jpg 300w, https:\/\/blogs.etsii.urjc.es\/museo\/wp-content\/uploads\/sites\/12\/2025\/02\/vitrina5-4-768x431.jpg 768w, https:\/\/blogs.etsii.urjc.es\/museo\/wp-content\/uploads\/sites\/12\/2025\/02\/vitrina5-4-1536x863.jpg 1536w, https:\/\/blogs.etsii.urjc.es\/museo\/wp-content\/uploads\/sites\/12\/2025\/02\/vitrina5-4-2048x1150.jpg 2048w\" sizes=\"auto, (max-width: 1024px) 100vw, 1024px\" \/><\/figure>\n\n\n\n<hr class=\"wp-block-separator has-alpha-channel-opacity\" \/>\n\n\n\n<p>Para acabar, la balda inferior contiene objetos adicionales relacionados con otras aplicaciones diversas, desde software estad\u00edstico-matem\u00e1tico, como Maple, Statistica o Matlab, de informaci\u00f3n geogr\u00e1fica (ArcGIS), de dise\u00f1o asistido por ordenador (AutoCAD), de dise\u00f1o de p\u00e1ginas web (Adobe Dreamweaver), de dise\u00f1o (Autodesk 3DS Max y Adobe Illustrator) y de edici\u00f3n de im\u00e1genes (Adobe Photoshop y CorelDRAW). Para terminar, mostramos un diccionario y traductor autom\u00e1tico ingl\u00e9s-espa\u00f1ol (Spanish Assistant).<\/p>\n\n\n\n<figure class=\"wp-block-image aligncenter size-large\"><img loading=\"lazy\" decoding=\"async\" width=\"1024\" height=\"575\" src=\"https:\/\/blogs.etsii.urjc.es\/museo\/wp-content\/uploads\/sites\/12\/2025\/02\/vitrina5-5-1024x575.jpg\" alt=\"\" class=\"wp-image-1257\" srcset=\"https:\/\/blogs.etsii.urjc.es\/museo\/wp-content\/uploads\/sites\/12\/2025\/02\/vitrina5-5-1024x575.jpg 1024w, https:\/\/blogs.etsii.urjc.es\/museo\/wp-content\/uploads\/sites\/12\/2025\/02\/vitrina5-5-300x169.jpg 300w, https:\/\/blogs.etsii.urjc.es\/museo\/wp-content\/uploads\/sites\/12\/2025\/02\/vitrina5-5-768x431.jpg 768w, https:\/\/blogs.etsii.urjc.es\/museo\/wp-content\/uploads\/sites\/12\/2025\/02\/vitrina5-5-1536x863.jpg 1536w, https:\/\/blogs.etsii.urjc.es\/museo\/wp-content\/uploads\/sites\/12\/2025\/02\/vitrina5-5-2048x1150.jpg 2048w\" sizes=\"auto, (max-width: 1024px) 100vw, 1024px\" \/><\/figure>\n\n\n\n<hr class=\"wp-block-separator has-alpha-channel-opacity\" \/>\n\n\n\n<p>A continuaci\u00f3n, listamos el contenido detallado de cada una de las baldas de esta vitrina:<\/p>\n\n\n\n<figure class=\"wp-block-table\"><table class=\"has-fixed-layout\"><tbody><tr><td>* Libro &#8220;Gu\u00eda LAN TIMES de SQL&#8221; (James R. Groff y Paul N. Weinberg)<br>* Libro &#8220;Programaci\u00f3n avanzada dBASE III Plus&#8221; (Ram\u00f3n M. Chorda y Cristina Mainar)<br>* Libro &#8220;dBASE III Plus&#8221; (Juli\u00e1n Mart\u00ednez Valero)<br>* Libro &#8220;Microsoft Office XP Versi\u00f3n 2002&#8221; (Gini Courter, Annette Marquis y Karla Browning)<br>* Manual de uso del programa Nero Burning ROM 4.0<br>* Caja de Microsoft Office Professional 2010<br>* Caja de Microsoft Visio Professional 2010<br>* Caja de Panda Antivirus Titatium<br>* Caja de Kaspersky Anti-Virus Personal 5.0<br>* Caja de McAfee Antivirus VirusScan<br>* Libro &#8220;Programaci\u00f3n en Office 2000 &#8211; Visual Basic para Aplicaciones &#8211; Excel &#8211; Access &#8211; Word &#8211; PowerPoint&#8221; (Jordi Cuesta)<br>* Libro &#8220;Access 2010 F\u00e1cil y r\u00e1pido &#8211; Curso pr\u00e1ctico de iniciaci\u00f3n&#8221; (Santiago Traver\u00eda y Luis Navarro)<br>* Libro &#8220;HTML Din\u00e1mico, ASP y JavaScript a trav\u00e9s de ejemplos&#8221; (Jes\u00fas Bobadilla Sancho, Alejandro Alcocer Jarabo, Santiago Alonso Villaverde y Abraham Guti\u00e9rrez Rodr\u00edguez)<br>* Libro &#8220;Las 15 primeras horas con Wordperfect 5.1&#8221; (M.\u00aa Teresa G\u00f3mez-Mascaraque)<br>* Libro &#8220;Manual del usuario Microsoft Works Versi\u00f3n 2.0&#8221; <br>* Libro &#8220;Gu\u00eda Did\u00e1ctica de la Serie Assistant de IBM Versi\u00f3n 2.00 &#8211; Paquete WisePak de IBM &#8211; Procesador de Textos, Base de Datos, Informes, Gr\u00e1ficos Estad\u00edsticos, Hoja de C\u00e1lculo&#8221; (Jos\u00e9 Mar\u00eda Arias Cabezas, Benjam\u00edn Dom\u00ednguez Matilla, Manuel Santiago Fern\u00e1ndez Prieto y Jes\u00fas Tim\u00f3n Hontiveros)<br>* Caja de la enciclopedia Microsoft Encarta 98 (edici\u00f3n b\u00e1sica)<br>* Libro &#8220;Word para Windows 2.0&#8221; (Jos\u00e9 Dom\u00ednguez Alconchel)<br>* Libro &#8220;WordPerfect 5.1&#8221; (Esteban Cueva y Antoine Saint-Bois)<br>* Libro &#8220;Lotus 1-2-3 v.2.3 Hoja de c\u00e1lculo y gr\u00e1ficos&#8221; (Jorge Rodr\u00edguez Vega)<br>* Caja de Microsoft Office XP Professional<br>* Libro &#8220;Microsoft Office FrontPage 2003&#8221; (Antonio Ben\u00edtez Corbacho y Mario Rubiales G\u00f3mez)<br>* Libro &#8220;Microsoft Office Excel 2007&#8221; (Francisco Charte Ojeda)<\/td><\/tr><tr><td>* Videojuego &#8220;King&#8217;s Quest V: Absence Makes the Heart Go Yonder!&#8221;<br>* Videojuego &#8220;Sam &amp; Max Hit the Road&#8221;<br>* Videojuego &#8220;Indiana Jones and the Fate of Atlantis&#8221;<br>* Videojuego &#8220;Falcon 4.0&#8221;<br>* Videojuego &#8220;Microsoft Flight Simulator 2000&#8221;<br>* Cofre de la trilog\u00eda de videojuegos &#8220;The Dragon&#8217;s Lair&#8221;<br>* Videojuego &#8220;World of Warcraft &#8211; Battle chest&#8221;<br>* Videojuego &#8220;RBI Two Baseball&#8221;<br>* Videojuego &#8220;Cruise for a Corpse&#8221;<br>* Videojuego &#8220;Red Storm Rising&#8221;<br>* Videojuego &#8220;Murder!&#8221;<br>* Videojuego &#8220;Future Wars Time Travellers&#8221;<br>* Videojuego &#8220;Los mejores juegos para Windows III&#8221;<br>* Videojuego &#8220;Prince of Persia&#8221;<br>* Pack \u00e9xitos &#8220;Novalogic 2&#8221;<br>* Videojuego &#8220;Assassin&#8217;s Creed II&#8221;<br>* Videojuego &#8220;Rail Simulator&#8221;<br>* Videojuego &#8220;Sim City 3000&#8221;<\/td><\/tr><tr><td>* Libro &#8220;Programaci\u00f3n con el lenguaje PASCAL&#8221; (F. J. Sanch\u00eds Llorca y A. Morales Lozano)<br>* Libro &#8220;Programaci\u00f3n en Fortran 77&#8221; (F\u00e9lix Garc\u00eda Merayo)<br>* Libro &#8220;Introducci\u00f3n a Modula-2&#8221; (Jim Welsh y John Elder)<br>* Libro &#8220;Programa tus propias aventuras en tu computadora&#8221; (Jenny Tyler y Les Howarth)<br>* Libro &#8220;C\u00f3mo programar en ensamblador 80&#215;86&#8221; (Tom\u00e1s Tej\u00f3n)<br>* Libro &#8220;Basic para ni\u00f1os&#8221; (Sof\u00eda Watt y Miguel Mangada)<br>* Libro &#8220;Programaci\u00f3n profesional en C&#8221; (Steve Schustack)<br>* Libro &#8220;Programaci\u00f3n del Z80&#8221; (Rodnay Zaks)<br>* Libro &#8220;Programaci\u00f3n COBOL con aplicaciones estructuradas en pseudoc\u00f3digo&#8221; (Francisco Mart\u00ednez Garc\u00eda)<br>* Libro &#8220;Java 2 Curso de programaci\u00f3n&#8221; (Francisco Javier Ceballos)<br>* Libro &#8220;Manual Avanzado de Visual Basic 6&#8221; (Mat\u00edas Bl\u00e1zquez Iglesias)<br>* Libro &#8220;Direcci\u00f3n de proyectos inform\u00e1ticos &#8211; Gu\u00eda pr\u00e1ctica del jefe de proyecto&#8221; (Pham Thu Quang y Jean-Jacques Gonin)<br>* Libro &#8220;Ingenier\u00eda del Software &#8211; Un enfoque pr\u00e1ctico&#8221; (Roger S. Pressman)<br>* Libro &#8220;Programaci\u00f3n en C\/C++ Explore las t\u00e9cnicas de programaci\u00f3n en C y en C++&#8221; (Chris H. Pappas y William H. Murray)<br>* Libro &#8220;Enciclopedia BASIC de la Inform\u00e1tica, miniordenadores y ordenadores personales&#8221; (tomo 1)<br>* Caja de Microsoft Visual Studio 2005 Professional<br>* Caja de Microsoft Visual Studio 2013 Professional<br>* Libro &#8220;C\u00f3mo programar en Delphi 3.0&#8221; (Javier Ni\u00f1o y Ruth Mart\u00ednez)<br>* Caja de Borland Delphi 5 Standard<br>* Colecci\u00f3n de libros &#8220;Microsoft Visual C++ 6.0 edici\u00f3n de aprendizaje&#8221; (Chuck Sphar y Beck Zaratian)<\/td><\/tr><tr><td>* Libro &#8220;Introducci\u00f3n al Sistema IBM-4361 bajo VM\/SP&#8221; (M. Pilar Ballesteros Vadillo y Francisco Iv\u00e1\u00f1ez Ronda)<br>* Libro &#8220;Iniciaci\u00f3n al CP\/M&#8221; (Stephen M. Murtha y Mitchell Waite)<br>* Libro &#8220;Biblioteca B\u00e1sica Inform\u00e1tica: Sistema Operativo CP\/M (n\u00famero 11)&#8221; (Antonio M. Ferrer Abell\u00f3)<br>* Libro &#8220;T\u00e9cnicas de an\u00e1lisis y programaci\u00f3n para IBM\/PC (y compatibles) &#8211; Sistema Operativo D.O.S., BASIC, An\u00e1lisis de Aplicaciones&#8221; (M.\u00aa Pilar Lasala Calleja, Alfredo Crist\u00f3bal Crist\u00f3bal y M.\u00aa Jes\u00fas Lape\u00f1a Marcos)<br>* Libro encuadernado del coleccionable del diario El Mundo &#8220;Windows 98: \u00bfOrdenadores? No te quedes atr\u00e1s&#8221;<br>* Caja del sistema operativo Windows Vista Ultimate<br>* Caja del sistema operativo Windows 7 Ultimate<br>* Libro &#8220;UNIX Sistema V. Versi\u00f3n 4. Manual de referencia&#8221; (Stephen Coffin)<br>* Libro &#8220;Linux&#8221; (C\u00e9sar Mart\u00edn P\u00e9rez e Ismael P\u00e9rez Crespo)<br>* Libro &#8220;Red Hat Linux 8 Manual Avanzado&#8221; (Jos\u00e9 Luis Gonz\u00e1lez S\u00e1nchez y Alfonso Gazo Cervero)<br>* Libro &#8220;Los secretos de Linux&#8221; (Naba Barbakati)<br>* Funda de cart\u00f3n del CD del sistema operativo Ubuntu 6.06 LTS<br>* Libro &#8220;MS-DOS 6.2&#8221; (Miguel \u00c1ngel G\u00f3mez-Mascaraque)<br>* Libro &#8220;Manual del usuario conciso de Microsoft MS-DOS (6.22)&#8221;<br>* Libro &#8220;Windows 3.1&#8221; (Juli\u00e1n Mart\u00ednez Valero y Pablo J. Garc\u00eda)<br>* Libro &#8220;Windows 95&#8221; (Miguel Pardo Niebla)<br>* Libro &#8220;Introducci\u00f3n Windows 98&#8221;<br>* Folleto Microsoft Windows XP Home Edition<\/td><\/tr><tr><td>* Programa Maple 12<br>* Programa Allfusion<br>* Programa ArcGis 9<br>* Programa AutoCAD 14<br>* Programa Statistica 10.0<br>* Programa MATLAB &amp; Simulink R2008b<br>* Programa Dreamweaver DS4<br>* Programa Autodesk 3DS MAX 9<br>* Programa Spanish Assistant (traductor ingl\u00e9s-espa\u00f1ol)<br>* Programa Adobe Illustrator 5.5<br>* Programa Adobe Photoshop 3.0<br>* Programa CorelDRAW 10 graphics suite edici\u00f3n acad\u00e9mica<br>* Revista &#8220;Autocad Magazine&#8221; (n\u00famero 6, noviembre\/diciembre 1990)<\/td><\/tr><\/tbody><\/table><\/figure>\n\n\n\n<figure class=\"wp-block-table\"><table class=\"has-fixed-layout\"><tbody><tr><td><a href=\"https:\/\/blogs.etsii.urjc.es\/museo\/exposicion\/vitrina-4\/\" data-type=\"page\" data-id=\"252\">Vitrina 4<\/a><\/td><td class=\"has-text-align-right\" data-align=\"right\"><a href=\"https:\/\/blogs.etsii.urjc.es\/museo\/exposicion\/vitrina-6\/\" data-type=\"page\" data-id=\"256\">Vitrina 6<\/a><\/td><\/tr><\/tbody><\/table><\/figure>\n","protected":false},"excerpt":{"rendered":"<p>Esta es la vitrina favorita para los amantes del software. Contiene objetos relacionados con la ofim\u00e1tica, las bases de datos, los antivirus, los lenguajes inform\u00e1ticos, los sistemas operativos, as\u00ed como otro software. Tambi\u00e9n hay varias cajas de videojuegos para PC. En la balda superior podemos ver referencias a diversas aplicaciones de ofim\u00e1tica. Para comenzar, vemos [&hellip;]<\/p>\n","protected":false},"author":12,"featured_media":0,"parent":236,"menu_order":4,"comment_status":"closed","ping_status":"closed","template":"","meta":{"site-sidebar-layout":"default","site-content-layout":"","ast-site-content-layout":"default","site-content-style":"default","site-sidebar-style":"default","ast-global-header-display":"","ast-banner-title-visibility":"","ast-main-header-display":"","ast-hfb-above-header-display":"","ast-hfb-below-header-display":"","ast-hfb-mobile-header-display":"","site-post-title":"","ast-breadcrumbs-content":"","ast-featured-img":"","footer-sml-layout":"","ast-disable-related-posts":"","theme-transparent-header-meta":"","adv-header-id-meta":"","stick-header-meta":"","header-above-stick-meta":"","header-main-stick-meta":"","header-below-stick-meta":"","astra-migrate-meta-layouts":"default","ast-page-background-enabled":"default","ast-page-background-meta":{"desktop":{"background-color":"var(--ast-global-color-4)","background-image":"","background-repeat":"repeat","background-position":"center center","background-size":"auto","background-attachment":"scroll","background-type":"","background-media":"","overlay-type":"","overlay-color":"","overlay-opacity":"","overlay-gradient":""},"tablet":{"background-color":"","background-image":"","background-repeat":"repeat","background-position":"center center","background-size":"auto","background-attachment":"scroll","background-type":"","background-media":"","overlay-type":"","overlay-color":"","overlay-opacity":"","overlay-gradient":""},"mobile":{"background-color":"","background-image":"","background-repeat":"repeat","background-position":"center center","background-size":"auto","background-attachment":"scroll","background-type":"","background-media":"","overlay-type":"","overlay-color":"","overlay-opacity":"","overlay-gradient":""}},"ast-content-background-meta":{"desktop":{"background-color":"var(--ast-global-color-5)","background-image":"","background-repeat":"repeat","background-position":"center center","background-size":"auto","background-attachment":"scroll","background-type":"","background-media":"","overlay-type":"","overlay-color":"","overlay-opacity":"","overlay-gradient":""},"tablet":{"background-color":"var(--ast-global-color-5)","background-image":"","background-repeat":"repeat","background-position":"center center","background-size":"auto","background-attachment":"scroll","background-type":"","background-media":"","overlay-type":"","overlay-color":"","overlay-opacity":"","overlay-gradient":""},"mobile":{"background-color":"var(--ast-global-color-5)","background-image":"","background-repeat":"repeat","background-position":"center center","background-size":"auto","background-attachment":"scroll","background-type":"","background-media":"","overlay-type":"","overlay-color":"","overlay-opacity":"","overlay-gradient":""}},"footnotes":""},"class_list":["post-254","page","type-page","status-publish","hentry"],"_links":{"self":[{"href":"https:\/\/blogs.etsii.urjc.es\/museo\/wp-json\/wp\/v2\/pages\/254","targetHints":{"allow":["GET"]}}],"collection":[{"href":"https:\/\/blogs.etsii.urjc.es\/museo\/wp-json\/wp\/v2\/pages"}],"about":[{"href":"https:\/\/blogs.etsii.urjc.es\/museo\/wp-json\/wp\/v2\/types\/page"}],"author":[{"embeddable":true,"href":"https:\/\/blogs.etsii.urjc.es\/museo\/wp-json\/wp\/v2\/users\/12"}],"replies":[{"embeddable":true,"href":"https:\/\/blogs.etsii.urjc.es\/museo\/wp-json\/wp\/v2\/comments?post=254"}],"version-history":[{"count":24,"href":"https:\/\/blogs.etsii.urjc.es\/museo\/wp-json\/wp\/v2\/pages\/254\/revisions"}],"predecessor-version":[{"id":1307,"href":"https:\/\/blogs.etsii.urjc.es\/museo\/wp-json\/wp\/v2\/pages\/254\/revisions\/1307"}],"up":[{"embeddable":true,"href":"https:\/\/blogs.etsii.urjc.es\/museo\/wp-json\/wp\/v2\/pages\/236"}],"wp:attachment":[{"href":"https:\/\/blogs.etsii.urjc.es\/museo\/wp-json\/wp\/v2\/media?parent=254"}],"curies":[{"name":"wp","href":"https:\/\/api.w.org\/{rel}","templated":true}]}}