{"id":258,"date":"2023-10-24T11:25:26","date_gmt":"2023-10-24T09:25:26","guid":{"rendered":"https:\/\/blogs.etsii.urjc.es\/museo\/?page_id=258"},"modified":"2025-04-01T11:16:52","modified_gmt":"2025-04-01T09:16:52","slug":"vitrina-7","status":"publish","type":"page","link":"https:\/\/blogs.etsii.urjc.es\/museo\/exposicion\/vitrina-7\/","title":{"rendered":"Vitrina 7"},"content":{"rendered":"\n<p>En esta vitrina encontrar\u00e1s diversos tel\u00e9fonos y agendas PDA, calculadoras, m\u00f3dems y otros elementos para conectarte a internet. Tambi\u00e9n hay un par de estaciones de trabajo Silicon Graphics, as\u00ed como el &#8220;Paquito&#8221;, un peculiar ordenador para internet de finales de los a\u00f1os 90.<\/p>\n\n\n\n<figure class=\"wp-block-image aligncenter size-large\"><img loading=\"lazy\" decoding=\"async\" width=\"575\" height=\"1024\" src=\"https:\/\/blogs.etsii.urjc.es\/museo\/wp-content\/uploads\/sites\/12\/2025\/02\/vitrina7-5-575x1024.jpg\" alt=\"\" class=\"wp-image-1308\" srcset=\"https:\/\/blogs.etsii.urjc.es\/museo\/wp-content\/uploads\/sites\/12\/2025\/02\/vitrina7-5-575x1024.jpg 575w, https:\/\/blogs.etsii.urjc.es\/museo\/wp-content\/uploads\/sites\/12\/2025\/02\/vitrina7-5-169x300.jpg 169w, https:\/\/blogs.etsii.urjc.es\/museo\/wp-content\/uploads\/sites\/12\/2025\/02\/vitrina7-5-768x1367.jpg 768w, https:\/\/blogs.etsii.urjc.es\/museo\/wp-content\/uploads\/sites\/12\/2025\/02\/vitrina7-5-863x1536.jpg 863w, https:\/\/blogs.etsii.urjc.es\/museo\/wp-content\/uploads\/sites\/12\/2025\/02\/vitrina7-5-1150x2048.jpg 1150w, https:\/\/blogs.etsii.urjc.es\/museo\/wp-content\/uploads\/sites\/12\/2025\/02\/vitrina7-5-scaled.jpg 1438w\" sizes=\"auto, (max-width: 575px) 100vw, 575px\" \/><\/figure>\n\n\n\n<hr class=\"wp-block-separator has-alpha-channel-opacity\" \/>\n\n\n\n<p>La balda superior muestra diversos objetos, aparentemente no relacionados. Para empezar, en el lado derecho de la balda, podemos contemplar diversas agendas PDA, siglas en ingl\u00e9s de &#8220;Personal Digital Assistant&#8221; o &#8220;Asistente Personal Digital&#8221;. Se trata de agendas electr\u00f3nicas, algunas montadas en su base cargadora y otras sin base, que se controlan mediante un estilo o l\u00e1piz apuntador. Permiten manejar un calendario, conectarse a Internet para responder correos y organizar la vida laboral de una manera inal\u00e1mbrica. Junto a estas agendas, encontramos el n\u00famero 1 de la revista especializada &#8220;Palmtop User&#8221;, editada en enero 2003, y que posteriormente fue renombrada como &#8220;PDA User&#8221;. Por otro lado, podemos encontrar tambi\u00e9n un walkman Aiwa (1999), un discman Sony (2000) y un reproductor MP3 (sin fecha conocida, pero en torno a la primera d\u00e9cada de los 2000). Tambi\u00e9n hay una c\u00e1mara fotogr\u00e1fica digital Canon de 4 megap\u00edxeles (2004). El resto de objetos son tel\u00e9fonos, empezando por un tel\u00e9fono fijo y luego un sinf\u00edn de m\u00f3viles de diferentes clases y tipos. Tambi\u00e9n podemos ver 3 tarjetas SIM de diversos tama\u00f1os (mini, micro y nano).<\/p>\n\n\n\n<p>Hemos querido mostrar la convergencia de todos estos productos (agenda, reproductor de m\u00fasica, c\u00e1mara de fotos y tel\u00e9fono) hacia un <em>smartphone<\/em> o tel\u00e9fono inteligente, que no es otra cosa que un ordenador de bolsillo. Nuestros m\u00f3viles de hoy en d\u00eda hacen de todo y quiz\u00e1 para lo que menos los usamos es para realizar llamadas.<\/p>\n\n\n\n<figure class=\"wp-block-image aligncenter size-large\"><img loading=\"lazy\" decoding=\"async\" width=\"1024\" height=\"575\" src=\"https:\/\/blogs.etsii.urjc.es\/museo\/wp-content\/uploads\/sites\/12\/2025\/02\/vitrina7-1-1024x575.jpg\" alt=\"\" class=\"wp-image-1268\" srcset=\"https:\/\/blogs.etsii.urjc.es\/museo\/wp-content\/uploads\/sites\/12\/2025\/02\/vitrina7-1-1024x575.jpg 1024w, https:\/\/blogs.etsii.urjc.es\/museo\/wp-content\/uploads\/sites\/12\/2025\/02\/vitrina7-1-300x169.jpg 300w, https:\/\/blogs.etsii.urjc.es\/museo\/wp-content\/uploads\/sites\/12\/2025\/02\/vitrina7-1-768x431.jpg 768w, https:\/\/blogs.etsii.urjc.es\/museo\/wp-content\/uploads\/sites\/12\/2025\/02\/vitrina7-1-1536x863.jpg 1536w, https:\/\/blogs.etsii.urjc.es\/museo\/wp-content\/uploads\/sites\/12\/2025\/02\/vitrina7-1-2048x1150.jpg 2048w\" sizes=\"auto, (max-width: 1024px) 100vw, 1024px\" \/><\/figure>\n\n\n\n<hr class=\"wp-block-separator has-alpha-channel-opacity\" \/>\n\n\n\n<p>La segunda balda por arriba es nuestro homenaje al mundo de las Matem\u00e1ticas y de las t\u00e9cnicas de c\u00e1lculo. Podemos destacar, al fondo a la izquierda, un \u00e1baco chino o &#8220;suanp\u00e1n&#8221;. El \u00e1baco es un instrumento de gran antig\u00fcedad. La primera menci\u00f3n a un \u00e1baco en China data del siglo II a. C., si bien se cree que no fue inventado all\u00ed y que los sumerios ya lo usaban en el tercer milenio a. C. La versi\u00f3n china que aqu\u00ed mostramos consta de una serie de varillas con cuentas, 5 por un lado y 2 por otro. Las cuentas del grupo de 5 pueden desplazarse de un extremo a otro de las varillas para indicar los n\u00fameros del 1 al 5, mientras que las cuentas agrupadas de dos en dos valen por 5. Cada varilla representa un d\u00edgito: unidades, decenas, centenas, etc. Mediante reglas de manipulaci\u00f3n sencillas, se pueden realizar c\u00e1lculos aritm\u00e9ticos bastante complicados con el \u00e1baco.<\/p>\n\n\n\n<p>Al fondo de la vitrina, en la parte central, tenemos otras dos agendas electr\u00f3nicas, de formato plegable, con teclado y pantalla de cristal l\u00edquido. Las hemos colocado aqu\u00ed y no en la balda superior porque parecen m\u00e1s bien calculadoras en vez de PDA.<\/p>\n\n\n\n<p>Al fondo a la derecha, tenemos un objeto muy interesante. Se trata de una calculadora Casio Personal Computer PB-700 conectada a un Casio Personal Computer FA-10 (1984). Dicho de otro modo, es una calculadora que se ha acoplado a un m\u00f3dulo que integra una impresora. Junto al \u00e1baco hay una calculadora m\u00e1s peque\u00f1a de la misma clase, el modelo PB-100.<\/p>\n\n\n\n<p>El resto de componentes de la balda son calculadoras de todo tipo, desde las m\u00e1s sencillas con las operaciones elementales, pasando por un conversor autom\u00e1tico de pesetas a euros o una tabla-calculadora, hasta otras de tipo cient\u00edfico. Podemos destacar la calculadora HP-34C de 1979 (en primer plano, en el centro de la balda).<\/p>\n\n\n\n<p>Finalmente, en el lado derecho, podemos encontrar dos libros de tablas matem\u00e1ticas. Por un lado, tenemos un libro de logaritmos y funciones trigonom\u00e9tricas de 1964. Por otro, encontramos un ejemplar de las tablas matem\u00e1ticas de 4 d\u00edgitos de Bradis (edici\u00f3n de 1988), escrito en ruso y muy usado en la Uni\u00f3n Sovi\u00e9tica.<\/p>\n\n\n\n<figure class=\"wp-block-image aligncenter size-large\"><img loading=\"lazy\" decoding=\"async\" width=\"1024\" height=\"575\" src=\"https:\/\/blogs.etsii.urjc.es\/museo\/wp-content\/uploads\/sites\/12\/2025\/02\/vitrina7-2-1024x575.jpg\" alt=\"\" class=\"wp-image-1269\" srcset=\"https:\/\/blogs.etsii.urjc.es\/museo\/wp-content\/uploads\/sites\/12\/2025\/02\/vitrina7-2-1024x575.jpg 1024w, https:\/\/blogs.etsii.urjc.es\/museo\/wp-content\/uploads\/sites\/12\/2025\/02\/vitrina7-2-300x169.jpg 300w, https:\/\/blogs.etsii.urjc.es\/museo\/wp-content\/uploads\/sites\/12\/2025\/02\/vitrina7-2-768x431.jpg 768w, https:\/\/blogs.etsii.urjc.es\/museo\/wp-content\/uploads\/sites\/12\/2025\/02\/vitrina7-2-1536x863.jpg 1536w, https:\/\/blogs.etsii.urjc.es\/museo\/wp-content\/uploads\/sites\/12\/2025\/02\/vitrina7-2-2048x1150.jpg 2048w\" sizes=\"auto, (max-width: 1024px) 100vw, 1024px\" \/><\/figure>\n\n\n\n<hr class=\"wp-block-separator has-alpha-channel-opacity\" \/>\n\n\n\n<p>La segunda balda por abajo nos adentra en el mundo de las redes de computadores e Internet. Para empezar, a la izquierda de la balda, podemos encontrar un tel\u00e9fono cl\u00e1sico de ruleta con un acoplador ac\u00fastico Epson CX-2. Mediante este acoplador, se pod\u00edan enviar o recibir se\u00f1ales sonoras generadas por ordenador a trav\u00e9s de la red telef\u00f3nica.<\/p>\n\n\n\n<p>A su lado, podemos ver diversos m\u00f3dems de tama\u00f1os y velocidades de transmisi\u00f3n diferentes, desde el &#8220;gigante&#8221; Case Communications 400\/24+ hasta un par de m\u00f3dems inal\u00e1mbricos para uso en ordenadores port\u00e1til. En la derecha de la vitrina encontramos un router ADSL de Telef\u00f3nica de 2004.<\/p>\n\n\n\n<p>En la esquina del fondo a la derecha hemos expuesto el ejemplar n\u00famero 1 de la revista &#8220;Netman\u00ed@&#8221; (1996), abierto en un art\u00edculo sobre &#8220;Infov\u00eda&#8221;, una red de Telef\u00f3nica paralela a Internet que estuvo en vigor de 1995 a 1998 y que era el sucesor de Ibertex.<\/p>\n\n\n\n<p>Para terminar esta balda, en el lado derecho, podemos ver una serie de CD-ROM de conexi\u00f3n a Internet y de oferta de tarifa plana de finales de la d\u00e9cada de 1990 o principios de los a\u00f1os 2000. Proceden de la \u00e9poca del fin del monopolio de Telef\u00f3nica como proveedor de Internet, de tal forma que proliferaron un sinf\u00edn de compa\u00f1\u00edas a la caza de usuarios en la denominada burbuja punto com, la mayor\u00eda hoy desaparecidas. Podemos encontrar a EresMas, Jazztel, Ya.com, MundoFree, Wanadoo, Uni2, Inicia, Jumpy, Alehop, Navegalia&#8230;<\/p>\n\n\n\n<figure class=\"wp-block-image aligncenter size-large\"><img loading=\"lazy\" decoding=\"async\" width=\"1024\" height=\"575\" src=\"https:\/\/blogs.etsii.urjc.es\/museo\/wp-content\/uploads\/sites\/12\/2025\/02\/vitrina7-3-1024x575.jpg\" alt=\"\" class=\"wp-image-1270\" srcset=\"https:\/\/blogs.etsii.urjc.es\/museo\/wp-content\/uploads\/sites\/12\/2025\/02\/vitrina7-3-1024x575.jpg 1024w, https:\/\/blogs.etsii.urjc.es\/museo\/wp-content\/uploads\/sites\/12\/2025\/02\/vitrina7-3-300x169.jpg 300w, https:\/\/blogs.etsii.urjc.es\/museo\/wp-content\/uploads\/sites\/12\/2025\/02\/vitrina7-3-768x431.jpg 768w, https:\/\/blogs.etsii.urjc.es\/museo\/wp-content\/uploads\/sites\/12\/2025\/02\/vitrina7-3-1536x863.jpg 1536w, https:\/\/blogs.etsii.urjc.es\/museo\/wp-content\/uploads\/sites\/12\/2025\/02\/vitrina7-3-2048x1150.jpg 2048w\" sizes=\"auto, (max-width: 1024px) 100vw, 1024px\" \/><\/figure>\n\n\n\n<hr class=\"wp-block-separator has-alpha-channel-opacity\" \/>\n\n\n\n<p>Por \u00faltimo, en la balda inferior podemos encontrar tres ordenadores de caracter\u00edsticas muy dispares. A la izquierda, encontramos dos estaciones de trabajo de Silicon Graphics, una Octane azul-verdosa de 1997 y una O2 azul de 1998, con grandes capacidades de c\u00f3mputo y basadas en un procesador MIPS. <\/p>\n\n\n\n<p>En el lado derecho de la balda, mostramos un Intel Dot.Station 2300, un terminal para Internet de 2001 que puede llamarse &#8220;ordenador&#8221; con dificultad por sus escasas capacidades (bien podr\u00eda llamarse de <a href=\"https:\/\/www.xataka.com\/historia-tecnologica\/historia-paquito-pc-tonto-intel-que-fracaso-estrepitosamente-espana-1\" target=\"_blank\" rel=\"noreferrer noopener\">PC tonto<\/a>). El 2300 se cre\u00f3 inspir\u00e1ndose en el iMac de Apple (ver <a href=\"https:\/\/blogs.etsii.urjc.es\/museo\/exposicion\/vitrina-8\/\" data-type=\"page\" data-id=\"260\">siguiente vitrina<\/a>), caracterizado por su forma redondeada y que usaba el sistema operativo Macintosh. Es por eso que de forma castiza empez\u00f3 a llamarse al 2300 como el <a href=\"https:\/\/blogs.etsii.urjc.es\/museo\/historia\/paquito-furor-terminales-internet\/\" data-type=\"post\" data-id=\"1512\">&#8220;Paquito&#8221;<\/a> (mismas s\u00edlabas y vocales que Macintosh, pero pronunciado a la espa\u00f1ola). Sin embargo, el dise\u00f1o del 2300 era cerrado y muy limitado: solo dispon\u00eda de 64 MB de memoria RAM, el software no pod\u00eda actualizarse ni se pod\u00edan instalar nuevos programas, solo serv\u00eda para conectarse a internet, ver fotos y poco m\u00e1s. Como curiosidad, tambi\u00e9n pod\u00eda realizar llamadas telef\u00f3nicas, como puede comprobarse con el auricular que descansa en la parte superior. Este producto fue ofrecido a los clientes del por aquel entonces denominado Banco Santander Central Hispano, clientes que lo rechazaron sabiamente al tratarse m\u00e1s bien de un subordenador.<\/p>\n\n\n\n<figure class=\"wp-block-image aligncenter size-large\"><img loading=\"lazy\" decoding=\"async\" width=\"1024\" height=\"575\" src=\"https:\/\/blogs.etsii.urjc.es\/museo\/wp-content\/uploads\/sites\/12\/2025\/02\/vitrina7-4-1024x575.jpg\" alt=\"\" class=\"wp-image-1272\" srcset=\"https:\/\/blogs.etsii.urjc.es\/museo\/wp-content\/uploads\/sites\/12\/2025\/02\/vitrina7-4-1024x575.jpg 1024w, https:\/\/blogs.etsii.urjc.es\/museo\/wp-content\/uploads\/sites\/12\/2025\/02\/vitrina7-4-300x169.jpg 300w, https:\/\/blogs.etsii.urjc.es\/museo\/wp-content\/uploads\/sites\/12\/2025\/02\/vitrina7-4-768x431.jpg 768w, https:\/\/blogs.etsii.urjc.es\/museo\/wp-content\/uploads\/sites\/12\/2025\/02\/vitrina7-4-1536x863.jpg 1536w, https:\/\/blogs.etsii.urjc.es\/museo\/wp-content\/uploads\/sites\/12\/2025\/02\/vitrina7-4-2048x1150.jpg 2048w\" sizes=\"auto, (max-width: 1024px) 100vw, 1024px\" \/><\/figure>\n\n\n\n<hr class=\"wp-block-separator has-alpha-channel-opacity\" \/>\n\n\n\n<p>A continuaci\u00f3n, listamos el contenido detallado de cada una de las baldas de esta vitrina:<\/p>\n\n\n\n<figure class=\"wp-block-table\"><table class=\"has-fixed-layout\"><tbody><tr><td>* C\u00e1mara digital de fotos Canon PowerShot A520<br>* Walkman Aiwa HS-TX596<br>* Discman Sony D-E201<br>* Reproductor de m\u00fasica MP3\/MP4<br>* Tel\u00e9fono fijo Cisco CP-3905<br>* Tel\u00e9fono m\u00f3vil Sony Ericsson T230<br>* Tel\u00e9fono m\u00f3vil Siemens S45<br>* Tel\u00e9fono m\u00f3vil Nokia 7250i<br>* Tel\u00e9fono m\u00f3vil Nokia 6234<br>* Tel\u00e9fono m\u00f3vil Nokia E65<br>* Tel\u00e9fono m\u00f3vil Nokia N85<br>* Tel\u00e9fono m\u00f3vil Nokia C5<br>* Tel\u00e9fono m\u00f3vil Huawei P8 lite<br>* 3 tarjetas SIM de diferentes tama\u00f1os (la verde es de la empresa Amena, de primeros de los a\u00f1os 2000, y las otras dos son de Orange)<br>* PDA Palm Zire 71, con un estilo<br>* PDA HP iPAQ X09-50650, con un estilo<br>* PDA Pocket PC Dell Axim, montada en su base<br>* PDA Compaq iPAQ Pocket PC, montada en su base<br>* PDA HP iPAQ rx3000, montada en su base<br>* PDA Pocket PC LOOX de Fujitsu, montada en su base<br>* PDA palmOne Treo 650<br>* Revista &#8220;Palmtop User &#8211; La revista especializada en PDA&#8217;s y comunicadores&#8221; (n\u00famero 1, enero 2003)<\/td><\/tr><tr><td>* \u00c1baco chino (suanpan)<br>* Libro &#8220;Tabla de los logaritmos vulgares y de las l\u00edneas trigonom\u00e9tricas&#8221; (1964)<br>* Libro &#8220;Tablas matem\u00e1ticas de 4 d\u00edgitos de Bradis&#8221; (en ruso)<br>* Calculadora HP-34C<br>* Calculadora Casio Personal Computer PB-100<br>* Calculadora Casio Personal Computer PB-700 conectada a un Casio Personal Computer FA-10<br>* Sharp ZQ-3250 Electronic Organizer 64 kB<br>* Digital Diary calculadora Casio SF-4100<br>* Calculadora Texas Instruments SuperView \u20ac-2004<br>* Calculadora Casio fx-570S-W<br>* Calculadora Casio fx-82SX<br>* Calculadora Casio fx-82C<br>* Calculadora Casio M-1<br>* Calculadora Casio fx-31<br>* Calculadora Casio DC-160 con funda<br>* Calculadora regla Co-Diovan 320<br>* Calculadora Super Mini Ballpen SHH VAS 840<br>* Calculadora conversora euros-pesetas<\/td><\/tr><tr><td>* Tel\u00e9fono de ruleta con el auricular montado en el acoplador ac\u00fastico Epson CX-2<br>* M\u00f3dem Microv32B 14,4 kbps<br>* M\u00f3dem OvisLink 56 kbps<br>* M\u00f3dem Case Communications 400\/24+<br>* M\u00f3dem US Robotics Sportster Flash<br>* Ericsson Mobile Office GC25 GSM Data Card<br>* Tarjeta OfficeConnect Wireless 11g Access Point<br>* Manual de Amaris Ibertex Teleline<br>* Router ADSL USB de Telef\u00f3nica, con manual &#8220;L\u00ednea ADSL &#8211; La banda ancha de Telef\u00f3nica&#8221;<br>* Kits de conexi\u00f3n a Internet con tarifa plana de diversas compa\u00f1\u00edas (de delante hacia atr\u00e1s): Telef\u00f3nica, Wanadoo, Jazzfree, Mundofree, Alehop, Eres M\u00e1s, Uni2, Jumpy, Inicia, Navegalia, Iber Explorer, Eres M\u00e1s, Ya.com<br>* Revista &#8220;Netman\u00ed@&#8221; (n\u00famero 1, 1996), abierta por un art\u00edculo sobre &#8220;Infov\u00eda&#8221;<br>* InterGu\u00eda &#8211; gu\u00eda actualizada, ordenada por temas con m\u00e1s de 500 direcciones Web comentadas (1996)<\/td><\/tr><tr><td>* Estaci\u00f3n de trabajo Silicon Graphics O2<br>* Estaci\u00f3n de trabajo Silicon Graphics Octane<br>* Ordenador Intel Dot.Station 2300 terminal de internet, conocido coloquialmente como &#8220;Paquito&#8221;<\/td><\/tr><\/tbody><\/table><\/figure>\n\n\n\n<figure class=\"wp-block-table\"><table class=\"has-fixed-layout\"><tbody><tr><td><a href=\"https:\/\/blogs.etsii.urjc.es\/museo\/exposicion\/vitrina-6\/\" data-type=\"page\" data-id=\"256\">Vitrina 6<\/a><\/td><td class=\"has-text-align-right\" data-align=\"right\"><a href=\"https:\/\/blogs.etsii.urjc.es\/museo\/exposicion\/vitrina-8\/\" data-type=\"page\" data-id=\"260\">Vitrina 8<\/a><\/td><\/tr><\/tbody><\/table><\/figure>\n","protected":false},"excerpt":{"rendered":"<p>En esta vitrina encontrar\u00e1s diversos tel\u00e9fonos y agendas PDA, calculadoras, m\u00f3dems y otros elementos para conectarte a internet. Tambi\u00e9n hay un par de estaciones de trabajo Silicon Graphics, as\u00ed como el &#8220;Paquito&#8221;, un peculiar ordenador para internet de finales de los a\u00f1os 90. La balda superior muestra diversos objetos, aparentemente no relacionados. Para empezar, en [&hellip;]<\/p>\n","protected":false},"author":12,"featured_media":0,"parent":236,"menu_order":6,"comment_status":"closed","ping_status":"closed","template":"","meta":{"site-sidebar-layout":"default","site-content-layout":"","ast-site-content-layout":"default","site-content-style":"default","site-sidebar-style":"default","ast-global-header-display":"","ast-banner-title-visibility":"","ast-main-header-display":"","ast-hfb-above-header-display":"","ast-hfb-below-header-display":"","ast-hfb-mobile-header-display":"","site-post-title":"","ast-breadcrumbs-content":"","ast-featured-img":"","footer-sml-layout":"","ast-disable-related-posts":"","theme-transparent-header-meta":"","adv-header-id-meta":"","stick-header-meta":"","header-above-stick-meta":"","header-main-stick-meta":"","header-below-stick-meta":"","astra-migrate-meta-layouts":"default","ast-page-background-enabled":"default","ast-page-background-meta":{"desktop":{"background-color":"var(--ast-global-color-4)","background-image":"","background-repeat":"repeat","background-position":"center center","background-size":"auto","background-attachment":"scroll","background-type":"","background-media":"","overlay-type":"","overlay-color":"","overlay-opacity":"","overlay-gradient":""},"tablet":{"background-color":"","background-image":"","background-repeat":"repeat","background-position":"center center","background-size":"auto","background-attachment":"scroll","background-type":"","background-media":"","overlay-type":"","overlay-color":"","overlay-opacity":"","overlay-gradient":""},"mobile":{"background-color":"","background-image":"","background-repeat":"repeat","background-position":"center center","background-size":"auto","background-attachment":"scroll","background-type":"","background-media":"","overlay-type":"","overlay-color":"","overlay-opacity":"","overlay-gradient":""}},"ast-content-background-meta":{"desktop":{"background-color":"var(--ast-global-color-5)","background-image":"","background-repeat":"repeat","background-position":"center center","background-size":"auto","background-attachment":"scroll","background-type":"","background-media":"","overlay-type":"","overlay-color":"","overlay-opacity":"","overlay-gradient":""},"tablet":{"background-color":"var(--ast-global-color-5)","background-image":"","background-repeat":"repeat","background-position":"center center","background-size":"auto","background-attachment":"scroll","background-type":"","background-media":"","overlay-type":"","overlay-color":"","overlay-opacity":"","overlay-gradient":""},"mobile":{"background-color":"var(--ast-global-color-5)","background-image":"","background-repeat":"repeat","background-position":"center center","background-size":"auto","background-attachment":"scroll","background-type":"","background-media":"","overlay-type":"","overlay-color":"","overlay-opacity":"","overlay-gradient":""}},"footnotes":""},"class_list":["post-258","page","type-page","status-publish","hentry"],"_links":{"self":[{"href":"https:\/\/blogs.etsii.urjc.es\/museo\/wp-json\/wp\/v2\/pages\/258","targetHints":{"allow":["GET"]}}],"collection":[{"href":"https:\/\/blogs.etsii.urjc.es\/museo\/wp-json\/wp\/v2\/pages"}],"about":[{"href":"https:\/\/blogs.etsii.urjc.es\/museo\/wp-json\/wp\/v2\/types\/page"}],"author":[{"embeddable":true,"href":"https:\/\/blogs.etsii.urjc.es\/museo\/wp-json\/wp\/v2\/users\/12"}],"replies":[{"embeddable":true,"href":"https:\/\/blogs.etsii.urjc.es\/museo\/wp-json\/wp\/v2\/comments?post=258"}],"version-history":[{"count":31,"href":"https:\/\/blogs.etsii.urjc.es\/museo\/wp-json\/wp\/v2\/pages\/258\/revisions"}],"predecessor-version":[{"id":1549,"href":"https:\/\/blogs.etsii.urjc.es\/museo\/wp-json\/wp\/v2\/pages\/258\/revisions\/1549"}],"up":[{"embeddable":true,"href":"https:\/\/blogs.etsii.urjc.es\/museo\/wp-json\/wp\/v2\/pages\/236"}],"wp:attachment":[{"href":"https:\/\/blogs.etsii.urjc.es\/museo\/wp-json\/wp\/v2\/media?parent=258"}],"curies":[{"name":"wp","href":"https:\/\/api.w.org\/{rel}","templated":true}]}}