{"id":260,"date":"2023-10-24T11:25:46","date_gmt":"2023-10-24T09:25:46","guid":{"rendered":"https:\/\/blogs.etsii.urjc.es\/museo\/?page_id=260"},"modified":"2025-02-26T17:27:11","modified_gmt":"2025-02-26T16:27:11","slug":"vitrina-8","status":"publish","type":"page","link":"https:\/\/blogs.etsii.urjc.es\/museo\/exposicion\/vitrina-8\/","title":{"rendered":"Vitrina 8"},"content":{"rendered":"\n<p>En esta \u00faltima vitrina hay un terminal tonto, un casco de realidad virtual, varios port\u00e1tiles de Apple de diferentes \u00e9pocas y un par de vistosos ordenadores Apple (un eMac y un iMac).<\/p>\n\n\n\n<figure class=\"wp-block-image aligncenter size-large\"><img loading=\"lazy\" decoding=\"async\" width=\"575\" height=\"1024\" src=\"https:\/\/blogs.etsii.urjc.es\/museo\/wp-content\/uploads\/sites\/12\/2025\/02\/vitrina8-5-575x1024.jpg\" alt=\"\" class=\"wp-image-1310\" srcset=\"https:\/\/blogs.etsii.urjc.es\/museo\/wp-content\/uploads\/sites\/12\/2025\/02\/vitrina8-5-575x1024.jpg 575w, https:\/\/blogs.etsii.urjc.es\/museo\/wp-content\/uploads\/sites\/12\/2025\/02\/vitrina8-5-169x300.jpg 169w, https:\/\/blogs.etsii.urjc.es\/museo\/wp-content\/uploads\/sites\/12\/2025\/02\/vitrina8-5-768x1367.jpg 768w, https:\/\/blogs.etsii.urjc.es\/museo\/wp-content\/uploads\/sites\/12\/2025\/02\/vitrina8-5-863x1536.jpg 863w, https:\/\/blogs.etsii.urjc.es\/museo\/wp-content\/uploads\/sites\/12\/2025\/02\/vitrina8-5-1150x2048.jpg 1150w, https:\/\/blogs.etsii.urjc.es\/museo\/wp-content\/uploads\/sites\/12\/2025\/02\/vitrina8-5-scaled.jpg 1438w\" sizes=\"auto, (max-width: 575px) 100vw, 575px\" \/><\/figure>\n\n\n\n<hr class=\"wp-block-separator has-alpha-channel-opacity\" \/>\n\n\n\n<p>Para empezar, en la balda superior tenemos lo que se denomina un terminal tonto (o una terminal tonta, como se prefiera). Cuando antiguamente no estaban tan extendidos los ordenadores, muchas veces era necesario acudir a un centro de c\u00e1lculo para tener acceso a uno. En estos sitios, cada puesto consist\u00eda en una pantalla y un teclado (el terminal), que era denominado &#8220;tonto&#8221; porque la capacidad de c\u00f3mputo radicaba en un gran computador central al que se conectaba por red. Mediante el terminal, de manera remota, pod\u00edas utilizar programas, acceder a bases de datos o mostrar resultados por pantalla, sin necesidad de disponer de un procesador <em>in situ<\/em>. Este terminal tonto que mostramos aqu\u00ed es de la empresa Digital, modelo VT320-C3, y data de 1989.<\/p>\n\n\n\n<figure class=\"wp-block-image aligncenter size-large\"><img loading=\"lazy\" decoding=\"async\" width=\"1024\" height=\"575\" src=\"https:\/\/blogs.etsii.urjc.es\/museo\/wp-content\/uploads\/sites\/12\/2025\/02\/vitrina8-1-1024x575.jpg\" alt=\"\" class=\"wp-image-1274\" srcset=\"https:\/\/blogs.etsii.urjc.es\/museo\/wp-content\/uploads\/sites\/12\/2025\/02\/vitrina8-1-1024x575.jpg 1024w, https:\/\/blogs.etsii.urjc.es\/museo\/wp-content\/uploads\/sites\/12\/2025\/02\/vitrina8-1-300x169.jpg 300w, https:\/\/blogs.etsii.urjc.es\/museo\/wp-content\/uploads\/sites\/12\/2025\/02\/vitrina8-1-768x431.jpg 768w, https:\/\/blogs.etsii.urjc.es\/museo\/wp-content\/uploads\/sites\/12\/2025\/02\/vitrina8-1-1536x863.jpg 1536w, https:\/\/blogs.etsii.urjc.es\/museo\/wp-content\/uploads\/sites\/12\/2025\/02\/vitrina8-1-2048x1150.jpg 2048w\" sizes=\"auto, (max-width: 1024px) 100vw, 1024px\" \/><\/figure>\n\n\n\n<hr class=\"wp-block-separator has-alpha-channel-opacity\" \/>\n\n\n\n<p>En la segunda balda desde arriba mostramos un casco de realidad virtual Cybermind de primeros de la d\u00e9cada de los 2000. Estos cascos se conectan a un ordenador, que env\u00eda las se\u00f1ales adecuadas a las pantallas que hay en las gafas del casco, de forma que cada ojo ve una imagen ligeramente diferente del mismo objeto para producir el efecto de perspectiva. Este casco tiene a juego un guante con un exoesqueleto (actualmente no expuesto por estar en pr\u00e9stamo a un docente de la URJC), que detecta la configuraci\u00f3n de los dedos de la mano (extendidos o flexionados) para el dise\u00f1o de interfaces persona-ordenador mediante gestos manuales.<\/p>\n\n\n\n<figure class=\"wp-block-image aligncenter size-large\"><img loading=\"lazy\" decoding=\"async\" width=\"1024\" height=\"575\" src=\"https:\/\/blogs.etsii.urjc.es\/museo\/wp-content\/uploads\/sites\/12\/2025\/02\/vitrina8-2-1024x575.jpg\" alt=\"\" class=\"wp-image-1275\" srcset=\"https:\/\/blogs.etsii.urjc.es\/museo\/wp-content\/uploads\/sites\/12\/2025\/02\/vitrina8-2-1024x575.jpg 1024w, https:\/\/blogs.etsii.urjc.es\/museo\/wp-content\/uploads\/sites\/12\/2025\/02\/vitrina8-2-300x169.jpg 300w, https:\/\/blogs.etsii.urjc.es\/museo\/wp-content\/uploads\/sites\/12\/2025\/02\/vitrina8-2-768x431.jpg 768w, https:\/\/blogs.etsii.urjc.es\/museo\/wp-content\/uploads\/sites\/12\/2025\/02\/vitrina8-2-1536x863.jpg 1536w, https:\/\/blogs.etsii.urjc.es\/museo\/wp-content\/uploads\/sites\/12\/2025\/02\/vitrina8-2-2048x1150.jpg 2048w\" sizes=\"auto, (max-width: 1024px) 100vw, 1024px\" \/><\/figure>\n\n\n\n<hr class=\"wp-block-separator has-alpha-channel-opacity\" \/>\n\n\n\n<p>La segunda balda por abajo presenta una muestra de ordenadores port\u00e1tiles de la empresa Apple (en contraposici\u00f3n a los port\u00e1tiles PC de la <a href=\"https:\/\/blogs.etsii.urjc.es\/museo\/exposicion\/vitrina-4\/\" data-type=\"page\" data-id=\"252\">vitrina 4<\/a>). En concreto, tenemos un Macintosh PowerBook 165 de 1993 (izquierda), un iBook de 2001 (centro) y un MacBook Air de 2015 (derecha). N\u00f3tese el cambio de grosor de izquierda a derecha. Por otra parte, los dos primeros port\u00e1tiles no disponen de webcam integrada (el MabBook Air s\u00ed). Para terminar, el PowerBook tiene una bola en vez de un panel t\u00e1ctil y, como curiosidad, tiene una configuraci\u00f3n de teclado alem\u00e1n.<\/p>\n\n\n\n<figure class=\"wp-block-image aligncenter size-large\"><img loading=\"lazy\" decoding=\"async\" width=\"1024\" height=\"575\" src=\"https:\/\/blogs.etsii.urjc.es\/museo\/wp-content\/uploads\/sites\/12\/2025\/02\/vitrina8-3-1024x575.jpg\" alt=\"\" class=\"wp-image-1276\" srcset=\"https:\/\/blogs.etsii.urjc.es\/museo\/wp-content\/uploads\/sites\/12\/2025\/02\/vitrina8-3-1024x575.jpg 1024w, https:\/\/blogs.etsii.urjc.es\/museo\/wp-content\/uploads\/sites\/12\/2025\/02\/vitrina8-3-300x169.jpg 300w, https:\/\/blogs.etsii.urjc.es\/museo\/wp-content\/uploads\/sites\/12\/2025\/02\/vitrina8-3-768x431.jpg 768w, https:\/\/blogs.etsii.urjc.es\/museo\/wp-content\/uploads\/sites\/12\/2025\/02\/vitrina8-3-1536x863.jpg 1536w, https:\/\/blogs.etsii.urjc.es\/museo\/wp-content\/uploads\/sites\/12\/2025\/02\/vitrina8-3-2048x1150.jpg 2048w\" sizes=\"auto, (max-width: 1024px) 100vw, 1024px\" \/><\/figure>\n\n\n\n<hr class=\"wp-block-separator has-alpha-channel-opacity\" \/>\n\n\n\n<p>Finalmente, en la banda inferior hay dos ejemplos de ordenadores integrados de Apple, es decir, la circuiter\u00eda del procesador va incluida en el monitor y solo les falta el teclado y el rat\u00f3n para funcionar, sin necesidad de torre. Por un lado, tenemos un eMac de color blanco del a\u00f1o 2002 (izquierda). Por otro lado, podemos encontrar un <a href=\"https:\/\/blogs.etsii.urjc.es\/museo\/historia\/imac-g3-gran-triunfo-de-apple\/\" data-type=\"post\" data-id=\"681\">iMac<\/a> rojo del a\u00f1o 2000 (derecha), que destaca por tener un lector de CD-ROM en la parte frontal. Dentro de los fondos de nuestro Museo disponemos tambi\u00e9n de las versiones verde y azul del iMac, pero no las exponemos por falta de espacio (esperamos poder hacerlo en el futuro). Estos ordenadores destacan por su gran capacidad de c\u00f3mputo y sus buenos gr\u00e1ficos, as\u00ed como su dise\u00f1o redondeado y elegante, en contraste con el &#8220;Paquito&#8221; que mencionamos en la <a href=\"https:\/\/blogs.etsii.urjc.es\/museo\/exposicion\/vitrina-7\/\" data-type=\"page\" data-id=\"258\">vitrina anterior<\/a>.<\/p>\n\n\n\n<figure class=\"wp-block-image aligncenter size-large\"><img loading=\"lazy\" decoding=\"async\" width=\"1024\" height=\"575\" src=\"https:\/\/blogs.etsii.urjc.es\/museo\/wp-content\/uploads\/sites\/12\/2025\/02\/vitrina8-4-1024x575.jpg\" alt=\"\" class=\"wp-image-1278\" srcset=\"https:\/\/blogs.etsii.urjc.es\/museo\/wp-content\/uploads\/sites\/12\/2025\/02\/vitrina8-4-1024x575.jpg 1024w, https:\/\/blogs.etsii.urjc.es\/museo\/wp-content\/uploads\/sites\/12\/2025\/02\/vitrina8-4-300x169.jpg 300w, https:\/\/blogs.etsii.urjc.es\/museo\/wp-content\/uploads\/sites\/12\/2025\/02\/vitrina8-4-768x431.jpg 768w, https:\/\/blogs.etsii.urjc.es\/museo\/wp-content\/uploads\/sites\/12\/2025\/02\/vitrina8-4-1536x863.jpg 1536w, https:\/\/blogs.etsii.urjc.es\/museo\/wp-content\/uploads\/sites\/12\/2025\/02\/vitrina8-4-2048x1150.jpg 2048w\" sizes=\"auto, (max-width: 1024px) 100vw, 1024px\" \/><\/figure>\n\n\n\n<hr class=\"wp-block-separator has-alpha-channel-opacity\" \/>\n\n\n\n<p>A continuaci\u00f3n, listamos el contenido detallado de cada una de las baldas de esta vitrina:<\/p>\n\n\n\n<figure class=\"wp-block-table\"><table class=\"has-fixed-layout\"><tbody><tr><td>* Terminal tonto (pantalla y teclado conectado en remoto a otro ordenador) de Digital, modelo VT320-C3<\/td><\/tr><tr><td>* Casco de realidad virtual Cybermind hi-Res800<\/td><\/tr><tr><td>* Port\u00e1til Apple Macintosh PowerBook 165<br>* Port\u00e1til Apple iBook M6497<br>* Port\u00e1til Apple MacBook Air <\/td><\/tr><tr><td>* Ordenador Apple eMac blanco<br>* Ordenador Apple iMac rojo<\/td><\/tr><\/tbody><\/table><\/figure>\n\n\n\n<figure class=\"wp-block-table\"><table class=\"has-fixed-layout\"><tbody><tr><td><a href=\"https:\/\/blogs.etsii.urjc.es\/museo\/exposicion\/vitrina-7\/\" data-type=\"page\" data-id=\"258\">Vitrina 7<\/a><\/td><td><\/td><\/tr><\/tbody><\/table><\/figure>\n","protected":false},"excerpt":{"rendered":"<p>En esta \u00faltima vitrina hay un terminal tonto, un casco de realidad virtual, varios port\u00e1tiles de Apple de diferentes \u00e9pocas y un par de vistosos ordenadores Apple (un eMac y un iMac). Para empezar, en la balda superior tenemos lo que se denomina un terminal tonto (o una terminal tonta, como se prefiera). Cuando antiguamente [&hellip;]<\/p>\n","protected":false},"author":12,"featured_media":0,"parent":236,"menu_order":7,"comment_status":"closed","ping_status":"closed","template":"","meta":{"site-sidebar-layout":"default","site-content-layout":"","ast-site-content-layout":"default","site-content-style":"default","site-sidebar-style":"default","ast-global-header-display":"","ast-banner-title-visibility":"","ast-main-header-display":"","ast-hfb-above-header-display":"","ast-hfb-below-header-display":"","ast-hfb-mobile-header-display":"","site-post-title":"","ast-breadcrumbs-content":"","ast-featured-img":"","footer-sml-layout":"","ast-disable-related-posts":"","theme-transparent-header-meta":"","adv-header-id-meta":"","stick-header-meta":"","header-above-stick-meta":"","header-main-stick-meta":"","header-below-stick-meta":"","astra-migrate-meta-layouts":"default","ast-page-background-enabled":"default","ast-page-background-meta":{"desktop":{"background-color":"var(--ast-global-color-4)","background-image":"","background-repeat":"repeat","background-position":"center center","background-size":"auto","background-attachment":"scroll","background-type":"","background-media":"","overlay-type":"","overlay-color":"","overlay-opacity":"","overlay-gradient":""},"tablet":{"background-color":"","background-image":"","background-repeat":"repeat","background-position":"center center","background-size":"auto","background-attachment":"scroll","background-type":"","background-media":"","overlay-type":"","overlay-color":"","overlay-opacity":"","overlay-gradient":""},"mobile":{"background-color":"","background-image":"","background-repeat":"repeat","background-position":"center center","background-size":"auto","background-attachment":"scroll","background-type":"","background-media":"","overlay-type":"","overlay-color":"","overlay-opacity":"","overlay-gradient":""}},"ast-content-background-meta":{"desktop":{"background-color":"var(--ast-global-color-5)","background-image":"","background-repeat":"repeat","background-position":"center center","background-size":"auto","background-attachment":"scroll","background-type":"","background-media":"","overlay-type":"","overlay-color":"","overlay-opacity":"","overlay-gradient":""},"tablet":{"background-color":"var(--ast-global-color-5)","background-image":"","background-repeat":"repeat","background-position":"center center","background-size":"auto","background-attachment":"scroll","background-type":"","background-media":"","overlay-type":"","overlay-color":"","overlay-opacity":"","overlay-gradient":""},"mobile":{"background-color":"var(--ast-global-color-5)","background-image":"","background-repeat":"repeat","background-position":"center center","background-size":"auto","background-attachment":"scroll","background-type":"","background-media":"","overlay-type":"","overlay-color":"","overlay-opacity":"","overlay-gradient":""}},"footnotes":""},"class_list":["post-260","page","type-page","status-publish","hentry"],"_links":{"self":[{"href":"https:\/\/blogs.etsii.urjc.es\/museo\/wp-json\/wp\/v2\/pages\/260","targetHints":{"allow":["GET"]}}],"collection":[{"href":"https:\/\/blogs.etsii.urjc.es\/museo\/wp-json\/wp\/v2\/pages"}],"about":[{"href":"https:\/\/blogs.etsii.urjc.es\/museo\/wp-json\/wp\/v2\/types\/page"}],"author":[{"embeddable":true,"href":"https:\/\/blogs.etsii.urjc.es\/museo\/wp-json\/wp\/v2\/users\/12"}],"replies":[{"embeddable":true,"href":"https:\/\/blogs.etsii.urjc.es\/museo\/wp-json\/wp\/v2\/comments?post=260"}],"version-history":[{"count":16,"href":"https:\/\/blogs.etsii.urjc.es\/museo\/wp-json\/wp\/v2\/pages\/260\/revisions"}],"predecessor-version":[{"id":1311,"href":"https:\/\/blogs.etsii.urjc.es\/museo\/wp-json\/wp\/v2\/pages\/260\/revisions\/1311"}],"up":[{"embeddable":true,"href":"https:\/\/blogs.etsii.urjc.es\/museo\/wp-json\/wp\/v2\/pages\/236"}],"wp:attachment":[{"href":"https:\/\/blogs.etsii.urjc.es\/museo\/wp-json\/wp\/v2\/media?parent=260"}],"curies":[{"name":"wp","href":"https:\/\/api.w.org\/{rel}","templated":true}]}}