{"id":48,"date":"2023-10-18T10:38:34","date_gmt":"2023-10-18T08:38:34","guid":{"rendered":"https:\/\/blogs.etsii.urjc.es\/museo\/?page_id=48"},"modified":"2026-03-27T13:05:50","modified_gmt":"2026-03-27T12:05:50","slug":"actividades","status":"publish","type":"page","link":"https:\/\/blogs.etsii.urjc.es\/museo\/actividades\/","title":{"rendered":"Actividades"},"content":{"rendered":"\n<p>En esta p\u00e1gina encontrar\u00e1s las diversas actividades de divulgaci\u00f3n que realizamos en nuestro Museo:<\/p>\n\n\n\n<ul class=\"wp-block-list\">\n<li><strong>17 de abril de 2026:<\/strong> <a href=\"https:\/\/www.urjc.es\/estudiar-en-la-urjc\/orientacion-preuniversitaria\/1898-jornadas-de-puertas-abiertas\" target=\"_blank\" rel=\"noreferrer noopener\">Nuestro Museo participar\u00e1 en la jornada de puertas abiertas para estudiantes y familias, \u00a1inscr\u00edbete!<\/a><\/li>\n\n\n\n<li><strong>20 de marzo de 2026:<\/strong> <a href=\"https:\/\/blogs.etsii.urjc.es\/museo\/actividades\/visita-guiada-para-el-ies-profesor-angel-ysern-navalcarnero\/\" data-type=\"post\" data-id=\"2152\">Visita guiada para el IES Profesor \u00c1ngel Ysern (Navalcarnero)<\/a><\/li>\n\n\n\n<li><strong>13 de marzo de 2026:<\/strong> <a href=\"https:\/\/blogs.etsii.urjc.es\/museo\/actividades\/segunda-sesion-del-programa-4-o-eso-empresa\/\" data-type=\"post\" data-id=\"2144\">Segunda sesi\u00f3n del Programa 4.\u00ba ESO + Empresa<\/a><\/li>\n\n\n\n<li><strong>6 de marzo de 2026:<\/strong> Visita guiada para el Colegio Arcadia (Villanueva de la Ca\u00f1ada), el IES Antonio Gala (M\u00f3stoles) y el Real Colegio Santa Isabel &#8211; La Asunci\u00f3n (Madrid)<\/li>\n\n\n\n<li><strong>4 de marzo de 2026:<\/strong> <a href=\"https:\/\/blogs.etsii.urjc.es\/museo\/actividades\/primera-sesion-de-la-temporada-del-programa-4-o-eso-empresa\/\" data-type=\"post\" data-id=\"2137\">Primera sesi\u00f3n de la temporada del Programa 4.\u00ba ESO + Empresa<\/a><\/li>\n\n\n\n<li><strong>20 de febrero de 2026:<\/strong> <a href=\"https:\/\/blogs.etsii.urjc.es\/museo\/actividades\/visita-guiada-para-el-ies-juan-gris-mostoles-y-las-escuelas-pias-de-san-fernando-pozuelo-de-alarcon\/\" data-type=\"post\" data-id=\"2119\">Visita guiada para el IES Juan Gris (M\u00f3stoles) y las Escuelas P\u00edas de San Fernando (Pozuelo de Alarc\u00f3n)<\/a><\/li>\n\n\n\n<li><strong>23 de enero de 2026:<\/strong> <a href=\"https:\/\/blogs.etsii.urjc.es\/museo\/actividades\/visita-guiada-para-el-ies-clara-campoamor-mostoles-y-el-ies-manuela-malasana-mostoles\/\" data-type=\"post\" data-id=\"2101\">Visita guiada para el IES Clara Campoamor (M\u00f3stoles) y el IES Manuela Malasa\u00f1a (M\u00f3stoles)<\/a><\/li>\n\n\n\n<li><strong>12 de diciembre de 2025: <\/strong><a href=\"https:\/\/blogs.etsii.urjc.es\/museo\/sin-categoria\/visita-guiada-al-museo-para-el-ies-pablo-picasso-pinto-y-el-colegio-nuestra-senora-de-la-providencia-pinto\/\" data-type=\"post\" data-id=\"1947\">Visita guiada al Museo para el IES Pablo Picasso (Pinto) y el Colegio Nuestra Se\u00f1ora de la Providencia (Pinto)<\/a><\/li>\n\n\n\n<li><strong>21 de noviembre de 2025: <\/strong><a href=\"https:\/\/blogs.etsii.urjc.es\/museo\/actividades\/hoy-nos-han-visitado-mas-de-100-estudiantes-de-bachillerato\/\" data-type=\"post\" data-id=\"2020\">Hoy nos han visitado m\u00e1s de 100 estudiantes de Bachillerato<\/a><\/li>\n\n\n\n<li><strong>7 de noviembre de 2025: <\/strong><a href=\"https:\/\/blogs.etsii.urjc.es\/museo\/actividades\/visita-guiada-al-museo-dentro-de-la-semana-de-la-ciencia-2025\" data-type=\"post\" data-id=\"1926\">Visita guiada al Museo dentro de la Semana de la Ciencia 2025<\/a><\/li>\n\n\n\n<li><strong>31 de octubre de 2025: <\/strong><a href=\"https:\/\/blogs.etsii.urjc.es\/museo\/actividades\/visita-guiada-para-el-ies-miguel-de-cervantes-mostoles-y-el-ies-el-pinar-alcorcon\/\" data-type=\"post\" data-id=\"1977\">Visita guiada para el IES Miguel de Cervantes (M\u00f3stoles) y el IES El Pinar (Alcorc\u00f3n)<\/a><\/li>\n\n\n\n<li><strong>15 de septiembre de 2025:<\/strong> <a href=\"https:\/\/blogs.etsii.urjc.es\/museo\/actividades\/celebracion-del-40-aniversario-de-super-mario-bros-para-la-nes\/\" data-type=\"post\" data-id=\"1917\">Ven a celebrar el 40 aniversario de Super Mario Bros. para la NES<\/a><\/li>\n\n\n\n<li><strong>7 de junio de 2025:<\/strong>&nbsp;<a href=\"https:\/\/blogs.etsii.urjc.es\/museo\/museo\/actividades\/el-museo-participa-en-la-jornada-de-puertas-abiertas-de-la-urjc-2025\/\">Jornada de puertas abiertas para estudiantes y familias<\/a>&nbsp;(jornada de m\u00e1quinas encendidas)<\/li>\n\n\n\n<li><strong>9 de mayo de 2025:<\/strong>&nbsp;<a href=\"https:\/\/blogs.etsii.urjc.es\/museo\/museo\/actividades\/visita-guiada-para-el-colegio-amanecer-alcorcon\/\">Visita guiada para el Colegio Amanecer (Alcorc\u00f3n)<\/a><\/li>\n\n\n\n<li><strong>25 de abril de 2025:<\/strong>&nbsp;<a href=\"https:\/\/blogs.etsii.urjc.es\/museo\/museo\/actividades\/visita-guiada-para-el-ies-gonzalo-chacon-arroyomolinos-y-el-ies-joaquin-araujo-fuenlabrada\/\">Visita guiada para el IES Gonzalo Chac\u00f3n (Arroyomolinos) y el IES Joaqu\u00edn Ara\u00fajo (Fuenlabrada)<\/a><\/li>\n\n\n\n<li><strong>23 de abril de 2025:<\/strong>&nbsp;<a href=\"https:\/\/blogs.etsii.urjc.es\/museo\/museo\/actividades\/visita-guiada-para-empleados-de-la-biblioteca\/\">Visita guiada para empleados de la Biblioteca<\/a><\/li>\n\n\n\n<li><strong>9 de abril de 2025:<\/strong> <a href=\"https:\/\/blogs.etsii.urjc.es\/museo\/actividades\/una-nueva-visita-dentro-del-programa-4-o-eso-empresa\/\" data-type=\"post\" data-id=\"1568\">Una nueva visita dentro del Programa 4.\u00ba ESO + Empresa<\/a><\/li>\n\n\n\n<li><strong>28 de marzo de 2025:<\/strong> <a href=\"https:\/\/blogs.etsii.urjc.es\/museo\/actividades\/visita-guiada-para-el-ies-pablo-picasso-pinto\/\" data-type=\"post\" data-id=\"1513\">Visita guiada para el IES Pablo Picasso (Pinto)<\/a><\/li>\n\n\n\n<li><strong>14 de marzo de 2025:<\/strong> <a href=\"https:\/\/blogs.etsii.urjc.es\/museo\/visitas\/visita-guiada-para-el-ies-manuel-de-falla-mostoles-y-el-colegio-san-saturio-madrid\/\" data-type=\"post\" data-id=\"1456\">Visita guiada para el IES Manuel de Falla (M\u00f3stoles) y el Colegio San Saturio (Madrid)<\/a><\/li>\n\n\n\n<li><strong>12 de marzo de 2025:<\/strong> <a href=\"https:\/\/blogs.etsii.urjc.es\/museo\/actividades\/nuestro-museo-participa-en-el-programa-4-o-eso-empresa\/\" data-type=\"post\" data-id=\"1429\">Nuestro Museo participa en el Programa 4.\u00ba ESO + Empresa<\/a><\/li>\n\n\n\n<li><strong>28 de febrero de 2025:<\/strong> <a href=\"https:\/\/blogs.etsii.urjc.es\/museo\/museo\/el-rector-de-la-urjc-inaugura-nuestro-museo\/\" data-type=\"post\" data-id=\"1338\">El Rector de la URJC inaugura nuestro Museo<\/a><\/li>\n\n\n\n<li><strong>26 de febrero de 2025:<\/strong> <a href=\"https:\/\/blogs.etsii.urjc.es\/museo\/museo\/visita-de-profesores-de-la-universita-dellaquila\/\" data-type=\"post\" data-id=\"1294\">Visita de profesores de la Universit\u00e0 dell\u2019Aquila<\/a><\/li>\n\n\n\n<li><strong>21 de febrero de 2025:<\/strong> <a href=\"https:\/\/blogs.etsii.urjc.es\/museo\/visitas\/visita-guiada-para-el-colegio-el-valle-valdebernardo-madrid-y-el-ies-juan-gris-mostoles\/\" data-type=\"post\" data-id=\"969\">Visita guiada para el Colegio El Valle (Valdebernardo, Madrid) y el IES Juan Gris (M\u00f3stoles)<\/a><\/li>\n\n\n\n<li><strong>7 de febrero de 2025:<\/strong> <a href=\"https:\/\/blogs.etsii.urjc.es\/museo\/visitas\/visita-guiada-para-el-ies-antonio-de-nebrija-mostoles\/\" data-type=\"post\" data-id=\"761\">Visita guiada para el IES Antonio de Nebrija (M\u00f3stoles)<\/a><\/li>\n\n\n\n<li><strong>24 de enero de 2025:<\/strong> <a href=\"https:\/\/blogs.etsii.urjc.es\/museo\/visitas\/visita-guiada-para-dos-institutos\/\" data-type=\"post\" data-id=\"709\">Visita guiada para el IES Antonio Gala (M\u00f3stoles) y el Colegio SEI San Jos\u00e9 (Madrid)<\/a><\/li>\n\n\n\n<li><strong>13 de diciembre de 2024:<\/strong> <a href=\"https:\/\/blogs.etsii.urjc.es\/museo\/visitas\/visita-guiada-para-tres-institutos\/\" data-type=\"post\" data-id=\"571\">Visita guiada para el IES Diego Vel\u00e1zquez (Torrelodones), el Colegio Nuestra Se\u00f1ora de la Providencia (Pinto) y el Mirabal International School (Boadilla del Monte)<\/a><\/li>\n\n\n\n<li><strong>15 de noviembre de 2024:<\/strong> <a href=\"https:\/\/blogs.etsii.urjc.es\/museo\/visitas\/primera-visita-guiada-a-nuestro-museo\/\" data-type=\"post\" data-id=\"492\">Visita guiada para el IES El Pinar (Alcorc\u00f3n) y el IES Profesor \u00c1ngel Ysern (Navalcarnero)<\/a><\/li>\n\n\n\n<li><s><strong>8 de noviembre de 2024:<\/strong> Jornada de m\u00e1quinas encendidas (Semana de la Ciencia y la Innovaci\u00f3n)<\/s> <strong><mark class=\"has-inline-color has-ast-global-color-1-color\">CANCELADA<\/mark><\/strong><\/li>\n\n\n\n<li><strong>8 de junio de 2024:<\/strong> <a href=\"https:\/\/blogs.etsii.urjc.es\/museo\/actividades\/jornada-de-puertas-abiertas-de-la-urjc\/\" data-type=\"post\" data-id=\"393\">Jornada de puertas abiertas de la URJC para estudiantes y familias<\/a><\/li>\n\n\n\n<li><strong>29 de febrero de 2024:<\/strong> <a href=\"https:\/\/blogs.etsii.urjc.es\/museo\/actividades\/charla-invitada-en-la-gamegem-9\/\" data-type=\"post\" data-id=\"359\">Charla invitada en la GameGen 9<\/a><\/li>\n\n\n\n<li><strong>15 de noviembre de 2023:<\/strong> <a href=\"https:\/\/blogs.etsii.urjc.es\/museo\/actividades\/jornada-de-maquinas-encendidas-semana-de-la-ciencia-2023\/\" data-type=\"post\" data-id=\"330\">Jornada de m\u00e1quinas encendidas (Semana de la Ciencia y la Innovaci\u00f3n)<\/a><\/li>\n\n\n\n<li><strong>9 de febrero de 2023:<\/strong> <a href=\"https:\/\/blogs.etsii.urjc.es\/museo\/actividades\/etsii-job-days-2023\/\" data-type=\"post\" data-id=\"95\">Jornada de videojuegos en los ETSII Job Days<\/a><\/li>\n<\/ul>\n","protected":false},"excerpt":{"rendered":"<p>En esta p\u00e1gina encontrar\u00e1s las diversas actividades de divulgaci\u00f3n que realizamos en nuestro Museo:<\/p>\n","protected":false},"author":12,"featured_media":0,"parent":0,"menu_order":4,"comment_status":"closed","ping_status":"closed","template":"","meta":{"site-sidebar-layout":"default","site-content-layout":"","ast-site-content-layout":"default","site-content-style":"default","site-sidebar-style":"default","ast-global-header-display":"","ast-banner-title-visibility":"","ast-main-header-display":"","ast-hfb-above-header-display":"","ast-hfb-below-header-display":"","ast-hfb-mobile-header-display":"","site-post-title":"","ast-breadcrumbs-content":"","ast-featured-img":"","footer-sml-layout":"","ast-disable-related-posts":"","theme-transparent-header-meta":"","adv-header-id-meta":"","stick-header-meta":"","header-above-stick-meta":"","header-main-stick-meta":"","header-below-stick-meta":"","astra-migrate-meta-layouts":"default","ast-page-background-enabled":"default","ast-page-background-meta":{"desktop":{"background-color":"var(--ast-global-color-4)","background-image":"","background-repeat":"repeat","background-position":"center center","background-size":"auto","background-attachment":"scroll","background-type":"","background-media":"","overlay-type":"","overlay-color":"","overlay-opacity":"","overlay-gradient":""},"tablet":{"background-color":"","background-image":"","background-repeat":"repeat","background-position":"center center","background-size":"auto","background-attachment":"scroll","background-type":"","background-media":"","overlay-type":"","overlay-color":"","overlay-opacity":"","overlay-gradient":""},"mobile":{"background-color":"","background-image":"","background-repeat":"repeat","background-position":"center center","background-size":"auto","background-attachment":"scroll","background-type":"","background-media":"","overlay-type":"","overlay-color":"","overlay-opacity":"","overlay-gradient":""}},"ast-content-background-meta":{"desktop":{"background-color":"var(--ast-global-color-5)","background-image":"","background-repeat":"repeat","background-position":"center center","background-size":"auto","background-attachment":"scroll","background-type":"","background-media":"","overlay-type":"","overlay-color":"","overlay-opacity":"","overlay-gradient":""},"tablet":{"background-color":"var(--ast-global-color-5)","background-image":"","background-repeat":"repeat","background-position":"center center","background-size":"auto","background-attachment":"scroll","background-type":"","background-media":"","overlay-type":"","overlay-color":"","overlay-opacity":"","overlay-gradient":""},"mobile":{"background-color":"var(--ast-global-color-5)","background-image":"","background-repeat":"repeat","background-position":"center center","background-size":"auto","background-attachment":"scroll","background-type":"","background-media":"","overlay-type":"","overlay-color":"","overlay-opacity":"","overlay-gradient":""}},"footnotes":""},"class_list":["post-48","page","type-page","status-publish","hentry"],"_links":{"self":[{"href":"https:\/\/blogs.etsii.urjc.es\/museo\/wp-json\/wp\/v2\/pages\/48","targetHints":{"allow":["GET"]}}],"collection":[{"href":"https:\/\/blogs.etsii.urjc.es\/museo\/wp-json\/wp\/v2\/pages"}],"about":[{"href":"https:\/\/blogs.etsii.urjc.es\/museo\/wp-json\/wp\/v2\/types\/page"}],"author":[{"embeddable":true,"href":"https:\/\/blogs.etsii.urjc.es\/museo\/wp-json\/wp\/v2\/users\/12"}],"replies":[{"embeddable":true,"href":"https:\/\/blogs.etsii.urjc.es\/museo\/wp-json\/wp\/v2\/comments?post=48"}],"version-history":[{"count":61,"href":"https:\/\/blogs.etsii.urjc.es\/museo\/wp-json\/wp\/v2\/pages\/48\/revisions"}],"predecessor-version":[{"id":2169,"href":"https:\/\/blogs.etsii.urjc.es\/museo\/wp-json\/wp\/v2\/pages\/48\/revisions\/2169"}],"wp:attachment":[{"href":"https:\/\/blogs.etsii.urjc.es\/museo\/wp-json\/wp\/v2\/media?parent=48"}],"curies":[{"name":"wp","href":"https:\/\/api.w.org\/{rel}","templated":true}]}}