{"id":69,"date":"2023-10-18T11:16:14","date_gmt":"2023-10-18T09:16:14","guid":{"rendered":"https:\/\/blogs.etsii.urjc.es\/museo\/?page_id=69"},"modified":"2025-02-12T15:41:05","modified_gmt":"2025-02-12T14:41:05","slug":"contacto","status":"publish","type":"page","link":"https:\/\/blogs.etsii.urjc.es\/museo\/contacto\/","title":{"rendered":"Contacto"},"content":{"rendered":"\n<p>Comisario del Museo: <a href=\"https:\/\/gestion2.urjc.es\/pdi\/ver\/angel.serrano\" target=\"_blank\" rel=\"noreferrer noopener\">\u00c1ngel Serrano S\u00e1nchez de Le\u00f3n<\/a><\/p>\n\n\n\n<p>Correo electr\u00f3nico: <a href=\"mailto:etsii.museo@urjc.es\">etsii.museo@urjc.es<\/a> <\/p>\n\n\n\n<p>Tel\u00e9fono: 91 488 82 30<\/p>\n\n\n\n<p>Perfil en X: <a href=\"https:\/\/twitter.com\/ETSIIMuseo\" target=\"_blank\" rel=\"noreferrer noopener\">@ETSIIMuseo<\/a><\/p>\n\n\n\n<p>Perfil en Bluesky: <a href=\"https:\/\/bsky.app\/profile\/etsiimuseo.bsky.social\" target=\"_blank\" rel=\"noreferrer noopener\"><\/a><a href=\"https:\/\/bsky.app\/profile\/ETSIIMuseo.bsky.social\" target=\"_blank\" rel=\"noreferrer noopener\">@ETSIIMuseo.bsky.social<\/a><\/p>\n\n\n\n<p>Perfil en YouTube: <a href=\"https:\/\/www.youtube.com\/@ETSIIMuseo\" target=\"_blank\" rel=\"noreferrer noopener\">@ETSIIMuseo<\/a><\/p>\n\n\n\n<p><\/p>\n","protected":false},"excerpt":{"rendered":"<p>Comisario del Museo: \u00c1ngel Serrano S\u00e1nchez de Le\u00f3n Correo electr\u00f3nico: etsii.museo@urjc.es Tel\u00e9fono: 91 488 82 30 Perfil en X: @ETSIIMuseo Perfil en Bluesky: @ETSIIMuseo.bsky.social Perfil en YouTube: @ETSIIMuseo<\/p>\n","protected":false},"author":12,"featured_media":0,"parent":0,"menu_order":6,"comment_status":"closed","ping_status":"closed","template":"","meta":{"site-sidebar-layout":"default","site-content-layout":"","ast-site-content-layout":"default","site-content-style":"default","site-sidebar-style":"default","ast-global-header-display":"","ast-banner-title-visibility":"","ast-main-header-display":"","ast-hfb-above-header-display":"","ast-hfb-below-header-display":"","ast-hfb-mobile-header-display":"","site-post-title":"","ast-breadcrumbs-content":"","ast-featured-img":"","footer-sml-layout":"","ast-disable-related-posts":"","theme-transparent-header-meta":"","adv-header-id-meta":"","stick-header-meta":"","header-above-stick-meta":"","header-main-stick-meta":"","header-below-stick-meta":"","astra-migrate-meta-layouts":"default","ast-page-background-enabled":"default","ast-page-background-meta":{"desktop":{"background-color":"var(--ast-global-color-4)","background-image":"","background-repeat":"repeat","background-position":"center center","background-size":"auto","background-attachment":"scroll","background-type":"","background-media":"","overlay-type":"","overlay-color":"","overlay-opacity":"","overlay-gradient":""},"tablet":{"background-color":"","background-image":"","background-repeat":"repeat","background-position":"center center","background-size":"auto","background-attachment":"scroll","background-type":"","background-media":"","overlay-type":"","overlay-color":"","overlay-opacity":"","overlay-gradient":""},"mobile":{"background-color":"","background-image":"","background-repeat":"repeat","background-position":"center center","background-size":"auto","background-attachment":"scroll","background-type":"","background-media":"","overlay-type":"","overlay-color":"","overlay-opacity":"","overlay-gradient":""}},"ast-content-background-meta":{"desktop":{"background-color":"var(--ast-global-color-5)","background-image":"","background-repeat":"repeat","background-position":"center center","background-size":"auto","background-attachment":"scroll","background-type":"","background-media":"","overlay-type":"","overlay-color":"","overlay-opacity":"","overlay-gradient":""},"tablet":{"background-color":"var(--ast-global-color-5)","background-image":"","background-repeat":"repeat","background-position":"center center","background-size":"auto","background-attachment":"scroll","background-type":"","background-media":"","overlay-type":"","overlay-color":"","overlay-opacity":"","overlay-gradient":""},"mobile":{"background-color":"var(--ast-global-color-5)","background-image":"","background-repeat":"repeat","background-position":"center center","background-size":"auto","background-attachment":"scroll","background-type":"","background-media":"","overlay-type":"","overlay-color":"","overlay-opacity":"","overlay-gradient":""}},"footnotes":""},"class_list":["post-69","page","type-page","status-publish","hentry"],"_links":{"self":[{"href":"https:\/\/blogs.etsii.urjc.es\/museo\/wp-json\/wp\/v2\/pages\/69","targetHints":{"allow":["GET"]}}],"collection":[{"href":"https:\/\/blogs.etsii.urjc.es\/museo\/wp-json\/wp\/v2\/pages"}],"about":[{"href":"https:\/\/blogs.etsii.urjc.es\/museo\/wp-json\/wp\/v2\/types\/page"}],"author":[{"embeddable":true,"href":"https:\/\/blogs.etsii.urjc.es\/museo\/wp-json\/wp\/v2\/users\/12"}],"replies":[{"embeddable":true,"href":"https:\/\/blogs.etsii.urjc.es\/museo\/wp-json\/wp\/v2\/comments?post=69"}],"version-history":[{"count":12,"href":"https:\/\/blogs.etsii.urjc.es\/museo\/wp-json\/wp\/v2\/pages\/69\/revisions"}],"predecessor-version":[{"id":811,"href":"https:\/\/blogs.etsii.urjc.es\/museo\/wp-json\/wp\/v2\/pages\/69\/revisions\/811"}],"wp:attachment":[{"href":"https:\/\/blogs.etsii.urjc.es\/museo\/wp-json\/wp\/v2\/media?parent=69"}],"curies":[{"name":"wp","href":"https:\/\/api.w.org\/{rel}","templated":true}]}}