{"id":8,"date":"2023-10-17T17:55:32","date_gmt":"2023-10-17T15:55:32","guid":{"rendered":"https:\/\/blogs.etsii.urjc.es\/museo\/?page_id=8"},"modified":"2026-03-27T13:06:08","modified_gmt":"2026-03-27T12:06:08","slug":"en-construccion","status":"publish","type":"page","link":"https:\/\/blogs.etsii.urjc.es\/museo\/","title":{"rendered":"Inicio"},"content":{"rendered":"\n<p>Esta es la p\u00e1gina del Museo de la Inform\u00e1tica y los Videojuegos de la <a href=\"https:\/\/www.urjc.es\/etsii\" target=\"_blank\" rel=\"noreferrer noopener\">Escuela T\u00e9cnica Superior de Ingenier\u00eda Inform\u00e1tica<\/a> (ETSII) de la <a href=\"https:\/\/www.urjc.es\/\" target=\"_blank\" rel=\"noreferrer noopener\">Universidad Rey Juan Carlos<\/a> (URJC). Puedes encontrarnos en el Aulario III del campus de M\u00f3stoles.<\/p>\n\n\n\n<ul class=\"wp-block-list\">\n<li><a href=\"https:\/\/blogs.etsii.urjc.es\/museo\/quienes-somos\/\" data-type=\"page\" data-id=\"83\">Qui\u00e9nes somos<\/a><\/li>\n\n\n\n<li><a href=\"https:\/\/blogs.etsii.urjc.es\/museo\/visita\/\" data-type=\"page\" data-id=\"50\">Planea tu visita<\/a><\/li>\n\n\n\n<li>Aprende m\u00e1s sobre nuestra <a href=\"https:\/\/blogs.etsii.urjc.es\/museo\/exposicion\/\" data-type=\"page\" data-id=\"236\">exposici\u00f3n<\/a><\/li>\n\n\n\n<li>Conoce nuestra <a href=\"https:\/\/blogs.etsii.urjc.es\/museo\/actividades\/\" data-type=\"page\" data-id=\"48\">agenda de actividades<\/a><\/li>\n\n\n\n<li>\u00a1Estamos abiertos a <a href=\"https:\/\/blogs.etsii.urjc.es\/museo\/donaciones\/\" data-type=\"page\" data-id=\"64\">donaciones<\/a>!<\/li>\n\n\n\n<li><a href=\"https:\/\/blogs.etsii.urjc.es\/museo\/contacto\/\" data-type=\"page\" data-id=\"69\">Contacta con nosotros<\/a><\/li>\n<\/ul>\n\n\n\n<p><\/p>\n\n\n\n<p><strong>NOTICIAS DE INTER\u00c9S:<\/strong><\/p>\n\n\n\n<ul class=\"wp-block-list\">\n<li><strong>17 de abril de 2026:<\/strong> <a href=\"https:\/\/www.urjc.es\/estudiar-en-la-urjc\/orientacion-preuniversitaria\/1898-jornadas-de-puertas-abiertas\" target=\"_blank\" rel=\"noreferrer noopener\">Nuestro Museo participar\u00e1 en la jornada de puertas abiertas para estudiantes y familias, \u00a1inscr\u00edbete!<\/a><\/li>\n\n\n\n<li><strong>27 de marzo de 2026:<\/strong> <a href=\"https:\/\/blogs.etsii.urjc.es\/museo\/museo\/cerrado-por-semana-santa-2026\/\" data-type=\"post\" data-id=\"2069\">Cerrado por Semana Santa<\/a><\/li>\n\n\n\n<li><strong>20 de marzo de 2026:<\/strong> <a href=\"https:\/\/blogs.etsii.urjc.es\/museo\/actividades\/visita-guiada-para-el-ies-profesor-angel-ysern-navalcarnero\/\" data-type=\"post\" data-id=\"2152\">Visita guiada para el IES Profesor \u00c1ngel Ysern (Navalcarnero)<\/a><\/li>\n\n\n\n<li><strong>13 de marzo de 2026:<\/strong> <a href=\"https:\/\/blogs.etsii.urjc.es\/museo\/actividades\/segunda-sesion-del-programa-4-o-eso-empresa\/\" data-type=\"post\" data-id=\"2144\">Segunda sesi\u00f3n del Programa 4.\u00ba ESO + Empresa<\/a><\/li>\n\n\n\n<li><strong>6 de marzo de 2026:<\/strong> Visita guiada para el Colegio Arcadia (Villanueva de la Ca\u00f1ada), el IES Antonio Gala (M\u00f3stoles) y el Real Colegio Santa Isabel &#8211; La Asunci\u00f3n (Madrid)<\/li>\n\n\n\n<li><strong>4 de marzo de 2026:<\/strong> <a href=\"https:\/\/blogs.etsii.urjc.es\/museo\/actividades\/primera-sesion-de-la-temporada-del-programa-4-o-eso-empresa\/\" data-type=\"post\" data-id=\"2137\">Primera sesi\u00f3n de la temporada del Programa 4.\u00ba ESO + Empresa<\/a><\/li>\n\n\n\n<li><strong>20 de febrero de 2026:<\/strong> <a href=\"https:\/\/blogs.etsii.urjc.es\/museo\/actividades\/visita-guiada-para-el-ies-juan-gris-mostoles-y-las-escuelas-pias-de-san-fernando-pozuelo-de-alarcon\/\" data-type=\"post\" data-id=\"2119\">Visita guiada para el IES Juan Gris (M\u00f3stoles) y las Escuelas P\u00edas de San Fernando (Pozuelo de Alarc\u00f3n)<\/a><\/li>\n\n\n\n<li><strong>23 de enero de 2026:<\/strong> <a href=\"https:\/\/blogs.etsii.urjc.es\/museo\/actividades\/visita-guiada-para-el-ies-clara-campoamor-mostoles-y-el-ies-manuela-malasana-mostoles\/\" data-type=\"post\" data-id=\"2101\">Visita guiada para el IES Clara Campoamor (M\u00f3stoles) y el IES Manuela Malasa\u00f1a (M\u00f3stoles)<\/a><\/li>\n\n\n\n<li><strong>19 de diciembre de 2025:<\/strong>&nbsp;<a href=\"https:\/\/blogs.etsii.urjc.es\/museo\/museo\/museo\/cerrado-por-navidad-2025\/\">Cerrado por Navidad<\/a><\/li>\n\n\n\n<li><strong>12 de diciembre de 2025:&nbsp;<\/strong><a href=\"https:\/\/blogs.etsii.urjc.es\/museo\/sin-categoria\/visita-guiada-al-museo-para-el-ies-pablo-picasso-pinto-y-el-colegio-nuestra-senora-de-la-providencia-pinto\/\">Visita guiada para el IES Pablo Picasso (Pinto) y el Colegio Nuestra Se\u00f1ora de la Providencia (Pinto)<\/a><\/li>\n\n\n\n<li><strong>21 de noviembre de 2025: <\/strong><a href=\"https:\/\/blogs.etsii.urjc.es\/museo\/actividades\/hoy-nos-han-visitado-mas-de-100-estudiantes-de-bachillerato\/\" data-type=\"post\" data-id=\"2020\">Hoy nos han visitado m\u00e1s de 100 estudiantes de Bachillerato<\/a><\/li>\n\n\n\n<li><strong>20 de noviembre de 2025:<\/strong> Ya se han resuelto los problemas t\u00e9cnicos que ten\u00edamos en nuestra web desde el mes de septiembre. En los pr\u00f3ximos d\u00edas iremos recuperando el contenido publicado desde abril hasta septiembre. Disculpad las molestias<\/li>\n\n\n\n<li><strong>7 de noviembre de 2025: <\/strong><a href=\"https:\/\/blogs.etsii.urjc.es\/museo\/actividades\/visita-guiada-al-museo-dentro-de-la-semana-de-la-ciencia-2025\/\" data-type=\"post\" data-id=\"1926\">Visita guiada al Museo dentro de la Semana de la Ciencia 2025<\/a><\/li>\n\n\n\n<li><strong>31 de octubre de 2025: <\/strong><a href=\"https:\/\/blogs.etsii.urjc.es\/museo\/actividades\/visita-guiada-para-el-ies-miguel-de-cervantes-mostoles-y-el-ies-el-pinar-alcorcon\/\" data-type=\"post\" data-id=\"1977\">Visita guiada para el IES Miguel de Cervantes (M\u00f3stoles) y el IES El Pinar (Alcorc\u00f3n)<\/a><\/li>\n\n\n\n<li><strong>15 de octubre de 2025:<\/strong> <a href=\"https:\/\/blogs.etsii.urjc.es\/museo\/museo\/toma-de-posesion-del-nuevo-director-de-la-etsii-y-de-su-equipo-directivo\/\" data-type=\"post\" data-id=\"1801\">Toma de posesi\u00f3n del nuevo director de la ETSII y de su equipo directivo<\/a><\/li>\n\n\n\n<li><strong>15 de septiembre de 2025:<\/strong> <a href=\"https:\/\/blogs.etsii.urjc.es\/museo\/actividades\/celebracion-del-40-aniversario-de-super-mario-bros-para-la-nes\/\" data-type=\"post\" data-id=\"1917\">Ven a celebrar el 40 aniversario de Super Mario Bros. para la NES<\/a><\/li>\n\n\n\n<li><strong>3 de septiembre de 2025:<\/strong> <a href=\"https:\/\/blogs.etsii.urjc.es\/museo\/museo\/museo\/oferta-de-beca-de-colaboracion\/\" data-type=\"post\" data-id=\"1774\">Oferta de beca de colaboraci\u00f3n<\/a><\/li>\n\n\n\n<li><strong>3 de septiembre de 2025:<\/strong> <a href=\"https:\/\/blogs.etsii.urjc.es\/museo\/museo\/museo\/iniciamos-el-curso-2025-2026\/\" data-type=\"post\" data-id=\"1758\">Iniciamos el curso 2025\/2026<\/a><\/li>\n\n\n\n<li>Ver hist\u00f3rico de <a href=\"https:\/\/blogs.etsii.urjc.es\/museo\/noticias\/\" data-type=\"page\" data-id=\"1766\">noticias<\/a> y de <a href=\"https:\/\/blogs.etsii.urjc.es\/museo\/actividades\/\" data-type=\"page\" data-id=\"48\">actividades<\/a><\/li>\n<\/ul>\n\n\n\n<figure class=\"wp-block-image size-large\"><img loading=\"lazy\" decoding=\"async\" width=\"1024\" height=\"560\" src=\"https:\/\/blogs.etsii.urjc.es\/museo\/wp-content\/uploads\/sites\/12\/2023\/10\/placa-base-museo-1024x560.png\" alt=\"\" class=\"wp-image-270\" srcset=\"https:\/\/blogs.etsii.urjc.es\/museo\/wp-content\/uploads\/sites\/12\/2023\/10\/placa-base-museo-1024x560.png 1024w, https:\/\/blogs.etsii.urjc.es\/museo\/wp-content\/uploads\/sites\/12\/2023\/10\/placa-base-museo-300x164.png 300w, https:\/\/blogs.etsii.urjc.es\/museo\/wp-content\/uploads\/sites\/12\/2023\/10\/placa-base-museo-768x420.png 768w, https:\/\/blogs.etsii.urjc.es\/museo\/wp-content\/uploads\/sites\/12\/2023\/10\/placa-base-museo.png 1050w\" sizes=\"auto, (max-width: 1024px) 100vw, 1024px\" \/><\/figure>\n","protected":false},"excerpt":{"rendered":"<p>Esta es la p\u00e1gina del Museo de la Inform\u00e1tica y los Videojuegos de la Escuela T\u00e9cnica Superior de Ingenier\u00eda Inform\u00e1tica (ETSII) de la Universidad Rey Juan Carlos (URJC). Puedes encontrarnos en el Aulario III del campus de M\u00f3stoles. NOTICIAS DE INTER\u00c9S:<\/p>\n","protected":false},"author":12,"featured_media":0,"parent":0,"menu_order":0,"comment_status":"closed","ping_status":"closed","template":"","meta":{"site-sidebar-layout":"default","site-content-layout":"","ast-site-content-layout":"default","site-content-style":"default","site-sidebar-style":"default","ast-global-header-display":"","ast-banner-title-visibility":"","ast-main-header-display":"","ast-hfb-above-header-display":"","ast-hfb-below-header-display":"","ast-hfb-mobile-header-display":"","site-post-title":"","ast-breadcrumbs-content":"","ast-featured-img":"","footer-sml-layout":"","ast-disable-related-posts":"","theme-transparent-header-meta":"","adv-header-id-meta":"","stick-header-meta":"","header-above-stick-meta":"","header-main-stick-meta":"","header-below-stick-meta":"","astra-migrate-meta-layouts":"default","ast-page-background-enabled":"default","ast-page-background-meta":{"desktop":{"background-color":"var(--ast-global-color-4)","background-image":"","background-repeat":"repeat","background-position":"center center","background-size":"auto","background-attachment":"scroll","background-type":"","background-media":"","overlay-type":"","overlay-color":"","overlay-opacity":"","overlay-gradient":""},"tablet":{"background-color":"","background-image":"","background-repeat":"repeat","background-position":"center center","background-size":"auto","background-attachment":"scroll","background-type":"","background-media":"","overlay-type":"","overlay-color":"","overlay-opacity":"","overlay-gradient":""},"mobile":{"background-color":"","background-image":"","background-repeat":"repeat","background-position":"center center","background-size":"auto","background-attachment":"scroll","background-type":"","background-media":"","overlay-type":"","overlay-color":"","overlay-opacity":"","overlay-gradient":""}},"ast-content-background-meta":{"desktop":{"background-color":"var(--ast-global-color-5)","background-image":"","background-repeat":"repeat","background-position":"center center","background-size":"auto","background-attachment":"scroll","background-type":"","background-media":"","overlay-type":"","overlay-color":"","overlay-opacity":"","overlay-gradient":""},"tablet":{"background-color":"var(--ast-global-color-5)","background-image":"","background-repeat":"repeat","background-position":"center center","background-size":"auto","background-attachment":"scroll","background-type":"","background-media":"","overlay-type":"","overlay-color":"","overlay-opacity":"","overlay-gradient":""},"mobile":{"background-color":"var(--ast-global-color-5)","background-image":"","background-repeat":"repeat","background-position":"center center","background-size":"auto","background-attachment":"scroll","background-type":"","background-media":"","overlay-type":"","overlay-color":"","overlay-opacity":"","overlay-gradient":""}},"footnotes":""},"class_list":["post-8","page","type-page","status-publish","hentry"],"_links":{"self":[{"href":"https:\/\/blogs.etsii.urjc.es\/museo\/wp-json\/wp\/v2\/pages\/8","targetHints":{"allow":["GET"]}}],"collection":[{"href":"https:\/\/blogs.etsii.urjc.es\/museo\/wp-json\/wp\/v2\/pages"}],"about":[{"href":"https:\/\/blogs.etsii.urjc.es\/museo\/wp-json\/wp\/v2\/types\/page"}],"author":[{"embeddable":true,"href":"https:\/\/blogs.etsii.urjc.es\/museo\/wp-json\/wp\/v2\/users\/12"}],"replies":[{"embeddable":true,"href":"https:\/\/blogs.etsii.urjc.es\/museo\/wp-json\/wp\/v2\/comments?post=8"}],"version-history":[{"count":86,"href":"https:\/\/blogs.etsii.urjc.es\/museo\/wp-json\/wp\/v2\/pages\/8\/revisions"}],"predecessor-version":[{"id":2170,"href":"https:\/\/blogs.etsii.urjc.es\/museo\/wp-json\/wp\/v2\/pages\/8\/revisions\/2170"}],"wp:attachment":[{"href":"https:\/\/blogs.etsii.urjc.es\/museo\/wp-json\/wp\/v2\/media?parent=8"}],"curies":[{"name":"wp","href":"https:\/\/api.w.org\/{rel}","templated":true}]}}