{"id":483,"date":"2021-05-19T07:18:09","date_gmt":"2021-05-19T07:18:09","guid":{"rendered":"https:\/\/blogs.etsii.urjc.es\/playurjc\/?page_id=483"},"modified":"2021-06-05T16:53:55","modified_gmt":"2021-06-05T16:53:55","slug":"quienes-somos","status":"publish","type":"page","link":"https:\/\/blogs.etsii.urjc.es\/playurjc\/quienes-somos\/","title":{"rendered":"Qui\u00e9nes Somos"},"content":{"rendered":"\t\t<div data-elementor-type=\"wp-page\" data-elementor-id=\"483\" class=\"elementor elementor-483\">\n\t\t\t\t\t\t<section class=\"elementor-section elementor-top-section elementor-element elementor-element-5db7712 elementor-section-boxed elementor-section-height-default elementor-section-height-default\" data-id=\"5db7712\" data-element_type=\"section\" data-e-type=\"section\">\n\t\t\t\t\t\t<div class=\"elementor-container elementor-column-gap-default\">\n\t\t\t\t\t<div class=\"elementor-column elementor-col-33 elementor-top-column elementor-element elementor-element-7d49aaa\" data-id=\"7d49aaa\" data-element_type=\"column\" data-e-type=\"column\">\n\t\t\t<div class=\"elementor-widget-wrap elementor-element-populated\">\n\t\t\t\t\t\t<div class=\"elementor-element elementor-element-7f4bb8b elementor-widget elementor-widget-image\" data-id=\"7f4bb8b\" data-element_type=\"widget\" data-e-type=\"widget\" data-widget_type=\"image.default\">\n\t\t\t\t<div class=\"elementor-widget-container\">\n\t\t\t\t\t\t\t\t\t\t\t\t\t\t\t<img fetchpriority=\"high\" decoding=\"async\" width=\"512\" height=\"512\" src=\"https:\/\/blogs.etsii.urjc.es\/playurjc\/wp-content\/uploads\/sites\/2\/2021\/04\/Daniel.png\" class=\"attachment-large size-large wp-image-261\" alt=\"\" srcset=\"https:\/\/blogs.etsii.urjc.es\/playurjc\/wp-content\/uploads\/sites\/2\/2021\/04\/Daniel.png 512w, https:\/\/blogs.etsii.urjc.es\/playurjc\/wp-content\/uploads\/sites\/2\/2021\/04\/Daniel-300x300.png 300w, https:\/\/blogs.etsii.urjc.es\/playurjc\/wp-content\/uploads\/sites\/2\/2021\/04\/Daniel-150x150.png 150w\" sizes=\"(max-width: 512px) 100vw, 512px\" \/>\t\t\t\t\t\t\t\t\t\t\t\t\t\t\t<\/div>\n\t\t\t\t<\/div>\n\t\t\t\t<div class=\"elementor-element elementor-element-6738e4c elementor-widget elementor-widget-heading\" data-id=\"6738e4c\" data-element_type=\"widget\" data-e-type=\"widget\" data-widget_type=\"heading.default\">\n\t\t\t\t<div class=\"elementor-widget-container\">\n\t\t\t\t\t<h2 class=\"elementor-heading-title elementor-size-medium\">Daniel Palacios Alonso<\/h2>\t\t\t\t<\/div>\n\t\t\t\t<\/div>\n\t\t\t\t<div class=\"elementor-element elementor-element-99609d0 elementor-align-center elementor-widget elementor-widget-button\" data-id=\"99609d0\" data-element_type=\"widget\" data-e-type=\"widget\" data-widget_type=\"button.default\">\n\t\t\t\t<div class=\"elementor-widget-container\">\n\t\t\t\t\t\t\t\t\t<div class=\"elementor-button-wrapper\">\n\t\t\t\t\t<a class=\"elementor-button elementor-button-link elementor-size-sm\" href=\"https:\/\/blogs.etsii.urjc.es\/playurjc\/quienes-somos\/daniel-palacios-alonso\/\">\n\t\t\t\t\t\t<span class=\"elementor-button-content-wrapper\">\n\t\t\t\t\t\t\t\t\t<span class=\"elementor-button-text\">Leer m\u00e1s<\/span>\n\t\t\t\t\t<\/span>\n\t\t\t\t\t<\/a>\n\t\t\t\t<\/div>\n\t\t\t\t\t\t\t\t<\/div>\n\t\t\t\t<\/div>\n\t\t\t\t\t<\/div>\n\t\t<\/div>\n\t\t\t\t<div class=\"elementor-column elementor-col-33 elementor-top-column elementor-element elementor-element-6fe7662\" data-id=\"6fe7662\" data-element_type=\"column\" data-e-type=\"column\">\n\t\t\t<div class=\"elementor-widget-wrap elementor-element-populated\">\n\t\t\t\t\t\t<div class=\"elementor-element elementor-element-fba96af elementor-widget elementor-widget-image\" data-id=\"fba96af\" data-element_type=\"widget\" data-e-type=\"widget\" data-widget_type=\"image.default\">\n\t\t\t\t<div class=\"elementor-widget-container\">\n\t\t\t\t\t\t\t\t\t\t\t\t\t\t\t<img decoding=\"async\" width=\"400\" height=\"400\" src=\"https:\/\/blogs.etsii.urjc.es\/playurjc\/wp-content\/uploads\/sites\/2\/2021\/04\/Julio.jpg\" class=\"attachment-large size-large wp-image-272\" alt=\"\" srcset=\"https:\/\/blogs.etsii.urjc.es\/playurjc\/wp-content\/uploads\/sites\/2\/2021\/04\/Julio.jpg 400w, https:\/\/blogs.etsii.urjc.es\/playurjc\/wp-content\/uploads\/sites\/2\/2021\/04\/Julio-300x300.jpg 300w, https:\/\/blogs.etsii.urjc.es\/playurjc\/wp-content\/uploads\/sites\/2\/2021\/04\/Julio-150x150.jpg 150w\" sizes=\"(max-width: 400px) 100vw, 400px\" \/>\t\t\t\t\t\t\t\t\t\t\t\t\t\t\t<\/div>\n\t\t\t\t<\/div>\n\t\t\t\t<div class=\"elementor-element elementor-element-99e7381 elementor-widget elementor-widget-heading\" data-id=\"99e7381\" data-element_type=\"widget\" data-e-type=\"widget\" data-widget_type=\"heading.default\">\n\t\t\t\t<div class=\"elementor-widget-container\">\n\t\t\t\t\t<h2 class=\"elementor-heading-title elementor-size-medium\">Julio Guill\u00e9n Garc\u00eda<\/h2>\t\t\t\t<\/div>\n\t\t\t\t<\/div>\n\t\t\t\t<div class=\"elementor-element elementor-element-f842cf3 elementor-align-center elementor-widget elementor-widget-button\" data-id=\"f842cf3\" data-element_type=\"widget\" data-e-type=\"widget\" data-widget_type=\"button.default\">\n\t\t\t\t<div class=\"elementor-widget-container\">\n\t\t\t\t\t\t\t\t\t<div class=\"elementor-button-wrapper\">\n\t\t\t\t\t<a class=\"elementor-button elementor-button-link elementor-size-sm\" href=\"https:\/\/blogs.etsii.urjc.es\/playurjc\/quienes-somos\/julio-guillen-garcia\/\">\n\t\t\t\t\t\t<span class=\"elementor-button-content-wrapper\">\n\t\t\t\t\t\t\t\t\t<span class=\"elementor-button-text\">Leer m\u00e1s<\/span>\n\t\t\t\t\t<\/span>\n\t\t\t\t\t<\/a>\n\t\t\t\t<\/div>\n\t\t\t\t\t\t\t\t<\/div>\n\t\t\t\t<\/div>\n\t\t\t\t\t<\/div>\n\t\t<\/div>\n\t\t\t\t<div class=\"elementor-column elementor-col-33 elementor-top-column elementor-element elementor-element-38c3978\" data-id=\"38c3978\" data-element_type=\"column\" data-e-type=\"column\">\n\t\t\t<div class=\"elementor-widget-wrap elementor-element-populated\">\n\t\t\t\t\t\t<div class=\"elementor-element elementor-element-3597e81 elementor-widget elementor-widget-image\" data-id=\"3597e81\" data-element_type=\"widget\" data-e-type=\"widget\" data-widget_type=\"image.default\">\n\t\t\t\t<div class=\"elementor-widget-container\">\n\t\t\t\t\t\t\t\t\t\t\t\t\t\t\t<img decoding=\"async\" width=\"640\" height=\"640\" src=\"https:\/\/blogs.etsii.urjc.es\/playurjc\/wp-content\/uploads\/sites\/2\/2021\/04\/Maria-1024x1024.jpg\" class=\"attachment-large size-large wp-image-268\" alt=\"\" srcset=\"https:\/\/blogs.etsii.urjc.es\/playurjc\/wp-content\/uploads\/sites\/2\/2021\/04\/Maria-1024x1024.jpg 1024w, https:\/\/blogs.etsii.urjc.es\/playurjc\/wp-content\/uploads\/sites\/2\/2021\/04\/Maria-300x300.jpg 300w, https:\/\/blogs.etsii.urjc.es\/playurjc\/wp-content\/uploads\/sites\/2\/2021\/04\/Maria-150x150.jpg 150w, https:\/\/blogs.etsii.urjc.es\/playurjc\/wp-content\/uploads\/sites\/2\/2021\/04\/Maria-768x768.jpg 768w, https:\/\/blogs.etsii.urjc.es\/playurjc\/wp-content\/uploads\/sites\/2\/2021\/04\/Maria-720x720.jpg 720w, https:\/\/blogs.etsii.urjc.es\/playurjc\/wp-content\/uploads\/sites\/2\/2021\/04\/Maria.jpg 1280w\" sizes=\"(max-width: 640px) 100vw, 640px\" \/>\t\t\t\t\t\t\t\t\t\t\t\t\t\t\t<\/div>\n\t\t\t\t<\/div>\n\t\t\t\t<div class=\"elementor-element elementor-element-3adb0c6 elementor-widget elementor-widget-heading\" data-id=\"3adb0c6\" data-element_type=\"widget\" data-e-type=\"widget\" data-widget_type=\"heading.default\">\n\t\t\t\t<div class=\"elementor-widget-container\">\n\t\t\t\t\t<h2 class=\"elementor-heading-title elementor-size-medium\">Mar\u00eda Zapata C\u00e1ceres<\/h2>\t\t\t\t<\/div>\n\t\t\t\t<\/div>\n\t\t\t\t<div class=\"elementor-element elementor-element-bb59df6 elementor-align-center elementor-widget elementor-widget-button\" data-id=\"bb59df6\" data-element_type=\"widget\" data-e-type=\"widget\" data-widget_type=\"button.default\">\n\t\t\t\t<div class=\"elementor-widget-container\">\n\t\t\t\t\t\t\t\t\t<div class=\"elementor-button-wrapper\">\n\t\t\t\t\t<a class=\"elementor-button elementor-button-link elementor-size-sm\" href=\"https:\/\/blogs.etsii.urjc.es\/playurjc\/quienes-somos\/maria-zapata-caceres\/\">\n\t\t\t\t\t\t<span class=\"elementor-button-content-wrapper\">\n\t\t\t\t\t\t\t\t\t<span class=\"elementor-button-text\">Leer m\u00e1s<\/span>\n\t\t\t\t\t<\/span>\n\t\t\t\t\t<\/a>\n\t\t\t\t<\/div>\n\t\t\t\t\t\t\t\t<\/div>\n\t\t\t\t<\/div>\n\t\t\t\t\t<\/div>\n\t\t<\/div>\n\t\t\t\t\t<\/div>\n\t\t<\/section>\n\t\t\t\t<section class=\"elementor-section elementor-top-section elementor-element elementor-element-6842213 elementor-section-boxed elementor-section-height-default elementor-section-height-default\" data-id=\"6842213\" data-element_type=\"section\" data-e-type=\"section\">\n\t\t\t\t\t\t<div class=\"elementor-container elementor-column-gap-default\">\n\t\t\t\t\t<div class=\"elementor-column elementor-col-33 elementor-top-column elementor-element elementor-element-04c1d7f\" data-id=\"04c1d7f\" data-element_type=\"column\" data-e-type=\"column\">\n\t\t\t<div class=\"elementor-widget-wrap elementor-element-populated\">\n\t\t\t\t\t\t<div class=\"elementor-element elementor-element-6034c81 elementor-widget elementor-widget-image\" data-id=\"6034c81\" data-element_type=\"widget\" data-e-type=\"widget\" data-widget_type=\"image.default\">\n\t\t\t\t<div class=\"elementor-widget-container\">\n\t\t\t\t\t\t\t\t\t\t\t\t\t\t\t<img loading=\"lazy\" decoding=\"async\" width=\"640\" height=\"640\" src=\"https:\/\/blogs.etsii.urjc.es\/playurjc\/wp-content\/uploads\/sites\/2\/2021\/04\/Mercedes-1-1024x1024.jpg\" class=\"attachment-large size-large wp-image-283\" alt=\"\" srcset=\"https:\/\/blogs.etsii.urjc.es\/playurjc\/wp-content\/uploads\/sites\/2\/2021\/04\/Mercedes-1-1024x1024.jpg 1024w, https:\/\/blogs.etsii.urjc.es\/playurjc\/wp-content\/uploads\/sites\/2\/2021\/04\/Mercedes-1-300x300.jpg 300w, https:\/\/blogs.etsii.urjc.es\/playurjc\/wp-content\/uploads\/sites\/2\/2021\/04\/Mercedes-1-150x150.jpg 150w, https:\/\/blogs.etsii.urjc.es\/playurjc\/wp-content\/uploads\/sites\/2\/2021\/04\/Mercedes-1-768x768.jpg 768w, https:\/\/blogs.etsii.urjc.es\/playurjc\/wp-content\/uploads\/sites\/2\/2021\/04\/Mercedes-1-1536x1536.jpg 1536w, https:\/\/blogs.etsii.urjc.es\/playurjc\/wp-content\/uploads\/sites\/2\/2021\/04\/Mercedes-1-720x720.jpg 720w, https:\/\/blogs.etsii.urjc.es\/playurjc\/wp-content\/uploads\/sites\/2\/2021\/04\/Mercedes-1.jpg 2000w\" sizes=\"(max-width: 640px) 100vw, 640px\" \/>\t\t\t\t\t\t\t\t\t\t\t\t\t\t\t<\/div>\n\t\t\t\t<\/div>\n\t\t\t\t<div class=\"elementor-element elementor-element-f745652 elementor-widget elementor-widget-heading\" data-id=\"f745652\" data-element_type=\"widget\" data-e-type=\"widget\" data-widget_type=\"heading.default\">\n\t\t\t\t<div class=\"elementor-widget-container\">\n\t\t\t\t\t<h2 class=\"elementor-heading-title elementor-size-medium\">Mercedes Rodrigo Miranda<\/h2>\t\t\t\t<\/div>\n\t\t\t\t<\/div>\n\t\t\t\t<div class=\"elementor-element elementor-element-e7ba64e elementor-align-center elementor-widget elementor-widget-button\" data-id=\"e7ba64e\" data-element_type=\"widget\" data-e-type=\"widget\" data-widget_type=\"button.default\">\n\t\t\t\t<div class=\"elementor-widget-container\">\n\t\t\t\t\t\t\t\t\t<div class=\"elementor-button-wrapper\">\n\t\t\t\t\t<a class=\"elementor-button elementor-button-link elementor-size-sm\" href=\"https:\/\/blogs.etsii.urjc.es\/playurjc\/quienes-somos\/mercedes-rodrigo-miranda\/\">\n\t\t\t\t\t\t<span class=\"elementor-button-content-wrapper\">\n\t\t\t\t\t\t\t\t\t<span class=\"elementor-button-text\">Leer m\u00e1s<\/span>\n\t\t\t\t\t<\/span>\n\t\t\t\t\t<\/a>\n\t\t\t\t<\/div>\n\t\t\t\t\t\t\t\t<\/div>\n\t\t\t\t<\/div>\n\t\t\t\t\t<\/div>\n\t\t<\/div>\n\t\t\t\t<div class=\"elementor-column elementor-col-33 elementor-top-column elementor-element elementor-element-f2b3afc\" data-id=\"f2b3afc\" data-element_type=\"column\" data-e-type=\"column\">\n\t\t\t<div class=\"elementor-widget-wrap elementor-element-populated\">\n\t\t\t\t\t\t<div class=\"elementor-element elementor-element-80f3772 elementor-widget elementor-widget-image\" data-id=\"80f3772\" data-element_type=\"widget\" data-e-type=\"widget\" data-widget_type=\"image.default\">\n\t\t\t\t<div class=\"elementor-widget-container\">\n\t\t\t\t\t\t\t\t\t\t\t\t\t\t\t<img loading=\"lazy\" decoding=\"async\" width=\"600\" height=\"716\" src=\"https:\/\/blogs.etsii.urjc.es\/playurjc\/wp-content\/uploads\/sites\/2\/2021\/04\/david_ortega.jpg\" class=\"attachment-medium_large size-medium_large wp-image-280\" alt=\"\" srcset=\"https:\/\/blogs.etsii.urjc.es\/playurjc\/wp-content\/uploads\/sites\/2\/2021\/04\/david_ortega.jpg 600w, https:\/\/blogs.etsii.urjc.es\/playurjc\/wp-content\/uploads\/sites\/2\/2021\/04\/david_ortega-251x300.jpg 251w\" sizes=\"(max-width: 600px) 100vw, 600px\" \/>\t\t\t\t\t\t\t\t\t\t\t\t\t\t\t<\/div>\n\t\t\t\t<\/div>\n\t\t\t\t<div class=\"elementor-element elementor-element-6a37243 elementor-widget elementor-widget-heading\" data-id=\"6a37243\" data-element_type=\"widget\" data-e-type=\"widget\" data-widget_type=\"heading.default\">\n\t\t\t\t<div class=\"elementor-widget-container\">\n\t\t\t\t\t<h2 class=\"elementor-heading-title elementor-size-medium\">David Ortega Del Campo<\/h2>\t\t\t\t<\/div>\n\t\t\t\t<\/div>\n\t\t\t\t<div class=\"elementor-element elementor-element-5c37696 elementor-align-center elementor-widget elementor-widget-button\" data-id=\"5c37696\" data-element_type=\"widget\" data-e-type=\"widget\" data-widget_type=\"button.default\">\n\t\t\t\t<div class=\"elementor-widget-container\">\n\t\t\t\t\t\t\t\t\t<div class=\"elementor-button-wrapper\">\n\t\t\t\t\t<a class=\"elementor-button elementor-button-link elementor-size-sm\" href=\"https:\/\/blogs.etsii.urjc.es\/playurjc\/quienes-somos\/david-ortega-del-campo\/\">\n\t\t\t\t\t\t<span class=\"elementor-button-content-wrapper\">\n\t\t\t\t\t\t\t\t\t<span class=\"elementor-button-text\">Leer m\u00e1s<\/span>\n\t\t\t\t\t<\/span>\n\t\t\t\t\t<\/a>\n\t\t\t\t<\/div>\n\t\t\t\t\t\t\t\t<\/div>\n\t\t\t\t<\/div>\n\t\t\t\t\t<\/div>\n\t\t<\/div>\n\t\t\t\t<div class=\"elementor-column elementor-col-33 elementor-top-column elementor-element elementor-element-a8e2233\" data-id=\"a8e2233\" data-element_type=\"column\" data-e-type=\"column\">\n\t\t\t<div class=\"elementor-widget-wrap elementor-element-populated\">\n\t\t\t\t\t\t<div class=\"elementor-element elementor-element-e3d24a2 elementor-widget elementor-widget-image\" data-id=\"e3d24a2\" data-element_type=\"widget\" data-e-type=\"widget\" data-widget_type=\"image.default\">\n\t\t\t\t<div class=\"elementor-widget-container\">\n\t\t\t\t\t\t\t\t\t\t\t\t\t\t\t<img loading=\"lazy\" decoding=\"async\" width=\"400\" height=\"400\" src=\"https:\/\/blogs.etsii.urjc.es\/playurjc\/wp-content\/uploads\/sites\/2\/2021\/04\/Oriol.jpg\" class=\"attachment-large size-large wp-image-281\" alt=\"\" srcset=\"https:\/\/blogs.etsii.urjc.es\/playurjc\/wp-content\/uploads\/sites\/2\/2021\/04\/Oriol.jpg 400w, https:\/\/blogs.etsii.urjc.es\/playurjc\/wp-content\/uploads\/sites\/2\/2021\/04\/Oriol-300x300.jpg 300w, https:\/\/blogs.etsii.urjc.es\/playurjc\/wp-content\/uploads\/sites\/2\/2021\/04\/Oriol-150x150.jpg 150w\" sizes=\"(max-width: 400px) 100vw, 400px\" \/>\t\t\t\t\t\t\t\t\t\t\t\t\t\t\t<\/div>\n\t\t\t\t<\/div>\n\t\t\t\t<div class=\"elementor-element elementor-element-77f5e67 elementor-widget elementor-widget-heading\" data-id=\"77f5e67\" data-element_type=\"widget\" data-e-type=\"widget\" data-widget_type=\"heading.default\">\n\t\t\t\t<div class=\"elementor-widget-container\">\n\t\t\t\t\t<h2 class=\"elementor-heading-title elementor-size-medium\">Oriol Borr\u00e1s Gen\u00e9<\/h2>\t\t\t\t<\/div>\n\t\t\t\t<\/div>\n\t\t\t\t<div class=\"elementor-element elementor-element-940bdc0 elementor-align-center elementor-widget elementor-widget-button\" data-id=\"940bdc0\" data-element_type=\"widget\" data-e-type=\"widget\" data-widget_type=\"button.default\">\n\t\t\t\t<div class=\"elementor-widget-container\">\n\t\t\t\t\t\t\t\t\t<div class=\"elementor-button-wrapper\">\n\t\t\t\t\t<a class=\"elementor-button elementor-button-link elementor-size-sm\" href=\"https:\/\/blogs.etsii.urjc.es\/playurjc\/quienes-somos\/oriol-borras-gene\/\">\n\t\t\t\t\t\t<span class=\"elementor-button-content-wrapper\">\n\t\t\t\t\t\t\t\t\t<span class=\"elementor-button-text\">Leer m\u00e1s<\/span>\n\t\t\t\t\t<\/span>\n\t\t\t\t\t<\/a>\n\t\t\t\t<\/div>\n\t\t\t\t\t\t\t\t<\/div>\n\t\t\t\t<\/div>\n\t\t\t\t\t<\/div>\n\t\t<\/div>\n\t\t\t\t\t<\/div>\n\t\t<\/section>\n\t\t\t\t<\/div>\n\t\t","protected":false},"excerpt":{"rendered":"<p>Daniel Palacios Alonso Leer m\u00e1s Julio Guill\u00e9n Garc\u00eda Leer m\u00e1s Mar\u00eda Zapata C\u00e1ceres Leer m\u00e1s Mercedes Rodrigo Miranda Leer m\u00e1s David Ortega Del Campo Leer m\u00e1s Oriol Borr\u00e1s Gen\u00e9 Leer m\u00e1s<\/p>\n","protected":false},"author":11,"featured_media":0,"parent":0,"menu_order":0,"comment_status":"closed","ping_status":"closed","template":"","meta":{"footnotes":""},"class_list":["post-483","page","type-page","status-publish","hentry"],"_links":{"self":[{"href":"https:\/\/blogs.etsii.urjc.es\/playurjc\/wp-json\/wp\/v2\/pages\/483","targetHints":{"allow":["GET"]}}],"collection":[{"href":"https:\/\/blogs.etsii.urjc.es\/playurjc\/wp-json\/wp\/v2\/pages"}],"about":[{"href":"https:\/\/blogs.etsii.urjc.es\/playurjc\/wp-json\/wp\/v2\/types\/page"}],"author":[{"embeddable":true,"href":"https:\/\/blogs.etsii.urjc.es\/playurjc\/wp-json\/wp\/v2\/users\/11"}],"replies":[{"embeddable":true,"href":"https:\/\/blogs.etsii.urjc.es\/playurjc\/wp-json\/wp\/v2\/comments?post=483"}],"version-history":[{"count":67,"href":"https:\/\/blogs.etsii.urjc.es\/playurjc\/wp-json\/wp\/v2\/pages\/483\/revisions"}],"predecessor-version":[{"id":1079,"href":"https:\/\/blogs.etsii.urjc.es\/playurjc\/wp-json\/wp\/v2\/pages\/483\/revisions\/1079"}],"wp:attachment":[{"href":"https:\/\/blogs.etsii.urjc.es\/playurjc\/wp-json\/wp\/v2\/media?parent=483"}],"curies":[{"name":"wp","href":"https:\/\/api.w.org\/{rel}","templated":true}]}}