{"id":505,"date":"2021-05-20T11:31:19","date_gmt":"2021-05-20T11:31:19","guid":{"rendered":"https:\/\/blogs.etsii.urjc.es\/playurjc\/?page_id=505"},"modified":"2021-06-04T13:08:42","modified_gmt":"2021-06-04T13:08:42","slug":"daniel-palacios-alonso","status":"publish","type":"page","link":"https:\/\/blogs.etsii.urjc.es\/playurjc\/quienes-somos\/daniel-palacios-alonso\/","title":{"rendered":"Daniel Palacios Alonso"},"content":{"rendered":"\t\t<div data-elementor-type=\"wp-page\" data-elementor-id=\"505\" class=\"elementor elementor-505\">\n\t\t\t\t\t\t<section class=\"elementor-section elementor-top-section elementor-element elementor-element-32ddc7e elementor-section-boxed elementor-section-height-default elementor-section-height-default\" data-id=\"32ddc7e\" data-element_type=\"section\" data-e-type=\"section\">\n\t\t\t\t\t\t<div class=\"elementor-container elementor-column-gap-default\">\n\t\t\t\t\t<div class=\"elementor-column elementor-col-100 elementor-top-column elementor-element elementor-element-917cdc0\" data-id=\"917cdc0\" data-element_type=\"column\" data-e-type=\"column\">\n\t\t\t<div class=\"elementor-widget-wrap elementor-element-populated\">\n\t\t\t\t\t\t<div class=\"elementor-element elementor-element-8f92ce5 elementor-widget elementor-widget-image\" data-id=\"8f92ce5\" data-element_type=\"widget\" data-e-type=\"widget\" data-widget_type=\"image.default\">\n\t\t\t\t<div class=\"elementor-widget-container\">\n\t\t\t\t\t\t\t\t\t\t\t\t\t\t\t<img fetchpriority=\"high\" decoding=\"async\" width=\"512\" height=\"512\" src=\"https:\/\/blogs.etsii.urjc.es\/playurjc\/wp-content\/uploads\/sites\/2\/2021\/04\/Daniel.png\" class=\"attachment-large size-large wp-image-261\" alt=\"\" srcset=\"https:\/\/blogs.etsii.urjc.es\/playurjc\/wp-content\/uploads\/sites\/2\/2021\/04\/Daniel.png 512w, https:\/\/blogs.etsii.urjc.es\/playurjc\/wp-content\/uploads\/sites\/2\/2021\/04\/Daniel-300x300.png 300w, https:\/\/blogs.etsii.urjc.es\/playurjc\/wp-content\/uploads\/sites\/2\/2021\/04\/Daniel-150x150.png 150w\" sizes=\"(max-width: 512px) 100vw, 512px\" \/>\t\t\t\t\t\t\t\t\t\t\t\t\t\t\t<\/div>\n\t\t\t\t<\/div>\n\t\t\t\t<section class=\"elementor-section elementor-inner-section elementor-element elementor-element-5941b0b elementor-section-boxed elementor-section-height-default elementor-section-height-default\" data-id=\"5941b0b\" data-element_type=\"section\" data-e-type=\"section\">\n\t\t\t\t\t\t<div class=\"elementor-container elementor-column-gap-default\">\n\t\t\t\t\t<div class=\"elementor-column elementor-col-100 elementor-inner-column elementor-element elementor-element-52bec2d\" data-id=\"52bec2d\" data-element_type=\"column\" data-e-type=\"column\">\n\t\t\t<div class=\"elementor-widget-wrap elementor-element-populated\">\n\t\t\t\t\t\t<div class=\"elementor-element elementor-element-f1ede28 elementor-widget elementor-widget-text-editor\" data-id=\"f1ede28\" data-element_type=\"widget\" data-e-type=\"widget\" data-widget_type=\"text-editor.default\">\n\t\t\t\t<div class=\"elementor-widget-container\">\n\t\t\t\t\t\t\t\t\t<h2 style=\"text-align: center\"><strong>Daniel Palacios Alonso<\/strong><\/h2><p style=\"text-align: center\"><strong>Profesor Docente Investigador en el <\/strong><\/p><p style=\"text-align: center\"><strong>Grado de Dise\u00f1o y Desarrollo de Videojuegos (GDDV) y en el <\/strong><\/p><p style=\"text-align: center\"><strong>M\u00e1ster de Inform\u00e1tica Gr\u00e1fica, Juegos y Realidad Virtual (MIGJRV)<\/strong><\/p>\t\t\t\t\t\t\t\t<\/div>\n\t\t\t\t<\/div>\n\t\t\t\t\t<\/div>\n\t\t<\/div>\n\t\t\t\t\t<\/div>\n\t\t<\/section>\n\t\t\t\t\t<\/div>\n\t\t<\/div>\n\t\t\t\t\t<\/div>\n\t\t<\/section>\n\t\t\t\t<section class=\"elementor-section elementor-top-section elementor-element elementor-element-45a809c elementor-section-boxed elementor-section-height-default elementor-section-height-default\" data-id=\"45a809c\" data-element_type=\"section\" data-e-type=\"section\">\n\t\t\t\t\t\t<div class=\"elementor-container elementor-column-gap-default\">\n\t\t\t\t\t<div class=\"elementor-column elementor-col-100 elementor-top-column elementor-element elementor-element-c7edfaf\" data-id=\"c7edfaf\" data-element_type=\"column\" data-e-type=\"column\">\n\t\t\t<div class=\"elementor-widget-wrap elementor-element-populated\">\n\t\t\t\t\t\t<div class=\"elementor-element elementor-element-67fd940 elementor-widget elementor-widget-text-editor\" data-id=\"67fd940\" data-element_type=\"widget\" data-e-type=\"widget\" data-widget_type=\"text-editor.default\">\n\t\t\t\t<div class=\"elementor-widget-container\">\n\t\t\t\t\t\t\t\t\t<p>Actualmente, soy el coordinador del grupo de investigaci\u00f3n en Sistemas y Aplicaciones Bioinspirados. Adem\u00e1s, colaboro en el equipo de investigaci\u00f3n del Dr. Pedro G\u00f3mez Vilda adscrito al Centro de Tecnolog\u00eda Biom\u00e9dica (CTB).<\/p><p>Participo en varios proyectos de investigaci\u00f3n de diversa \u00edndole. Revisor de congresos internacionales y de revistas de primer nivel como Neural Computing and Applications, Frontiers in Neuroscience e International Journal of Neural Systems.<\/p><p>Colaboro en varios proyectos de investigaci\u00f3n nacionales e internacionales. Por un lado, en el equipo de trabajo y en la red de innovaci\u00f3n educativa e-Madrid con el Dr. \u00c1ngel Vel\u00e1zquez Iturbide (LITE) y por otro lado, en el proyecto europeo Automated Border Control for European Union (ABC4EU) dirigido por la Dra. Cristina Conde Vilda (FRAV).<\/p>\t\t\t\t\t\t\t\t<\/div>\n\t\t\t\t<\/div>\n\t\t\t\t<div class=\"elementor-element elementor-element-460d4dc elementor-shape-rounded elementor-grid-0 e-grid-align-center elementor-widget elementor-widget-social-icons\" data-id=\"460d4dc\" data-element_type=\"widget\" data-e-type=\"widget\" data-widget_type=\"social-icons.default\">\n\t\t\t\t<div class=\"elementor-widget-container\">\n\t\t\t\t\t\t\t<div class=\"elementor-social-icons-wrapper elementor-grid\" role=\"list\">\n\t\t\t\t\t\t\t<span class=\"elementor-grid-item\" role=\"listitem\">\n\t\t\t\t\t<a class=\"elementor-icon elementor-social-icon elementor-social-icon-twitter elementor-animation-grow elementor-repeater-item-f067215\" href=\"https:\/\/twitter.com\/DPA_URJC\" target=\"_blank\">\n\t\t\t\t\t\t<span class=\"elementor-screen-only\">Twitter<\/span>\n\t\t\t\t\t\t<i aria-hidden=\"true\" class=\"fab fa-twitter\"><\/i>\t\t\t\t\t<\/a>\n\t\t\t\t<\/span>\n\t\t\t\t\t\t\t<span class=\"elementor-grid-item\" role=\"listitem\">\n\t\t\t\t\t<a class=\"elementor-icon elementor-social-icon elementor-social-icon-envelope elementor-animation-grow elementor-repeater-item-3d5ed9a\" href=\"mailto:daniel.palacios@urjc.es\" target=\"_blank\">\n\t\t\t\t\t\t<span class=\"elementor-screen-only\">Envelope<\/span>\n\t\t\t\t\t\t<i aria-hidden=\"true\" class=\"fas fa-envelope\"><\/i>\t\t\t\t\t<\/a>\n\t\t\t\t<\/span>\n\t\t\t\t\t\t\t<span class=\"elementor-grid-item\" role=\"listitem\">\n\t\t\t\t\t<a class=\"elementor-icon elementor-social-icon elementor-social-icon-link elementor-animation-grow elementor-repeater-item-4af3b1e\" href=\"https:\/\/www.researchgate.net\/profile\/Daniel-Palacios-Alonso?_sg=WC8C_-kMMyyHvboJKUMGh1shVKir6VuXJDtVWDwkGDon3aJPd5YEi6miWoAQTHFrn4KbcpGtLUs1q5Q\" target=\"_blank\">\n\t\t\t\t\t\t<span class=\"elementor-screen-only\">Link<\/span>\n\t\t\t\t\t\t<i aria-hidden=\"true\" class=\"fas fa-link\"><\/i>\t\t\t\t\t<\/a>\n\t\t\t\t<\/span>\n\t\t\t\t\t\t\t<span class=\"elementor-grid-item\" role=\"listitem\">\n\t\t\t\t\t<a class=\"elementor-icon elementor-social-icon elementor-social-icon-linkedin elementor-animation-grow elementor-repeater-item-baf11df\" href=\"https:\/\/es.linkedin.com\/in\/daniel-palacios-alonso\" target=\"_blank\">\n\t\t\t\t\t\t<span class=\"elementor-screen-only\">Linkedin<\/span>\n\t\t\t\t\t\t<i aria-hidden=\"true\" class=\"fab fa-linkedin\"><\/i>\t\t\t\t\t<\/a>\n\t\t\t\t<\/span>\n\t\t\t\t\t<\/div>\n\t\t\t\t\t\t<\/div>\n\t\t\t\t<\/div>\n\t\t\t\t\t<\/div>\n\t\t<\/div>\n\t\t\t\t\t<\/div>\n\t\t<\/section>\n\t\t\t\t<\/div>\n\t\t","protected":false},"excerpt":{"rendered":"<p>Daniel Palacios Alonso Profesor Docente Investigador en el Grado de Dise\u00f1o y Desarrollo de Videojuegos (GDDV) y en el M\u00e1ster de Inform\u00e1tica Gr\u00e1fica, Juegos y Realidad Virtual (MIGJRV) Actualmente, soy el coordinador del grupo de investigaci\u00f3n en Sistemas y Aplicaciones Bioinspirados. Adem\u00e1s, colaboro en el equipo de investigaci\u00f3n del Dr. <a href=\"https:\/\/blogs.etsii.urjc.es\/playurjc\/quienes-somos\/daniel-palacios-alonso\/\" class=\"btn btn-link continue-link\">Sigue leyendo<\/a><\/p>\n","protected":false},"author":11,"featured_media":0,"parent":483,"menu_order":0,"comment_status":"closed","ping_status":"closed","template":"","meta":{"footnotes":""},"class_list":["post-505","page","type-page","status-publish","hentry"],"_links":{"self":[{"href":"https:\/\/blogs.etsii.urjc.es\/playurjc\/wp-json\/wp\/v2\/pages\/505","targetHints":{"allow":["GET"]}}],"collection":[{"href":"https:\/\/blogs.etsii.urjc.es\/playurjc\/wp-json\/wp\/v2\/pages"}],"about":[{"href":"https:\/\/blogs.etsii.urjc.es\/playurjc\/wp-json\/wp\/v2\/types\/page"}],"author":[{"embeddable":true,"href":"https:\/\/blogs.etsii.urjc.es\/playurjc\/wp-json\/wp\/v2\/users\/11"}],"replies":[{"embeddable":true,"href":"https:\/\/blogs.etsii.urjc.es\/playurjc\/wp-json\/wp\/v2\/comments?post=505"}],"version-history":[{"count":31,"href":"https:\/\/blogs.etsii.urjc.es\/playurjc\/wp-json\/wp\/v2\/pages\/505\/revisions"}],"predecessor-version":[{"id":993,"href":"https:\/\/blogs.etsii.urjc.es\/playurjc\/wp-json\/wp\/v2\/pages\/505\/revisions\/993"}],"up":[{"embeddable":true,"href":"https:\/\/blogs.etsii.urjc.es\/playurjc\/wp-json\/wp\/v2\/pages\/483"}],"wp:attachment":[{"href":"https:\/\/blogs.etsii.urjc.es\/playurjc\/wp-json\/wp\/v2\/media?parent=505"}],"curies":[{"name":"wp","href":"https:\/\/api.w.org\/{rel}","templated":true}]}}