{"id":519,"date":"2021-05-14T12:43:50","date_gmt":"2021-05-14T12:43:50","guid":{"rendered":"https:\/\/blogs.etsii.urjc.es\/playurjc\/?page_id=519"},"modified":"2021-06-04T13:09:22","modified_gmt":"2021-06-04T13:09:22","slug":"david-ortega-del-campo","status":"publish","type":"page","link":"https:\/\/blogs.etsii.urjc.es\/playurjc\/quienes-somos\/david-ortega-del-campo\/","title":{"rendered":"David Ortega Del Campo"},"content":{"rendered":"\t\t<div data-elementor-type=\"wp-page\" data-elementor-id=\"519\" class=\"elementor elementor-519\">\n\t\t\t\t\t\t<section class=\"elementor-section elementor-top-section elementor-element elementor-element-f940b8c elementor-section-boxed elementor-section-height-default elementor-section-height-default\" data-id=\"f940b8c\" data-element_type=\"section\" data-e-type=\"section\">\n\t\t\t\t\t\t<div class=\"elementor-container elementor-column-gap-default\">\n\t\t\t\t\t<div class=\"elementor-column elementor-col-100 elementor-top-column elementor-element elementor-element-a67c5f5\" data-id=\"a67c5f5\" data-element_type=\"column\" data-e-type=\"column\">\n\t\t\t<div class=\"elementor-widget-wrap elementor-element-populated\">\n\t\t\t\t\t\t<div class=\"elementor-element elementor-element-44ce063 elementor-widget elementor-widget-image\" data-id=\"44ce063\" data-element_type=\"widget\" data-e-type=\"widget\" data-widget_type=\"image.default\">\n\t\t\t\t<div class=\"elementor-widget-container\">\n\t\t\t\t\t\t\t\t\t\t\t\t\t\t\t<img fetchpriority=\"high\" decoding=\"async\" width=\"600\" height=\"716\" src=\"https:\/\/blogs.etsii.urjc.es\/playurjc\/wp-content\/uploads\/sites\/2\/2021\/04\/david_ortega.jpg\" class=\"attachment-large size-large wp-image-280\" alt=\"\" srcset=\"https:\/\/blogs.etsii.urjc.es\/playurjc\/wp-content\/uploads\/sites\/2\/2021\/04\/david_ortega.jpg 600w, https:\/\/blogs.etsii.urjc.es\/playurjc\/wp-content\/uploads\/sites\/2\/2021\/04\/david_ortega-251x300.jpg 251w\" sizes=\"(max-width: 600px) 100vw, 600px\" \/>\t\t\t\t\t\t\t\t\t\t\t\t\t\t\t<\/div>\n\t\t\t\t<\/div>\n\t\t\t\t<div class=\"elementor-element elementor-element-fd5add3 elementor-widget elementor-widget-text-editor\" data-id=\"fd5add3\" data-element_type=\"widget\" data-e-type=\"widget\" data-widget_type=\"text-editor.default\">\n\t\t\t\t<div class=\"elementor-widget-container\">\n\t\t\t\t\t\t\t\t\t<h2 style=\"text-align: center\"><strong>David Ortega Del Campo\u00a0<\/strong><\/h2><p style=\"text-align: center\"><strong>Profesor Docente Investigador en el <\/strong><\/p><p style=\"text-align: center\"><strong>Grado de Dise\u00f1o y Desarrollo de Videojuegos (GDDV)<\/strong><\/p>\t\t\t\t\t\t\t\t<\/div>\n\t\t\t\t<\/div>\n\t\t\t\t\t<\/div>\n\t\t<\/div>\n\t\t\t\t\t<\/div>\n\t\t<\/section>\n\t\t\t\t<section class=\"elementor-section elementor-top-section elementor-element elementor-element-23ee55a elementor-section-boxed elementor-section-height-default elementor-section-height-default\" data-id=\"23ee55a\" data-element_type=\"section\" data-e-type=\"section\">\n\t\t\t\t\t\t<div class=\"elementor-container elementor-column-gap-default\">\n\t\t\t\t\t<div class=\"elementor-column elementor-col-100 elementor-top-column elementor-element elementor-element-96f942c\" data-id=\"96f942c\" data-element_type=\"column\" data-e-type=\"column\">\n\t\t\t<div class=\"elementor-widget-wrap elementor-element-populated\">\n\t\t\t\t\t\t<div class=\"elementor-element elementor-element-d45d10c elementor-widget elementor-widget-text-editor\" data-id=\"d45d10c\" data-element_type=\"widget\" data-e-type=\"widget\" data-widget_type=\"text-editor.default\">\n\t\t\t\t<div class=\"elementor-widget-container\">\n\t\t\t\t\t\t\t\t\t<p>Desde el comienzo de mi carrera laboral, mi trabajo ha girado en torno a la visi\u00f3n artificial y\u00a0al tratamiento de im\u00e1genes.<\/p><p>Tras terminar mis estudios de Ingenier\u00eda Inform\u00e1tica, trabaje durante m\u00e1s de diez a\u00f1os en como desarrollador e investigador en el departamento de I+D de IPSA una empresa dedicada al procesamiento masivo de documentos y al OCR.<br \/>Tras realizar el M\u00e1ster en Visi\u00f3n Artificial en la Universidad Rey Juan Carlos de Madrid y comenzar mi doctorado, mi trabajo se centr\u00f3 m\u00e1s en el campo de la higrometr\u00eda y del reconocimiento facial.<\/p><p>Ya en la universidad he participado en varios proyectos, de \u00e1mbito europeo como ABC4EU (Automatic Border Control for Europe) y en proyectos de colaboraci\u00f3n con la DGP (Direcci\u00f3n General de Polic\u00eda) en el asesoramiento y evaluaci\u00f3n de sistemas ABC para el control de fronteras.<\/p><p>Actualmente trabajo como profesor visitante doctor en la Universidad Rey Juan Carlos e imparto asignaturas en el Grado de Dise\u00f1o y Desarrollo de Videojuegos, relacionadas con el tratamiento de im\u00e1genes como Animaci\u00f3n 3D y Dise\u00f1o 2D entre otras e Instrumentaci\u00f3n para la Visi\u00f3n en el M\u00e1ster de Visi\u00f3n Artificial.<\/p>\t\t\t\t\t\t\t\t<\/div>\n\t\t\t\t<\/div>\n\t\t\t\t\t<\/div>\n\t\t<\/div>\n\t\t\t\t\t<\/div>\n\t\t<\/section>\n\t\t\t\t<section class=\"elementor-section elementor-top-section elementor-element elementor-element-bcf0039 elementor-section-boxed elementor-section-height-default elementor-section-height-default\" data-id=\"bcf0039\" data-element_type=\"section\" data-e-type=\"section\">\n\t\t\t\t\t\t<div class=\"elementor-container elementor-column-gap-default\">\n\t\t\t\t\t<div class=\"elementor-column elementor-col-100 elementor-top-column elementor-element elementor-element-456be11\" data-id=\"456be11\" data-element_type=\"column\" data-e-type=\"column\">\n\t\t\t<div class=\"elementor-widget-wrap elementor-element-populated\">\n\t\t\t\t\t\t<div class=\"elementor-element elementor-element-a755d2b elementor-shape-rounded elementor-grid-0 e-grid-align-center elementor-widget elementor-widget-social-icons\" data-id=\"a755d2b\" data-element_type=\"widget\" data-e-type=\"widget\" data-widget_type=\"social-icons.default\">\n\t\t\t\t<div class=\"elementor-widget-container\">\n\t\t\t\t\t\t\t<div class=\"elementor-social-icons-wrapper elementor-grid\" role=\"list\">\n\t\t\t\t\t\t\t<span class=\"elementor-grid-item\" role=\"listitem\">\n\t\t\t\t\t<a class=\"elementor-icon elementor-social-icon elementor-social-icon-twitter elementor-animation-grow elementor-repeater-item-d95a13d\" href=\"https:\/\/twitter.com\/da_ortega\" target=\"_blank\">\n\t\t\t\t\t\t<span class=\"elementor-screen-only\">Twitter<\/span>\n\t\t\t\t\t\t<i aria-hidden=\"true\" class=\"fab fa-twitter\"><\/i>\t\t\t\t\t<\/a>\n\t\t\t\t<\/span>\n\t\t\t\t\t\t\t<span class=\"elementor-grid-item\" role=\"listitem\">\n\t\t\t\t\t<a class=\"elementor-icon elementor-social-icon elementor-social-icon-envelope elementor-animation-grow elementor-repeater-item-cf3857f\" href=\"mailto:david.ortega.delcampo@urjc.es\" target=\"_blank\">\n\t\t\t\t\t\t<span class=\"elementor-screen-only\">Envelope<\/span>\n\t\t\t\t\t\t<i aria-hidden=\"true\" class=\"fas fa-envelope\"><\/i>\t\t\t\t\t<\/a>\n\t\t\t\t<\/span>\n\t\t\t\t\t\t\t<span class=\"elementor-grid-item\" role=\"listitem\">\n\t\t\t\t\t<a class=\"elementor-icon elementor-social-icon elementor-social-icon-link elementor-animation-grow elementor-repeater-item-f1ba723\" href=\"https:\/\/www.researchgate.net\/profile\/David-Ortega-Delcampo\" target=\"_blank\">\n\t\t\t\t\t\t<span class=\"elementor-screen-only\">Link<\/span>\n\t\t\t\t\t\t<i aria-hidden=\"true\" class=\"fas fa-link\"><\/i>\t\t\t\t\t<\/a>\n\t\t\t\t<\/span>\n\t\t\t\t\t<\/div>\n\t\t\t\t\t\t<\/div>\n\t\t\t\t<\/div>\n\t\t\t\t\t<\/div>\n\t\t<\/div>\n\t\t\t\t\t<\/div>\n\t\t<\/section>\n\t\t\t\t<\/div>\n\t\t","protected":false},"excerpt":{"rendered":"<p>David Ortega Del Campo\u00a0 Profesor Docente Investigador en el Grado de Dise\u00f1o y Desarrollo de Videojuegos (GDDV) Desde el comienzo de mi carrera laboral, mi trabajo ha girado en torno a la visi\u00f3n artificial y\u00a0al tratamiento de im\u00e1genes. Tras terminar mis estudios de Ingenier\u00eda Inform\u00e1tica, trabaje durante m\u00e1s de diez <a href=\"https:\/\/blogs.etsii.urjc.es\/playurjc\/quienes-somos\/david-ortega-del-campo\/\" class=\"btn btn-link continue-link\">Sigue leyendo<\/a><\/p>\n","protected":false},"author":11,"featured_media":0,"parent":483,"menu_order":0,"comment_status":"closed","ping_status":"closed","template":"","meta":{"footnotes":""},"class_list":["post-519","page","type-page","status-publish","hentry"],"_links":{"self":[{"href":"https:\/\/blogs.etsii.urjc.es\/playurjc\/wp-json\/wp\/v2\/pages\/519","targetHints":{"allow":["GET"]}}],"collection":[{"href":"https:\/\/blogs.etsii.urjc.es\/playurjc\/wp-json\/wp\/v2\/pages"}],"about":[{"href":"https:\/\/blogs.etsii.urjc.es\/playurjc\/wp-json\/wp\/v2\/types\/page"}],"author":[{"embeddable":true,"href":"https:\/\/blogs.etsii.urjc.es\/playurjc\/wp-json\/wp\/v2\/users\/11"}],"replies":[{"embeddable":true,"href":"https:\/\/blogs.etsii.urjc.es\/playurjc\/wp-json\/wp\/v2\/comments?post=519"}],"version-history":[{"count":41,"href":"https:\/\/blogs.etsii.urjc.es\/playurjc\/wp-json\/wp\/v2\/pages\/519\/revisions"}],"predecessor-version":[{"id":995,"href":"https:\/\/blogs.etsii.urjc.es\/playurjc\/wp-json\/wp\/v2\/pages\/519\/revisions\/995"}],"up":[{"embeddable":true,"href":"https:\/\/blogs.etsii.urjc.es\/playurjc\/wp-json\/wp\/v2\/pages\/483"}],"wp:attachment":[{"href":"https:\/\/blogs.etsii.urjc.es\/playurjc\/wp-json\/wp\/v2\/media?parent=519"}],"curies":[{"name":"wp","href":"https:\/\/api.w.org\/{rel}","templated":true}]}}