{"id":570,"date":"2021-05-14T12:57:45","date_gmt":"2021-05-14T12:57:45","guid":{"rendered":"https:\/\/blogs.etsii.urjc.es\/playurjc\/?page_id=570"},"modified":"2021-06-04T13:11:09","modified_gmt":"2021-06-04T13:11:09","slug":"mercedes-rodrigo-miranda","status":"publish","type":"page","link":"https:\/\/blogs.etsii.urjc.es\/playurjc\/quienes-somos\/mercedes-rodrigo-miranda\/","title":{"rendered":"Mercedes Rodrigo Miranda"},"content":{"rendered":"\t\t<div data-elementor-type=\"wp-page\" data-elementor-id=\"570\" class=\"elementor elementor-570\">\n\t\t\t\t\t\t<section class=\"elementor-section elementor-top-section elementor-element elementor-element-aaa4db7 elementor-section-boxed elementor-section-height-default elementor-section-height-default\" data-id=\"aaa4db7\" data-element_type=\"section\" data-e-type=\"section\">\n\t\t\t\t\t\t<div class=\"elementor-container elementor-column-gap-default\">\n\t\t\t\t\t<div class=\"elementor-column elementor-col-100 elementor-top-column elementor-element elementor-element-00b1aef\" data-id=\"00b1aef\" data-element_type=\"column\" data-e-type=\"column\">\n\t\t\t<div class=\"elementor-widget-wrap elementor-element-populated\">\n\t\t\t\t\t\t<div class=\"elementor-element elementor-element-56054d0 elementor-widget elementor-widget-image\" data-id=\"56054d0\" data-element_type=\"widget\" data-e-type=\"widget\" data-widget_type=\"image.default\">\n\t\t\t\t<div class=\"elementor-widget-container\">\n\t\t\t\t\t\t\t\t\t\t\t\t\t\t\t<img fetchpriority=\"high\" decoding=\"async\" width=\"640\" height=\"640\" src=\"https:\/\/blogs.etsii.urjc.es\/playurjc\/wp-content\/uploads\/sites\/2\/2021\/04\/Mercedes-1-1024x1024.jpg\" class=\"attachment-large size-large wp-image-283\" alt=\"\" srcset=\"https:\/\/blogs.etsii.urjc.es\/playurjc\/wp-content\/uploads\/sites\/2\/2021\/04\/Mercedes-1-1024x1024.jpg 1024w, https:\/\/blogs.etsii.urjc.es\/playurjc\/wp-content\/uploads\/sites\/2\/2021\/04\/Mercedes-1-300x300.jpg 300w, https:\/\/blogs.etsii.urjc.es\/playurjc\/wp-content\/uploads\/sites\/2\/2021\/04\/Mercedes-1-150x150.jpg 150w, https:\/\/blogs.etsii.urjc.es\/playurjc\/wp-content\/uploads\/sites\/2\/2021\/04\/Mercedes-1-768x768.jpg 768w, https:\/\/blogs.etsii.urjc.es\/playurjc\/wp-content\/uploads\/sites\/2\/2021\/04\/Mercedes-1-1536x1536.jpg 1536w, https:\/\/blogs.etsii.urjc.es\/playurjc\/wp-content\/uploads\/sites\/2\/2021\/04\/Mercedes-1-720x720.jpg 720w, https:\/\/blogs.etsii.urjc.es\/playurjc\/wp-content\/uploads\/sites\/2\/2021\/04\/Mercedes-1.jpg 2000w\" sizes=\"(max-width: 640px) 100vw, 640px\" \/>\t\t\t\t\t\t\t\t\t\t\t\t\t\t\t<\/div>\n\t\t\t\t<\/div>\n\t\t\t\t<section class=\"elementor-section elementor-inner-section elementor-element elementor-element-ae664ff elementor-section-boxed elementor-section-height-default elementor-section-height-default\" data-id=\"ae664ff\" data-element_type=\"section\" data-e-type=\"section\">\n\t\t\t\t\t\t<div class=\"elementor-container elementor-column-gap-default\">\n\t\t\t\t\t<div class=\"elementor-column elementor-col-100 elementor-inner-column elementor-element elementor-element-e76ad83\" data-id=\"e76ad83\" data-element_type=\"column\" data-e-type=\"column\">\n\t\t\t<div class=\"elementor-widget-wrap elementor-element-populated\">\n\t\t\t\t\t\t<div class=\"elementor-element elementor-element-bcb795e elementor-widget elementor-widget-text-editor\" data-id=\"bcb795e\" data-element_type=\"widget\" data-e-type=\"widget\" data-widget_type=\"text-editor.default\">\n\t\t\t\t<div class=\"elementor-widget-container\">\n\t\t\t\t\t\t\t\t\t<h2 style=\"text-align: center\"><strong>Mercedes Rodrigo Miranda<\/strong><\/h2><p style=\"text-align: center\"><strong>Profesora Docente Investigadora en el <\/strong><\/p><p style=\"text-align: center\"><strong>Grado de Dise\u00f1o y Desarrollo de Videojuegos (GDDV)<\/strong><strong> y <\/strong><\/p><p style=\"text-align: center\"><strong>Concept Artist 2D en Lightbox Academy<\/strong><\/p>\t\t\t\t\t\t\t\t<\/div>\n\t\t\t\t<\/div>\n\t\t\t\t\t<\/div>\n\t\t<\/div>\n\t\t\t\t\t<\/div>\n\t\t<\/section>\n\t\t\t\t\t<\/div>\n\t\t<\/div>\n\t\t\t\t\t<\/div>\n\t\t<\/section>\n\t\t\t\t<section class=\"elementor-section elementor-top-section elementor-element elementor-element-91b6d52 elementor-section-boxed elementor-section-height-default elementor-section-height-default\" data-id=\"91b6d52\" data-element_type=\"section\" data-e-type=\"section\">\n\t\t\t\t\t\t<div class=\"elementor-container elementor-column-gap-default\">\n\t\t\t\t\t<div class=\"elementor-column elementor-col-100 elementor-top-column elementor-element elementor-element-3c43eca\" data-id=\"3c43eca\" data-element_type=\"column\" data-e-type=\"column\">\n\t\t\t<div class=\"elementor-widget-wrap elementor-element-populated\">\n\t\t\t\t\t\t<div class=\"elementor-element elementor-element-78e8d53 elementor-widget elementor-widget-text-editor\" data-id=\"78e8d53\" data-element_type=\"widget\" data-e-type=\"widget\" data-widget_type=\"text-editor.default\">\n\t\t\t\t<div class=\"elementor-widget-container\">\n\t\t\t\t\t\t\t\t\t<p>Me licenci\u00e9 en Bellas Artes y empec\u00e9 a trabajar en la industria de los videojuegos en el a\u00f1o 2000. He pasado por estudios como Mercury Steam, Pyro Studios y Rebel Act Studios. Actualmente trabajo como concept artist e ilustradora freelance, y como profesora para la Universidad Rey Juan Carlos y Lightbox Academy. Me interesan la narrativa visual, la interacci\u00f3n entre disciplinas y generar conexiones entre perfiles profesionales y creativos.<\/p>\t\t\t\t\t\t\t\t<\/div>\n\t\t\t\t<\/div>\n\t\t\t\t\t<\/div>\n\t\t<\/div>\n\t\t\t\t\t<\/div>\n\t\t<\/section>\n\t\t\t\t<section class=\"elementor-section elementor-top-section elementor-element elementor-element-4faff5d elementor-section-boxed elementor-section-height-default elementor-section-height-default\" data-id=\"4faff5d\" data-element_type=\"section\" data-e-type=\"section\">\n\t\t\t\t\t\t<div class=\"elementor-container elementor-column-gap-default\">\n\t\t\t\t\t<div class=\"elementor-column elementor-col-100 elementor-top-column elementor-element elementor-element-b7672b0\" data-id=\"b7672b0\" data-element_type=\"column\" data-e-type=\"column\">\n\t\t\t<div class=\"elementor-widget-wrap elementor-element-populated\">\n\t\t\t\t\t\t<div class=\"elementor-element elementor-element-454ad60 elementor-shape-rounded elementor-grid-0 e-grid-align-center elementor-widget elementor-widget-social-icons\" data-id=\"454ad60\" data-element_type=\"widget\" data-e-type=\"widget\" data-widget_type=\"social-icons.default\">\n\t\t\t\t<div class=\"elementor-widget-container\">\n\t\t\t\t\t\t\t<div class=\"elementor-social-icons-wrapper elementor-grid\" role=\"list\">\n\t\t\t\t\t\t\t<span class=\"elementor-grid-item\" role=\"listitem\">\n\t\t\t\t\t<a class=\"elementor-icon elementor-social-icon elementor-social-icon-twitter elementor-animation-grow elementor-repeater-item-f067215\" href=\"https:\/\/twitter.com\/Imagnosis\" target=\"_blank\">\n\t\t\t\t\t\t<span class=\"elementor-screen-only\">Twitter<\/span>\n\t\t\t\t\t\t<i aria-hidden=\"true\" class=\"fab fa-twitter\"><\/i>\t\t\t\t\t<\/a>\n\t\t\t\t<\/span>\n\t\t\t\t\t\t\t<span class=\"elementor-grid-item\" role=\"listitem\">\n\t\t\t\t\t<a class=\"elementor-icon elementor-social-icon elementor-social-icon-instagram elementor-animation-grow elementor-repeater-item-980c5e1\" href=\"https:\/\/www.instagram.com\/imagnosis\/\" target=\"_blank\">\n\t\t\t\t\t\t<span class=\"elementor-screen-only\">Instagram<\/span>\n\t\t\t\t\t\t<i aria-hidden=\"true\" class=\"fab fa-instagram\"><\/i>\t\t\t\t\t<\/a>\n\t\t\t\t<\/span>\n\t\t\t\t\t\t\t<span class=\"elementor-grid-item\" role=\"listitem\">\n\t\t\t\t\t<a class=\"elementor-icon elementor-social-icon elementor-social-icon-envelope elementor-animation-grow elementor-repeater-item-3d5ed9a\" href=\"mailto:mercedes.rodrigo@urjc.es\" target=\"_blank\">\n\t\t\t\t\t\t<span class=\"elementor-screen-only\">Envelope<\/span>\n\t\t\t\t\t\t<i aria-hidden=\"true\" class=\"fas fa-envelope\"><\/i>\t\t\t\t\t<\/a>\n\t\t\t\t<\/span>\n\t\t\t\t\t\t\t<span class=\"elementor-grid-item\" role=\"listitem\">\n\t\t\t\t\t<a class=\"elementor-icon elementor-social-icon elementor-social-icon-pinterest elementor-animation-grow elementor-repeater-item-6d081a0\" href=\"https:\/\/www.pinterest.es\/imagnosis\/_created\/\" target=\"_blank\">\n\t\t\t\t\t\t<span class=\"elementor-screen-only\">Pinterest<\/span>\n\t\t\t\t\t\t<i aria-hidden=\"true\" class=\"fab fa-pinterest\"><\/i>\t\t\t\t\t<\/a>\n\t\t\t\t<\/span>\n\t\t\t\t\t\t\t<span class=\"elementor-grid-item\" role=\"listitem\">\n\t\t\t\t\t<a class=\"elementor-icon elementor-social-icon elementor-social-icon-link elementor-animation-grow elementor-repeater-item-d39f3bc\" href=\"http:\/\/imagnosis.net\/\" target=\"_blank\">\n\t\t\t\t\t\t<span class=\"elementor-screen-only\">Link<\/span>\n\t\t\t\t\t\t<i aria-hidden=\"true\" class=\"fas fa-link\"><\/i>\t\t\t\t\t<\/a>\n\t\t\t\t<\/span>\n\t\t\t\t\t<\/div>\n\t\t\t\t\t\t<\/div>\n\t\t\t\t<\/div>\n\t\t\t\t\t<\/div>\n\t\t<\/div>\n\t\t\t\t\t<\/div>\n\t\t<\/section>\n\t\t\t\t<\/div>\n\t\t","protected":false},"excerpt":{"rendered":"<p>Mercedes Rodrigo Miranda Profesora Docente Investigadora en el Grado de Dise\u00f1o y Desarrollo de Videojuegos (GDDV) y Concept Artist 2D en Lightbox Academy Me licenci\u00e9 en Bellas Artes y empec\u00e9 a trabajar en la industria de los videojuegos en el a\u00f1o 2000. He pasado por estudios como Mercury Steam, Pyro <a href=\"https:\/\/blogs.etsii.urjc.es\/playurjc\/quienes-somos\/mercedes-rodrigo-miranda\/\" class=\"btn btn-link continue-link\">Sigue leyendo<\/a><\/p>\n","protected":false},"author":11,"featured_media":0,"parent":483,"menu_order":0,"comment_status":"closed","ping_status":"closed","template":"","meta":{"footnotes":""},"class_list":["post-570","page","type-page","status-publish","hentry"],"_links":{"self":[{"href":"https:\/\/blogs.etsii.urjc.es\/playurjc\/wp-json\/wp\/v2\/pages\/570","targetHints":{"allow":["GET"]}}],"collection":[{"href":"https:\/\/blogs.etsii.urjc.es\/playurjc\/wp-json\/wp\/v2\/pages"}],"about":[{"href":"https:\/\/blogs.etsii.urjc.es\/playurjc\/wp-json\/wp\/v2\/types\/page"}],"author":[{"embeddable":true,"href":"https:\/\/blogs.etsii.urjc.es\/playurjc\/wp-json\/wp\/v2\/users\/11"}],"replies":[{"embeddable":true,"href":"https:\/\/blogs.etsii.urjc.es\/playurjc\/wp-json\/wp\/v2\/comments?post=570"}],"version-history":[{"count":30,"href":"https:\/\/blogs.etsii.urjc.es\/playurjc\/wp-json\/wp\/v2\/pages\/570\/revisions"}],"predecessor-version":[{"id":1001,"href":"https:\/\/blogs.etsii.urjc.es\/playurjc\/wp-json\/wp\/v2\/pages\/570\/revisions\/1001"}],"up":[{"embeddable":true,"href":"https:\/\/blogs.etsii.urjc.es\/playurjc\/wp-json\/wp\/v2\/pages\/483"}],"wp:attachment":[{"href":"https:\/\/blogs.etsii.urjc.es\/playurjc\/wp-json\/wp\/v2\/media?parent=570"}],"curies":[{"name":"wp","href":"https:\/\/api.w.org\/{rel}","templated":true}]}}