{"id":989,"date":"2021-06-04T13:10:45","date_gmt":"2021-06-04T13:10:45","guid":{"rendered":"https:\/\/blogs.etsii.urjc.es\/playurjc\/?page_id=989"},"modified":"2021-06-05T16:47:59","modified_gmt":"2021-06-05T16:47:59","slug":"maria-zapata-caceres","status":"publish","type":"page","link":"https:\/\/blogs.etsii.urjc.es\/playurjc\/en\/about-us\/maria-zapata-caceres\/","title":{"rendered":"Mar\u00eda Zapata C\u00e1ceres"},"content":{"rendered":"\t\t<div data-elementor-type=\"wp-page\" data-elementor-id=\"989\" class=\"elementor elementor-989\">\n\t\t\t\t\t\t<section class=\"elementor-section elementor-top-section elementor-element elementor-element-4618e61 elementor-section-boxed elementor-section-height-default elementor-section-height-default\" data-id=\"4618e61\" data-element_type=\"section\" data-e-type=\"section\">\n\t\t\t\t\t\t<div class=\"elementor-container elementor-column-gap-default\">\n\t\t\t\t\t<div class=\"elementor-column elementor-col-100 elementor-top-column elementor-element elementor-element-130a399\" data-id=\"130a399\" data-element_type=\"column\" data-e-type=\"column\">\n\t\t\t<div class=\"elementor-widget-wrap elementor-element-populated\">\n\t\t\t\t\t\t<div class=\"elementor-element elementor-element-478e479 elementor-widget elementor-widget-image\" data-id=\"478e479\" data-element_type=\"widget\" data-e-type=\"widget\" data-widget_type=\"image.default\">\n\t\t\t\t<div class=\"elementor-widget-container\">\n\t\t\t\t\t\t\t\t\t\t\t\t\t\t\t<img fetchpriority=\"high\" decoding=\"async\" width=\"640\" height=\"640\" src=\"https:\/\/blogs.etsii.urjc.es\/playurjc\/wp-content\/uploads\/sites\/2\/2021\/04\/Maria-1024x1024.jpg\" class=\"attachment-large size-large wp-image-268\" alt=\"\" srcset=\"https:\/\/blogs.etsii.urjc.es\/playurjc\/wp-content\/uploads\/sites\/2\/2021\/04\/Maria-1024x1024.jpg 1024w, https:\/\/blogs.etsii.urjc.es\/playurjc\/wp-content\/uploads\/sites\/2\/2021\/04\/Maria-300x300.jpg 300w, https:\/\/blogs.etsii.urjc.es\/playurjc\/wp-content\/uploads\/sites\/2\/2021\/04\/Maria-150x150.jpg 150w, https:\/\/blogs.etsii.urjc.es\/playurjc\/wp-content\/uploads\/sites\/2\/2021\/04\/Maria-768x768.jpg 768w, https:\/\/blogs.etsii.urjc.es\/playurjc\/wp-content\/uploads\/sites\/2\/2021\/04\/Maria-720x720.jpg 720w, https:\/\/blogs.etsii.urjc.es\/playurjc\/wp-content\/uploads\/sites\/2\/2021\/04\/Maria.jpg 1280w\" sizes=\"(max-width: 640px) 100vw, 640px\" \/>\t\t\t\t\t\t\t\t\t\t\t\t\t\t\t<\/div>\n\t\t\t\t<\/div>\n\t\t\t\t<section class=\"elementor-section elementor-inner-section elementor-element elementor-element-8ae3c3b elementor-section-boxed elementor-section-height-default elementor-section-height-default\" data-id=\"8ae3c3b\" data-element_type=\"section\" data-e-type=\"section\">\n\t\t\t\t\t\t<div class=\"elementor-container elementor-column-gap-default\">\n\t\t\t\t\t<div class=\"elementor-column elementor-col-100 elementor-inner-column elementor-element elementor-element-2a89adc\" data-id=\"2a89adc\" data-element_type=\"column\" data-e-type=\"column\">\n\t\t\t<div class=\"elementor-widget-wrap elementor-element-populated\">\n\t\t\t\t\t\t<div class=\"elementor-element elementor-element-83f9804 elementor-widget elementor-widget-text-editor\" data-id=\"83f9804\" data-element_type=\"widget\" data-e-type=\"widget\" data-widget_type=\"text-editor.default\">\n\t\t\t\t<div class=\"elementor-widget-container\">\n\t\t\t\t\t\t\t\t\t<h2 style=\"text-align: center\"><strong>Mar\u00eda Zapata\u00a0C\u00e1ceres<\/strong><\/h2><p style=\"text-align: center\"><strong>Research Professor at the<\/strong><\/p><p style=\"text-align: center\"><strong>Degree in Video Game Design and Development (GDDV) and in the<\/strong><\/p><p style=\"text-align: center\"><strong>Master of Computer Graphics, Games and Virtual Reality<\/strong><\/p>\t\t\t\t\t\t\t\t<\/div>\n\t\t\t\t<\/div>\n\t\t\t\t\t<\/div>\n\t\t<\/div>\n\t\t\t\t\t<\/div>\n\t\t<\/section>\n\t\t\t\t\t<\/div>\n\t\t<\/div>\n\t\t\t\t\t<\/div>\n\t\t<\/section>\n\t\t\t\t<section class=\"elementor-section elementor-top-section elementor-element elementor-element-9d033c6 elementor-section-boxed elementor-section-height-default elementor-section-height-default\" data-id=\"9d033c6\" data-element_type=\"section\" data-e-type=\"section\">\n\t\t\t\t\t\t<div class=\"elementor-container elementor-column-gap-default\">\n\t\t\t\t\t<div class=\"elementor-column elementor-col-100 elementor-top-column elementor-element elementor-element-04b64df\" data-id=\"04b64df\" data-element_type=\"column\" data-e-type=\"column\">\n\t\t\t<div class=\"elementor-widget-wrap elementor-element-populated\">\n\t\t\t\t\t\t<div class=\"elementor-element elementor-element-c6fb934 elementor-widget elementor-widget-text-editor\" data-id=\"c6fb934\" data-element_type=\"widget\" data-e-type=\"widget\" data-widget_type=\"text-editor.default\">\n\t\t\t\t<div class=\"elementor-widget-container\">\n\t\t\t\t\t\t\t\t\t<p>Mar\u00eda Zapata C\u00e1ceres is an Architect by Universidad Polit\u00e9cnica de Madrid and graduated in Computer Science Engineer in UNED, Master in Virtual Environments (CSA) and Master in Videogames Design and Production (UEM). She is currently pursuing her doctorate in Information Technology and Communications in Universidad Rey Juan Carlos (Madrid), where she is a researcher and visiting professor in the Games Design and Development bachelor\u00bfs degree. Her main area of research includes videogames as learning instruments for computer science both in individual and collaborative environments. She has more than 15 years of professional experience as an entrepreneur and independent professional with activities related to 3D design, videogames, technology, and teaching.<\/p>\t\t\t\t\t\t\t\t<\/div>\n\t\t\t\t<\/div>\n\t\t\t\t<div class=\"elementor-element elementor-element-d61804a elementor-shape-rounded elementor-grid-0 e-grid-align-center elementor-widget elementor-widget-social-icons\" data-id=\"d61804a\" data-element_type=\"widget\" data-e-type=\"widget\" data-widget_type=\"social-icons.default\">\n\t\t\t\t<div class=\"elementor-widget-container\">\n\t\t\t\t\t\t\t<div class=\"elementor-social-icons-wrapper elementor-grid\" role=\"list\">\n\t\t\t\t\t\t\t<span class=\"elementor-grid-item\" role=\"listitem\">\n\t\t\t\t\t<a class=\"elementor-icon elementor-social-icon elementor-social-icon-twitter elementor-animation-grow elementor-repeater-item-f067215\" href=\"https:\/\/twitter.com\/maria__z_c\" target=\"_blank\">\n\t\t\t\t\t\t<span class=\"elementor-screen-only\">Twitter<\/span>\n\t\t\t\t\t\t<i aria-hidden=\"true\" class=\"fab fa-twitter\"><\/i>\t\t\t\t\t<\/a>\n\t\t\t\t<\/span>\n\t\t\t\t\t\t\t<span class=\"elementor-grid-item\" role=\"listitem\">\n\t\t\t\t\t<a class=\"elementor-icon elementor-social-icon elementor-social-icon-envelope elementor-animation-grow elementor-repeater-item-3d5ed9a\" href=\"mailto:maria.zapata@urjc.es\" target=\"_blank\">\n\t\t\t\t\t\t<span class=\"elementor-screen-only\">Envelope<\/span>\n\t\t\t\t\t\t<i aria-hidden=\"true\" class=\"fas fa-envelope\"><\/i>\t\t\t\t\t<\/a>\n\t\t\t\t<\/span>\n\t\t\t\t\t\t\t<span class=\"elementor-grid-item\" role=\"listitem\">\n\t\t\t\t\t<a class=\"elementor-icon elementor-social-icon elementor-social-icon-link elementor-animation-grow elementor-repeater-item-6710268\" href=\"https:\/\/www.researchgate.net\/profile\/Maria-Zapata-22\" target=\"_blank\">\n\t\t\t\t\t\t<span class=\"elementor-screen-only\">Link<\/span>\n\t\t\t\t\t\t<i aria-hidden=\"true\" class=\"fas fa-link\"><\/i>\t\t\t\t\t<\/a>\n\t\t\t\t<\/span>\n\t\t\t\t\t<\/div>\n\t\t\t\t\t\t<\/div>\n\t\t\t\t<\/div>\n\t\t\t\t\t<\/div>\n\t\t<\/div>\n\t\t\t\t\t<\/div>\n\t\t<\/section>\n\t\t\t\t<\/div>\n\t\t","protected":false},"excerpt":{"rendered":"<p>Mar\u00eda Zapata\u00a0C\u00e1ceres Research Professor at the Degree in Video Game Design and Development (GDDV) and in the Master of Computer Graphics, Games and Virtual Reality Mar\u00eda Zapata C\u00e1ceres is an Architect by Universidad Polit\u00e9cnica de Madrid and graduated in Computer Science Engineer in UNED, Master in Virtual Environments (CSA) and <a href=\"https:\/\/blogs.etsii.urjc.es\/playurjc\/en\/about-us\/maria-zapata-caceres\/\" class=\"btn btn-link continue-link\">Sigue leyendo<\/a><\/p>\n","protected":false},"author":11,"featured_media":0,"parent":977,"menu_order":0,"comment_status":"closed","ping_status":"closed","template":"","meta":{"footnotes":""},"class_list":["post-989","page","type-page","status-publish","hentry"],"_links":{"self":[{"href":"https:\/\/blogs.etsii.urjc.es\/playurjc\/wp-json\/wp\/v2\/pages\/989","targetHints":{"allow":["GET"]}}],"collection":[{"href":"https:\/\/blogs.etsii.urjc.es\/playurjc\/wp-json\/wp\/v2\/pages"}],"about":[{"href":"https:\/\/blogs.etsii.urjc.es\/playurjc\/wp-json\/wp\/v2\/types\/page"}],"author":[{"embeddable":true,"href":"https:\/\/blogs.etsii.urjc.es\/playurjc\/wp-json\/wp\/v2\/users\/11"}],"replies":[{"embeddable":true,"href":"https:\/\/blogs.etsii.urjc.es\/playurjc\/wp-json\/wp\/v2\/comments?post=989"}],"version-history":[{"count":4,"href":"https:\/\/blogs.etsii.urjc.es\/playurjc\/wp-json\/wp\/v2\/pages\/989\/revisions"}],"predecessor-version":[{"id":1064,"href":"https:\/\/blogs.etsii.urjc.es\/playurjc\/wp-json\/wp\/v2\/pages\/989\/revisions\/1064"}],"up":[{"embeddable":true,"href":"https:\/\/blogs.etsii.urjc.es\/playurjc\/wp-json\/wp\/v2\/pages\/977"}],"wp:attachment":[{"href":"https:\/\/blogs.etsii.urjc.es\/playurjc\/wp-json\/wp\/v2\/media?parent=989"}],"curies":[{"name":"wp","href":"https:\/\/api.w.org\/{rel}","templated":true}]}}